{"id":3594,"date":"2025-05-27T08:57:44","date_gmt":"2025-05-27T08:57:44","guid":{"rendered":"https:\/\/pecbag.com\/?post_type=product&#038;p=3594"},"modified":"2025-11-29T01:55:15","modified_gmt":"2025-11-29T01:55:15","slug":"new-design-multi-functional-messenger-bag","status":"publish","type":"product","link":"https:\/\/pecbag.com\/br\/new-design-multi-functional-messenger-bag\/","title":{"rendered":"Bolsa mensageiro multifuncional com novo design"},"content":{"rendered":"<h5 title=\"Bolsa dobr\u00e1vel para c\u00e3es Bolsa de ombro de malha respir\u00e1vel para c\u00e3es e gatos de pequeno porte\" data-immersive-translate-walked=\"1c928421-2e42-4cd3-8754-5404553c0af5\" data-immersive-translate-paragraph=\"1\" data-spm-anchor-id=\"a2700.details.0.i35.4f6757d4w4zNZA\">Novo design de bolsas multifuncionais para mensageiros - F\u00e1brica de bolsas \u00e0 prova d'\u00e1gua e fabricante de mochilas - Bulk Corporate Solutions<\/h5>\n<div class=\"flex flex-grow flex-col max-w-full\">\n<div class=\"min-h-[20px] text-message flex w-full flex-col items-end gap-2 whitespace-pre-wrap break-words [.text-message+&amp;]:mt-5 overflow-x-auto\" dir=\"auto\" data-message-author-role=\"assistant\" data-message-id=\"3d7d46f6-7ec2-4222-9257-48fa0bba23c6\" data-suggestions=\"true\">\n<div class=\"flex w-full flex-col gap-1 empty:hidden first:pt-[3px]\">\n<div class=\"markdown prose w-full break-words dark:prose-invert light\">\n<table width=\"288\">\n<tbody>\n<tr>\n<td width=\"137\"><span style=\"color: #333333;\">Nome dos produtos<\/span><\/td>\n<td width=\"151\">Bolsa de m\u00e3o<\/td>\n<\/tr>\n<tr>\n<td><span style=\"color: #333333;\">Item No.<\/span><\/td>\n<td><span style=\"color: #333333;\">PB-2079<\/span><\/td>\n<\/tr>\n<tr>\n<td><span style=\"color: #333333;\">Material<\/span><\/td>\n<td>Lona<\/td>\n<\/tr>\n<tr>\n<td><span style=\"color: #333333;\">Tamanho<\/span><\/td>\n<td>13 x 7 x 25 cm<\/td>\n<\/tr>\n<tr>\n<td><span style=\"color: #333333;\">\u00a0Prazo de entrega<\/span><\/td>\n<td><span style=\"color: #333333;\">De 1 a 5 dias para pequenas quantidades por via a\u00e9rea e de 30 a 35 dias para grandes quantidades por via mar\u00edtima<\/span><\/td>\n<\/tr>\n<\/tbody>\n<\/table>\n<p>Como fabricante l\u00edder de bolsas tipo mensageiro e f\u00e1brica de bolsas \u00e0 prova d'\u00e1gua da China, inovamos com um novo design de bolsas tipo mensageiro multifuncionais para profissionais de neg\u00f3cios globais. Nossa empresa de bolsas mensageiras oferece:<\/p>\n<p>\u2705 <strong>Constru\u00e7\u00e3o \u00e0 prova d'\u00e1gua IPX5<\/strong> (poli\u00e9ster reciclado 600D + costuras soldadas)<br \/>\n\u2705 <strong>Projetos convers\u00edveis<\/strong> (modos mochila\/ombro\/mensageiro)<br \/>\n\u2705 <strong>Servi\u00e7os OEM\/ODM<\/strong> para <strong>bolsas mensageiras de marca pr\u00f3pria<\/strong><br \/>\n\u2705 <strong>Produ\u00e7\u00e3o de bolsas mensageiras a granel<\/strong> com entrega em 10 dias<\/p>\n<p>Confiado por atacadistas de bolsas mensageiras e empresas da Fortune 500. Principais recursos:<br \/>\n- Compartimentos com bloqueio de RFID e bolsos ocultos antifurto<br \/>\n- Organizador tecnol\u00f3gico remov\u00edvel com porta de carregamento USB<br \/>\n- Painel traseiro ergon\u00f4mico com fluxo de ar e al\u00e7a de bagagem<\/p>\n<p><strong>Por que escolher nossa f\u00e1brica de bolsas mensageiras?<\/strong>:<br \/>\nMais de 15 anos como os principais exportadores de bolsas mensageiras da China<br \/>\nDesign 3D gratuito com seu logotipo\/esquema de cores<br \/>\nMateriais sustent\u00e1veis com certifica\u00e7\u00e3o OEKO-Tex\/SGS<br \/>\nDesconto de 25% para fornecedores de bolsas tipo mensageiro em mais de 2.500 unidades<\/p>\n<p>Solicite amostras gr\u00e1tis de nossas bolsas mensageiras multifuncionais ou obtenha cota\u00e7\u00f5es instant\u00e2neas. Os fornecedores de bolsas mensageiras recebem:<br \/>\n- MOQ personalizado<br \/>\n- Relat\u00f3rios de teste de abras\u00e3o espec\u00edficos do lote<br \/>\n- Aloca\u00e7\u00e3o priorit\u00e1ria de carga a\u00e9rea\/mar\u00edtima<\/p>\n<\/div>\n<\/div>\n<\/div>\n<\/div>","protected":false},"excerpt":{"rendered":"<h2 data-immersive-translate-walked=\"344be1c1-5052-41eb-8fcd-0dbe236a0d6b\" data-immersive-translate-paragraph=\"1\">Bolsa mensageiro multifuncional com novo design<\/h2>\n<div class=\"sliderTable mt10 mb10 sliderTable-index0\">\n<div class=\"inner\">\n<p><strong>1. Grande espa\u00e7o de armazenamento:\u00a0<\/strong>O bolso principal tem um compartimento com z\u00edper embutido para armazenamento conveniente de itens. E o bolso frontal com z\u00edper \u00e9 mais conveniente para pegar objetos, atendendo \u00e0s necessidades di\u00e1rias de viagem.<\/p>\n<p><strong>2. \u00c0 prova d'\u00e1gua:<\/strong>\u00a0O tecido resistente \u00e0 \u00e1gua, com z\u00edper laminado \u00e0 prova d'\u00e1gua, pode bloquear com efic\u00e1cia os respingos de chuva. Materiais excelentes podem proporcionar um ambiente seguro para seus itens em dias chuvosos.<\/p>\n<p><strong>3. F\u00e1cil troca de cenas:<\/strong> Pode ser usada como uma bolsa frontal e uma bolsa triangular com estrutura cruzada. S\u00e3o fornecidas al\u00e7as de ombro remov\u00edveis, que podem ser trocadas por bolsas de mensageiro, bolsas de peito, bolsas de m\u00e3o e bolsas de cintura a qualquer hora e em qualquer lugar.<\/p>\n<\/div>\n<\/div>","protected":false},"featured_media":3595,"template":"","meta":{"_uag_custom_page_level_css":""},"product_brand":[],"product_cat":[65,48,62],"product_tag":[],"class_list":{"0":"post-3594","1":"product","2":"type-product","3":"status-publish","4":"has-post-thumbnail","6":"product_cat-messenger-bag","7":"product_cat-bike-bag","8":"product_cat-crossbody-bags","10":"first","11":"instock","12":"shipping-taxable","13":"product-type-simple"},"uagb_featured_image_src":{"full":["https:\/\/pecbag.com\/wp-content\/uploads\/2025\/05\/New-Design-Multi-functional-Messenger-Bag-3.jpeg",1000,1000,false],"thumbnail":["https:\/\/pecbag.com\/wp-content\/uploads\/2025\/05\/New-Design-Multi-functional-Messenger-Bag-3-150x150.jpeg",150,150,true],"medium":["https:\/\/pecbag.com\/wp-content\/uploads\/2025\/05\/New-Design-Multi-functional-Messenger-Bag-3-300x300.jpeg",300,300,true],"medium_large":["https:\/\/pecbag.com\/wp-content\/uploads\/2025\/05\/New-Design-Multi-functional-Messenger-Bag-3-768x768.jpeg",768,768,true],"large":["https:\/\/pecbag.com\/wp-content\/uploads\/2025\/05\/New-Design-Multi-functional-Messenger-Bag-3.jpeg",800,800,false],"1536x1536":["https:\/\/pecbag.com\/wp-content\/uploads\/2025\/05\/New-Design-Multi-functional-Messenger-Bag-3.jpeg",1000,1000,false],"2048x2048":["https:\/\/pecbag.com\/wp-content\/uploads\/2025\/05\/New-Design-Multi-functional-Messenger-Bag-3.jpeg",1000,1000,false],"trp-custom-language-flag":["https:\/\/pecbag.com\/wp-content\/uploads\/2025\/05\/New-Design-Multi-functional-Messenger-Bag-3-12x12.jpeg",12,12,true],"woocommerce_thumbnail":["https:\/\/pecbag.com\/wp-content\/uploads\/2025\/05\/New-Design-Multi-functional-Messenger-Bag-3-300x300.jpeg",300,300,true],"woocommerce_single":["https:\/\/pecbag.com\/wp-content\/uploads\/2025\/05\/New-Design-Multi-functional-Messenger-Bag-3-600x600.jpeg",600,600,true],"woocommerce_gallery_thumbnail":["https:\/\/pecbag.com\/wp-content\/uploads\/2025\/05\/New-Design-Multi-functional-Messenger-Bag-3-100x100.jpeg",100,100,true]},"uagb_author_info":{"display_name":"Lawrence","author_link":"https:\/\/pecbag.com\/br\/author\/"},"uagb_comment_info":0,"uagb_excerpt":"New Design Multi-functional Messenger Bag 1. Large Storage Space:\u00a0The main pocket has a built-in zipper compartment for convenient storage of items. And the front zipper pocket is more convenient to get things, meeting daily travel needs. 2. Waterproof:\u00a0Water-resistant fabric, with laminated waterproof zipper, can effectively block rain splashes. Excellent materials can provide a safe environment&hellip;","_links":{"self":[{"href":"https:\/\/pecbag.com\/br\/wp-json\/wp\/v2\/product\/3594","targetHints":{"allow":["GET"]}}],"collection":[{"href":"https:\/\/pecbag.com\/br\/wp-json\/wp\/v2\/product"}],"about":[{"href":"https:\/\/pecbag.com\/br\/wp-json\/wp\/v2\/types\/product"}],"wp:featuredmedia":[{"embeddable":true,"href":"https:\/\/pecbag.com\/br\/wp-json\/wp\/v2\/media\/3595"}],"wp:attachment":[{"href":"https:\/\/pecbag.com\/br\/wp-json\/wp\/v2\/media?parent=3594"}],"wp:term":[{"taxonomy":"product_brand","embeddable":true,"href":"https:\/\/pecbag.com\/br\/wp-json\/wp\/v2\/product_brand?post=3594"},{"taxonomy":"product_cat","embeddable":true,"href":"https:\/\/pecbag.com\/br\/wp-json\/wp\/v2\/product_cat?post=3594"},{"taxonomy":"product_tag","embeddable":true,"href":"https:\/\/pecbag.com\/br\/wp-json\/wp\/v2\/product_tag?post=3594"}],"curies":[{"name":"wp","href":"https:\/\/api.w.org\/{rel}","templated":true}]}}