{"id":3603,"date":"2025-05-27T09:08:08","date_gmt":"2025-05-27T09:08:08","guid":{"rendered":"https:\/\/pecbag.com\/?post_type=product&#038;p=3603"},"modified":"2025-11-29T01:55:10","modified_gmt":"2025-11-29T01:55:10","slug":"outdoor-bike-waist-messenger-bag","status":"publish","type":"product","link":"https:\/\/pecbag.com\/br\/outdoor-bike-waist-messenger-bag\/","title":{"rendered":"Bolsa de cintura para bicicleta ao ar livre"},"content":{"rendered":"<h5 title=\"Bolsa dobr\u00e1vel para c\u00e3es Bolsa de ombro de malha respir\u00e1vel para c\u00e3es e gatos de pequeno porte\" data-immersive-translate-walked=\"1c928421-2e42-4cd3-8754-5404553c0af5\" data-immersive-translate-paragraph=\"1\" data-spm-anchor-id=\"a2700.details.0.i35.4f6757d4w4zNZA\">Bolsas de cintura para ciclismo ao ar livre | F\u00e1brica de bolsas imperme\u00e1veis e fabricante de mochilas - Bulk Cycling Solutions<\/h5>\n<div class=\"flex flex-grow flex-col max-w-full\">\n<div class=\"min-h-[20px] text-message flex w-full flex-col items-end gap-2 whitespace-pre-wrap break-words [.text-message+&amp;]:mt-5 overflow-x-auto\" dir=\"auto\" data-message-author-role=\"assistant\" data-message-id=\"3d7d46f6-7ec2-4222-9257-48fa0bba23c6\" data-suggestions=\"true\">\n<div class=\"flex w-full flex-col gap-1 empty:hidden first:pt-[3px]\">\n<div class=\"markdown prose w-full break-words dark:prose-invert light\">\n<table width=\"288\">\n<tbody>\n<tr>\n<td width=\"137\"><span style=\"color: #333333;\">Nome dos produtos<\/span><\/td>\n<td width=\"151\">Bolsa de m\u00e3o<\/td>\n<\/tr>\n<tr>\n<td><span style=\"color: #333333;\">Item No.<\/span><\/td>\n<td><span style=\"color: #333333;\">PB-2080<\/span><\/td>\n<\/tr>\n<tr>\n<td><span style=\"color: #333333;\">Material<\/span><\/td>\n<td>Poli\u00e9ster 600D Snowflake<\/td>\n<\/tr>\n<tr>\n<td><span style=\"color: #333333;\">Tamanho<\/span><\/td>\n<td>35 x 10 x 16 cm<\/td>\n<\/tr>\n<tr>\n<td><span style=\"color: #333333;\">\u00a0Prazo de entrega<\/span><\/td>\n<td><span style=\"color: #333333;\">De 1 a 5 dias para pequenas quantidades por via a\u00e9rea e de 30 a 35 dias para grandes quantidades por via mar\u00edtima<\/span><\/td>\n<\/tr>\n<\/tbody>\n<\/table>\n<p>Como fabricante l\u00edder de bolsas mensageiras e f\u00e1brica de bolsas \u00e0 prova d'\u00e1gua da China, projetamos bolsas mensageiras robustas para cintura de bicicleta ao ar livre para marcas globais de ciclismo. Nossa empresa de bolsas mensageiras oferece:<\/p>\n<p>\u2705 <strong>Design \u00e0 prova d'\u00e1gua IPX6<\/strong> (nylon 500D + solda sem costura)<br \/>\n\u2705 <strong>Faixas refletivas de 360\u00b0<\/strong> Cinto de cintura antibalan\u00e7o<br \/>\n\u2705 <strong>Servi\u00e7os OEM\/ODM<\/strong> para <strong>bolsas mensageiras de marca pr\u00f3pria<\/strong><br \/>\n\u2705 <strong>Produ\u00e7\u00e3o de bolsas mensageiras a granel<\/strong> com entrega r\u00e1pida em 12 dias<\/p>\n<p>Confiado por atacadistas de bolsas mensageiras e ciclistas urbanos em todo o mundo. Principais recursos:<br \/>\n- Sistema de montagem r\u00e1pida sem ferramentas para quadros de bicicletas<br \/>\n- Compat\u00edvel com bexiga de hidrata\u00e7\u00e3o + janela sens\u00edvel ao toque do telefone<br \/>\n- Capacidade expans\u00edvel de 5L a 15L<\/p>\n<p><strong>Por que fazer parceria com nossa f\u00e1brica de bolsas mensageiras<\/strong>:<br \/>\nMais de 10 anos como os principais exportadores de bolsas mensageiras da China<br \/>\nDesenhos t\u00e9cnicos 3D gratuitos com sua marca<br \/>\nMateriais com certifica\u00e7\u00e3o OEKO-Tex e resistentes \u00e0 abras\u00e3o<br \/>\nDesconto 30% para fornecedores de bolsas tipo mensageiro com mais de 3.000 unidades<\/p>\n<p>Solicite amostras gr\u00e1tis de nossas bolsas de cintura para bicicletas ou obtenha cota\u00e7\u00f5es instant\u00e2neas. Os fornecedores de bolsas de transporte desfrutam:<br \/>\n- MOQ personalizado<br \/>\n- Relat\u00f3rios de teste \u00e0 prova d'\u00e1gua espec\u00edficos do lote<br \/>\n- Aloca\u00e7\u00e3o priorit\u00e1ria de carga a\u00e9rea\/mar\u00edtima<\/p>\n<\/div>\n<\/div>\n<\/div>\n<\/div>","protected":false},"excerpt":{"rendered":"<h2 data-immersive-translate-walked=\"344be1c1-5052-41eb-8fcd-0dbe236a0d6b\" data-immersive-translate-paragraph=\"1\">Bolsa de cintura para bicicleta ao ar livre<\/h2>\n<div class=\"sliderTable mt10 mb10 sliderTable-index0\">\n<div class=\"inner\">\n<p><strong>1. Bolsa multiuso para guid\u00e3o de bicicleta.<\/strong>\u00a0Essa bolsa com al\u00e7a ajust\u00e1vel tamb\u00e9m pode ser usada como bolsa de tubo superior de bicicleta, bolsa de ombro, bolsa de cintura e bolsa de mensageiro. Pendure-a no guid\u00e3o. O tamanho adequado serve para a maioria das pessoas.<\/p>\n<p><strong>2. Projeto de constru\u00e7\u00e3o pr\u00e1tico.\u00a0<\/strong>Essa bolsa tem um bolso principal com z\u00edper e um bolso interno de malha que pode acomodar uma garrafa de cerveja ou um iPad mini; um bolso frontal com z\u00edper e dois bolsos laterais com z\u00edper para carregar pequenos itens ou gadgets, um pequeno dispositivo GPS, suprimentos m\u00e9dicos, pequenas ferramentas etc.<\/p>\n<\/div>\n<\/div>","protected":false},"featured_media":3609,"template":"","meta":{"_uag_custom_page_level_css":""},"product_brand":[],"product_cat":[65,48,64],"product_tag":[],"class_list":{"0":"post-3603","1":"product","2":"type-product","3":"status-publish","4":"has-post-thumbnail","6":"product_cat-messenger-bag","7":"product_cat-bike-bag","8":"product_cat-shoulder-bag","10":"first","11":"instock","12":"shipping-taxable","13":"product-type-simple"},"uagb_featured_image_src":{"full":["https:\/\/pecbag.com\/wp-content\/uploads\/2025\/05\/Outdoor-Bike-Waist-Messenger-Bag-3.jpeg",933,1063,false],"thumbnail":["https:\/\/pecbag.com\/wp-content\/uploads\/2025\/05\/Outdoor-Bike-Waist-Messenger-Bag-3-150x150.jpeg",150,150,true],"medium":["https:\/\/pecbag.com\/wp-content\/uploads\/2025\/05\/Outdoor-Bike-Waist-Messenger-Bag-3-263x300.jpeg",263,300,true],"medium_large":["https:\/\/pecbag.com\/wp-content\/uploads\/2025\/05\/Outdoor-Bike-Waist-Messenger-Bag-3-768x875.jpeg",768,875,true],"large":["https:\/\/pecbag.com\/wp-content\/uploads\/2025\/05\/Outdoor-Bike-Waist-Messenger-Bag-3-899x1024.jpeg",800,911,true],"1536x1536":["https:\/\/pecbag.com\/wp-content\/uploads\/2025\/05\/Outdoor-Bike-Waist-Messenger-Bag-3.jpeg",933,1063,false],"2048x2048":["https:\/\/pecbag.com\/wp-content\/uploads\/2025\/05\/Outdoor-Bike-Waist-Messenger-Bag-3.jpeg",933,1063,false],"trp-custom-language-flag":["https:\/\/pecbag.com\/wp-content\/uploads\/2025\/05\/Outdoor-Bike-Waist-Messenger-Bag-3-11x12.jpeg",11,12,true],"woocommerce_thumbnail":["https:\/\/pecbag.com\/wp-content\/uploads\/2025\/05\/Outdoor-Bike-Waist-Messenger-Bag-3-300x300.jpeg",300,300,true],"woocommerce_single":["https:\/\/pecbag.com\/wp-content\/uploads\/2025\/05\/Outdoor-Bike-Waist-Messenger-Bag-3-600x684.jpeg",600,684,true],"woocommerce_gallery_thumbnail":["https:\/\/pecbag.com\/wp-content\/uploads\/2025\/05\/Outdoor-Bike-Waist-Messenger-Bag-3-100x100.jpeg",100,100,true]},"uagb_author_info":{"display_name":"Lawrence","author_link":"https:\/\/pecbag.com\/br\/author\/"},"uagb_comment_info":0,"uagb_excerpt":"Outdoor Bike Waist Messenger Bag 1. Multi-purpose Bike Handlebar Bag.\u00a0This bag with adjustable strap can also be used as bike top tube bag, shoulder bag, waist bag and messenger bag. Hang it on handlebar. Appropriate size fits for most people. 2. Handy Construction Design.\u00a0This bag has one main zipper pocket with inside mesh pocket which&hellip;","_links":{"self":[{"href":"https:\/\/pecbag.com\/br\/wp-json\/wp\/v2\/product\/3603","targetHints":{"allow":["GET"]}}],"collection":[{"href":"https:\/\/pecbag.com\/br\/wp-json\/wp\/v2\/product"}],"about":[{"href":"https:\/\/pecbag.com\/br\/wp-json\/wp\/v2\/types\/product"}],"wp:featuredmedia":[{"embeddable":true,"href":"https:\/\/pecbag.com\/br\/wp-json\/wp\/v2\/media\/3609"}],"wp:attachment":[{"href":"https:\/\/pecbag.com\/br\/wp-json\/wp\/v2\/media?parent=3603"}],"wp:term":[{"taxonomy":"product_brand","embeddable":true,"href":"https:\/\/pecbag.com\/br\/wp-json\/wp\/v2\/product_brand?post=3603"},{"taxonomy":"product_cat","embeddable":true,"href":"https:\/\/pecbag.com\/br\/wp-json\/wp\/v2\/product_cat?post=3603"},{"taxonomy":"product_tag","embeddable":true,"href":"https:\/\/pecbag.com\/br\/wp-json\/wp\/v2\/product_tag?post=3603"}],"curies":[{"name":"wp","href":"https:\/\/api.w.org\/{rel}","templated":true}]}}