{"id":3626,"date":"2025-05-27T09:22:18","date_gmt":"2025-05-27T09:22:18","guid":{"rendered":"https:\/\/pecbag.com\/?post_type=product&#038;p=3626"},"modified":"2025-11-29T01:54:54","modified_gmt":"2025-11-29T01:54:54","slug":"laptop-sleeve-briefcase-bag","status":"publish","type":"product","link":"https:\/\/pecbag.com\/br\/laptop-sleeve-briefcase-bag\/","title":{"rendered":"Bolsa para pasta com capa para laptop"},"content":{"rendered":"<h5 title=\"Bolsa dobr\u00e1vel para c\u00e3es Bolsa de ombro de malha respir\u00e1vel para c\u00e3es e gatos de pequeno porte\" data-immersive-translate-walked=\"1c928421-2e42-4cd3-8754-5404553c0af5\" data-immersive-translate-paragraph=\"1\" data-spm-anchor-id=\"a2700.details.0.i35.4f6757d4w4zNZA\">Bolsas para laptops e pastas para laptops | F\u00e1brica de bolsas \u00e0 prova d'\u00e1gua e fabricante de mochilas - Bulk Corporate Solutions<\/h5>\n<div class=\"flex flex-grow flex-col max-w-full\">\n<div class=\"min-h-[20px] text-message flex w-full flex-col items-end gap-2 whitespace-pre-wrap break-words [.text-message+&amp;]:mt-5 overflow-x-auto\" dir=\"auto\" data-message-author-role=\"assistant\" data-message-id=\"3d7d46f6-7ec2-4222-9257-48fa0bba23c6\" data-suggestions=\"true\">\n<div class=\"flex w-full flex-col gap-1 empty:hidden first:pt-[3px]\">\n<div class=\"markdown prose w-full break-words dark:prose-invert light\">\n<table width=\"288\">\n<tbody>\n<tr>\n<td width=\"137\"><span style=\"color: #333333;\">Nome dos produtos<\/span><\/td>\n<td width=\"151\">Bolsa de m\u00e3o<\/td>\n<\/tr>\n<tr>\n<td><span style=\"color: #333333;\">Item No.<\/span><\/td>\n<td><span style=\"color: #333333;\">PB-2082<\/span><\/td>\n<\/tr>\n<tr>\n<td><span style=\"color: #333333;\">Material<\/span><\/td>\n<td>Cordura 500D<\/td>\n<\/tr>\n<tr>\n<td><span style=\"color: #333333;\">Tamanho<\/span><\/td>\n<td>43 x 16,5 x 30 cm<\/td>\n<\/tr>\n<tr>\n<td><span style=\"color: #333333;\">\u00a0Prazo de entrega<\/span><\/td>\n<td><span style=\"color: #333333;\">De 1 a 5 dias para pequenas quantidades por via a\u00e9rea e de 30 a 35 dias para grandes quantidades por via mar\u00edtima<\/span><\/td>\n<\/tr>\n<\/tbody>\n<\/table>\n<p>Como principal fabricante de bolsas mensageiras e f\u00e1brica de bolsas \u00e0 prova d'\u00e1gua da China, projetamos bolsas tipo pasta com capa para laptop de alta qualidade para profissionais globais. Nossa empresa de bolsas mensageiras oferece:<\/p>\n<p>\u2705 <strong>Compartimento para laptop \u00e0 prova de choque<\/strong> (cabe em dispositivos de at\u00e9 17\u2033) + <strong>Exterior \u00e0 prova d'\u00e1gua IPX5<\/strong><br \/>\n\u2705 <strong>Projetos personaliz\u00e1veis<\/strong> (MOQ 50pcs) para <strong>bolsas mensageiras de marca pr\u00f3pria<\/strong><br \/>\n\u2705 <strong>Servi\u00e7os OEM\/ODM<\/strong> com um r\u00e1pido retorno de produ\u00e7\u00e3o de 10 dias<br \/>\n\u2705 <strong>Produ\u00e7\u00e3o de bolsas mensageiras a granel<\/strong> com a confian\u00e7a de empresas da Fortune 500<\/p>\n<p>Principais recursos que merecem a confian\u00e7a dos atacadistas de bolsas mensageiras:<br \/>\n- Bolsos para documentos com bloqueio de RFID e porta de carregamento USB oculta<br \/>\n- Al\u00e7a de ombro remov\u00edvel + bolsa de carrinho para viagem<br \/>\n- Acentos em couro vegano e fechos magn\u00e9ticos silenciosos<\/p>\n<p><strong>Por que escolher nossa f\u00e1brica de bolsas mensageiras?<\/strong>:<br \/>\nMais de 12 anos como os principais exportadores de bolsas mensageiras da China<br \/>\nPacote tecnol\u00f3gico 3D gratuito com sua marca<br \/>\nMateriais sustent\u00e1veis com certifica\u00e7\u00e3o OEKO-Tex\/SGS<br \/>\nDesconto 30% para fornecedores de bolsas tipo mensageiro com mais de 3.000 unidades<\/p>\n<p>Solicite amostras gr\u00e1tis de nossas bolsas tipo maleta ou obtenha cota\u00e7\u00f5es instant\u00e2neas. Os fornecedores de bolsas tipo mensageiro desfrutam:<br \/>\n- MOQ personalizado a partir de 30 unidades<br \/>\n- Relat\u00f3rios de teste de abras\u00e3o espec\u00edficos do lote<br \/>\n- Aloca\u00e7\u00e3o priorit\u00e1ria de frete a\u00e9reo<\/p>\n<\/div>\n<\/div>\n<\/div>\n<\/div>","protected":false},"excerpt":{"rendered":"<h2 data-immersive-translate-walked=\"344be1c1-5052-41eb-8fcd-0dbe236a0d6b\" data-immersive-translate-paragraph=\"1\">Bolsa para pasta com capa para laptop<\/h2>\n<div class=\"sliderTable mt10 mb10 sliderTable-index0\">\n<div class=\"inner\">\n<p>Fornecemos bolsas premium com personaliza\u00e7\u00e3o total de tamanho e cor, tecidos dur\u00e1veis e qualidade certificada.<\/p>\n<p>Aproveite os MOQs flex\u00edveis, o envio global r\u00e1pido e as solu\u00e7\u00f5es de marca pr\u00f3pria.<\/p>\n<p>Entre em contato conosco hoje mesmo!<\/p>\n<\/div>\n<\/div>","protected":false},"featured_media":3632,"template":"","meta":{"_uag_custom_page_level_css":""},"product_brand":[],"product_cat":[65,64,55],"product_tag":[],"class_list":{"0":"post-3626","1":"product","2":"type-product","3":"status-publish","4":"has-post-thumbnail","6":"product_cat-messenger-bag","7":"product_cat-shoulder-bag","8":"product_cat-tactical-bag","10":"first","11":"instock","12":"shipping-taxable","13":"product-type-simple"},"uagb_featured_image_src":{"full":["https:\/\/pecbag.com\/wp-content\/uploads\/2025\/05\/Laptop-Sleeve-Briefcase-Bag-4.jpeg",800,800,false],"thumbnail":["https:\/\/pecbag.com\/wp-content\/uploads\/2025\/05\/Laptop-Sleeve-Briefcase-Bag-4-150x150.jpeg",150,150,true],"medium":["https:\/\/pecbag.com\/wp-content\/uploads\/2025\/05\/Laptop-Sleeve-Briefcase-Bag-4-300x300.jpeg",300,300,true],"medium_large":["https:\/\/pecbag.com\/wp-content\/uploads\/2025\/05\/Laptop-Sleeve-Briefcase-Bag-4-768x768.jpeg",768,768,true],"large":["https:\/\/pecbag.com\/wp-content\/uploads\/2025\/05\/Laptop-Sleeve-Briefcase-Bag-4.jpeg",800,800,false],"1536x1536":["https:\/\/pecbag.com\/wp-content\/uploads\/2025\/05\/Laptop-Sleeve-Briefcase-Bag-4.jpeg",800,800,false],"2048x2048":["https:\/\/pecbag.com\/wp-content\/uploads\/2025\/05\/Laptop-Sleeve-Briefcase-Bag-4.jpeg",800,800,false],"trp-custom-language-flag":["https:\/\/pecbag.com\/wp-content\/uploads\/2025\/05\/Laptop-Sleeve-Briefcase-Bag-4-12x12.jpeg",12,12,true],"woocommerce_thumbnail":["https:\/\/pecbag.com\/wp-content\/uploads\/2025\/05\/Laptop-Sleeve-Briefcase-Bag-4-300x300.jpeg",300,300,true],"woocommerce_single":["https:\/\/pecbag.com\/wp-content\/uploads\/2025\/05\/Laptop-Sleeve-Briefcase-Bag-4-600x600.jpeg",600,600,true],"woocommerce_gallery_thumbnail":["https:\/\/pecbag.com\/wp-content\/uploads\/2025\/05\/Laptop-Sleeve-Briefcase-Bag-4-100x100.jpeg",100,100,true]},"uagb_author_info":{"display_name":"Lawrence","author_link":"https:\/\/pecbag.com\/br\/author\/"},"uagb_comment_info":0,"uagb_excerpt":"Laptop Sleeve Briefcase Bag We provide premium bags with full-size and color customization, durable fabrics, and certified quality. Enjoy flexible MOQs, fast global shipping, and private label solutions. Contact us today!","_links":{"self":[{"href":"https:\/\/pecbag.com\/br\/wp-json\/wp\/v2\/product\/3626","targetHints":{"allow":["GET"]}}],"collection":[{"href":"https:\/\/pecbag.com\/br\/wp-json\/wp\/v2\/product"}],"about":[{"href":"https:\/\/pecbag.com\/br\/wp-json\/wp\/v2\/types\/product"}],"wp:featuredmedia":[{"embeddable":true,"href":"https:\/\/pecbag.com\/br\/wp-json\/wp\/v2\/media\/3632"}],"wp:attachment":[{"href":"https:\/\/pecbag.com\/br\/wp-json\/wp\/v2\/media?parent=3626"}],"wp:term":[{"taxonomy":"product_brand","embeddable":true,"href":"https:\/\/pecbag.com\/br\/wp-json\/wp\/v2\/product_brand?post=3626"},{"taxonomy":"product_cat","embeddable":true,"href":"https:\/\/pecbag.com\/br\/wp-json\/wp\/v2\/product_cat?post=3626"},{"taxonomy":"product_tag","embeddable":true,"href":"https:\/\/pecbag.com\/br\/wp-json\/wp\/v2\/product_tag?post=3626"}],"curies":[{"name":"wp","href":"https:\/\/api.w.org\/{rel}","templated":true}]}}