{"id":3714,"date":"2025-05-28T01:00:32","date_gmt":"2025-05-28T01:00:32","guid":{"rendered":"https:\/\/pecbag.com\/?post_type=product&#038;p=3714"},"modified":"2025-11-04T10:20:05","modified_gmt":"2025-11-04T10:20:05","slug":"custom-durable-briefcase-messenger-bag","status":"publish","type":"product","link":"https:\/\/pecbag.com\/br\/custom-durable-briefcase-messenger-bag\/","title":{"rendered":"Pasta personalizada dur\u00e1vel Bolsa para mensageiro"},"content":{"rendered":"<h5 title=\"Bolsa dobr\u00e1vel para c\u00e3es Bolsa de ombro de malha respir\u00e1vel para c\u00e3es e gatos de pequeno porte\" data-immersive-translate-walked=\"1c928421-2e42-4cd3-8754-5404553c0af5\" data-immersive-translate-paragraph=\"1\" data-spm-anchor-id=\"a2700.details.0.i35.4f6757d4w4zNZA\">Bolsas de mensageiro personalizadas e dur\u00e1veis - F\u00e1brica de bolsas \u00e0 prova d'\u00e1gua e fabricante de mochilas - Bulk Corporate Solutions<\/h5>\n<div class=\"flex flex-grow flex-col max-w-full\">\n<div class=\"min-h-[20px] text-message flex w-full flex-col items-end gap-2 whitespace-pre-wrap break-words [.text-message+&amp;]:mt-5 overflow-x-auto\" dir=\"auto\" data-message-author-role=\"assistant\" data-message-id=\"3d7d46f6-7ec2-4222-9257-48fa0bba23c6\" data-suggestions=\"true\">\n<div class=\"flex w-full flex-col gap-1 empty:hidden first:pt-[3px]\">\n<div class=\"markdown prose w-full break-words dark:prose-invert light\">\n<table width=\"288\">\n<tbody>\n<tr>\n<td width=\"137\"><span style=\"color: #333333;\">Nome dos produtos<\/span><\/td>\n<td width=\"151\">Bolsa de m\u00e3o<\/td>\n<\/tr>\n<tr>\n<td><span style=\"color: #333333;\">Item No.<\/span><\/td>\n<td><span style=\"color: #333333;\">PB-2084<\/span><\/td>\n<\/tr>\n<tr>\n<td><span style=\"color: #333333;\">Material<\/span><\/td>\n<td>Poli\u00e9ster<\/td>\n<\/tr>\n<tr>\n<td><span style=\"color: #333333;\">Tamanho<\/span><\/td>\n<td>17,5 x 6,5 x 13 polegadas<\/td>\n<\/tr>\n<tr>\n<td><span style=\"color: #333333;\">\u00a0Prazo de entrega<\/span><\/td>\n<td><span style=\"color: #333333;\">De 1 a 5 dias para pequenas quantidades por via a\u00e9rea e de 30 a 35 dias para grandes quantidades por via mar\u00edtima<\/span><\/td>\n<\/tr>\n<\/tbody>\n<\/table>\n<p>Como fabricante l\u00edder de bolsas tipo mensageiro e f\u00e1brica de bolsas \u00e0 prova d'\u00e1gua da China, projetamos bolsas tipo mensageiro personalizadas e dur\u00e1veis para empresas globais. Nossa empresa de bolsas mensageiras oferece:<\/p>\n<p>\u2705 <strong>Nylon 1000D de grau militar<\/strong> com z\u00edperes \u00e0 prova d'\u00e1gua IPX6<br \/>\n\u2705 <strong>Compartimentos personaliz\u00e1veis<\/strong> para laptops de at\u00e9 17<br \/>\n\u2705 <strong>Servi\u00e7os OEM\/ODM<\/strong> para <strong>bolsas mensageiras de marca pr\u00f3pria<\/strong><br \/>\n\u2705 <strong>Produ\u00e7\u00e3o de bolsas mensageiras a granel<\/strong> com entrega r\u00e1pida em 10 dias<\/p>\n<p>Confiado por atacadistas de bolsas mensageiras e empresas da Fortune 500. Principais recursos:<br \/>\n- Bolsos para documentos com bloqueio de RFID e compartimentos ocultos antifurto<br \/>\n- Al\u00e7a de ombro remov\u00edvel + bolsa de carrinho para viagem<br \/>\n- Acentos profissionais em couro vegano e fivelas silenciosas<\/p>\n<p><strong>Por que fazer parceria com nossa f\u00e1brica de bolsas mensageiras<\/strong>:<br \/>\nMais de 15 anos como os principais exportadores de bolsas mensageiras da China<br \/>\nDesign de pacote tecnol\u00f3gico 3D gratuito com sua marca<br \/>\nMateriais sustent\u00e1veis com certifica\u00e7\u00e3o OEKO-Tex\/SGS<br \/>\nDesconto de 25% para fornecedores de bolsas tipo mensageiro em mais de 2.500 unidades<\/p>\n<p>Solicite amostras gr\u00e1tis de nossas bolsas mensageiras tipo maleta ou obtenha cota\u00e7\u00f5es instant\u00e2neas. Os fornecedores de bolsas mensageiras gostam:<br \/>\n- MOQ personalizado<br \/>\n- Relat\u00f3rios de teste de abras\u00e3o espec\u00edficos do lote<br \/>\n- Aloca\u00e7\u00e3o priorit\u00e1ria de carga a\u00e9rea\/mar\u00edtima<\/p>\n<\/div>\n<\/div>\n<\/div>\n<\/div>","protected":false},"excerpt":{"rendered":"<h2 data-immersive-translate-walked=\"344be1c1-5052-41eb-8fcd-0dbe236a0d6b\" data-immersive-translate-paragraph=\"1\">Pasta personalizada dur\u00e1vel Bolsa para mensageiro<\/h2>\n<div class=\"sliderTable mt10 mb10 sliderTable-index0\">\n<div class=\"inner\">\n<p>EXPANS\u00c3O E M\u00daLTIPLOS COMPARTIMENTOS: o z\u00edper de expans\u00e3o torna-a mais flex\u00edvel, e a pasta para laptop pode ser transformada em uma grande bolsa de lona quando necess\u00e1rio. At\u00e9 4 compartimentos podem atender bem a todas as suas necessidades. O compartimento tecnol\u00f3gico grande pode acomodar laptops de at\u00e9 17,3 polegadas. Dois bolsos frontais permitem que voc\u00ea coloque as necessidades di\u00e1rias de forma organizada. O compartimento expans\u00edvel para documentos pode armazenar suas pastas A4, revistas, roupas ou um guarda-chuva.<\/p>\n<\/div>\n<\/div>","protected":false},"featured_media":3720,"template":"","meta":{"_uag_custom_page_level_css":""},"product_brand":[],"product_cat":[65],"product_tag":[],"class_list":{"0":"post-3714","1":"product","2":"type-product","3":"status-publish","4":"has-post-thumbnail","6":"product_cat-messenger-bag","8":"first","9":"instock","10":"shipping-taxable","11":"product-type-simple"},"uagb_featured_image_src":{"full":["https:\/\/pecbag.com\/wp-content\/uploads\/2025\/05\/Custom-Durable-Briefcase-Messenger-Bag-2.jpeg",768,706,false],"thumbnail":["https:\/\/pecbag.com\/wp-content\/uploads\/2025\/05\/Custom-Durable-Briefcase-Messenger-Bag-2-150x150.jpeg",150,150,true],"medium":["https:\/\/pecbag.com\/wp-content\/uploads\/2025\/05\/Custom-Durable-Briefcase-Messenger-Bag-2-300x276.jpeg",300,276,true],"medium_large":["https:\/\/pecbag.com\/wp-content\/uploads\/2025\/05\/Custom-Durable-Briefcase-Messenger-Bag-2.jpeg",768,706,false],"large":["https:\/\/pecbag.com\/wp-content\/uploads\/2025\/05\/Custom-Durable-Briefcase-Messenger-Bag-2.jpeg",768,706,false],"1536x1536":["https:\/\/pecbag.com\/wp-content\/uploads\/2025\/05\/Custom-Durable-Briefcase-Messenger-Bag-2.jpeg",768,706,false],"2048x2048":["https:\/\/pecbag.com\/wp-content\/uploads\/2025\/05\/Custom-Durable-Briefcase-Messenger-Bag-2.jpeg",768,706,false],"trp-custom-language-flag":["https:\/\/pecbag.com\/wp-content\/uploads\/2025\/05\/Custom-Durable-Briefcase-Messenger-Bag-2-13x12.jpeg",13,12,true],"woocommerce_thumbnail":["https:\/\/pecbag.com\/wp-content\/uploads\/2025\/05\/Custom-Durable-Briefcase-Messenger-Bag-2-300x300.jpeg",300,300,true],"woocommerce_single":["https:\/\/pecbag.com\/wp-content\/uploads\/2025\/05\/Custom-Durable-Briefcase-Messenger-Bag-2-600x552.jpeg",600,552,true],"woocommerce_gallery_thumbnail":["https:\/\/pecbag.com\/wp-content\/uploads\/2025\/05\/Custom-Durable-Briefcase-Messenger-Bag-2-100x100.jpeg",100,100,true]},"uagb_author_info":{"display_name":"Lawrence","author_link":"https:\/\/pecbag.com\/br\/author\/"},"uagb_comment_info":0,"uagb_excerpt":"Custom Durable Briefcase Messenger Bag EXPANSION &amp; MULTIPLE COMPARTMENTS: expansion zipper makes it more flexible, and the laptop briefcase can be transformed into a large duffel bag when necessary. Up to 4 compartments can meet all your needs well. The large tech compartment can accommodate laptops up to 17.3 inches in size. Two front pockets&hellip;","_links":{"self":[{"href":"https:\/\/pecbag.com\/br\/wp-json\/wp\/v2\/product\/3714","targetHints":{"allow":["GET"]}}],"collection":[{"href":"https:\/\/pecbag.com\/br\/wp-json\/wp\/v2\/product"}],"about":[{"href":"https:\/\/pecbag.com\/br\/wp-json\/wp\/v2\/types\/product"}],"wp:featuredmedia":[{"embeddable":true,"href":"https:\/\/pecbag.com\/br\/wp-json\/wp\/v2\/media\/3720"}],"wp:attachment":[{"href":"https:\/\/pecbag.com\/br\/wp-json\/wp\/v2\/media?parent=3714"}],"wp:term":[{"taxonomy":"product_brand","embeddable":true,"href":"https:\/\/pecbag.com\/br\/wp-json\/wp\/v2\/product_brand?post=3714"},{"taxonomy":"product_cat","embeddable":true,"href":"https:\/\/pecbag.com\/br\/wp-json\/wp\/v2\/product_cat?post=3714"},{"taxonomy":"product_tag","embeddable":true,"href":"https:\/\/pecbag.com\/br\/wp-json\/wp\/v2\/product_tag?post=3714"}],"curies":[{"name":"wp","href":"https:\/\/api.w.org\/{rel}","templated":true}]}}