{"id":3721,"date":"2025-05-28T01:21:42","date_gmt":"2025-05-28T01:21:42","guid":{"rendered":"https:\/\/pecbag.com\/?post_type=product&#038;p=3721"},"modified":"2025-11-29T01:54:11","modified_gmt":"2025-11-29T01:54:11","slug":"protection-ski-travel-bag","status":"publish","type":"product","link":"https:\/\/pecbag.com\/br\/protection-ski-travel-bag\/","title":{"rendered":"Bolsa de prote\u00e7\u00e3o para viagem de esqui"},"content":{"rendered":"<h5 title=\"Bolsa dobr\u00e1vel para c\u00e3es Bolsa de ombro de malha respir\u00e1vel para c\u00e3es e gatos de pequeno porte\" data-immersive-translate-walked=\"1c928421-2e42-4cd3-8754-5404553c0af5\" data-immersive-translate-paragraph=\"1\" data-spm-anchor-id=\"a2700.details.0.i35.4f6757d4w4zNZA\">Bolsas de prote\u00e7\u00e3o para viagens de esqui | F\u00e1brica de bolsas imperme\u00e1veis e fabricante de mochilas - Bulk Winter Solutions<\/h5>\n<div class=\"flex flex-grow flex-col max-w-full\">\n<div class=\"min-h-[20px] text-message flex w-full flex-col items-end gap-2 whitespace-pre-wrap break-words [.text-message+&amp;]:mt-5 overflow-x-auto\" dir=\"auto\" data-message-author-role=\"assistant\" data-message-id=\"3d7d46f6-7ec2-4222-9257-48fa0bba23c6\" data-suggestions=\"true\">\n<div class=\"flex w-full flex-col gap-1 empty:hidden first:pt-[3px]\">\n<div class=\"markdown prose w-full break-words dark:prose-invert light\">\n<table width=\"288\">\n<tbody>\n<tr>\n<td width=\"137\"><span style=\"color: #333333;\">Nome dos produtos<\/span><\/td>\n<td width=\"151\">Bolsa de esqui<\/td>\n<\/tr>\n<tr>\n<td><span style=\"color: #333333;\">Item No.<\/span><\/td>\n<td><span style=\"color: #333333;\">PB-2085<\/span><\/td>\n<\/tr>\n<tr>\n<td><span style=\"color: #333333;\">Material<\/span><\/td>\n<td>Poli\u00e9ster 600D<\/td>\n<\/tr>\n<tr>\n<td><span style=\"color: #333333;\">Tamanho<\/span><\/td>\n<td>185 cm<\/td>\n<\/tr>\n<tr>\n<td><span style=\"color: #333333;\">\u00a0Prazo de entrega<\/span><\/td>\n<td><span style=\"color: #333333;\">De 1 a 5 dias para pequenas quantidades por via a\u00e9rea e de 30 a 35 dias para grandes quantidades por via mar\u00edtima<\/span><\/td>\n<\/tr>\n<\/tbody>\n<\/table>\n<p>Como principal fabricante de bolsas de esqui e f\u00e1brica de bolsas \u00e0 prova d'\u00e1gua da China, projetamos bolsas de viagem de esqui com prote\u00e7\u00e3o robusta para marcas globais de esportes de inverno. Nossa empresa de bolsas de esqui fornece:<\/p>\n<p>\u2705 <strong>Carca\u00e7a r\u00edgida aprovada para aeronaves<\/strong> com interiores acolchoados com espuma<br \/>\n\u2705 <strong>Z\u00edperes \u00e0 prova d'\u00e1gua IPX6<\/strong> &amp; -40\u00b0C materiais resistentes ao frio (MOQ 200pcs)<br \/>\n\u2705 <strong>Servi\u00e7os OEM\/ODM<\/strong> para sacos de esqui de marca pr\u00f3pria<br \/>\n\u2705 <strong>Produ\u00e7\u00e3o de sacos de esqui a granel<\/strong> com entrega r\u00e1pida em 12 dias<\/p>\n<p>Confiado por atacadistas de bolsas de esqui e resorts de montanha em todo o mundo. Principais recursos:<br \/>\n- Travas aprovadas pela TSA e sistemas de rodas refor\u00e7ados<br \/>\n- Al\u00e7as de transporte remov\u00edveis para esqui\/snowboard<br \/>\n- Compartimento para etiqueta de bagagem RFID e compartimentos ventilados do porta-malas<\/p>\n<p><strong>Por que escolher nossa f\u00e1brica de bolsas para esqui?<\/strong>:<br \/>\nMais de 15 anos como os principais exportadores de bolsas de esqui da China<br \/>\nDesign 3D gratuito com sua marca alpina<br \/>\nMateriais resistentes a impactos com certifica\u00e7\u00e3o SGS\/OEKO-Tex<br \/>\nDesconto 30% para fornecedores de bolsas de esqui com mais de 3.000 unidades<\/p>\n<p>Solicite amostras gr\u00e1tis de nossas bolsas de prote\u00e7\u00e3o para esqui ou obtenha cota\u00e7\u00f5es instant\u00e2neas. Os fornecedores de bolsas de esqui gostam:<br \/>\n- MOQ personalizado a partir de 300 unidades<br \/>\n- Relat\u00f3rios de teste de c\u00e2mara fria espec\u00edficos do lote<br \/>\n- Aloca\u00e7\u00e3o priorit\u00e1ria de frete a\u00e9reo<\/p>\n<\/div>\n<\/div>\n<\/div>\n<\/div>","protected":false},"excerpt":{"rendered":"<h2 data-immersive-translate-walked=\"344be1c1-5052-41eb-8fcd-0dbe236a0d6b\" data-immersive-translate-paragraph=\"1\">Bolsa de prote\u00e7\u00e3o para viagem de esqui<\/h2>\n<ul class=\"list-paddingleft-2\">\n<li>COMPLETAMENTE ALMOFADILADA - Esta bolsa de esqui \u00e9 totalmente acolchoada para proteger seus esquis e equipamentos de esqui durante viagens de carro, trem ou avi\u00e3o.<\/li>\n<li>CONSTRU\u00cdDO PARA DURAR - Fabricado em poli\u00e9ster 600 denier resistente \u00e0 \u00e1gua para manter seus esquis e equipamentos de esqui protegidos das intemp\u00e9ries<\/li>\n<li>ERGON\u00d4MICA E F\u00c1CIL DE CARREGAR - Al\u00e7as de transporte acolchoadas para facilitar o transporte de sua bagagem de esqui pelo aeroporto, para o carro e para as pistas quando voc\u00ea viaja<\/li>\n<\/ul>","protected":false},"featured_media":3722,"template":"","meta":{"_uag_custom_page_level_css":""},"product_brand":[],"product_cat":[59,67],"product_tag":[],"class_list":{"0":"post-3721","1":"product","2":"type-product","3":"status-publish","4":"has-post-thumbnail","6":"product_cat-ski-bag","7":"product_cat-sports-bag","9":"first","10":"instock","11":"shipping-taxable","12":"product-type-simple"},"uagb_featured_image_src":{"full":["https:\/\/pecbag.com\/wp-content\/uploads\/2025\/05\/Protection-Ski-Travel-Bag-3.jpeg",800,800,false],"thumbnail":["https:\/\/pecbag.com\/wp-content\/uploads\/2025\/05\/Protection-Ski-Travel-Bag-3-150x150.jpeg",150,150,true],"medium":["https:\/\/pecbag.com\/wp-content\/uploads\/2025\/05\/Protection-Ski-Travel-Bag-3-300x300.jpeg",300,300,true],"medium_large":["https:\/\/pecbag.com\/wp-content\/uploads\/2025\/05\/Protection-Ski-Travel-Bag-3-768x768.jpeg",768,768,true],"large":["https:\/\/pecbag.com\/wp-content\/uploads\/2025\/05\/Protection-Ski-Travel-Bag-3.jpeg",800,800,false],"1536x1536":["https:\/\/pecbag.com\/wp-content\/uploads\/2025\/05\/Protection-Ski-Travel-Bag-3.jpeg",800,800,false],"2048x2048":["https:\/\/pecbag.com\/wp-content\/uploads\/2025\/05\/Protection-Ski-Travel-Bag-3.jpeg",800,800,false],"trp-custom-language-flag":["https:\/\/pecbag.com\/wp-content\/uploads\/2025\/05\/Protection-Ski-Travel-Bag-3-12x12.jpeg",12,12,true],"woocommerce_thumbnail":["https:\/\/pecbag.com\/wp-content\/uploads\/2025\/05\/Protection-Ski-Travel-Bag-3-300x300.jpeg",300,300,true],"woocommerce_single":["https:\/\/pecbag.com\/wp-content\/uploads\/2025\/05\/Protection-Ski-Travel-Bag-3-600x600.jpeg",600,600,true],"woocommerce_gallery_thumbnail":["https:\/\/pecbag.com\/wp-content\/uploads\/2025\/05\/Protection-Ski-Travel-Bag-3-100x100.jpeg",100,100,true]},"uagb_author_info":{"display_name":"Lawrence","author_link":"https:\/\/pecbag.com\/br\/author\/"},"uagb_comment_info":0,"uagb_excerpt":"Protection Ski Travel Bag FULLY PADDED THROUGHOUT - This ski bag features padding throughout to protect your skis and ski equipment while traveling by car, train, or plane. BUILT TO LAST - Crafted of 600 denier water-resistant polyester to keep your skis and ski gear safe from the elements ERGONOMICAL &amp; EASY TO CARRY -&hellip;","_links":{"self":[{"href":"https:\/\/pecbag.com\/br\/wp-json\/wp\/v2\/product\/3721","targetHints":{"allow":["GET"]}}],"collection":[{"href":"https:\/\/pecbag.com\/br\/wp-json\/wp\/v2\/product"}],"about":[{"href":"https:\/\/pecbag.com\/br\/wp-json\/wp\/v2\/types\/product"}],"wp:featuredmedia":[{"embeddable":true,"href":"https:\/\/pecbag.com\/br\/wp-json\/wp\/v2\/media\/3722"}],"wp:attachment":[{"href":"https:\/\/pecbag.com\/br\/wp-json\/wp\/v2\/media?parent=3721"}],"wp:term":[{"taxonomy":"product_brand","embeddable":true,"href":"https:\/\/pecbag.com\/br\/wp-json\/wp\/v2\/product_brand?post=3721"},{"taxonomy":"product_cat","embeddable":true,"href":"https:\/\/pecbag.com\/br\/wp-json\/wp\/v2\/product_cat?post=3721"},{"taxonomy":"product_tag","embeddable":true,"href":"https:\/\/pecbag.com\/br\/wp-json\/wp\/v2\/product_tag?post=3721"}],"curies":[{"name":"wp","href":"https:\/\/api.w.org\/{rel}","templated":true}]}}