{"id":3728,"date":"2025-05-28T01:43:46","date_gmt":"2025-05-28T01:43:46","guid":{"rendered":"https:\/\/pecbag.com\/?post_type=product&#038;p=3728"},"modified":"2025-11-29T01:53:59","modified_gmt":"2025-11-29T01:53:59","slug":"lightweight-boot-bag-snowboard-bag","status":"publish","type":"product","link":"https:\/\/pecbag.com\/br\/lightweight-boot-bag-snowboard-bag\/","title":{"rendered":"Bolsa para botas leve Bolsa para snowboard"},"content":{"rendered":"<h5 title=\"Bolsa dobr\u00e1vel para c\u00e3es Bolsa de ombro de malha respir\u00e1vel para c\u00e3es e gatos de pequeno porte\" data-immersive-translate-walked=\"1c928421-2e42-4cd3-8754-5404553c0af5\" data-immersive-translate-paragraph=\"1\" data-spm-anchor-id=\"a2700.details.0.i35.4f6757d4w4zNZA\">Bolsa leve para botas Bolsas de snowboard | F\u00e1brica de bolsas imperme\u00e1veis e fabricante de mochilas - Bulk Winter Solutions<\/h5>\n<div class=\"flex flex-grow flex-col max-w-full\">\n<div class=\"min-h-[20px] text-message flex w-full flex-col items-end gap-2 whitespace-pre-wrap break-words [.text-message+&amp;]:mt-5 overflow-x-auto\" dir=\"auto\" data-message-author-role=\"assistant\" data-message-id=\"3d7d46f6-7ec2-4222-9257-48fa0bba23c6\" data-suggestions=\"true\">\n<div class=\"flex w-full flex-col gap-1 empty:hidden first:pt-[3px]\">\n<div class=\"markdown prose w-full break-words dark:prose-invert light\">\n<table width=\"288\">\n<tbody>\n<tr>\n<td width=\"137\"><span style=\"color: #333333;\">Nome dos produtos<\/span><\/td>\n<td width=\"151\">Bolsa de esqui<\/td>\n<\/tr>\n<tr>\n<td><span style=\"color: #333333;\">Item No.<\/span><\/td>\n<td><span style=\"color: #333333;\">PB-2086<\/span><\/td>\n<\/tr>\n<tr>\n<td><span style=\"color: #333333;\">Material<\/span><\/td>\n<td>Poli\u00e9ster<\/td>\n<\/tr>\n<tr>\n<td><span style=\"color: #333333;\">Tamanho<\/span><\/td>\n<td>190 cm<\/td>\n<\/tr>\n<tr>\n<td><span style=\"color: #333333;\">\u00a0Prazo de entrega<\/span><\/td>\n<td><span style=\"color: #333333;\">De 1 a 5 dias para pequenas quantidades por via a\u00e9rea e de 30 a 35 dias para grandes quantidades por via mar\u00edtima<\/span><\/td>\n<\/tr>\n<\/tbody>\n<\/table>\n<p>Como principal fabricante de bolsas de esqui e f\u00e1brica de bolsas \u00e0 prova d'\u00e1gua da China, criamos bolsas para snowboard ultraleves e leves para marcas globais de esportes de inverno. Nossa empresa de bolsas de esqui oferece:<\/p>\n<p>\u2705 <strong>1,8 lbs de peso vazio<\/strong> (nylon 420D ripstop) com impermeabiliza\u00e7\u00e3o IPX6<br \/>\n\u2705 <strong>Design de dupla finalidade<\/strong> para botas e pranchas de at\u00e9 165 cm (MOQ 50pcs)<br \/>\n\u2705 <strong>Servi\u00e7os OEM\/ODM<\/strong> para sacos de esqui de marca pr\u00f3pria<br \/>\n\u2705 <strong>Produ\u00e7\u00e3o de sacos de esqui a granel<\/strong> com entrega r\u00e1pida em 10 dias<\/p>\n<p>Confiado por atacadistas de bolsas de esqui e resorts de montanha em todo o mundo. Principais recursos:<br \/>\n- Compartimentos ventilados e forro antimicrobiano<br \/>\n- Al\u00e7as de ombro acolchoadas e protetores de borda de snowboard<br \/>\n- Slot para etiqueta de bagagem RFID e cadeados aprovados pela TSA<\/p>\n<p><strong>Por que escolher nossa f\u00e1brica de bolsas para esqui?<\/strong>:<br \/>\nMais de 12 anos como os principais exportadores de bolsas de esqui da China<br \/>\nDesign 3D gratuito com sua marca alpina<br \/>\nMateriais ecol\u00f3gicos com certifica\u00e7\u00e3o OEKO-Tex\/SGS<br \/>\nDesconto de 25% para fornecedores de bolsas de esqui em mais de 2.500 unidades<\/p>\n<p>Solicite amostras gr\u00e1tis de nossas bolsas leves para snowboard ou obtenha cota\u00e7\u00f5es instant\u00e2neas. Os fornecedores de bolsas de esqui gostam:<br \/>\n- MOQ personalizado a partir de 30 unidades<br \/>\n- Relat\u00f3rios de teste de resist\u00eancia ao frio espec\u00edficos do lote<br \/>\n- Aloca\u00e7\u00e3o priorit\u00e1ria de frete a\u00e9reo<\/p>\n<\/div>\n<\/div>\n<\/div>\n<\/div>","protected":false},"excerpt":{"rendered":"<h2 data-immersive-translate-walked=\"344be1c1-5052-41eb-8fcd-0dbe236a0d6b\" data-immersive-translate-paragraph=\"1\">Bolsa para botas leve Bolsa para snowboard<\/h2>\n<p>Fornecemos bolsas premium com personaliza\u00e7\u00e3o total de tamanho e cor, tecidos dur\u00e1veis e qualidade certificada.<\/p>\n<p>Aproveite os MOQs flex\u00edveis, o envio global r\u00e1pido e as solu\u00e7\u00f5es de marca pr\u00f3pria.<\/p>\n<p>Entre em contato conosco hoje mesmo!<\/p>","protected":false},"featured_media":3729,"template":"","meta":{"_uag_custom_page_level_css":""},"product_brand":[],"product_cat":[59,67],"product_tag":[],"class_list":{"0":"post-3728","1":"product","2":"type-product","3":"status-publish","4":"has-post-thumbnail","6":"product_cat-ski-bag","7":"product_cat-sports-bag","9":"first","10":"instock","11":"shipping-taxable","12":"product-type-simple"},"uagb_featured_image_src":{"full":["https:\/\/pecbag.com\/wp-content\/uploads\/2025\/05\/Lightweight-Boot-Bag-Snowboard-Bag-5.jpeg",1000,1000,false],"thumbnail":["https:\/\/pecbag.com\/wp-content\/uploads\/2025\/05\/Lightweight-Boot-Bag-Snowboard-Bag-5-150x150.jpeg",150,150,true],"medium":["https:\/\/pecbag.com\/wp-content\/uploads\/2025\/05\/Lightweight-Boot-Bag-Snowboard-Bag-5-300x300.jpeg",300,300,true],"medium_large":["https:\/\/pecbag.com\/wp-content\/uploads\/2025\/05\/Lightweight-Boot-Bag-Snowboard-Bag-5-768x768.jpeg",768,768,true],"large":["https:\/\/pecbag.com\/wp-content\/uploads\/2025\/05\/Lightweight-Boot-Bag-Snowboard-Bag-5.jpeg",800,800,false],"1536x1536":["https:\/\/pecbag.com\/wp-content\/uploads\/2025\/05\/Lightweight-Boot-Bag-Snowboard-Bag-5.jpeg",1000,1000,false],"2048x2048":["https:\/\/pecbag.com\/wp-content\/uploads\/2025\/05\/Lightweight-Boot-Bag-Snowboard-Bag-5.jpeg",1000,1000,false],"trp-custom-language-flag":["https:\/\/pecbag.com\/wp-content\/uploads\/2025\/05\/Lightweight-Boot-Bag-Snowboard-Bag-5-12x12.jpeg",12,12,true],"woocommerce_thumbnail":["https:\/\/pecbag.com\/wp-content\/uploads\/2025\/05\/Lightweight-Boot-Bag-Snowboard-Bag-5-300x300.jpeg",300,300,true],"woocommerce_single":["https:\/\/pecbag.com\/wp-content\/uploads\/2025\/05\/Lightweight-Boot-Bag-Snowboard-Bag-5-600x600.jpeg",600,600,true],"woocommerce_gallery_thumbnail":["https:\/\/pecbag.com\/wp-content\/uploads\/2025\/05\/Lightweight-Boot-Bag-Snowboard-Bag-5-100x100.jpeg",100,100,true]},"uagb_author_info":{"display_name":"Lawrence","author_link":"https:\/\/pecbag.com\/br\/author\/"},"uagb_comment_info":0,"uagb_excerpt":"Lightweight Boot Bag Snowboard Bag We provide premium bags with full-size and color customization, durable fabrics, and certified quality. Enjoy flexible MOQs, fast global shipping, and private label solutions. Contact us today!","_links":{"self":[{"href":"https:\/\/pecbag.com\/br\/wp-json\/wp\/v2\/product\/3728","targetHints":{"allow":["GET"]}}],"collection":[{"href":"https:\/\/pecbag.com\/br\/wp-json\/wp\/v2\/product"}],"about":[{"href":"https:\/\/pecbag.com\/br\/wp-json\/wp\/v2\/types\/product"}],"wp:featuredmedia":[{"embeddable":true,"href":"https:\/\/pecbag.com\/br\/wp-json\/wp\/v2\/media\/3729"}],"wp:attachment":[{"href":"https:\/\/pecbag.com\/br\/wp-json\/wp\/v2\/media?parent=3728"}],"wp:term":[{"taxonomy":"product_brand","embeddable":true,"href":"https:\/\/pecbag.com\/br\/wp-json\/wp\/v2\/product_brand?post=3728"},{"taxonomy":"product_cat","embeddable":true,"href":"https:\/\/pecbag.com\/br\/wp-json\/wp\/v2\/product_cat?post=3728"},{"taxonomy":"product_tag","embeddable":true,"href":"https:\/\/pecbag.com\/br\/wp-json\/wp\/v2\/product_tag?post=3728"}],"curies":[{"name":"wp","href":"https:\/\/api.w.org\/{rel}","templated":true}]}}