{"id":3735,"date":"2025-05-28T01:56:56","date_gmt":"2025-05-28T01:56:56","guid":{"rendered":"https:\/\/pecbag.com\/?post_type=product&#038;p=3735"},"modified":"2025-11-29T01:53:51","modified_gmt":"2025-11-29T01:53:51","slug":"tsa-approved-durable-ski-boot-bag","status":"publish","type":"product","link":"https:\/\/pecbag.com\/br\/tsa-approved-durable-ski-boot-bag\/","title":{"rendered":"Bolsa para botas de esqui dur\u00e1vel e aprovada pela TSA"},"content":{"rendered":"<h5 title=\"Bolsa dobr\u00e1vel para c\u00e3es Bolsa de ombro de malha respir\u00e1vel para c\u00e3es e gatos de pequeno porte\" data-immersive-translate-walked=\"1c928421-2e42-4cd3-8754-5404553c0af5\" data-immersive-translate-paragraph=\"1\" data-spm-anchor-id=\"a2700.details.0.i35.4f6757d4w4zNZA\">Bolsas dur\u00e1veis para botas de esqui com aprova\u00e7\u00e3o TSA | F\u00e1brica de bolsas imperme\u00e1veis e fabricante de mochilas - Bulk Winter Solutions<\/h5>\n<div class=\"flex flex-grow flex-col max-w-full\">\n<div class=\"min-h-[20px] text-message flex w-full flex-col items-end gap-2 whitespace-pre-wrap break-words [.text-message+&amp;]:mt-5 overflow-x-auto\" dir=\"auto\" data-message-author-role=\"assistant\" data-message-id=\"3d7d46f6-7ec2-4222-9257-48fa0bba23c6\" data-suggestions=\"true\">\n<div class=\"flex w-full flex-col gap-1 empty:hidden first:pt-[3px]\">\n<div class=\"markdown prose w-full break-words dark:prose-invert light\">\n<table width=\"288\">\n<tbody>\n<tr>\n<td width=\"137\"><span style=\"color: #333333;\">Nome dos produtos<\/span><\/td>\n<td width=\"151\">Bolsa de esqui<\/td>\n<\/tr>\n<tr>\n<td><span style=\"color: #333333;\">Item No.<\/span><\/td>\n<td><span style=\"color: #333333;\">PB-2087<\/span><\/td>\n<\/tr>\n<tr>\n<td><span style=\"color: #333333;\">Material<\/span><\/td>\n<td>Poli\u00e9ster<\/td>\n<\/tr>\n<tr>\n<td><span style=\"color: #333333;\">Tamanho<\/span><\/td>\n<td>190 cm<\/td>\n<\/tr>\n<tr>\n<td><span style=\"color: #333333;\">\u00a0Prazo de entrega<\/span><\/td>\n<td><span style=\"color: #333333;\">De 1 a 5 dias para pequenas quantidades por via a\u00e9rea e de 30 a 35 dias para grandes quantidades por via mar\u00edtima<\/span><\/td>\n<\/tr>\n<\/tbody>\n<\/table>\n<p>Como principal fabricante de bolsas de esqui e f\u00e1brica de bolsas \u00e0 prova d'\u00e1gua da China, produzimos bolsas para botas de esqui dur\u00e1veis e aprovadas pela TSA para marcas globais de esportes de inverno. Nossa empresa de bolsas de esqui oferece:<\/p>\n<p>\u2705 <strong>Travas em conformidade com a TSA<\/strong> com acesso r\u00e1pido \u00e0 seguran\u00e7a do aeroporto<br \/>\n\u2705 <strong>Design \u00e0 prova d'\u00e1gua IPX6<\/strong> (poli\u00e9ster 600D + costuras soldadas)<br \/>\n\u2705 <strong>Servi\u00e7os OEM\/ODM<\/strong> para sacos de esqui com marca pr\u00f3pria (MOQ 200pcs)<br \/>\n\u2705 <strong>Produ\u00e7\u00e3o de sacos de esqui a granel<\/strong> com entrega r\u00e1pida em 10 dias<\/p>\n<p>Confiado por atacadistas de bolsas de esqui e resorts de montanha em todo o mundo. Principais recursos:<br \/>\n- Compartimentos para botas acolchoados com espuma e armazenamento ventilado<br \/>\n- Al\u00e7as de transporte refor\u00e7adas e al\u00e7as de ombro remov\u00edveis<br \/>\n- Slot para etiqueta de bagagem RFID e materiais resistentes ao frio de -30\u00b0C<\/p>\n<p><strong>Por que escolher nossa f\u00e1brica de bolsas para esqui?<\/strong>:<br \/>\nMais de 15 anos como os principais exportadores de bolsas de esqui da China<br \/>\nDesign 3D gratuito com a marca de seu resort alpino<br \/>\nMateriais para servi\u00e7os pesados com certifica\u00e7\u00e3o OEKO-Tex\/SGS<br \/>\nDesconto de 25% para fornecedores de bolsas de esqui em mais de 2.500 unidades<\/p>\n<p>Solicite amostras gr\u00e1tis de nossas bolsas de esqui aprovadas pela TSA ou obtenha cota\u00e7\u00f5es instant\u00e2neas. Os fornecedores de bolsas de esqui desfrutam:<br \/>\n- MOQ personalizado a partir de 300 unidades<br \/>\n- Relat\u00f3rios de testes de impacto espec\u00edficos do lote<br \/>\n- Aloca\u00e7\u00e3o priorit\u00e1ria de frete a\u00e9reo<\/p>\n<\/div>\n<\/div>\n<\/div>\n<\/div>","protected":false},"excerpt":{"rendered":"<h2 data-immersive-translate-walked=\"344be1c1-5052-41eb-8fcd-0dbe236a0d6b\" data-immersive-translate-paragraph=\"1\">Bolsa dur\u00e1vel para botas de esqui aprovada pela TSA<\/h2>\n<p>Fornecemos uma bolsa dur\u00e1vel para botas de esqui aprovada pela TSA com personaliza\u00e7\u00e3o total de tamanho e cor, tecidos dur\u00e1veis e qualidade certificada.<\/p>\n<p>Aproveite os MOQs flex\u00edveis, o envio global r\u00e1pido e as solu\u00e7\u00f5es de marca pr\u00f3pria.<\/p>\n<p>Entre em contato conosco hoje mesmo!<\/p>","protected":false},"featured_media":3738,"template":"","meta":{"_uag_custom_page_level_css":""},"product_brand":[],"product_cat":[59,67,66],"product_tag":[],"class_list":{"0":"post-3735","1":"product","2":"type-product","3":"status-publish","4":"has-post-thumbnail","6":"product_cat-ski-bag","7":"product_cat-sports-bag","8":"product_cat-waterproof-bag","10":"first","11":"instock","12":"shipping-taxable","13":"product-type-simple"},"uagb_featured_image_src":{"full":["https:\/\/pecbag.com\/wp-content\/uploads\/2025\/05\/TSA-Approved-Durable-Ski-Boot-Bag-6.jpeg",1611,1500,false],"thumbnail":["https:\/\/pecbag.com\/wp-content\/uploads\/2025\/05\/TSA-Approved-Durable-Ski-Boot-Bag-6-150x150.jpeg",150,150,true],"medium":["https:\/\/pecbag.com\/wp-content\/uploads\/2025\/05\/TSA-Approved-Durable-Ski-Boot-Bag-6-300x279.jpeg",300,279,true],"medium_large":["https:\/\/pecbag.com\/wp-content\/uploads\/2025\/05\/TSA-Approved-Durable-Ski-Boot-Bag-6-768x715.jpeg",768,715,true],"large":["https:\/\/pecbag.com\/wp-content\/uploads\/2025\/05\/TSA-Approved-Durable-Ski-Boot-Bag-6-1024x953.jpeg",800,745,true],"1536x1536":["https:\/\/pecbag.com\/wp-content\/uploads\/2025\/05\/TSA-Approved-Durable-Ski-Boot-Bag-6-1536x1430.jpeg",1536,1430,true],"2048x2048":["https:\/\/pecbag.com\/wp-content\/uploads\/2025\/05\/TSA-Approved-Durable-Ski-Boot-Bag-6.jpeg",1611,1500,false],"trp-custom-language-flag":["https:\/\/pecbag.com\/wp-content\/uploads\/2025\/05\/TSA-Approved-Durable-Ski-Boot-Bag-6-13x12.jpeg",13,12,true],"woocommerce_thumbnail":["https:\/\/pecbag.com\/wp-content\/uploads\/2025\/05\/TSA-Approved-Durable-Ski-Boot-Bag-6-300x300.jpeg",300,300,true],"woocommerce_single":["https:\/\/pecbag.com\/wp-content\/uploads\/2025\/05\/TSA-Approved-Durable-Ski-Boot-Bag-6-600x559.jpeg",600,559,true],"woocommerce_gallery_thumbnail":["https:\/\/pecbag.com\/wp-content\/uploads\/2025\/05\/TSA-Approved-Durable-Ski-Boot-Bag-6-100x100.jpeg",100,100,true]},"uagb_author_info":{"display_name":"Lawrence","author_link":"https:\/\/pecbag.com\/br\/author\/"},"uagb_comment_info":0,"uagb_excerpt":"TSA-Approved Durable Ski Boot Bag We provide TSA-Approved Durable Ski Boot Bag with full-size and color customization, durable fabrics, and certified quality. Enjoy flexible MOQs, fast global shipping, and private label solutions. Contact us today!","_links":{"self":[{"href":"https:\/\/pecbag.com\/br\/wp-json\/wp\/v2\/product\/3735","targetHints":{"allow":["GET"]}}],"collection":[{"href":"https:\/\/pecbag.com\/br\/wp-json\/wp\/v2\/product"}],"about":[{"href":"https:\/\/pecbag.com\/br\/wp-json\/wp\/v2\/types\/product"}],"wp:featuredmedia":[{"embeddable":true,"href":"https:\/\/pecbag.com\/br\/wp-json\/wp\/v2\/media\/3738"}],"wp:attachment":[{"href":"https:\/\/pecbag.com\/br\/wp-json\/wp\/v2\/media?parent=3735"}],"wp:term":[{"taxonomy":"product_brand","embeddable":true,"href":"https:\/\/pecbag.com\/br\/wp-json\/wp\/v2\/product_brand?post=3735"},{"taxonomy":"product_cat","embeddable":true,"href":"https:\/\/pecbag.com\/br\/wp-json\/wp\/v2\/product_cat?post=3735"},{"taxonomy":"product_tag","embeddable":true,"href":"https:\/\/pecbag.com\/br\/wp-json\/wp\/v2\/product_tag?post=3735"}],"curies":[{"name":"wp","href":"https:\/\/api.w.org\/{rel}","templated":true}]}}