{"id":3760,"date":"2025-05-28T02:56:12","date_gmt":"2025-05-28T02:56:12","guid":{"rendered":"https:\/\/pecbag.com\/?post_type=product&#038;p=3760"},"modified":"2025-11-29T01:53:35","modified_gmt":"2025-11-29T01:53:35","slug":"beach-surfboard-sling-bag","status":"publish","type":"product","link":"https:\/\/pecbag.com\/br\/beach-surfboard-sling-bag\/","title":{"rendered":"Bolsa de praia para prancha de surfe"},"content":{"rendered":"<h5 title=\"Bolsa dobr\u00e1vel para c\u00e3es Bolsa de ombro de malha respir\u00e1vel para c\u00e3es e gatos de pequeno porte\" data-immersive-translate-walked=\"1c928421-2e42-4cd3-8754-5404553c0af5\" data-immersive-translate-paragraph=\"1\" data-spm-anchor-id=\"a2700.details.0.i35.4f6757d4w4zNZA\">Bolsas de praia para pranchas de surfe | F\u00e1brica de bolsas \u00e0 prova d'\u00e1gua e fabricante de mochilas - Bulk Surf Solutions<\/h5>\n<div class=\"flex flex-grow flex-col max-w-full\">\n<div class=\"min-h-[20px] text-message flex w-full flex-col items-end gap-2 whitespace-pre-wrap break-words [.text-message+&amp;]:mt-5 overflow-x-auto\" dir=\"auto\" data-message-author-role=\"assistant\" data-message-id=\"3d7d46f6-7ec2-4222-9257-48fa0bba23c6\" data-suggestions=\"true\">\n<div class=\"flex w-full flex-col gap-1 empty:hidden first:pt-[3px]\">\n<div class=\"markdown prose w-full break-words dark:prose-invert light\">\n<table width=\"288\">\n<tbody>\n<tr>\n<td width=\"137\"><span style=\"color: #333333;\">Nome dos produtos<\/span><\/td>\n<td width=\"151\">Bolsa para prancha de surfe<\/td>\n<\/tr>\n<tr>\n<td><span style=\"color: #333333;\">Item No.<\/span><\/td>\n<td><span style=\"color: #333333;\">PB-2089<\/span><\/td>\n<\/tr>\n<tr>\n<td><span style=\"color: #333333;\">Material<\/span><\/td>\n<td>Tecido de poli\u00e9ster 600D + PP<\/td>\n<\/tr>\n<tr>\n<td><span style=\"color: #333333;\">Tamanho<\/span><\/td>\n<td>6,2 x 25,5 polegadas<\/td>\n<\/tr>\n<tr>\n<td><span style=\"color: #333333;\">\u00a0Prazo de entrega<\/span><\/td>\n<td><span style=\"color: #333333;\">De 1 a 5 dias para pequenas quantidades por via a\u00e9rea e de 30 a 35 dias para grandes quantidades por via mar\u00edtima<\/span><\/td>\n<\/tr>\n<\/tbody>\n<\/table>\n<p>Como principal fabricante de bolsas para pranchas de surfe e f\u00e1brica de bolsas \u00e0 prova d'\u00e1gua da China, projetamos bolsas robustas para pranchas de surfe de praia para marcas globais de surfe. Nossa empresa de bolsas para pranchas de surfe oferece:<\/p>\n<p>\u2705 <strong>Poli\u00e9ster 600D resistente \u00e0 \u00e1gua salgada<\/strong> com z\u00edperes \u00e0 prova d'\u00e1gua IPX6<br \/>\n\u2705 <strong>Capacidade da prancha de at\u00e9 9'6<\/strong> + bolsos para acess\u00f3rios (MOQ 50pcs)<br \/>\n\u2705 <strong>Servi\u00e7os OEM\/ODM<\/strong> para bolsas de marca pr\u00f3pria para pranchas de surfe<br \/>\n\u2705 <strong>Produ\u00e7\u00e3o de sacos de pranchas de surfe a granel<\/strong> com entrega r\u00e1pida em 10 dias<\/p>\n<p>Confiado por atacadistas de bolsas para pranchas de surfe e resorts costeiros em todo o mundo. Principais recursos:<br \/>\n- Pain\u00e9is de malha de secagem r\u00e1pida e al\u00e7as de transporte refor\u00e7adas<br \/>\n- Al\u00e7a de ombro ajust\u00e1vel e protetores de borda da prancha<br \/>\n- Slot para etiqueta de bagagem RFID e sistema de drenagem antiareia<\/p>\n<p><strong>Por que fazer parceria com nossa f\u00e1brica de bolsas para pranchas de surfe<\/strong>:<br \/>\nMais de 12 anos como os principais exportadores de bolsas para pranchas de surfe da China<br \/>\nDesign 3D gratuito com a marca de seu clube de praia<br \/>\nMateriais resistentes a raios UV com certifica\u00e7\u00e3o OEKO-Tex\/SGS<br \/>\nDesconto de 25% para fornecedores de bolsas para pranchas de surfe em mais de 2.500 unidades<\/p>\n<p>Solicite amostras gr\u00e1tis de nossas bolsas para pranchas de surfe ou obtenha cota\u00e7\u00f5es instant\u00e2neas. Os fornecedores de bolsas para pranchas de surfe gostam:<br \/>\n- MOQ personalizado a partir de 30 unidades<br \/>\n- Relat\u00f3rios de teste de n\u00e9voa salina espec\u00edficos do lote<br \/>\n- Aloca\u00e7\u00e3o priorit\u00e1ria de carga a\u00e9rea\/mar\u00edtima<\/p>\n<\/div>\n<\/div>\n<\/div>\n<\/div>","protected":false},"excerpt":{"rendered":"<h2 data-immersive-translate-walked=\"344be1c1-5052-41eb-8fcd-0dbe236a0d6b\" data-immersive-translate-paragraph=\"1\">Bolsa de praia para prancha de surfe<\/h2>\n<p>Mais armazenamento: Bolso interno com velcro, usado para guardar pertences pessoais, como telefones celulares, chaves, roupas de mergulho etc.<\/p>\n<p>Bolso externo com z\u00edper, usado para guardar equipamentos, nadadeiras e outros itens \u00fateis e necess\u00e1rios.<\/p>","protected":false},"featured_media":3772,"template":"","meta":{"_uag_custom_page_level_css":""},"product_brand":[],"product_cat":[47,67],"product_tag":[],"class_list":{"0":"post-3760","1":"product","2":"type-product","3":"status-publish","4":"has-post-thumbnail","6":"product_cat-surfboard-bag","7":"product_cat-sports-bag","9":"first","10":"instock","11":"shipping-taxable","12":"product-type-simple"},"uagb_featured_image_src":{"full":["https:\/\/pecbag.com\/wp-content\/uploads\/2025\/05\/Beach-Surfboard-Sling-Bag-6.jpeg",800,800,false],"thumbnail":["https:\/\/pecbag.com\/wp-content\/uploads\/2025\/05\/Beach-Surfboard-Sling-Bag-6-150x150.jpeg",150,150,true],"medium":["https:\/\/pecbag.com\/wp-content\/uploads\/2025\/05\/Beach-Surfboard-Sling-Bag-6-300x300.jpeg",300,300,true],"medium_large":["https:\/\/pecbag.com\/wp-content\/uploads\/2025\/05\/Beach-Surfboard-Sling-Bag-6-768x768.jpeg",768,768,true],"large":["https:\/\/pecbag.com\/wp-content\/uploads\/2025\/05\/Beach-Surfboard-Sling-Bag-6.jpeg",800,800,false],"1536x1536":["https:\/\/pecbag.com\/wp-content\/uploads\/2025\/05\/Beach-Surfboard-Sling-Bag-6.jpeg",800,800,false],"2048x2048":["https:\/\/pecbag.com\/wp-content\/uploads\/2025\/05\/Beach-Surfboard-Sling-Bag-6.jpeg",800,800,false],"trp-custom-language-flag":["https:\/\/pecbag.com\/wp-content\/uploads\/2025\/05\/Beach-Surfboard-Sling-Bag-6-12x12.jpeg",12,12,true],"woocommerce_thumbnail":["https:\/\/pecbag.com\/wp-content\/uploads\/2025\/05\/Beach-Surfboard-Sling-Bag-6-300x300.jpeg",300,300,true],"woocommerce_single":["https:\/\/pecbag.com\/wp-content\/uploads\/2025\/05\/Beach-Surfboard-Sling-Bag-6-600x600.jpeg",600,600,true],"woocommerce_gallery_thumbnail":["https:\/\/pecbag.com\/wp-content\/uploads\/2025\/05\/Beach-Surfboard-Sling-Bag-6-100x100.jpeg",100,100,true]},"uagb_author_info":{"display_name":"Lawrence","author_link":"https:\/\/pecbag.com\/br\/author\/"},"uagb_comment_info":0,"uagb_excerpt":"Beach Surfboard Sling Bag More Storage: Inner velcro pocket, used to store personal belongings, such as mobile phones, keys, wetsuit, etc. Exterior zipper pocket, used to store gears, fins, and some useful and necessary things.","_links":{"self":[{"href":"https:\/\/pecbag.com\/br\/wp-json\/wp\/v2\/product\/3760","targetHints":{"allow":["GET"]}}],"collection":[{"href":"https:\/\/pecbag.com\/br\/wp-json\/wp\/v2\/product"}],"about":[{"href":"https:\/\/pecbag.com\/br\/wp-json\/wp\/v2\/types\/product"}],"wp:featuredmedia":[{"embeddable":true,"href":"https:\/\/pecbag.com\/br\/wp-json\/wp\/v2\/media\/3772"}],"wp:attachment":[{"href":"https:\/\/pecbag.com\/br\/wp-json\/wp\/v2\/media?parent=3760"}],"wp:term":[{"taxonomy":"product_brand","embeddable":true,"href":"https:\/\/pecbag.com\/br\/wp-json\/wp\/v2\/product_brand?post=3760"},{"taxonomy":"product_cat","embeddable":true,"href":"https:\/\/pecbag.com\/br\/wp-json\/wp\/v2\/product_cat?post=3760"},{"taxonomy":"product_tag","embeddable":true,"href":"https:\/\/pecbag.com\/br\/wp-json\/wp\/v2\/product_tag?post=3760"}],"curies":[{"name":"wp","href":"https:\/\/api.w.org\/{rel}","templated":true}]}}