{"id":3777,"date":"2025-05-28T03:04:57","date_gmt":"2025-05-28T03:04:57","guid":{"rendered":"https:\/\/pecbag.com\/?post_type=product&#038;p=3777"},"modified":"2025-11-29T01:53:30","modified_gmt":"2025-11-29T01:53:30","slug":"custom-pro-paddle-surfboard-bag","status":"publish","type":"product","link":"https:\/\/pecbag.com\/br\/custom-pro-paddle-surfboard-bag\/","title":{"rendered":"Bolsa para prancha de surfe Custom Pro Paddle - Garantia de 72 horas \u00e0 prova d'\u00e1gua"},"content":{"rendered":"<h5 title=\"Bolsa dobr\u00e1vel para c\u00e3es Bolsa de ombro de malha respir\u00e1vel para c\u00e3es e gatos de pequeno porte\" data-immersive-translate-walked=\"1c928421-2e42-4cd3-8754-5404553c0af5\" data-immersive-translate-paragraph=\"1\" data-spm-anchor-id=\"a2700.details.0.i35.4f6757d4w4zNZA\">Bolsas personalizadas para pranchas de surfe Pro Paddle | F\u00e1brica de bolsas \u00e0 prova d'\u00e1gua e fabricante de mochilas - Bulk Surf Solutions<\/h5>\n<div class=\"flex flex-grow flex-col max-w-full\">\n<div class=\"min-h-[20px] text-message flex w-full flex-col items-end gap-2 whitespace-pre-wrap break-words [.text-message+&amp;]:mt-5 overflow-x-auto\" dir=\"auto\" data-message-author-role=\"assistant\" data-message-id=\"3d7d46f6-7ec2-4222-9257-48fa0bba23c6\" data-suggestions=\"true\">\n<div class=\"flex w-full flex-col gap-1 empty:hidden first:pt-[3px]\">\n<div class=\"markdown prose w-full break-words dark:prose-invert light\">\n<table width=\"288\">\n<tbody>\n<tr>\n<td width=\"137\"><span style=\"color: #333333;\">Nome dos produtos<\/span><\/td>\n<td width=\"151\">Bolsa para prancha de surfe<\/td>\n<\/tr>\n<tr>\n<td><span style=\"color: #333333;\">Item No.<\/span><\/td>\n<td><span style=\"color: #333333;\">PB-2090<\/span><\/td>\n<\/tr>\n<tr>\n<td><span style=\"color: #333333;\">Material<\/span><\/td>\n<td>Poli\u00e9ster 1680D<\/td>\n<\/tr>\n<tr>\n<td><span style=\"color: #333333;\">Tamanho<\/span><\/td>\n<td>Tamanho personalizado<\/td>\n<\/tr>\n<tr>\n<td><span style=\"color: #333333;\">\u00a0Prazo de entrega<\/span><\/td>\n<td><span style=\"color: #333333;\">De 1 a 5 dias para pequenas quantidades por via a\u00e9rea e de 30 a 35 dias para grandes quantidades por via mar\u00edtima<\/span><\/td>\n<\/tr>\n<\/tbody>\n<\/table>\n<p>Como principal fabricante de bolsas para pranchas de surfe e f\u00e1brica de bolsas \u00e0 prova d'\u00e1gua da China, projetamos bolsas personalizadas premium para pranchas de surfe pro paddle para marcas globais de esportes aqu\u00e1ticos. Nossa empresa de bolsas para pranchas de surfe oferece:<\/p>\n<p>\u2705 <strong>Prote\u00e7\u00e3o IPX7 \u00e0 prova d'\u00e1gua<\/strong> (poli\u00e9ster revestido de PVC 600D + solda sem costura)<br \/>\n\u2705 <strong>Capacidade para placas de at\u00e9 14<\/strong> com al\u00e7as refor\u00e7adas (MOQ 200pcs)<br \/>\n\u2705 <strong>Servi\u00e7os OEM\/ODM<\/strong> para bolsas de marca pr\u00f3pria para pranchas de surfe<br \/>\n\u2705 <strong>Produ\u00e7\u00e3o de sacos de pranchas de surfe a granel<\/strong> com entrega r\u00e1pida em 10 dias<\/p>\n<p>Confiado por atacadistas de bolsas para pranchas de surfe e surfistas profissionais em todo o mundo. Principais recursos:<br \/>\n- Revestimento resistente a UV e bolsos de malha antiareia<br \/>\n- Al\u00e7as de ombro ajust\u00e1veis e suportes de remo<br \/>\n- Slot para etiqueta de bagagem RFID e cadeados aprovados pela TSA<\/p>\n<p><strong>Por que escolher nossa f\u00e1brica de bolsas para pranchas de surfe?<\/strong>:<br \/>\nMais de 15 anos como os principais exportadores de bolsas para pranchas de surfe da China<br \/>\nDesign 3D gratuito com o logotipo\/cores de sua marca<br \/>\nMateriais de grau marinho com certifica\u00e7\u00e3o OEKO-Tex\/SGS<br \/>\nDesconto 30% para fornecedores de bolsas para pranchas de surfe com mais de 3.000 unidades<\/p>\n<p>Solicite amostras gr\u00e1tis de nossas bolsas para pranchas de surfe pro paddle ou obtenha cota\u00e7\u00f5es instant\u00e2neas. Os fornecedores de bolsas para pranchas de surfe gostam:<br \/>\n- MOQ personalizado a partir de 300 unidades<br \/>\n- Relat\u00f3rios de corros\u00e3o em \u00e1gua salgada espec\u00edficos do lote<br \/>\n- Aloca\u00e7\u00e3o priorit\u00e1ria de frete a\u00e9reo\/mar\u00edtimo<\/p>\n<p>- Aloca\u00e7\u00e3o priorit\u00e1ria de carga a\u00e9rea\/mar\u00edtima<\/p>\n<\/div>\n<\/div>\n<\/div>\n<\/div>","protected":false},"excerpt":{"rendered":"<h2 data-immersive-translate-walked=\"344be1c1-5052-41eb-8fcd-0dbe236a0d6b\" data-immersive-translate-paragraph=\"1\">Bolsa para prancha de surfe Pro Paddle personalizada<\/h2>\n<p><strong>1. Material dur\u00e1vel:<\/strong> As partes da cabe\u00e7a redonda e da cauda redonda s\u00e3o feitas de poli\u00e9ster 1680D e acolchoamento de espuma de 40 mm para proteger a parte vulner\u00e1vel da prancha de surfe; a parte cinza \u00e9 feita de tecido PP, que n\u00e3o apenas mant\u00e9m a textura e a apar\u00eancia, mas tamb\u00e9m melhora o efeito \u00e0 prova d'\u00e1gua.<\/p>\n<p><strong>2. Amplo espa\u00e7o de armazenamento:<\/strong>\u00a0Os bolsos externos com z\u00edper tamb\u00e9m s\u00e3o feitos de tecido 1680D, o melhor lugar para armazenar as nadadeiras; h\u00e1 tamb\u00e9m um bolso interno, que pode armazenar objetos de valor, como chaves, telefones celulares, e armazenar itens separadamente para evitar danos \u00e0 prancha.<\/p>","protected":false},"featured_media":3788,"template":"","meta":{"_uag_custom_page_level_css":""},"product_brand":[],"product_cat":[47,67],"product_tag":[],"class_list":{"0":"post-3777","1":"product","2":"type-product","3":"status-publish","4":"has-post-thumbnail","6":"product_cat-surfboard-bag","7":"product_cat-sports-bag","9":"first","10":"instock","11":"shipping-taxable","12":"product-type-simple"},"uagb_featured_image_src":{"full":["https:\/\/pecbag.com\/wp-content\/uploads\/2025\/05\/Custom-Pro-Paddle-Surfboard-Bag-5.jpeg",800,800,false],"thumbnail":["https:\/\/pecbag.com\/wp-content\/uploads\/2025\/05\/Custom-Pro-Paddle-Surfboard-Bag-5-150x150.jpeg",150,150,true],"medium":["https:\/\/pecbag.com\/wp-content\/uploads\/2025\/05\/Custom-Pro-Paddle-Surfboard-Bag-5-300x300.jpeg",300,300,true],"medium_large":["https:\/\/pecbag.com\/wp-content\/uploads\/2025\/05\/Custom-Pro-Paddle-Surfboard-Bag-5-768x768.jpeg",768,768,true],"large":["https:\/\/pecbag.com\/wp-content\/uploads\/2025\/05\/Custom-Pro-Paddle-Surfboard-Bag-5.jpeg",800,800,false],"1536x1536":["https:\/\/pecbag.com\/wp-content\/uploads\/2025\/05\/Custom-Pro-Paddle-Surfboard-Bag-5.jpeg",800,800,false],"2048x2048":["https:\/\/pecbag.com\/wp-content\/uploads\/2025\/05\/Custom-Pro-Paddle-Surfboard-Bag-5.jpeg",800,800,false],"trp-custom-language-flag":["https:\/\/pecbag.com\/wp-content\/uploads\/2025\/05\/Custom-Pro-Paddle-Surfboard-Bag-5-12x12.jpeg",12,12,true],"woocommerce_thumbnail":["https:\/\/pecbag.com\/wp-content\/uploads\/2025\/05\/Custom-Pro-Paddle-Surfboard-Bag-5-300x300.jpeg",300,300,true],"woocommerce_single":["https:\/\/pecbag.com\/wp-content\/uploads\/2025\/05\/Custom-Pro-Paddle-Surfboard-Bag-5-600x600.jpeg",600,600,true],"woocommerce_gallery_thumbnail":["https:\/\/pecbag.com\/wp-content\/uploads\/2025\/05\/Custom-Pro-Paddle-Surfboard-Bag-5-100x100.jpeg",100,100,true]},"uagb_author_info":{"display_name":"Lawrence","author_link":"https:\/\/pecbag.com\/br\/author\/"},"uagb_comment_info":0,"uagb_excerpt":"Custom Pro Paddle Surfboard Bag 1. Durable material: Roundhead, round tail parts are made of 1680D Polyester plus 40mm foam padding to protect the vulnerable part of the surfboard; The gray part is PP Woven, which not only maintains the texture and appearance but also enhances the waterproof effect. 2. Large storage space:\u00a0Exterior zipper pockets&hellip;","_links":{"self":[{"href":"https:\/\/pecbag.com\/br\/wp-json\/wp\/v2\/product\/3777","targetHints":{"allow":["GET"]}}],"collection":[{"href":"https:\/\/pecbag.com\/br\/wp-json\/wp\/v2\/product"}],"about":[{"href":"https:\/\/pecbag.com\/br\/wp-json\/wp\/v2\/types\/product"}],"wp:featuredmedia":[{"embeddable":true,"href":"https:\/\/pecbag.com\/br\/wp-json\/wp\/v2\/media\/3788"}],"wp:attachment":[{"href":"https:\/\/pecbag.com\/br\/wp-json\/wp\/v2\/media?parent=3777"}],"wp:term":[{"taxonomy":"product_brand","embeddable":true,"href":"https:\/\/pecbag.com\/br\/wp-json\/wp\/v2\/product_brand?post=3777"},{"taxonomy":"product_cat","embeddable":true,"href":"https:\/\/pecbag.com\/br\/wp-json\/wp\/v2\/product_cat?post=3777"},{"taxonomy":"product_tag","embeddable":true,"href":"https:\/\/pecbag.com\/br\/wp-json\/wp\/v2\/product_tag?post=3777"}],"curies":[{"name":"wp","href":"https:\/\/api.w.org\/{rel}","templated":true}]}}