{"id":3815,"date":"2025-05-28T03:57:41","date_gmt":"2025-05-28T03:57:41","guid":{"rendered":"https:\/\/pecbag.com\/?post_type=product&#038;p=3815"},"modified":"2025-11-29T01:53:05","modified_gmt":"2025-11-29T01:53:05","slug":"pro-golf-stand-bag","status":"publish","type":"product","link":"https:\/\/pecbag.com\/br\/pro-golf-stand-bag\/","title":{"rendered":"Pro Golf Stand Bag - Nylon \u00e0 prova d'\u00e1gua e pernas antiderrapantes"},"content":{"rendered":"<h5 title=\"Bolsa dobr\u00e1vel para c\u00e3es Bolsa de ombro de malha respir\u00e1vel para c\u00e3es e gatos de pequeno porte\" data-immersive-translate-walked=\"1c928421-2e42-4cd3-8754-5404553c0af5\" data-immersive-translate-paragraph=\"1\" data-spm-anchor-id=\"a2700.details.0.i35.4f6757d4w4zNZA\">Bolsas para carrinho de golfe profissional - F\u00e1brica de bolsas \u00e0 prova d'\u00e1gua e fabricante de mochilas - Bulk Golf Solutions<\/h5>\n<div class=\"flex flex-grow flex-col max-w-full\">\n<div class=\"min-h-[20px] text-message flex w-full flex-col items-end gap-2 whitespace-pre-wrap break-words [.text-message+&amp;]:mt-5 overflow-x-auto\" dir=\"auto\" data-message-author-role=\"assistant\" data-message-id=\"3d7d46f6-7ec2-4222-9257-48fa0bba23c6\" data-suggestions=\"true\">\n<div class=\"flex w-full flex-col gap-1 empty:hidden first:pt-[3px]\">\n<div class=\"markdown prose w-full break-words dark:prose-invert light\">\n<table width=\"288\">\n<tbody>\n<tr>\n<td width=\"137\"><span style=\"color: #333333;\">Nome dos produtos<\/span><\/td>\n<td width=\"151\">Bolsa de golfe<\/td>\n<\/tr>\n<tr>\n<td><span style=\"color: #333333;\">Item No.<\/span><\/td>\n<td><span style=\"color: #333333;\">PB-2094<\/span><\/td>\n<\/tr>\n<tr>\n<td><span style=\"color: #333333;\">Material<\/span><\/td>\n<td>Couro PU + Nylon + Neoprene<\/td>\n<\/tr>\n<tr>\n<td><span style=\"color: #333333;\">Tamanho<\/span><\/td>\n<td>Personalizado<\/td>\n<\/tr>\n<tr>\n<td><span style=\"color: #333333;\">\u00a0Prazo de entrega<\/span><\/td>\n<td><span style=\"color: #333333;\">De 1 a 5 dias para pequenas quantidades por via a\u00e9rea e de 30 a 35 dias para grandes quantidades por via mar\u00edtima<\/span><\/td>\n<\/tr>\n<\/tbody>\n<\/table>\n<p>Como principal fabricante de bolsas de golfe e f\u00e1brica de bolsas \u00e0 prova d'\u00e1gua da China, projetamos bolsas de golfe profissionais premium para marcas globais de golfe. Nossa empresa de bolsas de golfe oferece:<\/p>\n<p>\u2705 <strong>Prote\u00e7\u00e3o IPX6 \u00e0 prova d'\u00e1gua<\/strong> (poli\u00e9ster 600D + costuras soldadas)<br \/>\n\u2705 <strong>Divisor superior de 5 posi\u00e7\u00f5es<\/strong> com capacidade para 14 clubes (MOQ 200 unidades)<br \/>\n\u2705 <strong>Servi\u00e7os OEM\/ODM<\/strong> para sacos de golfe de marca pr\u00f3pria<br \/>\n\u2705 <strong>Produ\u00e7\u00e3o de sacos de golfe a granel<\/strong> com entrega r\u00e1pida em 10 dias<\/p>\n<p>Com a confian\u00e7a de atacadistas de bolsas de golfe e profissionais do PGA Tour. Principais recursos:<br \/>\n- Al\u00e7as duplas retr\u00e1teis e almofada ergon\u00f4mica para o quadril<br \/>\n- Bolso para objetos de valor de secagem r\u00e1pida e tecido resistente a raios UV<br \/>\n- Sistema de suporte integrado com p\u00e9s antiderrapantes<\/p>\n<p><strong>Por que escolher nossa f\u00e1brica de bolsas de golfe?<\/strong>:<br \/>\nMais de 15 anos como os principais exportadores de bolsas de golfe da China<br \/>\nDesign 3D gratuito com a marca de seu clube<br \/>\nMateriais ecol\u00f3gicos com certifica\u00e7\u00e3o OEKO-Tex\/SGS<br \/>\nDesconto 30% para fornecedores de bolsas de golfe com mais de 3.000 unidades<\/p>\n<p>Solicite amostras gr\u00e1tis de nossas bolsas pro stand ou obtenha cota\u00e7\u00f5es instant\u00e2neas. Os fornecedores de bolsas de golfe gostam:<br \/>\n- MOQ personalizado a partir de 200 unidades<br \/>\n- Relat\u00f3rios de teste de durabilidade espec\u00edficos do lote<br \/>\n- Aloca\u00e7\u00e3o priorit\u00e1ria de frete a\u00e9reo\/mar\u00edtimo<\/p>\n<\/div>\n<\/div>\n<\/div>\n<\/div>","protected":false},"excerpt":{"rendered":"<h2 data-immersive-translate-walked=\"344be1c1-5052-41eb-8fcd-0dbe236a0d6b\" data-immersive-translate-paragraph=\"1\">Bolsa para carrinho de golfe profissional<\/h2>\n<p>Fornecemos bolsas de golfe premium com personaliza\u00e7\u00e3o de tamanho e cores, tecidos dur\u00e1veis e qualidade certificada.<\/p>\n<p>Aproveite os MOQs flex\u00edveis, o envio global r\u00e1pido e as solu\u00e7\u00f5es de marca pr\u00f3pria.<\/p>\n<p>Entre em contato conosco hoje mesmo!<\/p>","protected":false},"featured_media":3820,"template":"","meta":{"_uag_custom_page_level_css":""},"product_brand":[],"product_cat":[51,67],"product_tag":[],"class_list":{"0":"post-3815","1":"product","2":"type-product","3":"status-publish","4":"has-post-thumbnail","6":"product_cat-golf-bag","7":"product_cat-sports-bag","9":"first","10":"instock","11":"shipping-taxable","12":"product-type-simple"},"uagb_featured_image_src":{"full":["https:\/\/pecbag.com\/wp-content\/uploads\/2025\/05\/Pro-Golf-Stand-Bag-4.jpg",600,600,false],"thumbnail":["https:\/\/pecbag.com\/wp-content\/uploads\/2025\/05\/Pro-Golf-Stand-Bag-4-150x150.jpg",150,150,true],"medium":["https:\/\/pecbag.com\/wp-content\/uploads\/2025\/05\/Pro-Golf-Stand-Bag-4-300x300.jpg",300,300,true],"medium_large":["https:\/\/pecbag.com\/wp-content\/uploads\/2025\/05\/Pro-Golf-Stand-Bag-4.jpg",600,600,false],"large":["https:\/\/pecbag.com\/wp-content\/uploads\/2025\/05\/Pro-Golf-Stand-Bag-4.jpg",600,600,false],"1536x1536":["https:\/\/pecbag.com\/wp-content\/uploads\/2025\/05\/Pro-Golf-Stand-Bag-4.jpg",600,600,false],"2048x2048":["https:\/\/pecbag.com\/wp-content\/uploads\/2025\/05\/Pro-Golf-Stand-Bag-4.jpg",600,600,false],"trp-custom-language-flag":["https:\/\/pecbag.com\/wp-content\/uploads\/2025\/05\/Pro-Golf-Stand-Bag-4-12x12.jpg",12,12,true],"woocommerce_thumbnail":["https:\/\/pecbag.com\/wp-content\/uploads\/2025\/05\/Pro-Golf-Stand-Bag-4-300x300.jpg",300,300,true],"woocommerce_single":["https:\/\/pecbag.com\/wp-content\/uploads\/2025\/05\/Pro-Golf-Stand-Bag-4.jpg",600,600,false],"woocommerce_gallery_thumbnail":["https:\/\/pecbag.com\/wp-content\/uploads\/2025\/05\/Pro-Golf-Stand-Bag-4-100x100.jpg",100,100,true]},"uagb_author_info":{"display_name":"Lawrence","author_link":"https:\/\/pecbag.com\/br\/author\/"},"uagb_comment_info":0,"uagb_excerpt":"Pro Golf Stand Bag We provide premium golf stand bag with full-size and color customization, durable fabrics, and certified quality. Enjoy flexible MOQs, fast global shipping, and private label solutions. Contact us today!","_links":{"self":[{"href":"https:\/\/pecbag.com\/br\/wp-json\/wp\/v2\/product\/3815","targetHints":{"allow":["GET"]}}],"collection":[{"href":"https:\/\/pecbag.com\/br\/wp-json\/wp\/v2\/product"}],"about":[{"href":"https:\/\/pecbag.com\/br\/wp-json\/wp\/v2\/types\/product"}],"wp:featuredmedia":[{"embeddable":true,"href":"https:\/\/pecbag.com\/br\/wp-json\/wp\/v2\/media\/3820"}],"wp:attachment":[{"href":"https:\/\/pecbag.com\/br\/wp-json\/wp\/v2\/media?parent=3815"}],"wp:term":[{"taxonomy":"product_brand","embeddable":true,"href":"https:\/\/pecbag.com\/br\/wp-json\/wp\/v2\/product_brand?post=3815"},{"taxonomy":"product_cat","embeddable":true,"href":"https:\/\/pecbag.com\/br\/wp-json\/wp\/v2\/product_cat?post=3815"},{"taxonomy":"product_tag","embeddable":true,"href":"https:\/\/pecbag.com\/br\/wp-json\/wp\/v2\/product_tag?post=3815"}],"curies":[{"name":"wp","href":"https:\/\/api.w.org\/{rel}","templated":true}]}}