{"id":3832,"date":"2025-05-28T06:45:06","date_gmt":"2025-05-28T06:45:06","guid":{"rendered":"https:\/\/pecbag.com\/?post_type=product&#038;p=3832"},"modified":"2025-11-29T01:46:05","modified_gmt":"2025-11-29T01:46:05","slug":"pro-surfboard-longboard-travel-bag","status":"publish","type":"product","link":"https:\/\/pecbag.com\/br\/pro-surfboard-longboard-travel-bag\/","title":{"rendered":"Bolsa de viagem Pro Surfboard Longboard - 100% \u00e0 prova d'\u00e1gua"},"content":{"rendered":"<h5 title=\"Bolsa dobr\u00e1vel para c\u00e3es Bolsa de ombro de malha respir\u00e1vel para c\u00e3es e gatos de pequeno porte\" data-immersive-translate-walked=\"1c928421-2e42-4cd3-8754-5404553c0af5\" data-immersive-translate-paragraph=\"1\" data-spm-anchor-id=\"a2700.details.0.i35.4f6757d4w4zNZA\">Bolsa de viagem para prancha de surfe profissional Longboard | F\u00e1brica de bolsas \u00e0 prova d'\u00e1gua e fabricante de mochilas - Bulk Surf Solutions<\/h5>\n<div class=\"flex flex-grow flex-col max-w-full\">\n<div class=\"min-h-[20px] text-message flex w-full flex-col items-end gap-2 whitespace-pre-wrap break-words [.text-message+&amp;]:mt-5 overflow-x-auto\" dir=\"auto\" data-message-author-role=\"assistant\" data-message-id=\"3d7d46f6-7ec2-4222-9257-48fa0bba23c6\" data-suggestions=\"true\">\n<div class=\"flex w-full flex-col gap-1 empty:hidden first:pt-[3px]\">\n<div class=\"markdown prose w-full break-words dark:prose-invert light\">\n<table width=\"288\">\n<tbody>\n<tr>\n<td width=\"137\"><span style=\"color: #333333;\">Nome dos produtos<\/span><\/td>\n<td width=\"151\">Bolsa para prancha de surfe<\/td>\n<\/tr>\n<tr>\n<td><span style=\"color: #333333;\">Item No.<\/span><\/td>\n<td><span style=\"color: #333333;\">PB-2097<\/span><\/td>\n<\/tr>\n<tr>\n<td><span style=\"color: #333333;\">Material<\/span><\/td>\n<td>600D SNOW\/PVC<\/td>\n<\/tr>\n<tr>\n<td><span style=\"color: #333333;\">Tamanho<\/span><\/td>\n<td>6'0'' x 22''x 6\"<\/td>\n<\/tr>\n<tr>\n<td><span style=\"color: #333333;\">\u00a0Prazo de entrega<\/span><\/td>\n<td><span style=\"color: #333333;\">De 1 a 5 dias para pequenas quantidades por via a\u00e9rea e de 30 a 35 dias para grandes quantidades por via mar\u00edtima<\/span><\/td>\n<\/tr>\n<\/tbody>\n<\/table>\n<p>Como principal fabricante de bolsas para pranchas de surfe e f\u00e1brica de bolsas \u00e0 prova d'\u00e1gua da China, projetamos bolsas de viagem para pranchas de surfe longboard profissionais para marcas globais de surfe. Nossa empresa de bolsas para pranchas de surfe oferece:<\/p>\n<p>\u2705 <strong>Prote\u00e7\u00e3o IPX7 \u00e0 prova d'\u00e1gua<\/strong> (nylon revestido de PVC 1000D + costuras soldadas)<br \/>\n\u2705 <strong>Capacidade para longboards de at\u00e9 10<\/strong> com al\u00e7as acolchoadas (MOQ 200 p\u00e7s)<br \/>\n\u2705 <strong>Servi\u00e7os OEM\/ODM<\/strong> para bolsas de marca pr\u00f3pria para pranchas de surfe<br \/>\n\u2705 <strong>Produ\u00e7\u00e3o de sacos de pranchas de surfe a granel<\/strong> com entrega r\u00e1pida em 10 dias<\/p>\n<p>Confi\u00e1vel por <strong>atacadistas de bolsas para pranchas de surfe<\/strong> e resorts litor\u00e2neos. Principais recursos:<br \/>\n- Revestimento resistente a UV e bolsos de malha antiareia<br \/>\n- Al\u00e7as de ombro remov\u00edveis e prote\u00e7\u00f5es nas bordas da prancha<br \/>\n- Slot para etiqueta de bagagem RFID e cadeados aprovados pela TSA<\/p>\n<p><strong>Por que fazer parceria com nossa f\u00e1brica de bolsas para pranchas de surfe<\/strong>:<br \/>\nMais de 15 anos como os principais exportadores de bolsas para pranchas de surfe da China<br \/>\nDesign 3D gratuito com a marca de seu clube de praia<br \/>\nMateriais de grau marinho com certifica\u00e7\u00e3o OEKO-Tex\/SGS<br \/>\nDesconto de 25% para fornecedores de bolsas para pranchas de surfe em mais de 2.500 unidades<\/p>\n<p>Solicite amostras gr\u00e1tis de nossa bolsa de viagem profissional para pranchas de surfe ou obtenha cota\u00e7\u00f5es instant\u00e2neas. Os fornecedores de bolsas para pranchas de surfe gostam:<br \/>\n- MOQ personalizado a partir de 300 unidades<br \/>\n- Relat\u00f3rios de corros\u00e3o em \u00e1gua salgada espec\u00edficos do lote<br \/>\n- Aloca\u00e7\u00e3o priorit\u00e1ria de carga a\u00e9rea\/mar\u00edtima<\/p>\n<\/div>\n<\/div>\n<\/div>\n<\/div>","protected":false},"excerpt":{"rendered":"<h2 data-immersive-translate-walked=\"344be1c1-5052-41eb-8fcd-0dbe236a0d6b\" data-immersive-translate-paragraph=\"1\">Bolsa de viagem Pro Surfboard Longboard<\/h2>\n<p>1. TAMANHO DA BOLSA, PESO E FORMA: 6'0'' x 22''x 6\", 10 lbs, para pranchas de at\u00e9 6'2'' x 24''; cabe\u00e7a pontiaguda e cauda grande e redonda; com abertura para a barbatana<\/p>\n<p>2.360\u00b0 DE PROTE\u00c7\u00c3O: Com lona de PE de 200g no interior, acolchoamento de 10 mm em cada lado entre eles, tecido revestido 600D\/1680D na parte superior e tecido extra refor\u00e7ado nas se\u00e7\u00f5es da cabe\u00e7a e da cauda em cada lado, essa bolsa de viagem para pranchas de surfe foi criada para uma viagem sem preocupa\u00e7\u00f5es. Ela oferece prote\u00e7\u00e3o total para sua mala, especialmente em viagens de longa dist\u00e2ncia.<\/p>\n<p>3. CONFORT\u00c1VEL: essa bolsa tem 3 al\u00e7as de transporte acolchoadas e espessas e 1 al\u00e7a de ombro ajust\u00e1vel. A grande almofada da al\u00e7a de ombro (14'' x4'' x1'') aliviar\u00e1 bastante a press\u00e3o sobre seu ombro. Voc\u00ea tamb\u00e9m pode soltar a al\u00e7a de ombro durante o transporte no teto do carro ou em outras viagens de longa dist\u00e2ncia.<\/p>","protected":false},"featured_media":3834,"template":"","meta":{"_uag_custom_page_level_css":""},"product_brand":[],"product_cat":[47,67],"product_tag":[],"class_list":{"0":"post-3832","1":"product","2":"type-product","3":"status-publish","4":"has-post-thumbnail","6":"product_cat-surfboard-bag","7":"product_cat-sports-bag","9":"first","10":"instock","11":"shipping-taxable","12":"product-type-simple"},"uagb_featured_image_src":{"full":["https:\/\/pecbag.com\/wp-content\/uploads\/2025\/05\/Pro-Surfboard-Longboard-Travel-Bag-1.jpg",808,808,false],"thumbnail":["https:\/\/pecbag.com\/wp-content\/uploads\/2025\/05\/Pro-Surfboard-Longboard-Travel-Bag-1-150x150.jpg",150,150,true],"medium":["https:\/\/pecbag.com\/wp-content\/uploads\/2025\/05\/Pro-Surfboard-Longboard-Travel-Bag-1-300x300.jpg",300,300,true],"medium_large":["https:\/\/pecbag.com\/wp-content\/uploads\/2025\/05\/Pro-Surfboard-Longboard-Travel-Bag-1-768x768.jpg",768,768,true],"large":["https:\/\/pecbag.com\/wp-content\/uploads\/2025\/05\/Pro-Surfboard-Longboard-Travel-Bag-1.jpg",800,800,false],"1536x1536":["https:\/\/pecbag.com\/wp-content\/uploads\/2025\/05\/Pro-Surfboard-Longboard-Travel-Bag-1.jpg",808,808,false],"2048x2048":["https:\/\/pecbag.com\/wp-content\/uploads\/2025\/05\/Pro-Surfboard-Longboard-Travel-Bag-1.jpg",808,808,false],"trp-custom-language-flag":["https:\/\/pecbag.com\/wp-content\/uploads\/2025\/05\/Pro-Surfboard-Longboard-Travel-Bag-1-12x12.jpg",12,12,true],"woocommerce_thumbnail":["https:\/\/pecbag.com\/wp-content\/uploads\/2025\/05\/Pro-Surfboard-Longboard-Travel-Bag-1-300x300.jpg",300,300,true],"woocommerce_single":["https:\/\/pecbag.com\/wp-content\/uploads\/2025\/05\/Pro-Surfboard-Longboard-Travel-Bag-1-600x600.jpg",600,600,true],"woocommerce_gallery_thumbnail":["https:\/\/pecbag.com\/wp-content\/uploads\/2025\/05\/Pro-Surfboard-Longboard-Travel-Bag-1-100x100.jpg",100,100,true]},"uagb_author_info":{"display_name":"Lawrence","author_link":"https:\/\/pecbag.com\/br\/author\/"},"uagb_comment_info":0,"uagb_excerpt":"Pro Surfboard Longboard Travel Bag 1.BAG SIZE WEIGHT AND SHAPE: 6\u20190\u2019\u2019 x 22\u2019\u2019x 6'', 10 lbs, for board size up to 6\u20192\u2019\u2019 x 24\u2019\u2019; pointed head and big round tail; with fin slot opening 2.360\u00b0 PROTECTION: With 200g PE tarpaulin inside, 10mm (0.4 inches) padding on each side in between, 600D\/1680D coated fabric on top,&hellip;","_links":{"self":[{"href":"https:\/\/pecbag.com\/br\/wp-json\/wp\/v2\/product\/3832","targetHints":{"allow":["GET"]}}],"collection":[{"href":"https:\/\/pecbag.com\/br\/wp-json\/wp\/v2\/product"}],"about":[{"href":"https:\/\/pecbag.com\/br\/wp-json\/wp\/v2\/types\/product"}],"wp:featuredmedia":[{"embeddable":true,"href":"https:\/\/pecbag.com\/br\/wp-json\/wp\/v2\/media\/3834"}],"wp:attachment":[{"href":"https:\/\/pecbag.com\/br\/wp-json\/wp\/v2\/media?parent=3832"}],"wp:term":[{"taxonomy":"product_brand","embeddable":true,"href":"https:\/\/pecbag.com\/br\/wp-json\/wp\/v2\/product_brand?post=3832"},{"taxonomy":"product_cat","embeddable":true,"href":"https:\/\/pecbag.com\/br\/wp-json\/wp\/v2\/product_cat?post=3832"},{"taxonomy":"product_tag","embeddable":true,"href":"https:\/\/pecbag.com\/br\/wp-json\/wp\/v2\/product_tag?post=3832"}],"curies":[{"name":"wp","href":"https:\/\/api.w.org\/{rel}","templated":true}]}}