{"id":3840,"date":"2025-05-28T07:05:51","date_gmt":"2025-05-28T07:05:51","guid":{"rendered":"https:\/\/pecbag.com\/?post_type=product&#038;p=3840"},"modified":"2025-11-29T01:44:48","modified_gmt":"2025-11-29T01:44:48","slug":"cleaning-tool-bag-manufacturer","status":"publish","type":"product","link":"https:\/\/pecbag.com\/br\/cleaning-tool-bag-manufacturer\/","title":{"rendered":"Fabricante de bolsas para ferramentas de limpeza"},"content":{"rendered":"<h5 title=\"Bolsa dobr\u00e1vel para c\u00e3es Bolsa de ombro de malha respir\u00e1vel para c\u00e3es e gatos de pequeno porte\" data-immersive-translate-walked=\"1c928421-2e42-4cd3-8754-5404553c0af5\" data-immersive-translate-paragraph=\"1\" data-spm-anchor-id=\"a2700.details.0.i35.4f6757d4w4zNZA\">Fabricante de sacos para ferramentas de limpeza | F\u00e1brica de sacos \u00e0 prova d'\u00e1gua e fabricante de mochilas - Bulk Solutions<\/h5>\n<div class=\"flex flex-grow flex-col max-w-full\">\n<div class=\"min-h-[20px] text-message flex w-full flex-col items-end gap-2 whitespace-pre-wrap break-words [.text-message+&amp;]:mt-5 overflow-x-auto\" dir=\"auto\" data-message-author-role=\"assistant\" data-message-id=\"3d7d46f6-7ec2-4222-9257-48fa0bba23c6\" data-suggestions=\"true\">\n<div class=\"flex w-full flex-col gap-1 empty:hidden first:pt-[3px]\">\n<div class=\"markdown prose w-full break-words dark:prose-invert light\">\n<table width=\"288\">\n<tbody>\n<tr>\n<td width=\"137\"><span style=\"color: #333333;\">Nome dos produtos<\/span><\/td>\n<td width=\"151\">Bolsa de ferramentas<\/td>\n<\/tr>\n<tr>\n<td><span style=\"color: #333333;\">Item No.<\/span><\/td>\n<td><span style=\"color: #333333;\">PB-2098<\/span><\/td>\n<\/tr>\n<tr>\n<td><span style=\"color: #333333;\">Material<\/span><\/td>\n<td>600D Snowflake<\/td>\n<\/tr>\n<tr>\n<td><span style=\"color: #333333;\">\u00a0Tamanho e cor<\/span><\/td>\n<td>15,5 x 8,8 x 10 polegadas<\/td>\n<\/tr>\n<tr>\n<td><span style=\"color: #333333;\">\u00a0Prazo de entrega<\/span><\/td>\n<td><span style=\"color: #333333;\">De 1 a 5 dias para pequenas quantidades por via a\u00e9rea e de 30 a 35 dias para grandes quantidades por via mar\u00edtima<\/span><\/td>\n<\/tr>\n<\/tbody>\n<\/table>\n<p>Como principal fabricante de bolsas para ferramentas e f\u00e1brica de bolsas imperme\u00e1veis da China, produzimos bolsas para ferramentas de limpeza pesadas para marcas industriais globais. Nossa empresa de bolsas para ferramentas oferece:<\/p>\n<p>\u2705 <strong>Bolsas de ferramentas \u00e0 prova d'\u00e1gua IPX5<\/strong> (poli\u00e9ster 600D + costuras soldadas)<br \/>\n\u2705 <strong>Compartimentos personalizados<\/strong> para equipamentos de limpeza (MOQ 300 p\u00e7s)<br \/>\n\u2705 <strong>Servi\u00e7os OEM\/ODM<\/strong> para sacos de ferramentas de marca pr\u00f3pria<br \/>\n\u2705 <strong>Produ\u00e7\u00e3o de sacos de ferramentas a granel<\/strong> com entrega em 10 dias<\/p>\n<p>Confiado por atacadistas de bolsas de ferramentas e fornecedores de produtos de limpeza. Principais recursos:<br \/>\n- Forro antimicrobiano e al\u00e7as de transporte refor\u00e7adas<br \/>\n- Cinta MOLLE para fixa\u00e7\u00e3o de ferramentas e cintas remov\u00edveis<br \/>\n- Etiquetas de ativos RFID e pain\u00e9is organizacionais com c\u00f3digo de cores<\/p>\n<p><strong>Por que fazer parceria com nossa f\u00e1brica de bolsas de ferramentas<\/strong>:<br \/>\nMais de 12 anos como os principais exportadores de bolsas para ferramentas da China<br \/>\nDesign 3D gratuito com sua marca industrial<br \/>\nMateriais resistentes ao desgaste com certifica\u00e7\u00e3o OEKO-Tex\/SGS<br \/>\nDesconto 30% para fornecedores de bolsas de ferramentas em mais de 2.500 unidades<\/p>\n<p>Solicite amostras gr\u00e1tis de nossa bolsa para ferramentas de limpeza ou obtenha cota\u00e7\u00f5es instant\u00e2neas. Os fornecedores de bolsas de ferramentas gostam:<br \/>\n- MOQ personalizado a partir de 300 unidades<br \/>\n- Relat\u00f3rios de teste de abras\u00e3o espec\u00edficos do lote<br \/>\n- Aloca\u00e7\u00e3o priorit\u00e1ria de carga a\u00e9rea\/mar\u00edtima<\/p>\n<\/div>\n<\/div>\n<\/div>\n<\/div>","protected":false},"excerpt":{"rendered":"<h2 data-immersive-translate-walked=\"344be1c1-5052-41eb-8fcd-0dbe236a0d6b\" data-immersive-translate-paragraph=\"1\">Fabricante de bolsas para ferramentas de limpeza | Solu\u00e7\u00f5es OEM personalizadas<\/h2>\n<p>1. GRANDE CAPACIDADE: a bolsa de limpeza possui 4 divis\u00f3rias internas dobr\u00e1veis, dividindo um compartimento grande em 5 compartimentos, o que facilita a organiza\u00e7\u00e3o dos materiais de limpeza. A parte traseira tem um bolso antifurto para guardar telefones, cart\u00f5es de visita, carregadores e muito mais.<\/p>\n<p>2. MUITOS BOLSOS: Os grandes bolsos laterais \u00e0 prova de vazamentos s\u00e3o \u00f3timos para garrafas maiores, panos \u00famidos, esponjas e escovas, facilitando o transporte dos utens\u00edlios de limpeza e evitando a preocupa\u00e7\u00e3o de perd\u00ea-los novamente.<\/p>","protected":false},"featured_media":3843,"template":"","meta":{"_uag_custom_page_level_css":""},"product_brand":[],"product_cat":[49],"product_tag":[],"class_list":{"0":"post-3840","1":"product","2":"type-product","3":"status-publish","4":"has-post-thumbnail","6":"product_cat-tool-bag","8":"first","9":"instock","10":"shipping-taxable","11":"product-type-simple"},"uagb_featured_image_src":{"full":["https:\/\/pecbag.com\/wp-content\/uploads\/2025\/05\/Cleaning-Tool-Bag-Manufacturer-2.jpeg",1500,1500,false],"thumbnail":["https:\/\/pecbag.com\/wp-content\/uploads\/2025\/05\/Cleaning-Tool-Bag-Manufacturer-2-150x150.jpeg",150,150,true],"medium":["https:\/\/pecbag.com\/wp-content\/uploads\/2025\/05\/Cleaning-Tool-Bag-Manufacturer-2-300x300.jpeg",300,300,true],"medium_large":["https:\/\/pecbag.com\/wp-content\/uploads\/2025\/05\/Cleaning-Tool-Bag-Manufacturer-2-768x768.jpeg",768,768,true],"large":["https:\/\/pecbag.com\/wp-content\/uploads\/2025\/05\/Cleaning-Tool-Bag-Manufacturer-2-1024x1024.jpeg",800,800,true],"1536x1536":["https:\/\/pecbag.com\/wp-content\/uploads\/2025\/05\/Cleaning-Tool-Bag-Manufacturer-2.jpeg",1500,1500,false],"2048x2048":["https:\/\/pecbag.com\/wp-content\/uploads\/2025\/05\/Cleaning-Tool-Bag-Manufacturer-2.jpeg",1500,1500,false],"trp-custom-language-flag":["https:\/\/pecbag.com\/wp-content\/uploads\/2025\/05\/Cleaning-Tool-Bag-Manufacturer-2-12x12.jpeg",12,12,true],"woocommerce_thumbnail":["https:\/\/pecbag.com\/wp-content\/uploads\/2025\/05\/Cleaning-Tool-Bag-Manufacturer-2-300x300.jpeg",300,300,true],"woocommerce_single":["https:\/\/pecbag.com\/wp-content\/uploads\/2025\/05\/Cleaning-Tool-Bag-Manufacturer-2-600x600.jpeg",600,600,true],"woocommerce_gallery_thumbnail":["https:\/\/pecbag.com\/wp-content\/uploads\/2025\/05\/Cleaning-Tool-Bag-Manufacturer-2-100x100.jpeg",100,100,true]},"uagb_author_info":{"display_name":"Lawrence","author_link":"https:\/\/pecbag.com\/br\/author\/"},"uagb_comment_info":0,"uagb_excerpt":"Cleaning Tool Bag Manufacturer | Custom OEM Solutions 1. LARGE CAPACITY: The cleaning caddy bag features 4 foldable inner dividers, dividing a large compartment into 5 compartments, making it easy to organize your cleaning supplies neatly. The back has an anti-theft pocket to keep phones, business cards, chargers, and more. 2. MANY POCKETS: Large leak-proof&hellip;","_links":{"self":[{"href":"https:\/\/pecbag.com\/br\/wp-json\/wp\/v2\/product\/3840","targetHints":{"allow":["GET"]}}],"collection":[{"href":"https:\/\/pecbag.com\/br\/wp-json\/wp\/v2\/product"}],"about":[{"href":"https:\/\/pecbag.com\/br\/wp-json\/wp\/v2\/types\/product"}],"wp:featuredmedia":[{"embeddable":true,"href":"https:\/\/pecbag.com\/br\/wp-json\/wp\/v2\/media\/3843"}],"wp:attachment":[{"href":"https:\/\/pecbag.com\/br\/wp-json\/wp\/v2\/media?parent=3840"}],"wp:term":[{"taxonomy":"product_brand","embeddable":true,"href":"https:\/\/pecbag.com\/br\/wp-json\/wp\/v2\/product_brand?post=3840"},{"taxonomy":"product_cat","embeddable":true,"href":"https:\/\/pecbag.com\/br\/wp-json\/wp\/v2\/product_cat?post=3840"},{"taxonomy":"product_tag","embeddable":true,"href":"https:\/\/pecbag.com\/br\/wp-json\/wp\/v2\/product_tag?post=3840"}],"curies":[{"name":"wp","href":"https:\/\/api.w.org\/{rel}","templated":true}]}}