{"id":3847,"date":"2025-05-28T07:17:44","date_gmt":"2025-05-28T07:17:44","guid":{"rendered":"https:\/\/pecbag.com\/?post_type=product&#038;p=3847"},"modified":"2025-11-29T01:44:36","modified_gmt":"2025-11-29T01:44:36","slug":"professional-electrician-tool-carry-bag","status":"publish","type":"product","link":"https:\/\/pecbag.com\/br\/professional-electrician-tool-carry-bag\/","title":{"rendered":"Bolsa de transporte de ferramentas para eletricistas profissionais"},"content":{"rendered":"<h5 title=\"Bolsa dobr\u00e1vel para c\u00e3es Bolsa de ombro de malha respir\u00e1vel para c\u00e3es e gatos de pequeno porte\" data-immersive-translate-walked=\"1c928421-2e42-4cd3-8754-5404553c0af5\" data-immersive-translate-paragraph=\"1\" data-spm-anchor-id=\"a2700.details.0.i35.4f6757d4w4zNZA\">Bolsas de transporte de ferramentas para eletricistas profissionais - F\u00e1brica de bolsas e mochilas \u00e0 prova d'\u00e1gua - Bulk Industrial Solutions<\/h5>\n<div class=\"flex flex-grow flex-col max-w-full\">\n<div class=\"min-h-[20px] text-message flex w-full flex-col items-end gap-2 whitespace-pre-wrap break-words [.text-message+&amp;]:mt-5 overflow-x-auto\" dir=\"auto\" data-message-author-role=\"assistant\" data-message-id=\"3d7d46f6-7ec2-4222-9257-48fa0bba23c6\" data-suggestions=\"true\">\n<div class=\"flex w-full flex-col gap-1 empty:hidden first:pt-[3px]\">\n<div class=\"markdown prose w-full break-words dark:prose-invert light\">\n<table width=\"288\">\n<tbody>\n<tr>\n<td width=\"137\"><span style=\"color: #333333;\">Nome dos produtos<\/span><\/td>\n<td width=\"151\">Bolsa de ferramentas<\/td>\n<\/tr>\n<tr>\n<td><span style=\"color: #333333;\">Item No.<\/span><\/td>\n<td><span style=\"color: #333333;\">PB-2099<\/span><\/td>\n<\/tr>\n<tr>\n<td><span style=\"color: #333333;\">Material<\/span><\/td>\n<td>Poli\u00e9ster 600D<\/td>\n<\/tr>\n<tr>\n<td><span style=\"color: #333333;\">\u00a0Tamanho e cor<\/span><\/td>\n<td>15 x 11 x 5 polegadas<\/td>\n<\/tr>\n<tr>\n<td><span style=\"color: #333333;\">\u00a0Prazo de entrega<\/span><\/td>\n<td><span style=\"color: #333333;\">De 1 a 5 dias para pequenas quantidades por via a\u00e9rea e de 30 a 35 dias para grandes quantidades por via mar\u00edtima<\/span><\/td>\n<\/tr>\n<\/tbody>\n<\/table>\n<p>Como principal fabricante de bolsas para ferramentas e f\u00e1brica de bolsas \u00e0 prova d'\u00e1gua da China, projetamos bolsas profissionais para transporte de ferramentas de eletricista para marcas industriais globais. Nossa empresa de bolsas para ferramentas oferece:<\/p>\n<p>\u2705 <strong>Prote\u00e7\u00e3o IPX5 \u00e0 prova d'\u00e1gua<\/strong> (poli\u00e9ster 600D + costuras soldadas)<br \/>\n\u2705 <strong>Compartimentos personaliz\u00e1veis<\/strong> para ferramentas el\u00e9tricas (MOQ 300 p\u00e7s)<br \/>\n\u2705 <strong>Servi\u00e7os OEM\/ODM<\/strong> para sacos de ferramentas de marca pr\u00f3pria<br \/>\n\u2705 <strong>Produ\u00e7\u00e3o de sacos de ferramentas a granel<\/strong> com entrega em 10 dias<\/p>\n<p>Confiado por atacadistas de bolsas de ferramentas e fornecedores de MRO. Principais recursos:<br \/>\n- Forro antiest\u00e1tico e compartimentos isolados para ferramentas<br \/>\n- Cinta MOLLE + al\u00e7as de ombro remov\u00edveis<br \/>\n- Etiquetas de ativos RFID e organiza\u00e7\u00e3o com c\u00f3digo de cores<\/p>\n<p><strong>Por que fazer parceria com nossa f\u00e1brica de bolsas de ferramentas<\/strong>:<br \/>\nMais de 15 anos como os principais exportadores de bolsas para ferramentas da China<br \/>\nDesign 3D gratuito com sua marca industrial<br \/>\nMateriais retardadores de chamas com certifica\u00e7\u00e3o OEKO-Tex\/SGS<br \/>\nDesconto 30% para fornecedores de bolsas de ferramentas com mais de 3.000 unidades<\/p>\n<p>Solicite amostras gr\u00e1tis de nossa bolsa de ferramentas para eletricistas ou obtenha cota\u00e7\u00f5es instant\u00e2neas. Os fornecedores de bolsas de ferramentas gostam:<br \/>\n- MOQ personalizado a partir de 300 unidades<br \/>\n- Relat\u00f3rios de testes diel\u00e9tricos espec\u00edficos do lote<br \/>\n- Aloca\u00e7\u00e3o priorit\u00e1ria de carga a\u00e9rea\/mar\u00edtima<\/p>\n<\/div>\n<\/div>\n<\/div>\n<\/div>","protected":false},"excerpt":{"rendered":"<h2 data-immersive-translate-walked=\"344be1c1-5052-41eb-8fcd-0dbe236a0d6b\" data-immersive-translate-paragraph=\"1\">Bolsa de transporte de ferramentas para eletricistas profissionais - OEM personalizado \u00e0 prova d'\u00e1gua<\/h2>\n<p>1. A estrutura met\u00e1lica interna proporciona f\u00e1cil acesso e evita que a bolsa se feche para dentro.<\/p>\n<p>2. Constru\u00e7\u00e3o com costura de agulha tripla, al\u00e7as de transporte robustas, z\u00edperes SBS, ferragens de metal e base resistente \u00e0 abras\u00e3o.<\/p>","protected":false},"featured_media":3848,"template":"","meta":{"_uag_custom_page_level_css":""},"product_brand":[],"product_cat":[49],"product_tag":[],"class_list":{"0":"post-3847","1":"product","2":"type-product","3":"status-publish","4":"has-post-thumbnail","6":"product_cat-tool-bag","8":"first","9":"instock","10":"shipping-taxable","11":"product-type-simple"},"uagb_featured_image_src":{"full":["https:\/\/pecbag.com\/wp-content\/uploads\/2025\/05\/Professional-Electrician-Tool-Carry-Bag-5.jpeg",600,600,false],"thumbnail":["https:\/\/pecbag.com\/wp-content\/uploads\/2025\/05\/Professional-Electrician-Tool-Carry-Bag-5-150x150.jpeg",150,150,true],"medium":["https:\/\/pecbag.com\/wp-content\/uploads\/2025\/05\/Professional-Electrician-Tool-Carry-Bag-5-300x300.jpeg",300,300,true],"medium_large":["https:\/\/pecbag.com\/wp-content\/uploads\/2025\/05\/Professional-Electrician-Tool-Carry-Bag-5.jpeg",600,600,false],"large":["https:\/\/pecbag.com\/wp-content\/uploads\/2025\/05\/Professional-Electrician-Tool-Carry-Bag-5.jpeg",600,600,false],"1536x1536":["https:\/\/pecbag.com\/wp-content\/uploads\/2025\/05\/Professional-Electrician-Tool-Carry-Bag-5.jpeg",600,600,false],"2048x2048":["https:\/\/pecbag.com\/wp-content\/uploads\/2025\/05\/Professional-Electrician-Tool-Carry-Bag-5.jpeg",600,600,false],"trp-custom-language-flag":["https:\/\/pecbag.com\/wp-content\/uploads\/2025\/05\/Professional-Electrician-Tool-Carry-Bag-5-12x12.jpeg",12,12,true],"woocommerce_thumbnail":["https:\/\/pecbag.com\/wp-content\/uploads\/2025\/05\/Professional-Electrician-Tool-Carry-Bag-5-300x300.jpeg",300,300,true],"woocommerce_single":["https:\/\/pecbag.com\/wp-content\/uploads\/2025\/05\/Professional-Electrician-Tool-Carry-Bag-5.jpeg",600,600,false],"woocommerce_gallery_thumbnail":["https:\/\/pecbag.com\/wp-content\/uploads\/2025\/05\/Professional-Electrician-Tool-Carry-Bag-5-100x100.jpeg",100,100,true]},"uagb_author_info":{"display_name":"Lawrence","author_link":"https:\/\/pecbag.com\/br\/author\/"},"uagb_comment_info":0,"uagb_excerpt":"Professional Electrician Tool Carry Bag - Custom Waterproof OEM 1. The internal metal frame provides easy access and prevents the bag from collapsing inward. 2. Triple needle-stitch construction, rugged haul handles, SBS zippers, metal hardware, and abrasion-resistant base.","_links":{"self":[{"href":"https:\/\/pecbag.com\/br\/wp-json\/wp\/v2\/product\/3847","targetHints":{"allow":["GET"]}}],"collection":[{"href":"https:\/\/pecbag.com\/br\/wp-json\/wp\/v2\/product"}],"about":[{"href":"https:\/\/pecbag.com\/br\/wp-json\/wp\/v2\/types\/product"}],"wp:featuredmedia":[{"embeddable":true,"href":"https:\/\/pecbag.com\/br\/wp-json\/wp\/v2\/media\/3848"}],"wp:attachment":[{"href":"https:\/\/pecbag.com\/br\/wp-json\/wp\/v2\/media?parent=3847"}],"wp:term":[{"taxonomy":"product_brand","embeddable":true,"href":"https:\/\/pecbag.com\/br\/wp-json\/wp\/v2\/product_brand?post=3847"},{"taxonomy":"product_cat","embeddable":true,"href":"https:\/\/pecbag.com\/br\/wp-json\/wp\/v2\/product_cat?post=3847"},{"taxonomy":"product_tag","embeddable":true,"href":"https:\/\/pecbag.com\/br\/wp-json\/wp\/v2\/product_tag?post=3847"}],"curies":[{"name":"wp","href":"https:\/\/api.w.org\/{rel}","templated":true}]}}