{"id":3875,"date":"2025-05-28T08:26:55","date_gmt":"2025-05-28T08:26:55","guid":{"rendered":"https:\/\/pecbag.com\/?post_type=product&#038;p=3875"},"modified":"2025-11-29T01:30:49","modified_gmt":"2025-11-29T01:30:49","slug":"large-cosmetic-pouch-manufacturer","status":"publish","type":"product","link":"https:\/\/pecbag.com\/br\/large-cosmetic-pouch-manufacturer\/","title":{"rendered":"Fabricante de bolsas grandes para cosm\u00e9ticos"},"content":{"rendered":"<h5 title=\"Bolsa dobr\u00e1vel para c\u00e3es Bolsa de ombro de malha respir\u00e1vel para c\u00e3es e gatos de pequeno porte\" data-immersive-translate-walked=\"1c928421-2e42-4cd3-8754-5404553c0af5\" data-immersive-translate-paragraph=\"1\" data-spm-anchor-id=\"a2700.details.0.i35.4f6757d4w4zNZA\">Fabricante de bolsas grandes para cosm\u00e9ticos | F\u00e1brica de bolsas \u00e0 prova d'\u00e1gua e fabricante de mochilas - Bulk Beauty Solutions<\/h5>\n<div class=\"flex flex-grow flex-col max-w-full\">\n<div class=\"min-h-[20px] text-message flex w-full flex-col items-end gap-2 whitespace-pre-wrap break-words [.text-message+&amp;]:mt-5 overflow-x-auto\" dir=\"auto\" data-message-author-role=\"assistant\" data-message-id=\"3d7d46f6-7ec2-4222-9257-48fa0bba23c6\" data-suggestions=\"true\">\n<div class=\"flex w-full flex-col gap-1 empty:hidden first:pt-[3px]\">\n<div class=\"markdown prose w-full break-words dark:prose-invert light\">\n<table width=\"288\">\n<tbody>\n<tr>\n<td width=\"137\"><span style=\"color: #333333;\">Nome dos produtos<\/span><\/td>\n<td width=\"151\"><span style=\"color: #333333;\">Bolsa de maquiagem<\/span><\/td>\n<\/tr>\n<tr>\n<td><span style=\"color: #333333;\">Item No.<\/span><\/td>\n<td><span style=\"color: #333333;\">PB-2103<\/span><\/td>\n<\/tr>\n<tr>\n<td><span style=\"color: #333333;\">Material<\/span><\/td>\n<td><span style=\"color: #333333;\">Algod\u00e3o, poli\u00e9ster, velo<\/span><\/td>\n<\/tr>\n<tr>\n<td><span style=\"color: #333333;\">\u00a0Tamanho e cor<\/span><\/td>\n<td><span style=\"color: #333333;\">Personalizado<\/span><\/td>\n<\/tr>\n<tr>\n<td><span style=\"color: #333333;\">\u00a0Prazo de entrega<\/span><\/td>\n<td><span style=\"color: #333333;\">De 1 a 5 dias para pequenas quantidades por via a\u00e9rea e de 30 a 35 dias para grandes quantidades por via mar\u00edtima<\/span><\/td>\n<\/tr>\n<\/tbody>\n<\/table>\n<p>Como principal fabricante de bolsas de maquiagem e f\u00e1brica de bolsas \u00e0 prova d'\u00e1gua da China, somos especializados na produ\u00e7\u00e3o de grandes bolsas de cosm\u00e9ticos para marcas globais de beleza. Nossa empresa de bolsas de maquiagem fornece:<\/p>\n<p>\u2705 <strong>Z\u00edperes \u00e0 prova d'\u00e1gua IPX5<\/strong> (couro vegano + poli\u00e9ster reciclado 600D)<br \/>\n\u2705 <strong>Compartimentos de grandes dimens\u00f5es<\/strong> com encaixes para escova\/espelho (MOQ 200 p\u00e7s)<br \/>\n\u2705 <strong>Servi\u00e7os ODM\/OEM<\/strong> para bolsas de maquiagem de marca pr\u00f3pria<br \/>\n\u2705 <strong>Produ\u00e7\u00e3o de bolsas de maquiagem a granel<\/strong> com entrega em 12 dias<\/p>\n<p>Confiado por atacadistas de bolsas de maquiagem e varejistas de cosm\u00e9ticos de luxo. Principais recursos:<br \/>\n- Bolsos para cart\u00f5es com bloqueio de RFID e forro antifurto<br \/>\n- Al\u00e7as de pulso remov\u00edveis e embalagem pronta para presente<br \/>\n- Materiais livres de crueldade com certifica\u00e7\u00e3o OEKO-Tex<\/p>\n<p><strong>Por que escolher nossa f\u00e1brica de bolsas de maquiagem<\/strong>:<br \/>\nMais de 15 anos como os principais exportadores de bolsas de maquiagem da China<br \/>\nDesign 3D gratuito com a paleta de cores de sua marca<br \/>\nProdu\u00e7\u00e3o sustent\u00e1vel com certifica\u00e7\u00e3o SGS\/REACH<br \/>\nDesconto 30% para fornecedores de bolsas de maquiagem com mais de 3.000 unidades<\/p>\n<p>Solicite amostras gr\u00e1tis de nossa bolsa para cosm\u00e9ticos ou obtenha cota\u00e7\u00f5es instant\u00e2neas. Os fornecedores de bolsas de maquiagem gostam:<br \/>\n- MOQ personalizado a partir de 200 unidades<br \/>\n- Certifica\u00e7\u00f5es de qualidade espec\u00edficas do lote<br \/>\n- Aloca\u00e7\u00e3o priorit\u00e1ria de frete a\u00e9reo\/mar\u00edtimo<\/p>\n<\/div>\n<\/div>\n<\/div>\n<\/div>","protected":false},"excerpt":{"rendered":"<h2 data-immersive-translate-walked=\"344be1c1-5052-41eb-8fcd-0dbe236a0d6b\" data-immersive-translate-paragraph=\"1\">Fabricante de bolsas grandes para cosm\u00e9ticos<\/h2>\n<p>Fornecemos bolsas premium com personaliza\u00e7\u00e3o total de tamanho e cor, tecidos dur\u00e1veis e qualidade certificada.<\/p>\n<p>Aproveite os MOQs flex\u00edveis, o envio global r\u00e1pido e as solu\u00e7\u00f5es de marca pr\u00f3pria.<\/p>\n<p>Entre em contato conosco hoje mesmo!<\/p>","protected":false},"featured_media":3880,"template":"","meta":{"_uag_custom_page_level_css":""},"product_brand":[],"product_cat":[53],"product_tag":[],"class_list":{"0":"post-3875","1":"product","2":"type-product","3":"status-publish","4":"has-post-thumbnail","6":"product_cat-makeup-bag","8":"first","9":"instock","10":"shipping-taxable","11":"product-type-simple"},"uagb_featured_image_src":{"full":["https:\/\/pecbag.com\/wp-content\/uploads\/2025\/05\/Large-Cosmetic-Pouch-Manufacturer-2.jpeg",600,600,false],"thumbnail":["https:\/\/pecbag.com\/wp-content\/uploads\/2025\/05\/Large-Cosmetic-Pouch-Manufacturer-2-150x150.jpeg",150,150,true],"medium":["https:\/\/pecbag.com\/wp-content\/uploads\/2025\/05\/Large-Cosmetic-Pouch-Manufacturer-2-300x300.jpeg",300,300,true],"medium_large":["https:\/\/pecbag.com\/wp-content\/uploads\/2025\/05\/Large-Cosmetic-Pouch-Manufacturer-2.jpeg",600,600,false],"large":["https:\/\/pecbag.com\/wp-content\/uploads\/2025\/05\/Large-Cosmetic-Pouch-Manufacturer-2.jpeg",600,600,false],"1536x1536":["https:\/\/pecbag.com\/wp-content\/uploads\/2025\/05\/Large-Cosmetic-Pouch-Manufacturer-2.jpeg",600,600,false],"2048x2048":["https:\/\/pecbag.com\/wp-content\/uploads\/2025\/05\/Large-Cosmetic-Pouch-Manufacturer-2.jpeg",600,600,false],"trp-custom-language-flag":["https:\/\/pecbag.com\/wp-content\/uploads\/2025\/05\/Large-Cosmetic-Pouch-Manufacturer-2-12x12.jpeg",12,12,true],"woocommerce_thumbnail":["https:\/\/pecbag.com\/wp-content\/uploads\/2025\/05\/Large-Cosmetic-Pouch-Manufacturer-2-300x300.jpeg",300,300,true],"woocommerce_single":["https:\/\/pecbag.com\/wp-content\/uploads\/2025\/05\/Large-Cosmetic-Pouch-Manufacturer-2.jpeg",600,600,false],"woocommerce_gallery_thumbnail":["https:\/\/pecbag.com\/wp-content\/uploads\/2025\/05\/Large-Cosmetic-Pouch-Manufacturer-2-100x100.jpeg",100,100,true]},"uagb_author_info":{"display_name":"Lawrence","author_link":"https:\/\/pecbag.com\/br\/author\/"},"uagb_comment_info":0,"uagb_excerpt":"Large Cosmetic Pouch Manufacturer We provide premium bags with full-size and color customization, durable fabrics, and certified quality. Enjoy flexible MOQs, fast global shipping, and private label solutions. Contact us today!","_links":{"self":[{"href":"https:\/\/pecbag.com\/br\/wp-json\/wp\/v2\/product\/3875","targetHints":{"allow":["GET"]}}],"collection":[{"href":"https:\/\/pecbag.com\/br\/wp-json\/wp\/v2\/product"}],"about":[{"href":"https:\/\/pecbag.com\/br\/wp-json\/wp\/v2\/types\/product"}],"wp:featuredmedia":[{"embeddable":true,"href":"https:\/\/pecbag.com\/br\/wp-json\/wp\/v2\/media\/3880"}],"wp:attachment":[{"href":"https:\/\/pecbag.com\/br\/wp-json\/wp\/v2\/media?parent=3875"}],"wp:term":[{"taxonomy":"product_brand","embeddable":true,"href":"https:\/\/pecbag.com\/br\/wp-json\/wp\/v2\/product_brand?post=3875"},{"taxonomy":"product_cat","embeddable":true,"href":"https:\/\/pecbag.com\/br\/wp-json\/wp\/v2\/product_cat?post=3875"},{"taxonomy":"product_tag","embeddable":true,"href":"https:\/\/pecbag.com\/br\/wp-json\/wp\/v2\/product_tag?post=3875"}],"curies":[{"name":"wp","href":"https:\/\/api.w.org\/{rel}","templated":true}]}}