{"id":3889,"date":"2025-05-28T08:44:52","date_gmt":"2025-05-28T08:44:52","guid":{"rendered":"https:\/\/pecbag.com\/?post_type=product&#038;p=3889"},"modified":"2025-11-29T01:30:37","modified_gmt":"2025-11-29T01:30:37","slug":"multifunctional-storage-makeup-bag","status":"publish","type":"product","link":"https:\/\/pecbag.com\/br\/multifunctional-storage-makeup-bag\/","title":{"rendered":"Bolsa de maquiagem multifuncional para armazenamento"},"content":{"rendered":"<h5 title=\"Bolsa dobr\u00e1vel para c\u00e3es Bolsa de ombro de malha respir\u00e1vel para c\u00e3es e gatos de pequeno porte\" data-immersive-translate-walked=\"1c928421-2e42-4cd3-8754-5404553c0af5\" data-immersive-translate-paragraph=\"1\" data-spm-anchor-id=\"a2700.details.0.i35.4f6757d4w4zNZA\">Bolsas de maquiagem multifuncionais para armazenamento - F\u00e1brica de bolsas \u00e0 prova d'\u00e1gua e fabricante de mochilas - Bulk Beauty Solutions<\/h5>\n<div class=\"flex flex-grow flex-col max-w-full\">\n<div class=\"min-h-[20px] text-message flex w-full flex-col items-end gap-2 whitespace-pre-wrap break-words [.text-message+&amp;]:mt-5 overflow-x-auto\" dir=\"auto\" data-message-author-role=\"assistant\" data-message-id=\"3d7d46f6-7ec2-4222-9257-48fa0bba23c6\" data-suggestions=\"true\">\n<div class=\"flex w-full flex-col gap-1 empty:hidden first:pt-[3px]\">\n<div class=\"markdown prose w-full break-words dark:prose-invert light\">\n<table width=\"288\">\n<tbody>\n<tr>\n<td width=\"137\"><span style=\"color: #333333;\">Nome dos produtos<\/span><\/td>\n<td width=\"151\"><span style=\"color: #333333;\">Bolsa de maquiagem<\/span><\/td>\n<\/tr>\n<tr>\n<td><span style=\"color: #333333;\">Item No.<\/span><\/td>\n<td><span style=\"color: #333333;\">PB-2105<\/span><\/td>\n<\/tr>\n<tr>\n<td><span style=\"color: #333333;\">Material<\/span><\/td>\n<td>Couro PU<\/td>\n<\/tr>\n<tr>\n<td><span style=\"color: #333333;\">Tamanho<\/span><\/td>\n<td>9,25*4,33*4,33 polegadas<\/td>\n<\/tr>\n<tr>\n<td><span style=\"color: #333333;\">\u00a0Prazo de entrega<\/span><\/td>\n<td><span style=\"color: #333333;\">De 1 a 5 dias para pequenas quantidades por via a\u00e9rea e de 30 a 35 dias para grandes quantidades por via mar\u00edtima<\/span><\/td>\n<\/tr>\n<\/tbody>\n<\/table>\n<p>Como principal fabricante de bolsas de maquiagem e f\u00e1brica de bolsas \u00e0 prova d'\u00e1gua da China, inovamos em bolsas de maquiagem multifuncionais para marcas globais de beleza. Nossa empresa de bolsas de maquiagem fornece:<\/p>\n<p>\u2705 <strong>Compartimentos \u00e0 prova d'\u00e1gua IPX5<\/strong> (poli\u00e9ster reciclado 600D + costuras soldadas)<br \/>\n\u2705 <strong>Organizadores personaliz\u00e1veis<\/strong> com mais de 12 slots (MOQ 200 p\u00e7s)<br \/>\n\u2705 <strong>Servi\u00e7os ODM\/OEM<\/strong> para bolsas de maquiagem de marca pr\u00f3pria<br \/>\n\u2705 <strong>Produ\u00e7\u00e3o de bolsas de maquiagem a granel<\/strong> com entrega em 10 dias<\/p>\n<p>Confi\u00e1vel por atacadistas de bolsas de maquiagem e varejistas de cosm\u00e9ticos. Principais recursos:<br \/>\n- Porta-escovas remov\u00edvel e espelho de LED embutido<br \/>\n- Compartimentos para cart\u00f5es com bloqueio de RFID e forro antibacteriano<br \/>\n- Acentos em couro vegano com certifica\u00e7\u00e3o OEKO-Tex<\/p>\n<p><strong>Por que escolher nossa f\u00e1brica de bolsas de maquiagem<\/strong>:<br \/>\nMais de 15 anos como os principais exportadores de bolsas de maquiagem da China<br \/>\nDesign 3D gratuito com a identidade visual de sua marca<br \/>\nMateriais ecologicamente corretos com certifica\u00e7\u00e3o SGS\/REACH<br \/>\nDesconto 30% para fornecedores de bolsas de maquiagem com mais de 3.000 unidades<\/p>\n<p>Solicite amostras gr\u00e1tis de nossa bolsa de maquiagem de armazenamento ou obtenha cota\u00e7\u00f5es instant\u00e2neas. Os fornecedores de bolsas de maquiagem gostam:<br \/>\n- MOQ personalizado a partir de 200 unidades<br \/>\n- Relat\u00f3rios de controle de qualidade espec\u00edficos do lote<br \/>\n- Aloca\u00e7\u00e3o priorit\u00e1ria de frete a\u00e9reo\/mar\u00edtimo<\/p>\n<\/div>\n<\/div>\n<\/div>\n<\/div>","protected":false},"excerpt":{"rendered":"<h2 data-immersive-translate-walked=\"344be1c1-5052-41eb-8fcd-0dbe236a0d6b\" data-immersive-translate-paragraph=\"1\">Bolsa de maquiagem multifuncional para armazenamento<\/h2>\n<p><span class=\"a-list-item\">1. TECIDO DA BOLSA DE MAQUIAGEM\u3011 - A bolsa de cosm\u00e9ticos de viagem de grande capacidade \u00e9 feita de couro PU \u00e0 prova d'\u00e1gua com prote\u00e7\u00e3o ambiental, com interior de poli\u00e9ster 100%.<\/span><\/p>\n<p><span class=\"a-list-item\">2. \u3010Design fino e port\u00e1til\u3011- O organizador de maquiagem para viagem com boca aberta plana de 180 graus \u00e9 o design mais conveniente. A costura de camada dupla \u00e9 dur\u00e1vel; o z\u00edper duplo \u00e9 mais pr\u00e1tico e f\u00e1cil de abrir<\/span><\/p>\n<p><span class=\"a-list-item\">3. \u3010MULTI-FUNCIONAL\u3011- N\u00e3o s\u00f3 pode ser usada como uma bolsa de cosm\u00e9ticos para viagem, uma bolsa de maquiagem, mas tamb\u00e9m como um organizador de viagem para cosm\u00e9ticos, ferramentas de maquiagem, carregador e cabos, uma bolsa de higiene pessoal para mulheres, adequada para todos os tipos de uso di\u00e1rio ou de viagem, e trar\u00e1 grande conveni\u00eancia para sua vida.<\/span><\/p>","protected":false},"featured_media":3894,"template":"","meta":{"_uag_custom_page_level_css":""},"product_brand":[],"product_cat":[53],"product_tag":[],"class_list":{"0":"post-3889","1":"product","2":"type-product","3":"status-publish","4":"has-post-thumbnail","6":"product_cat-makeup-bag","8":"first","9":"instock","10":"shipping-taxable","11":"product-type-simple"},"uagb_featured_image_src":{"full":["https:\/\/pecbag.com\/wp-content\/uploads\/2025\/05\/Multifunctional-Storage-Makeup-Bag-7.jpg",1600,1600,false],"thumbnail":["https:\/\/pecbag.com\/wp-content\/uploads\/2025\/05\/Multifunctional-Storage-Makeup-Bag-7-150x150.jpg",150,150,true],"medium":["https:\/\/pecbag.com\/wp-content\/uploads\/2025\/05\/Multifunctional-Storage-Makeup-Bag-7-300x300.jpg",300,300,true],"medium_large":["https:\/\/pecbag.com\/wp-content\/uploads\/2025\/05\/Multifunctional-Storage-Makeup-Bag-7-768x768.jpg",768,768,true],"large":["https:\/\/pecbag.com\/wp-content\/uploads\/2025\/05\/Multifunctional-Storage-Makeup-Bag-7-1024x1024.jpg",800,800,true],"1536x1536":["https:\/\/pecbag.com\/wp-content\/uploads\/2025\/05\/Multifunctional-Storage-Makeup-Bag-7-1536x1536.jpg",1536,1536,true],"2048x2048":["https:\/\/pecbag.com\/wp-content\/uploads\/2025\/05\/Multifunctional-Storage-Makeup-Bag-7.jpg",1600,1600,false],"trp-custom-language-flag":["https:\/\/pecbag.com\/wp-content\/uploads\/2025\/05\/Multifunctional-Storage-Makeup-Bag-7-12x12.jpg",12,12,true],"woocommerce_thumbnail":["https:\/\/pecbag.com\/wp-content\/uploads\/2025\/05\/Multifunctional-Storage-Makeup-Bag-7-300x300.jpg",300,300,true],"woocommerce_single":["https:\/\/pecbag.com\/wp-content\/uploads\/2025\/05\/Multifunctional-Storage-Makeup-Bag-7-600x600.jpg",600,600,true],"woocommerce_gallery_thumbnail":["https:\/\/pecbag.com\/wp-content\/uploads\/2025\/05\/Multifunctional-Storage-Makeup-Bag-7-100x100.jpg",100,100,true]},"uagb_author_info":{"display_name":"Lawrence","author_link":"https:\/\/pecbag.com\/br\/author\/"},"uagb_comment_info":0,"uagb_excerpt":"Multifunctional Storage Makeup Bag 1. \u3010 MAKEUP BAG FABRIC\u3011- The large capacity travel cosmetic bag is made from environmentally protection water water-proof PU leather, 100% polyester inner 2. \u3010SLIM &amp; PORTABLE DESIGN\u3011- The travel makeup organizer of 180-degree flat open mouth is the most convenient design. Double-layer sewing is durable; Double zipper is more convenient&hellip;","_links":{"self":[{"href":"https:\/\/pecbag.com\/br\/wp-json\/wp\/v2\/product\/3889","targetHints":{"allow":["GET"]}}],"collection":[{"href":"https:\/\/pecbag.com\/br\/wp-json\/wp\/v2\/product"}],"about":[{"href":"https:\/\/pecbag.com\/br\/wp-json\/wp\/v2\/types\/product"}],"wp:featuredmedia":[{"embeddable":true,"href":"https:\/\/pecbag.com\/br\/wp-json\/wp\/v2\/media\/3894"}],"wp:attachment":[{"href":"https:\/\/pecbag.com\/br\/wp-json\/wp\/v2\/media?parent=3889"}],"wp:term":[{"taxonomy":"product_brand","embeddable":true,"href":"https:\/\/pecbag.com\/br\/wp-json\/wp\/v2\/product_brand?post=3889"},{"taxonomy":"product_cat","embeddable":true,"href":"https:\/\/pecbag.com\/br\/wp-json\/wp\/v2\/product_cat?post=3889"},{"taxonomy":"product_tag","embeddable":true,"href":"https:\/\/pecbag.com\/br\/wp-json\/wp\/v2\/product_tag?post=3889"}],"curies":[{"name":"wp","href":"https:\/\/api.w.org\/{rel}","templated":true}]}}