{"id":3898,"date":"2025-05-28T08:53:24","date_gmt":"2025-05-28T08:53:24","guid":{"rendered":"https:\/\/pecbag.com\/?post_type=product&#038;p=3898"},"modified":"2025-11-29T01:30:29","modified_gmt":"2025-11-29T01:30:29","slug":"heavy-duty-tool-bag-carrier","status":"publish","type":"product","link":"https:\/\/pecbag.com\/br\/heavy-duty-tool-bag-carrier\/","title":{"rendered":"Transportador de bolsa de ferramentas para servi\u00e7os pesados - Solu\u00e7\u00f5es para fabricantes OEM industriais"},"content":{"rendered":"<h5 title=\"Bolsa dobr\u00e1vel para c\u00e3es Bolsa de ombro de malha respir\u00e1vel para c\u00e3es e gatos de pequeno porte\" data-immersive-translate-walked=\"1c928421-2e42-4cd3-8754-5404553c0af5\" data-immersive-translate-paragraph=\"1\" data-spm-anchor-id=\"a2700.details.0.i35.4f6757d4w4zNZA\">Fabricante de bolsas e mochilas \u00e0 prova d'\u00e1gua - Bulk Industrial Solutions<\/h5>\n<div class=\"flex flex-grow flex-col max-w-full\">\n<div class=\"min-h-[20px] text-message flex w-full flex-col items-end gap-2 whitespace-pre-wrap break-words [.text-message+&amp;]:mt-5 overflow-x-auto\" dir=\"auto\" data-message-author-role=\"assistant\" data-message-id=\"3d7d46f6-7ec2-4222-9257-48fa0bba23c6\" data-suggestions=\"true\">\n<div class=\"flex w-full flex-col gap-1 empty:hidden first:pt-[3px]\">\n<div class=\"markdown prose w-full break-words dark:prose-invert light\">\n<table width=\"288\">\n<tbody>\n<tr>\n<td width=\"137\"><span style=\"color: #333333;\">Nome dos produtos<\/span><\/td>\n<td width=\"151\">Bolsa de ferramentas<\/td>\n<\/tr>\n<tr>\n<td><span style=\"color: #333333;\">Item No.<\/span><\/td>\n<td><span style=\"color: #333333;\">PB-2106<\/span><\/td>\n<\/tr>\n<tr>\n<td><span style=\"color: #333333;\">Material<\/span><\/td>\n<td>100% poli\u00e9ster reciclado<\/td>\n<\/tr>\n<tr>\n<td><span style=\"color: #333333;\">\u00a0Tamanho e cor<\/span><\/td>\n<td>Personalizado<\/td>\n<\/tr>\n<tr>\n<td><span style=\"color: #333333;\">\u00a0Prazo de entrega<\/span><\/td>\n<td><span style=\"color: #333333;\">De 1 a 5 dias para pequenas quantidades por via a\u00e9rea e de 30 a 35 dias para grandes quantidades por via mar\u00edtima<\/span><\/td>\n<\/tr>\n<\/tbody>\n<\/table>\n<p>Como principal fabricante de bolsas para ferramentas e f\u00e1brica de bolsas \u00e0 prova d'\u00e1gua da China, projetamos transportadores de bolsas para ferramentas para servi\u00e7os pesados para marcas industriais globais. Nossa empresa de bolsas para ferramentas fornece:<\/p>\n<p>\u2705 <strong>Prote\u00e7\u00e3o IPX6 \u00e0 prova d'\u00e1gua<\/strong> (poli\u00e9ster revestido de PVC 1000D + costuras soldadas)<br \/>\n\u2705 <strong>Capacidade de carga de 50 kg<\/strong> com cintas MOLLE\/PALS (MOQ 200 p\u00e7s)<br \/>\n\u2705 <strong>Servi\u00e7os ODM\/OEM<\/strong> para sacos de ferramentas de marca pr\u00f3pria<br \/>\n\u2705 <strong>Produ\u00e7\u00e3o de sacos de ferramentas a granel<\/strong> com entrega em 10 dias<\/p>\n<p>Confiado por atacadistas de bolsas de ferramentas e fornecedores de MRO. Principais recursos:<br \/>\n- An\u00e9is em D de a\u00e7o refor\u00e7ado e ombreiras antiderrapantes<br \/>\n- Loops de ferramentas de acesso r\u00e1pido e sistema de painel modular<br \/>\n- Etiquetas de ativos RFID e materiais com certifica\u00e7\u00e3o OEKO-Tex<\/p>\n<p><strong>Por que fazer parceria com nossa f\u00e1brica de bolsas de ferramentas<\/strong>:<br \/>\nMais de 18 anos como os principais exportadores de bolsas para ferramentas da China<br \/>\nDesign 3D gratuito com sua marca industrial<br \/>\n\ud83d\udd39 Materiais resistentes com certifica\u00e7\u00e3o SGS\/REACH<br \/>\nDesconto 30% para fornecedores de bolsas de ferramentas com mais de 3.000 unidades<\/p>\n<p>Solicite amostras gr\u00e1tis de nosso porta-ferramentas ou obtenha cota\u00e7\u00f5es instant\u00e2neas. Os fornecedores de bolsas de ferramentas gostam:<br \/>\n- MOQ personalizado a partir de 200 unidades<br \/>\n- Relat\u00f3rios de teste de abras\u00e3o espec\u00edficos do lote<br \/>\n- Aloca\u00e7\u00e3o priorit\u00e1ria de carga a\u00e9rea\/mar\u00edtima<\/p>\n<\/div>\n<\/div>\n<\/div>\n<\/div>","protected":false},"excerpt":{"rendered":"<h2 data-immersive-translate-walked=\"344be1c1-5052-41eb-8fcd-0dbe236a0d6b\" data-immersive-translate-paragraph=\"1\">Suporte para bolsa de ferramentas para trabalho pesado<\/h2>\n<p>Eleve o n\u00edvel de seu kit de ferramentas com esta bolsa de ferramentas para servi\u00e7o pesado com bolso de 15 polegadas.<\/p>\n<p>Fabricada em poli\u00e9ster reciclado 100%, essa bolsa preta com acabamento texturizado possui um compartimento principal com z\u00edper e 35 bolsos, oferecendo muito espa\u00e7o e organiza\u00e7\u00e3o para todas as suas ferramentas e acess\u00f3rios.<\/p>\n<p>A al\u00e7a de ombro ajust\u00e1vel e as al\u00e7as superiores duplas oferecem op\u00e7\u00f5es de transporte vers\u00e1teis, facilitando o transporte de suas ferramentas, seja no local ou em tr\u00e2nsito.<\/p>","protected":false},"featured_media":3899,"template":"","meta":{"_uag_custom_page_level_css":""},"product_brand":[],"product_cat":[49],"product_tag":[],"class_list":{"0":"post-3898","1":"product","2":"type-product","3":"status-publish","4":"has-post-thumbnail","6":"product_cat-tool-bag","8":"first","9":"instock","10":"shipping-taxable","11":"product-type-simple"},"uagb_featured_image_src":{"full":["https:\/\/pecbag.com\/wp-content\/uploads\/2025\/05\/Heavy-Duty-Tool-Bag-Carrier-3.jpeg",800,800,false],"thumbnail":["https:\/\/pecbag.com\/wp-content\/uploads\/2025\/05\/Heavy-Duty-Tool-Bag-Carrier-3-150x150.jpeg",150,150,true],"medium":["https:\/\/pecbag.com\/wp-content\/uploads\/2025\/05\/Heavy-Duty-Tool-Bag-Carrier-3-300x300.jpeg",300,300,true],"medium_large":["https:\/\/pecbag.com\/wp-content\/uploads\/2025\/05\/Heavy-Duty-Tool-Bag-Carrier-3-768x768.jpeg",768,768,true],"large":["https:\/\/pecbag.com\/wp-content\/uploads\/2025\/05\/Heavy-Duty-Tool-Bag-Carrier-3.jpeg",800,800,false],"1536x1536":["https:\/\/pecbag.com\/wp-content\/uploads\/2025\/05\/Heavy-Duty-Tool-Bag-Carrier-3.jpeg",800,800,false],"2048x2048":["https:\/\/pecbag.com\/wp-content\/uploads\/2025\/05\/Heavy-Duty-Tool-Bag-Carrier-3.jpeg",800,800,false],"trp-custom-language-flag":["https:\/\/pecbag.com\/wp-content\/uploads\/2025\/05\/Heavy-Duty-Tool-Bag-Carrier-3-12x12.jpeg",12,12,true],"woocommerce_thumbnail":["https:\/\/pecbag.com\/wp-content\/uploads\/2025\/05\/Heavy-Duty-Tool-Bag-Carrier-3-300x300.jpeg",300,300,true],"woocommerce_single":["https:\/\/pecbag.com\/wp-content\/uploads\/2025\/05\/Heavy-Duty-Tool-Bag-Carrier-3-600x600.jpeg",600,600,true],"woocommerce_gallery_thumbnail":["https:\/\/pecbag.com\/wp-content\/uploads\/2025\/05\/Heavy-Duty-Tool-Bag-Carrier-3-100x100.jpeg",100,100,true]},"uagb_author_info":{"display_name":"Lawrence","author_link":"https:\/\/pecbag.com\/br\/author\/"},"uagb_comment_info":0,"uagb_excerpt":"Heavy-Duty Tool Bag Carrier Level up your toolkit with this 15-Inch Pocket Heavy-Duty Tool Bag. Made from 100% recycled polyester, this black bag with a textured finish boasts a zippered main compartment and 35 pockets, offering plenty of space and organization for all your tools and accessories. The adjustable shoulder strap and double top handles&hellip;","_links":{"self":[{"href":"https:\/\/pecbag.com\/br\/wp-json\/wp\/v2\/product\/3898","targetHints":{"allow":["GET"]}}],"collection":[{"href":"https:\/\/pecbag.com\/br\/wp-json\/wp\/v2\/product"}],"about":[{"href":"https:\/\/pecbag.com\/br\/wp-json\/wp\/v2\/types\/product"}],"wp:featuredmedia":[{"embeddable":true,"href":"https:\/\/pecbag.com\/br\/wp-json\/wp\/v2\/media\/3899"}],"wp:attachment":[{"href":"https:\/\/pecbag.com\/br\/wp-json\/wp\/v2\/media?parent=3898"}],"wp:term":[{"taxonomy":"product_brand","embeddable":true,"href":"https:\/\/pecbag.com\/br\/wp-json\/wp\/v2\/product_brand?post=3898"},{"taxonomy":"product_cat","embeddable":true,"href":"https:\/\/pecbag.com\/br\/wp-json\/wp\/v2\/product_cat?post=3898"},{"taxonomy":"product_tag","embeddable":true,"href":"https:\/\/pecbag.com\/br\/wp-json\/wp\/v2\/product_tag?post=3898"}],"curies":[{"name":"wp","href":"https:\/\/api.w.org\/{rel}","templated":true}]}}