{"id":4075,"date":"2025-06-18T02:06:30","date_gmt":"2025-06-18T02:06:30","guid":{"rendered":"https:\/\/pecbag.com\/?post_type=product&#038;p=4075"},"modified":"2025-11-29T01:28:37","modified_gmt":"2025-11-29T01:28:37","slug":"leakproof-fishing-cooler-bag-factory","status":"publish","type":"product","link":"https:\/\/pecbag.com\/br\/leakproof-fishing-cooler-bag-factory\/","title":{"rendered":"F\u00e1brica de bolsas t\u00e9rmicas para pesca \u00e0 prova de vazamentos"},"content":{"rendered":"<h5 title=\"Bolsa dobr\u00e1vel para c\u00e3es Bolsa de ombro de malha respir\u00e1vel para c\u00e3es e gatos de pequeno porte\" data-immersive-translate-walked=\"1c928421-2e42-4cd3-8754-5404553c0af5\" data-immersive-translate-paragraph=\"1\" data-spm-anchor-id=\"a2700.details.0.i35.4f6757d4w4zNZA\">\u00a0F\u00e1brica de bolsas t\u00e9rmicas para pesca \u00e0 prova de vazamentos | F\u00e1brica de bolsas industriais \u00e0 prova d'\u00e1gua e fabricante de mochilas para servi\u00e7os pesados | OEM a granel<\/h5>\n<div class=\"flex flex-grow flex-col max-w-full\">\n<div class=\"min-h-[20px] text-message flex w-full flex-col items-end gap-2 whitespace-pre-wrap break-words [.text-message+&amp;]:mt-5 overflow-x-auto\" dir=\"auto\" data-message-author-role=\"assistant\" data-message-id=\"3d7d46f6-7ec2-4222-9257-48fa0bba23c6\" data-suggestions=\"true\">\n<div class=\"flex w-full flex-col gap-1 empty:hidden first:pt-[3px]\">\n<div class=\"markdown prose w-full break-words dark:prose-invert light\">\n<table width=\"288\">\n<tbody>\n<tr>\n<td width=\"137\"><span style=\"color: #333333;\">Nome dos produtos<\/span><\/td>\n<td width=\"151\">Bolsa para prancha de surfe<\/td>\n<\/tr>\n<tr>\n<td><span style=\"color: #333333;\">Item No.<\/span><\/td>\n<td><span style=\"color: #333333;\">PB-2110<\/span><\/td>\n<\/tr>\n<tr>\n<td><span style=\"color: #333333;\">Material<\/span><\/td>\n<td>Lona de PVC 500D<\/td>\n<\/tr>\n<tr>\n<td><span style=\"color: #333333;\">Tamanho<\/span><\/td>\n<td>40,1*16,5 polegadas<\/td>\n<\/tr>\n<tr>\n<td><span style=\"color: #333333;\">\u00a0Prazo de entrega<\/span><\/td>\n<td><span style=\"color: #333333;\">De 1 a 5 dias para pequenas quantidades por via a\u00e9rea e de 30 a 35 dias para grandes quantidades por via mar\u00edtima<\/span><\/td>\n<\/tr>\n<\/tbody>\n<\/table>\n<p class=\"ds-markdown-paragraph\">Precisa de bolsas t\u00e9rmicas de pesca \u00e0 prova de vazamentos que sobrevivam a mares agitados e capturas sangrentas? Como uma das principais f\u00e1bricas de bolsas imperme\u00e1veis e fabricantes de mochilas na China, nossa f\u00e1brica de bolsas t\u00e9rmicas para pesca \u00e0 prova de vazamentos produz equipamentos prontos para a batalha para pescadores comerciais, marcas mar\u00edtimas e atacadistas de bolsas de pesca!<\/p>\n<p class=\"ds-markdown-paragraph\">\u2705\u00a0<strong>Por que mais de 200 compradores escolhem nossa f\u00e1brica:<\/strong><\/p>\n<ul>\n<li>\n<p class=\"ds-markdown-paragraph\"><strong>Garantia de vazamento zero<\/strong>: Costuras de TPU soldadas + cantos testados quanto \u00e0 press\u00e3o (resiste a 72 horas debaixo d'\u00e1gua!)<\/p>\n<\/li>\n<li>\n<p class=\"ds-markdown-paragraph\"><strong>Design Pro Angler<\/strong>: Porta-varas integrado + bandejas de isca remov\u00edveis - mant\u00e9m o equipamento organizado e captura o gelo<\/p>\n<\/li>\n<li>\n<p class=\"ds-markdown-paragraph\"><strong>Vantagens dos pedidos em massa<\/strong>: Produzir pedidos em massa de sacos de pesca (MOQ 50pcs) via ODM\/OEM de sacos de pesca ou marca pr\u00f3pria em 15 dias!<\/p>\n<\/li>\n<li>\n<p class=\"ds-markdown-paragraph\"><strong>Borda de custo da China<\/strong>: Como um dos principais fabricantes de sacos de pesca da China, a qualidade de n\u00edvel industrial atende aos pre\u00e7os de f\u00e1brica<\/p>\n<\/li>\n<\/ul>\n<p class=\"ds-markdown-paragraph\"><strong>Caracter\u00edsticas \u00e0 prova de mar:<\/strong><br \/>\n\ud83d\udd39\u00a0<strong>Isolamento ecol\u00f3gico de 5 cm<\/strong>\u00a0- Reten\u00e7\u00e3o de gelo duas vezes mais longa do que as bolsas padr\u00e3o<br \/>\nForro OEKO-TEX seguro para peixes (sem contamina\u00e7\u00e3o qu\u00edmica) + tamp\u00f5es de drenagem de sangue<br \/>\nBase de borracha antiderrapante + rodas de 360\u00b0 (pronto para o litoral rochoso)<br \/>\nHardware \u00e0 prova de ferrugem + lona de PVC 1200D resistente a raios UV<\/p>\n<p class=\"ds-markdown-paragraph\"><strong>Perfeito para:<\/strong><\/p>\n<ul>\n<li>\n<p class=\"ds-markdown-paragraph\">Frotas comerciais e vendedores de sacos de pesca<\/p>\n<\/li>\n<li>\n<p class=\"ds-markdown-paragraph\">Exportadores de equipamentos e atacadistas de sacos de pesca<\/p>\n<\/li>\n<li>\n<p class=\"ds-markdown-paragraph\">As marcas est\u00e3o criando linhas de marcas pr\u00f3prias de bolsas de pesca<\/p>\n<\/li>\n<\/ul>\n<p class=\"ds-markdown-paragraph\"><strong>Seu processo sem complica\u00e7\u00f5es:<\/strong><br \/>\n1\ufe0f\u20e3 Personalize cores\/capacidade (mais de 30 designs profissionais dispon\u00edveis)<br \/>\n2\ufe0f\u20e3 Prot\u00f3tipo em 6 dias \u2192 teste no oceano \u2192 produ\u00e7\u00e3o em massa<br \/>\n3\ufe0f\u20e3 Navio via redes de exporta\u00e7\u00e3o de sacos de pesca (DDP a\u00e9reo\/mar\u00edtimo globalmente)<\/p>\n<p class=\"ds-markdown-paragraph\"><strong>Crach\u00e1s de confian\u00e7a da f\u00e1brica:<\/strong><br \/>\nMais de 12 anos de experi\u00eancia na fabrica\u00e7\u00e3o de mochilas<br \/>\nParedes mais espessas do que as dos concorrentes do 40%<br \/>\n\u2705 Certifica\u00e7\u00f5es: ISO 9001, SGS, BSCI<\/p>\n<p class=\"ds-markdown-paragraph\"><strong>Pronto para obter lucros \u00e0 prova de vazamentos?<\/strong><br \/>\n\ud83d\udc49 [Amostra gr\u00e1tis testada em \u00e1gua salgada] \ud83d\udc49 [Dep\u00f3sito 20%] \ud83d\udc49 [Cota\u00e7\u00e3o 24 horas]<\/p>\n<\/div>\n<\/div>\n<\/div>\n<\/div>","protected":false},"excerpt":{"rendered":"<h2 data-immersive-translate-walked=\"344be1c1-5052-41eb-8fcd-0dbe236a0d6b\" data-immersive-translate-paragraph=\"1\">F\u00e1brica de bolsas t\u00e9rmicas para pesca \u00e0 prova de vazamentos<\/h2>\n<p>Fornecemos bolsas premium com personaliza\u00e7\u00e3o total de tamanho e cor, tecidos dur\u00e1veis e qualidade certificada.<\/p>\n<p>Aproveite os MOQs flex\u00edveis, o envio global r\u00e1pido e as solu\u00e7\u00f5es de marca pr\u00f3pria.<\/p>\n<p>Entre em contato conosco hoje mesmo!<\/p>","protected":false},"featured_media":4076,"template":"","meta":{"_uag_custom_page_level_css":""},"product_brand":[],"product_cat":[66,50,46],"product_tag":[],"class_list":{"0":"post-4075","1":"product","2":"type-product","3":"status-publish","4":"has-post-thumbnail","6":"product_cat-waterproof-bag","7":"product_cat-cooler-bag","8":"product_cat-fishing-bag","10":"first","11":"instock","12":"shipping-taxable","13":"product-type-simple"},"uagb_featured_image_src":{"full":["https:\/\/pecbag.com\/wp-content\/uploads\/2025\/06\/Leakproof-Fishing-Cooler-Bag-Factory-1.jpg",1000,1000,false],"thumbnail":["https:\/\/pecbag.com\/wp-content\/uploads\/2025\/06\/Leakproof-Fishing-Cooler-Bag-Factory-1-150x150.jpg",150,150,true],"medium":["https:\/\/pecbag.com\/wp-content\/uploads\/2025\/06\/Leakproof-Fishing-Cooler-Bag-Factory-1-300x300.jpg",300,300,true],"medium_large":["https:\/\/pecbag.com\/wp-content\/uploads\/2025\/06\/Leakproof-Fishing-Cooler-Bag-Factory-1-768x768.jpg",768,768,true],"large":["https:\/\/pecbag.com\/wp-content\/uploads\/2025\/06\/Leakproof-Fishing-Cooler-Bag-Factory-1.jpg",800,800,false],"1536x1536":["https:\/\/pecbag.com\/wp-content\/uploads\/2025\/06\/Leakproof-Fishing-Cooler-Bag-Factory-1.jpg",1000,1000,false],"2048x2048":["https:\/\/pecbag.com\/wp-content\/uploads\/2025\/06\/Leakproof-Fishing-Cooler-Bag-Factory-1.jpg",1000,1000,false],"trp-custom-language-flag":["https:\/\/pecbag.com\/wp-content\/uploads\/2025\/06\/Leakproof-Fishing-Cooler-Bag-Factory-1-12x12.jpg",12,12,true],"woocommerce_thumbnail":["https:\/\/pecbag.com\/wp-content\/uploads\/2025\/06\/Leakproof-Fishing-Cooler-Bag-Factory-1-300x300.jpg",300,300,true],"woocommerce_single":["https:\/\/pecbag.com\/wp-content\/uploads\/2025\/06\/Leakproof-Fishing-Cooler-Bag-Factory-1-600x600.jpg",600,600,true],"woocommerce_gallery_thumbnail":["https:\/\/pecbag.com\/wp-content\/uploads\/2025\/06\/Leakproof-Fishing-Cooler-Bag-Factory-1-100x100.jpg",100,100,true]},"uagb_author_info":{"display_name":"Lawrence","author_link":"https:\/\/pecbag.com\/br\/author\/"},"uagb_comment_info":0,"uagb_excerpt":"Leakproof Fishing Cooler Bag Factory We provide premium bags with full-size and color customization, durable fabrics, and certified quality. Enjoy flexible MOQs, fast global shipping, and private label solutions. Contact us today!","_links":{"self":[{"href":"https:\/\/pecbag.com\/br\/wp-json\/wp\/v2\/product\/4075","targetHints":{"allow":["GET"]}}],"collection":[{"href":"https:\/\/pecbag.com\/br\/wp-json\/wp\/v2\/product"}],"about":[{"href":"https:\/\/pecbag.com\/br\/wp-json\/wp\/v2\/types\/product"}],"wp:featuredmedia":[{"embeddable":true,"href":"https:\/\/pecbag.com\/br\/wp-json\/wp\/v2\/media\/4076"}],"wp:attachment":[{"href":"https:\/\/pecbag.com\/br\/wp-json\/wp\/v2\/media?parent=4075"}],"wp:term":[{"taxonomy":"product_brand","embeddable":true,"href":"https:\/\/pecbag.com\/br\/wp-json\/wp\/v2\/product_brand?post=4075"},{"taxonomy":"product_cat","embeddable":true,"href":"https:\/\/pecbag.com\/br\/wp-json\/wp\/v2\/product_cat?post=4075"},{"taxonomy":"product_tag","embeddable":true,"href":"https:\/\/pecbag.com\/br\/wp-json\/wp\/v2\/product_tag?post=4075"}],"curies":[{"name":"wp","href":"https:\/\/api.w.org\/{rel}","templated":true}]}}