{"id":4097,"date":"2025-06-19T02:24:25","date_gmt":"2025-06-19T02:24:25","guid":{"rendered":"https:\/\/pecbag.com\/?post_type=product&#038;p=4097"},"modified":"2025-11-29T01:29:20","modified_gmt":"2025-11-29T01:29:20","slug":"woodland-camo-waterproof-waist-hunting-bag","status":"publish","type":"product","link":"https:\/\/pecbag.com\/br\/woodland-camo-waterproof-waist-hunting-bag\/","title":{"rendered":"Bolsa de ca\u00e7a com cintura \u00e0 prova d'\u00e1gua Woodland Camo"},"content":{"rendered":"<h5 title=\"Bolsa dobr\u00e1vel para c\u00e3es Bolsa de ombro de malha respir\u00e1vel para c\u00e3es e gatos de pequeno porte\" data-immersive-translate-walked=\"1c928421-2e42-4cd3-8754-5404553c0af5\" data-immersive-translate-paragraph=\"1\" data-spm-anchor-id=\"a2700.details.0.i35.4f6757d4w4zNZA\">Fabricante de bolsa de ca\u00e7a com cintura imperme\u00e1vel Woodland Camo | F\u00e1brica de bolsa imperme\u00e1vel e fabricante de mochila t\u00e1tica | OEM a granel<\/h5>\n<p>Precisa de bolsas de ca\u00e7a de cintura imperme\u00e1veis com camuflagem de floresta que desapare\u00e7am no mato? Como uma das principais f\u00e1bricas de bolsas imperme\u00e1veis e fabricantes de mochilas da China, criamos bolsas t\u00e1ticas de cintura imperme\u00e1veis com camuflagem para ca\u00e7adores, fornecedores militares e atacadistas de bolsas de ca\u00e7a!<\/p>\n<div class=\"flex flex-grow flex-col max-w-full\">\n<div class=\"min-h-[20px] text-message flex w-full flex-col items-end gap-2 whitespace-pre-wrap break-words [.text-message+&amp;]:mt-5 overflow-x-auto\" dir=\"auto\" data-message-author-role=\"assistant\" data-message-id=\"3d7d46f6-7ec2-4222-9257-48fa0bba23c6\" data-suggestions=\"true\">\n<div class=\"flex w-full flex-col gap-1 empty:hidden first:pt-[3px]\">\n<div class=\"markdown prose w-full break-words dark:prose-invert light\">\n<table width=\"288\">\n<tbody>\n<tr>\n<td width=\"137\"><span style=\"color: #333333;\">Nome dos produtos<\/span><\/td>\n<td width=\"151\">Bolsa de ca\u00e7a<\/td>\n<\/tr>\n<tr>\n<td><span style=\"color: #333333;\">Item No.<\/span><\/td>\n<td><span style=\"color: #333333;\">PB-2113<\/span><\/td>\n<\/tr>\n<tr>\n<td><span style=\"color: #333333;\">Material<\/span><\/td>\n<td>Poli\u00e9ster 600D<\/td>\n<\/tr>\n<tr>\n<td><span style=\"color: #333333;\">Tamanho<\/span><\/td>\n<td>15 x 8,5 x 5 polegadas<\/td>\n<\/tr>\n<tr>\n<td><span style=\"color: #333333;\">\u00a0Prazo de entrega<\/span><\/td>\n<td><span style=\"color: #333333;\">De 1 a 5 dias para pequenas quantidades por via a\u00e9rea e de 30 a 35 dias para grandes quantidades por via mar\u00edtima<\/span><\/td>\n<\/tr>\n<\/tbody>\n<\/table>\n<p class=\"ds-markdown-paragraph\">\u2705\u00a0<strong>Por que os compradores t\u00e1ticos nos escolhem:<\/strong><\/p>\n<ul>\n<li>\n<p class=\"ds-markdown-paragraph\"><strong>True Wilderness Stealth<\/strong>: Camuflagem Realtree\u00ae licenciada + z\u00edperes foscos silenciosos - desaparecem nas florestas sem cheiro ou som!<\/p>\n<\/li>\n<li>\n<p class=\"ds-markdown-paragraph\"><strong>Guerreiro \u00e0 prova d'\u00e1gua<\/strong>: Constru\u00e7\u00e3o em TPU com veda\u00e7\u00e3o (classifica\u00e7\u00e3o IPX6) - atravesse riachos sem encharcar o equipamento.<\/p>\n<\/li>\n<li>\n<p class=\"ds-markdown-paragraph\"><strong>Pronto para pedidos em massa<\/strong>: Produzir pedidos em massa de bolsas de ca\u00e7a via ODM\/OEM ou marca pr\u00f3pria em 12 dias!<\/p>\n<\/li>\n<li>\n<p class=\"ds-markdown-paragraph\"><strong>Custo de energia na China<\/strong>: Como uma das principais f\u00e1bricas de bolsas de ca\u00e7a da China, a qualidade de n\u00edvel militar atende aos pre\u00e7os de f\u00e1brica.<\/p>\n<\/li>\n<\/ul>\n<p class=\"ds-markdown-paragraph\"><strong>Caracter\u00edsticas aprovadas pela Hunter:<\/strong><br \/>\n\ud83d\udd39\u00a0<strong>Design 3 em 1<\/strong>: Arn\u00eas de bino remov\u00edvel + forro \u00e0 prova de rastros de sangue + encaixes para cintas de \u00e1rvore<br \/>\nForro de carbono que bloqueia odores + sistema de fivela sem ru\u00eddo<br \/>\nCinto ajust\u00e1vel na cintura (compat\u00edvel com 28\u2033-48\u2033) + pain\u00e9is compat\u00edveis com Molle<br \/>\nBolsos dren\u00e1veis para jogos (capacidade para 20 lbs de equipamento ou jogo)<\/p>\n<p class=\"ds-markdown-paragraph\"><strong>Perfeito para:<\/strong><\/p>\n<ul>\n<li>\n<p class=\"ds-markdown-paragraph\">Fornecedores de bolsas de ca\u00e7a e equipamentos de ca\u00e7a<\/p>\n<\/li>\n<li>\n<p class=\"ds-markdown-paragraph\">Lojas de equipamentos t\u00e1ticos e atacadistas de bolsas de ca\u00e7a<\/p>\n<\/li>\n<li>\n<p class=\"ds-markdown-paragraph\">Marcas que criam linhas de ca\u00e7a de marca pr\u00f3pria Hunting Bag<\/p>\n<\/li>\n<\/ul>\n<p class=\"ds-markdown-paragraph\"><strong>Seu caminho de produ\u00e7\u00e3o:<\/strong><br \/>\n1\ufe0f\u20e3 Personalize os padr\u00f5es de camuflagem (ou use as licen\u00e7as Realtree\u00ae\/Mossy Oak\u00ae)<br \/>\n2\ufe0f\u20e3 Prot\u00f3tipo em 5 dias \u2192 teste de campo \u2192 produ\u00e7\u00e3o em massa<br \/>\n3\ufe0f\u20e3 Envio por meio de redes de exporta\u00e7\u00e3o de bolsas de ca\u00e7a (DDP para EUA\/UE)<\/p>\n<p class=\"ds-markdown-paragraph\"><strong>Credenciais de f\u00e1brica:<\/strong><br \/>\nMais de 10 anos de experi\u00eancia como fabricante de mochilas t\u00e1ticas<br \/>\n40% hardware mais silencioso do que as bolsas de ca\u00e7a padr\u00e3o<br \/>\n\u2705 Certifica\u00e7\u00f5es: ISO 9001, SGS, OEKO-TEX<\/p>\n<p class=\"ds-markdown-paragraph\"><strong>Pronto para estocar equipamentos de n\u00edvel fantasma?<\/strong><br \/>\n\ud83d\udc49\u00a0<strong>Amostra gr\u00e1tis de camuflagem<\/strong>\u00a0Dep\u00f3sito de 15% \ud83d\udc49 Cota\u00e7\u00e3o de 24 horas<\/p>\n<\/div>\n<\/div>\n<\/div>\n<\/div>","protected":false},"excerpt":{"rendered":"<h2 data-immersive-translate-walked=\"344be1c1-5052-41eb-8fcd-0dbe236a0d6b\" data-immersive-translate-paragraph=\"1\">Bolsa de ca\u00e7a com cintura \u00e0 prova d'\u00e1gua Woodland Camo<\/h2>\n<p>1. Essa pochete \u00e9 feita de tecido de poli\u00e9ster de alta qualidade com revestimento \u00e0 prova d'\u00e1gua de PVC, garantindo que seu equipamento permane\u00e7a seco e protegido em qualquer clima. Sua constru\u00e7\u00e3o robusta \u00e9 perfeita para ambientes externos dif\u00edceis, proporcionando armazenamento confi\u00e1vel para seus equipamentos essenciais de ca\u00e7a.<\/p>\n<p>2. A impress\u00e3o de camuflagem natural da floresta oferece oculta\u00e7\u00e3o superior, ajudando voc\u00ea a se misturar perfeitamente ao ambiente. Isso faz com que a pochete seja uma excelente op\u00e7\u00e3o para ca\u00e7a de veados, ca\u00e7a de perus e outras atividades ao ar livre em que \u00e9 fundamental ficar escondido.<\/p>\n<p>3. O design de camuflagem realista imita o ambiente natural, melhorando sua furtividade e aumentando suas chances de uma ca\u00e7ada bem-sucedida. O conforto e a capacidade de ajuste s\u00e3o os principais recursos dessa pochete.<\/p>\n<p>4. A al\u00e7a de n\u00e1ilon ajust\u00e1vel permite que voc\u00ea a use como uma mochila de quadril ou de corpo cruzado, proporcionando um ajuste personalizado para homens, mulheres e crian\u00e7as.<\/p>","protected":false},"featured_media":4098,"template":"","meta":{"_uag_custom_page_level_css":""},"product_brand":[],"product_cat":[54],"product_tag":[],"class_list":{"0":"post-4097","1":"product","2":"type-product","3":"status-publish","4":"has-post-thumbnail","6":"product_cat-hunting-bag","8":"first","9":"instock","10":"shipping-taxable","11":"product-type-simple"},"uagb_featured_image_src":{"full":["https:\/\/pecbag.com\/wp-content\/uploads\/2025\/06\/Woodland-Camo-Waterproof-Waist-Hunting-Bag-4.jpg",960,960,false],"thumbnail":["https:\/\/pecbag.com\/wp-content\/uploads\/2025\/06\/Woodland-Camo-Waterproof-Waist-Hunting-Bag-4-150x150.jpg",150,150,true],"medium":["https:\/\/pecbag.com\/wp-content\/uploads\/2025\/06\/Woodland-Camo-Waterproof-Waist-Hunting-Bag-4-300x300.jpg",300,300,true],"medium_large":["https:\/\/pecbag.com\/wp-content\/uploads\/2025\/06\/Woodland-Camo-Waterproof-Waist-Hunting-Bag-4-768x768.jpg",768,768,true],"large":["https:\/\/pecbag.com\/wp-content\/uploads\/2025\/06\/Woodland-Camo-Waterproof-Waist-Hunting-Bag-4.jpg",800,800,false],"1536x1536":["https:\/\/pecbag.com\/wp-content\/uploads\/2025\/06\/Woodland-Camo-Waterproof-Waist-Hunting-Bag-4.jpg",960,960,false],"2048x2048":["https:\/\/pecbag.com\/wp-content\/uploads\/2025\/06\/Woodland-Camo-Waterproof-Waist-Hunting-Bag-4.jpg",960,960,false],"trp-custom-language-flag":["https:\/\/pecbag.com\/wp-content\/uploads\/2025\/06\/Woodland-Camo-Waterproof-Waist-Hunting-Bag-4-12x12.jpg",12,12,true],"woocommerce_thumbnail":["https:\/\/pecbag.com\/wp-content\/uploads\/2025\/06\/Woodland-Camo-Waterproof-Waist-Hunting-Bag-4-300x300.jpg",300,300,true],"woocommerce_single":["https:\/\/pecbag.com\/wp-content\/uploads\/2025\/06\/Woodland-Camo-Waterproof-Waist-Hunting-Bag-4-600x600.jpg",600,600,true],"woocommerce_gallery_thumbnail":["https:\/\/pecbag.com\/wp-content\/uploads\/2025\/06\/Woodland-Camo-Waterproof-Waist-Hunting-Bag-4-100x100.jpg",100,100,true]},"uagb_author_info":{"display_name":"Lawrence","author_link":"https:\/\/pecbag.com\/br\/author\/"},"uagb_comment_info":0,"uagb_excerpt":"Woodland Camo Waterproof Waist Hunting Bag 1. This fanny pack is made from high-quality polyester fabric with a PVC waterproof coating, ensuring your gear stays dry and protected in any weather. Its robust construction is perfect for the rugged outdoors, providing reliable storage for your essential hunting gear. 2. The natural woodland camouflage printing offers&hellip;","_links":{"self":[{"href":"https:\/\/pecbag.com\/br\/wp-json\/wp\/v2\/product\/4097","targetHints":{"allow":["GET"]}}],"collection":[{"href":"https:\/\/pecbag.com\/br\/wp-json\/wp\/v2\/product"}],"about":[{"href":"https:\/\/pecbag.com\/br\/wp-json\/wp\/v2\/types\/product"}],"wp:featuredmedia":[{"embeddable":true,"href":"https:\/\/pecbag.com\/br\/wp-json\/wp\/v2\/media\/4098"}],"wp:attachment":[{"href":"https:\/\/pecbag.com\/br\/wp-json\/wp\/v2\/media?parent=4097"}],"wp:term":[{"taxonomy":"product_brand","embeddable":true,"href":"https:\/\/pecbag.com\/br\/wp-json\/wp\/v2\/product_brand?post=4097"},{"taxonomy":"product_cat","embeddable":true,"href":"https:\/\/pecbag.com\/br\/wp-json\/wp\/v2\/product_cat?post=4097"},{"taxonomy":"product_tag","embeddable":true,"href":"https:\/\/pecbag.com\/br\/wp-json\/wp\/v2\/product_tag?post=4097"}],"curies":[{"name":"wp","href":"https:\/\/api.w.org\/{rel}","templated":true}]}}