{"id":4131,"date":"2025-06-24T02:01:02","date_gmt":"2025-06-24T02:01:02","guid":{"rendered":"https:\/\/pecbag.com\/?post_type=product&#038;p=4131"},"modified":"2025-11-29T01:19:18","modified_gmt":"2025-11-29T01:19:18","slug":"custom-soft-tactical-storage-gun-bag","status":"publish","type":"product","link":"https:\/\/pecbag.com\/br\/custom-soft-tactical-storage-gun-bag\/","title":{"rendered":"Bolsa de armazenamento t\u00e1tico macio personalizada para armas"},"content":{"rendered":"<h5 title=\"Bolsa dobr\u00e1vel para c\u00e3es Bolsa de ombro de malha respir\u00e1vel para c\u00e3es e gatos de pequeno porte\" data-immersive-translate-walked=\"1c928421-2e42-4cd3-8754-5404553c0af5\" data-immersive-translate-paragraph=\"1\" data-spm-anchor-id=\"a2700.details.0.i35.4f6757d4w4zNZA\">Fabricante de bolsas para armas de armazenamento t\u00e1tico macio personalizado | F\u00e1brica de bolsas \u00e0 prova d'\u00e1gua e fabricante de mochilas t\u00e1ticas | OEM a granel<\/h5>\n<p>Precisa de bolsas t\u00e1ticas personalizadas para armazenamento de armas que protejam as armas de fogo\u00a0<em>e<\/em>\u00a0se movem como sombras? Como uma f\u00e1brica especializada em bolsas \u00e0 prova d'\u00e1gua e fabricante de mochilas na China, criamos bolsas de armas de armazenamento t\u00e1tico macio personalizadas para unidades militares, campos de tiro e atacadistas de bolsas de ca\u00e7a!<\/p>\n<div class=\"flex flex-grow flex-col max-w-full\">\n<div class=\"min-h-[20px] text-message flex w-full flex-col items-end gap-2 whitespace-pre-wrap break-words [.text-message+&amp;]:mt-5 overflow-x-auto\" dir=\"auto\" data-message-author-role=\"assistant\" data-message-id=\"3d7d46f6-7ec2-4222-9257-48fa0bba23c6\" data-suggestions=\"true\">\n<div class=\"flex w-full flex-col gap-1 empty:hidden first:pt-[3px]\">\n<div class=\"markdown prose w-full break-words dark:prose-invert light\">\n<table style=\"height: 251px;\" width=\"313\">\n<tbody>\n<tr>\n<td width=\"137\"><span style=\"color: #333333;\">Nome dos produtos<\/span><\/td>\n<td width=\"151\">Bolsa de ca\u00e7a<\/td>\n<\/tr>\n<tr>\n<td><span style=\"color: #333333;\">Item No.<\/span><\/td>\n<td><span style=\"color: #333333;\">PB-2118<\/span><\/td>\n<\/tr>\n<tr>\n<td><span style=\"color: #333333;\">Material<\/span><\/td>\n<td>Camuflagem 600D<\/td>\n<\/tr>\n<tr>\n<td><span style=\"color: #333333;\">Tamanho<\/span><\/td>\n<td>44 x 11 polegadas<\/td>\n<\/tr>\n<tr>\n<td><span style=\"color: #333333;\">\u00a0Prazo de entrega<\/span><\/td>\n<td><span style=\"color: #333333;\">De 1 a 5 dias para pequenas quantidades por via a\u00e9rea e de 30 a 35 dias para grandes quantidades por via mar\u00edtima<\/span><\/td>\n<\/tr>\n<\/tbody>\n<\/table>\n<p class=\"ds-markdown-paragraph\">\u2705\u00a0<strong>Por que os compradores t\u00e1ticos confiam em n\u00f3s:<\/strong><\/p>\n<ul>\n<li>\n<p class=\"ds-markdown-paragraph\"><strong>Silencioso e seguro<\/strong>Nylon acolchoado 600D + compartimentos forrados com espuma - sem ru\u00eddos, transporte discreto 100%!<\/p>\n<\/li>\n<li>\n<p class=\"ds-markdown-paragraph\"><strong>Personaliza\u00e7\u00e3o total<\/strong>: Projete bolsas de armas de armazenamento t\u00e1tico macio personalizadas com bainhas, bolsas para carregadores ou blocos RFID por meio da bolsa de ca\u00e7a ODM\/OEM!<\/p>\n<\/li>\n<li>\n<p class=\"ds-markdown-paragraph\"><strong>Vantagens dos pedidos em massa<\/strong>: Produza pedidos em massa de bolsas de ca\u00e7a com marca pr\u00f3pria em 12 dias!<\/p>\n<\/li>\n<li>\n<p class=\"ds-markdown-paragraph\"><strong>Custo de energia na China<\/strong>: Como uma das principais f\u00e1bricas de bolsas de ca\u00e7a da China, a qualidade de acordo com as especifica\u00e7\u00f5es militares atende aos pre\u00e7os de exporta\u00e7\u00e3o.<\/p>\n<\/li>\n<\/ul>\n<p class=\"ds-markdown-paragraph\"><strong>Recursos prontos para opera\u00e7\u00e3o:<\/strong><br \/>\n\ud83d\udd39\u00a0<strong>Design de perfil baixo<\/strong>: Dobr\u00e1vel no tamanho 30% - pode ser guardado em porta-malas ou arm\u00e1rios sem ser detectado<br \/>\nForro que absorve a umidade + z\u00edperes \u00e0 prova de corros\u00e3o (\u00e0 prova de \u00e1gua salgada\/neblina)<br \/>\nCortes compat\u00edveis com CCW + al\u00e7as de transporte ocultas<br \/>\nOp\u00e7\u00f5es em conformidade com o ITAR para contratos governamentais<\/p>\n<p class=\"ds-markdown-paragraph\"><strong>Perfeito para:<\/strong><\/p>\n<ul>\n<li>\n<p class=\"ds-markdown-paragraph\">Comerciantes de armas e vendedores de bolsas de ca\u00e7a<\/p>\n<\/li>\n<li>\n<p class=\"ds-markdown-paragraph\">Varejistas t\u00e1ticos e atacadistas de bolsas de ca\u00e7a<\/p>\n<\/li>\n<li>\n<p class=\"ds-markdown-paragraph\">As marcas est\u00e3o criando linhas de marcas pr\u00f3prias de bolsas de ca\u00e7a<\/p>\n<\/li>\n<\/ul>\n<p class=\"ds-markdown-paragraph\"><strong>Seu fluxo de trabalho secreto:<\/strong><br \/>\n1\ufe0f\u20e3 Enviar projetos\/c\u00f3digos Pantone \u2192 2\ufe0f\u20e3 Prot\u00f3tipo em 5 dias \u2192 3\ufe0f\u20e3 Teste de alcance \u2192 4\ufe0f\u20e3 Produ\u00e7\u00e3o em massa \u2192 5\ufe0f\u20e3 Envio via\u00a0<strong>Exporta\u00e7\u00e3o de bolsas de ca\u00e7a<\/strong>\u00a0redes<\/p>\n<p class=\"ds-markdown-paragraph\"><strong>Credenciais de f\u00e1brica:<\/strong><br \/>\nMais de 12 anos de experi\u00eancia na fabrica\u00e7\u00e3o de mochilas<br \/>\n\u2705 40% mais leve do que as maletas r\u00edgidas (vantagem de invisibilidade)<br \/>\nCertifica\u00e7\u00f5es: ISO 9001, SGS, ITAR-ready<\/p>\n<p class=\"ds-markdown-paragraph\"><strong>Pronto para armar os profissionais silenciosos?<\/strong><br \/>\n\ud83d\udc49 [Amostra discreta gratuita] \ud83d\udc49 [Dep\u00f3sito 25%] \ud83d\udc49 [Folha de especifica\u00e7\u00f5es 24h]<\/p>\n<\/div>\n<\/div>\n<\/div>\n<\/div>","protected":false},"excerpt":{"rendered":"<h2 data-immersive-translate-walked=\"344be1c1-5052-41eb-8fcd-0dbe236a0d6b\" data-immersive-translate-paragraph=\"1\">Bolsa para armas de armazenamento t\u00e1tico macio personalizada na f\u00e1brica<\/h2>\n<p><strong>1. F\u00e1cil de transportar:<\/strong> Pode ser carregada no ombro ou na al\u00e7a. Ajuste o comprimento da al\u00e7a de ombro de acordo com suas necessidades. Duas formas de transporte podem ser convenientes para suas necessidades. Armazene facilmente seu rifle ou espingarda em qualquer lugar.<\/p>\n<p><strong>2. Design perfeito<\/strong>: Design leve. O estojo principal para armas tem uma grande capacidade e um bolso externo com z\u00edper SBS. \u00c9 f\u00e1cil guardar seu estojo de espingarda em qualquer lugar.<\/p>","protected":false},"featured_media":4137,"template":"","meta":{"_uag_custom_page_level_css":""},"product_brand":[],"product_cat":[54],"product_tag":[],"class_list":{"0":"post-4131","1":"product","2":"type-product","3":"status-publish","4":"has-post-thumbnail","6":"product_cat-hunting-bag","8":"first","9":"instock","10":"shipping-taxable","11":"product-type-simple"},"uagb_featured_image_src":{"full":["https:\/\/pecbag.com\/wp-content\/uploads\/2025\/06\/Custom-Soft-Tactical-Storage-Gun-Bag-5.jpg",800,800,false],"thumbnail":["https:\/\/pecbag.com\/wp-content\/uploads\/2025\/06\/Custom-Soft-Tactical-Storage-Gun-Bag-5-150x150.jpg",150,150,true],"medium":["https:\/\/pecbag.com\/wp-content\/uploads\/2025\/06\/Custom-Soft-Tactical-Storage-Gun-Bag-5-300x300.jpg",300,300,true],"medium_large":["https:\/\/pecbag.com\/wp-content\/uploads\/2025\/06\/Custom-Soft-Tactical-Storage-Gun-Bag-5-768x768.jpg",768,768,true],"large":["https:\/\/pecbag.com\/wp-content\/uploads\/2025\/06\/Custom-Soft-Tactical-Storage-Gun-Bag-5.jpg",800,800,false],"1536x1536":["https:\/\/pecbag.com\/wp-content\/uploads\/2025\/06\/Custom-Soft-Tactical-Storage-Gun-Bag-5.jpg",800,800,false],"2048x2048":["https:\/\/pecbag.com\/wp-content\/uploads\/2025\/06\/Custom-Soft-Tactical-Storage-Gun-Bag-5.jpg",800,800,false],"trp-custom-language-flag":["https:\/\/pecbag.com\/wp-content\/uploads\/2025\/06\/Custom-Soft-Tactical-Storage-Gun-Bag-5-12x12.jpg",12,12,true],"woocommerce_thumbnail":["https:\/\/pecbag.com\/wp-content\/uploads\/2025\/06\/Custom-Soft-Tactical-Storage-Gun-Bag-5-300x300.jpg",300,300,true],"woocommerce_single":["https:\/\/pecbag.com\/wp-content\/uploads\/2025\/06\/Custom-Soft-Tactical-Storage-Gun-Bag-5-600x600.jpg",600,600,true],"woocommerce_gallery_thumbnail":["https:\/\/pecbag.com\/wp-content\/uploads\/2025\/06\/Custom-Soft-Tactical-Storage-Gun-Bag-5-100x100.jpg",100,100,true]},"uagb_author_info":{"display_name":"Lawrence","author_link":"https:\/\/pecbag.com\/br\/author\/"},"uagb_comment_info":0,"uagb_excerpt":"Custom Soft Tactical Storage Gun Bag Factory 1. Easy to Carry: It can be carried by shoulder carry or handle. Adjust the length of the shoulder strap according to your requirements. Two ways of carrying can be convenient for your needs. Easily to store your rifle or shotgun anywhere. 2. Perfect Design: Lightweight design. The&hellip;","_links":{"self":[{"href":"https:\/\/pecbag.com\/br\/wp-json\/wp\/v2\/product\/4131","targetHints":{"allow":["GET"]}}],"collection":[{"href":"https:\/\/pecbag.com\/br\/wp-json\/wp\/v2\/product"}],"about":[{"href":"https:\/\/pecbag.com\/br\/wp-json\/wp\/v2\/types\/product"}],"wp:featuredmedia":[{"embeddable":true,"href":"https:\/\/pecbag.com\/br\/wp-json\/wp\/v2\/media\/4137"}],"wp:attachment":[{"href":"https:\/\/pecbag.com\/br\/wp-json\/wp\/v2\/media?parent=4131"}],"wp:term":[{"taxonomy":"product_brand","embeddable":true,"href":"https:\/\/pecbag.com\/br\/wp-json\/wp\/v2\/product_brand?post=4131"},{"taxonomy":"product_cat","embeddable":true,"href":"https:\/\/pecbag.com\/br\/wp-json\/wp\/v2\/product_cat?post=4131"},{"taxonomy":"product_tag","embeddable":true,"href":"https:\/\/pecbag.com\/br\/wp-json\/wp\/v2\/product_tag?post=4131"}],"curies":[{"name":"wp","href":"https:\/\/api.w.org\/{rel}","templated":true}]}}