{"id":4210,"date":"2025-06-27T03:06:39","date_gmt":"2025-06-27T03:06:39","guid":{"rendered":"https:\/\/pecbag.com\/?post_type=product&#038;p=4210"},"modified":"2025-11-29T01:18:22","modified_gmt":"2025-11-29T01:18:22","slug":"custom-tactical-military-tool-bag","status":"publish","type":"product","link":"https:\/\/pecbag.com\/br\/custom-tactical-military-tool-bag\/","title":{"rendered":"Bolsa de ferramentas militar t\u00e1tica personalizada"},"content":{"rendered":"<h5 title=\"Bolsa dobr\u00e1vel para c\u00e3es Bolsa de ombro de malha respir\u00e1vel para c\u00e3es e gatos de pequeno porte\" data-immersive-translate-walked=\"1c928421-2e42-4cd3-8754-5404553c0af5\" data-immersive-translate-paragraph=\"1\" data-spm-anchor-id=\"a2700.details.0.i35.4f6757d4w4zNZA\"><strong>F\u00e1brica de bolsas de ferramentas militares t\u00e1ticas personalizadas | F\u00e1brica de bolsas \u00e0 prova d'\u00e1gua comprovadas em batalha e fabricante de mochilas MOLLE | Granel pronto para miss\u00f5es<\/strong><\/h5>\n<p>Precisa de bolsas de ferramentas militares t\u00e1ticas personalizadas prontas para a miss\u00e3o para fornecedores de defesa ou opera\u00e7\u00f5es de campo? Como uma f\u00e1brica de bolsas imperme\u00e1veis com certifica\u00e7\u00e3o ISO e fabricante de mochilas t\u00e1ticas na China (Tool Bag China), projetamos bolsas de ferramentas de especifica\u00e7\u00f5es militares com pain\u00e9is MOLLE personaliz\u00e1veis, z\u00edperes \u00e0 prova de corros\u00e3o e al\u00e7as de arrasto. Fa\u00e7a parceria com nosso fabricante de bolsas de ferramentas para pedidos em massa de bolsas de ferramentas - com a confian\u00e7a de atacadistas de bolsas de ferramentas, fornecedores militares e vendedores de bolsas de ferramentas em todo o mundo.<\/p>\n<div class=\"flex flex-grow flex-col max-w-full\">\n<div class=\"min-h-[20px] text-message flex w-full flex-col items-end gap-2 whitespace-pre-wrap break-words [.text-message+&amp;]:mt-5 overflow-x-auto\" dir=\"auto\" data-message-author-role=\"assistant\" data-message-id=\"3d7d46f6-7ec2-4222-9257-48fa0bba23c6\" data-suggestions=\"true\">\n<div class=\"flex w-full flex-col gap-1 empty:hidden first:pt-[3px]\">\n<div class=\"markdown prose w-full break-words dark:prose-invert light\">\n<table width=\"288\">\n<tbody>\n<tr>\n<td width=\"137\"><span style=\"color: #333333;\">Nome dos produtos<\/span><\/td>\n<td width=\"151\">Bolsa de ferramentas<\/td>\n<\/tr>\n<tr>\n<td><span style=\"color: #333333;\">Item No.<\/span><\/td>\n<td><span style=\"color: #333333;\">PB-2124<\/span><\/td>\n<\/tr>\n<tr>\n<td><span style=\"color: #333333;\">Material<\/span><\/td>\n<td>Nylon 1000D<\/td>\n<\/tr>\n<tr>\n<td><span style=\"color: #333333;\">Tamanho e cor<\/span><\/td>\n<td>8,8 x 1,5 x 6,8 polegadas<\/td>\n<\/tr>\n<tr>\n<td><span style=\"color: #333333;\">\u00a0Prazo de entrega<\/span><\/td>\n<td><span style=\"color: #333333;\">De 1 a 5 dias para pequenas quantidades por via a\u00e9rea e de 30 a 35 dias para grandes quantidades por via mar\u00edtima<\/span><\/td>\n<\/tr>\n<\/tbody>\n<\/table>\n<p class=\"ds-markdown-paragraph\">\u2705\u00a0<strong>Por que os comandantes escolhem nosso equipamento:<\/strong><\/p>\n<ul>\n<li>\n<p class=\"ds-markdown-paragraph\"><strong>Valida\u00e7\u00e3o do campo de batalha<\/strong>: Nylon revestido de PVC 1000D + costuras com pesponto duplo (testado de acordo com MIL-STD-810G)<\/p>\n<\/li>\n<li>\n<p class=\"ds-markdown-paragraph\">Bolsa de ferramentas ODM\/OEM com servi\u00e7os completos de marca pr\u00f3pria de bolsa de ferramentas<\/p>\n<\/li>\n<li>\n<p class=\"ds-markdown-paragraph\">Produ\u00e7\u00e3o em massa de bolsas de ferramentas com baixo MOQ (mais de 100 unidades)<\/p>\n<\/li>\n<li>\n<p class=\"ds-markdown-paragraph\">Exporta\u00e7\u00e3o discreta de bolsas de ferramentas de nossa f\u00e1brica segura de bolsas de ferramentas<\/p>\n<\/li>\n<li>\n<p class=\"ds-markdown-paragraph\">Op\u00e7\u00f5es em conformidade com o ITAR para contratos de defesa<\/p>\n<\/li>\n<\/ul>\n<p class=\"ds-markdown-paragraph\">\ud83c\udfaf\u00a0<strong>Caracter\u00edsticas Tactical Advantage:<\/strong><br \/>\n- Cinta modular MOLLE\/PALS + loops de r\u00e1dio\/equipamento<br \/>\n- Impermeabiliza\u00e7\u00e3o submers\u00edvel (classifica\u00e7\u00e3o IPX7)<br \/>\n- Pain\u00e9is de administra\u00e7\u00e3o de acesso r\u00e1pido + capas para documentos<br \/>\n- Configura\u00e7\u00f5es personalizadas via Tool Bag OEM<\/p>\n<p class=\"ds-markdown-paragraph\">Ideal para empresas de bolsas de ferramentas, distribuidores militares e redes de fornecedores de bolsas de ferramentas. Solicite um servi\u00e7o de projeto CAD GRATUITO de seu fabricante dedicado de bolsas de ferramentas hoje mesmo!<\/p>\n<\/div>\n<\/div>\n<\/div>\n<\/div>","protected":false},"excerpt":{"rendered":"<h2 data-immersive-translate-walked=\"344be1c1-5052-41eb-8fcd-0dbe236a0d6b\" data-immersive-translate-paragraph=\"1\">Bolsa de ferramentas militar t\u00e1tica personalizada<\/h2>\n<div>\n<p><strong>1. BOLSO FRONTAL OCULTO: <\/strong>Essa bolsa tem um compartimento frontal com fecho Hook-N-Loop, a parte externa frontal tem dois compartimentos grandes com um fecho de aba com adesivo m\u00e1gico para garantir que seus itens fiquem bem organizados e com grande capacidade de carga.<\/p>\n<p><strong>2. MONTADO EM MOLLE:<\/strong>\u00a0A bolsa de administra\u00e7\u00e3o Molle equipa 2 al\u00e7as traseiras Molle com encaixes fortes que se encaixam perfeitamente em 3 fileiras abertas de cintas Molle em seu colete, mochila ou equipamento de peito. \u00d3timo complemento para itens que podem ser alcan\u00e7ados sem tirar a mochila.<\/p>\n<\/div>","protected":false},"featured_media":4217,"template":"","meta":{"_uag_custom_page_level_css":""},"product_brand":[],"product_cat":[49,46],"product_tag":[],"class_list":{"0":"post-4210","1":"product","2":"type-product","3":"status-publish","4":"has-post-thumbnail","6":"product_cat-tool-bag","7":"product_cat-fishing-bag","9":"first","10":"instock","11":"shipping-taxable","12":"product-type-simple"},"uagb_featured_image_src":{"full":["https:\/\/pecbag.com\/wp-content\/uploads\/2025\/06\/Custom-5.jpg",1500,1500,false],"thumbnail":["https:\/\/pecbag.com\/wp-content\/uploads\/2025\/06\/Custom-5-150x150.jpg",150,150,true],"medium":["https:\/\/pecbag.com\/wp-content\/uploads\/2025\/06\/Custom-5-300x300.jpg",300,300,true],"medium_large":["https:\/\/pecbag.com\/wp-content\/uploads\/2025\/06\/Custom-5-768x768.jpg",768,768,true],"large":["https:\/\/pecbag.com\/wp-content\/uploads\/2025\/06\/Custom-5-1024x1024.jpg",800,800,true],"1536x1536":["https:\/\/pecbag.com\/wp-content\/uploads\/2025\/06\/Custom-5.jpg",1500,1500,false],"2048x2048":["https:\/\/pecbag.com\/wp-content\/uploads\/2025\/06\/Custom-5.jpg",1500,1500,false],"trp-custom-language-flag":["https:\/\/pecbag.com\/wp-content\/uploads\/2025\/06\/Custom-5-12x12.jpg",12,12,true],"woocommerce_thumbnail":["https:\/\/pecbag.com\/wp-content\/uploads\/2025\/06\/Custom-5-300x300.jpg",300,300,true],"woocommerce_single":["https:\/\/pecbag.com\/wp-content\/uploads\/2025\/06\/Custom-5-600x600.jpg",600,600,true],"woocommerce_gallery_thumbnail":["https:\/\/pecbag.com\/wp-content\/uploads\/2025\/06\/Custom-5-100x100.jpg",100,100,true]},"uagb_author_info":{"display_name":"Lawrence","author_link":"https:\/\/pecbag.com\/br\/author\/"},"uagb_comment_info":0,"uagb_excerpt":"Custom Tactical Military Tool Bag 1. FRONT HIDDEN POCKET: This pouch has a front compartment with Hook-N-Loop closure, the front exterior has two large compartments with a magic sticker flap closure to ensure your items well organized and strong loading capacity. 2. MOLLE MOUNTED:\u00a0Molle admin pouch equips 2 back Molle back straps with strong snaps&hellip;","_links":{"self":[{"href":"https:\/\/pecbag.com\/br\/wp-json\/wp\/v2\/product\/4210","targetHints":{"allow":["GET"]}}],"collection":[{"href":"https:\/\/pecbag.com\/br\/wp-json\/wp\/v2\/product"}],"about":[{"href":"https:\/\/pecbag.com\/br\/wp-json\/wp\/v2\/types\/product"}],"wp:featuredmedia":[{"embeddable":true,"href":"https:\/\/pecbag.com\/br\/wp-json\/wp\/v2\/media\/4217"}],"wp:attachment":[{"href":"https:\/\/pecbag.com\/br\/wp-json\/wp\/v2\/media?parent=4210"}],"wp:term":[{"taxonomy":"product_brand","embeddable":true,"href":"https:\/\/pecbag.com\/br\/wp-json\/wp\/v2\/product_brand?post=4210"},{"taxonomy":"product_cat","embeddable":true,"href":"https:\/\/pecbag.com\/br\/wp-json\/wp\/v2\/product_cat?post=4210"},{"taxonomy":"product_tag","embeddable":true,"href":"https:\/\/pecbag.com\/br\/wp-json\/wp\/v2\/product_tag?post=4210"}],"curies":[{"name":"wp","href":"https:\/\/api.w.org\/{rel}","templated":true}]}}