{"id":4219,"date":"2025-06-27T03:48:50","date_gmt":"2025-06-27T03:48:50","guid":{"rendered":"https:\/\/pecbag.com\/?post_type=product&#038;p=4219"},"modified":"2025-11-29T01:18:14","modified_gmt":"2025-11-29T01:18:14","slug":"premium-firefighter-turnout-fire-gear-tool-bag","status":"publish","type":"product","link":"https:\/\/pecbag.com\/br\/premium-firefighter-turnout-fire-gear-tool-bag\/","title":{"rendered":"Bolsa de ferramentas de equipamento de combate a inc\u00eandio para bombeiros Premium"},"content":{"rendered":"<h5 title=\"Bolsa dobr\u00e1vel para c\u00e3es Bolsa de ombro de malha respir\u00e1vel para c\u00e3es e gatos de pequeno porte\" data-immersive-translate-walked=\"1c928421-2e42-4cd3-8754-5404553c0af5\" data-immersive-translate-paragraph=\"1\" data-spm-anchor-id=\"a2700.details.0.i35.4f6757d4w4zNZA\"><strong>Bolsa de ferramentas para equipamento de combate a inc\u00eandio para bombeiros Premium | F\u00e1brica de bolsas \u00e0 prova d'\u00e1gua e fabricante de mochilas t\u00e1ticas | Grau de socorrista<\/strong><\/h5>\n<p>Precisa de bolsas de ferramentas de equipamentos de combate a inc\u00eandio premium para bombeiros em conformidade com a NFPA para fornecedores de servi\u00e7os de emerg\u00eancia? Como f\u00e1brica certificada de bolsas \u00e0 prova d'\u00e1gua e fabricante de mochilas t\u00e1ticas na China (Tool Bag China), projetamos bolsas de ferramentas para socorristas com materiais resistentes a chamas, tiras refletoras de calor e organiza\u00e7\u00e3o de acesso r\u00e1pido. Fa\u00e7a parceria com nosso fabricante de bolsas de ferramentas para pedidos em massa de bolsas de ferramentas - com a confian\u00e7a de atacadistas de bolsas de ferramentas, fornecedores municipais e fornecedores de bolsas de ferramentas em todo o mundo.<\/p>\n<div class=\"flex flex-grow flex-col max-w-full\">\n<div class=\"min-h-[20px] text-message flex w-full flex-col items-end gap-2 whitespace-pre-wrap break-words [.text-message+&amp;]:mt-5 overflow-x-auto\" dir=\"auto\" data-message-author-role=\"assistant\" data-message-id=\"3d7d46f6-7ec2-4222-9257-48fa0bba23c6\" data-suggestions=\"true\">\n<div class=\"flex w-full flex-col gap-1 empty:hidden first:pt-[3px]\">\n<div class=\"markdown prose w-full break-words dark:prose-invert light\">\n<table width=\"288\">\n<tbody>\n<tr>\n<td width=\"137\"><span style=\"color: #333333;\">Nome dos produtos<\/span><\/td>\n<td width=\"151\">Bolsa de ferramentas<\/td>\n<\/tr>\n<tr>\n<td><span style=\"color: #333333;\">Item No.<\/span><\/td>\n<td><span style=\"color: #333333;\">PB-2125<\/span><\/td>\n<\/tr>\n<tr>\n<td><span style=\"color: #333333;\">Material<\/span><\/td>\n<td>Ripstop<\/td>\n<\/tr>\n<tr>\n<td><span style=\"color: #333333;\">Tamanho e cor<\/span><\/td>\n<td>27 x 17 x 13 polegadas<\/td>\n<\/tr>\n<tr>\n<td><span style=\"color: #333333;\">\u00a0Prazo de entrega<\/span><\/td>\n<td><span style=\"color: #333333;\">De 1 a 5 dias para pequenas quantidades por via a\u00e9rea e de 30 a 35 dias para grandes quantidades por via mar\u00edtima<\/span><\/td>\n<\/tr>\n<\/tbody>\n<\/table>\n<p class=\"ds-markdown-paragraph\">\ud83d\udd25\u00a0<strong>Por que os departamentos de bombeiros especificam nossas bolsas:<\/strong><\/p>\n<ul>\n<li>\n<p class=\"ds-markdown-paragraph\"><strong>Design pronto para uso<\/strong>: Materiais resistentes a 500\u00b0F + faixas refletivas Hi-Vis (atende aos padr\u00f5es NFPA 1971)<\/p>\n<\/li>\n<li>\n<p class=\"ds-markdown-paragraph\">Bolsa de ferramentas ODM\/OEM com servi\u00e7os completos de marca pr\u00f3pria de bolsa de ferramentas<\/p>\n<\/li>\n<li>\n<p class=\"ds-markdown-paragraph\">Produ\u00e7\u00e3o em massa de bolsas de ferramentas com baixo MOQ (mais de 75 unidades)<\/p>\n<\/li>\n<li>\n<p class=\"ds-markdown-paragraph\">Exporta\u00e7\u00e3o acelerada de bolsas de ferramentas de nossa f\u00e1brica segura de bolsas de ferramentas<\/p>\n<\/li>\n<li>\n<p class=\"ds-markdown-paragraph\">Mais de 20 anos como um fornecedor confi\u00e1vel de bolsas de ferramentas para servi\u00e7os de emerg\u00eancia<\/p>\n<\/li>\n<\/ul>\n<p class=\"ds-markdown-paragraph\">\ud83d\ude92\u00a0<strong>Recursos que salvam vidas:<\/strong><br \/>\n- Tecido de mistura Nomex\u00ae\/Kevlar\u00ae (certificado pela ASTM F2733)<br \/>\n- Compat\u00edvel com Molle para integra\u00e7\u00e3o com SCBA + loops de r\u00e1dio<br \/>\n- Compartimentos \u00e0 prova d'\u00e1gua + ilh\u00f3s para drenagem de decon<br \/>\n- Configura\u00e7\u00f5es personalizadas via Tool Bag OEM<\/p>\n<p class=\"ds-markdown-paragraph\">Ideal para empresas de bolsas de ferramentas, distribuidores municipais e redes de atacadistas de bolsas de ferramentas. Solicite relat\u00f3rios GRATUITOS de testes de queima de seu fabricante dedicado de bolsas de ferramentas hoje mesmo!<\/p>\n<\/div>\n<\/div>\n<\/div>\n<\/div>","protected":false},"excerpt":{"rendered":"<h2 data-immersive-translate-walked=\"344be1c1-5052-41eb-8fcd-0dbe236a0d6b\" data-immersive-translate-paragraph=\"1\">Bolsa de ferramentas de equipamento de combate a inc\u00eandio para bombeiros Premium<\/h2>\n<div>\n<p>1. A bolsa de equipamento de bombeiro tem um fundo refor\u00e7ado com al\u00e7as de cinta enroladas ao redor da bolsa e uma al\u00e7a de transporte acolchoada.<\/p>\n<p>2. Tornamos a nossa bolsa de equipamentos de prote\u00e7\u00e3o mais f\u00e1cil de pegar, colocar no ombro e reagir rapidamente, incluindo ferragens de metal longas e resistentes, uma al\u00e7a de ombro acolchoada remov\u00edvel e ajust\u00e1vel com presilhas de metal.<\/p>\n<\/div>","protected":false},"featured_media":4224,"template":"","meta":{"_uag_custom_page_level_css":""},"product_brand":[],"product_cat":[49],"product_tag":[],"class_list":{"0":"post-4219","1":"product","2":"type-product","3":"status-publish","4":"has-post-thumbnail","6":"product_cat-tool-bag","8":"first","9":"instock","10":"shipping-taxable","11":"product-type-simple"},"uagb_featured_image_src":{"full":["https:\/\/pecbag.com\/wp-content\/uploads\/2025\/06\/Premium-Firefighter-Turnout-Fire-Gear-Tool-Bag-2.jpg",2000,2000,false],"thumbnail":["https:\/\/pecbag.com\/wp-content\/uploads\/2025\/06\/Premium-Firefighter-Turnout-Fire-Gear-Tool-Bag-2-150x150.jpg",150,150,true],"medium":["https:\/\/pecbag.com\/wp-content\/uploads\/2025\/06\/Premium-Firefighter-Turnout-Fire-Gear-Tool-Bag-2-300x300.jpg",300,300,true],"medium_large":["https:\/\/pecbag.com\/wp-content\/uploads\/2025\/06\/Premium-Firefighter-Turnout-Fire-Gear-Tool-Bag-2-768x768.jpg",768,768,true],"large":["https:\/\/pecbag.com\/wp-content\/uploads\/2025\/06\/Premium-Firefighter-Turnout-Fire-Gear-Tool-Bag-2-1024x1024.jpg",800,800,true],"1536x1536":["https:\/\/pecbag.com\/wp-content\/uploads\/2025\/06\/Premium-Firefighter-Turnout-Fire-Gear-Tool-Bag-2-1536x1536.jpg",1536,1536,true],"2048x2048":["https:\/\/pecbag.com\/wp-content\/uploads\/2025\/06\/Premium-Firefighter-Turnout-Fire-Gear-Tool-Bag-2.jpg",2000,2000,false],"trp-custom-language-flag":["https:\/\/pecbag.com\/wp-content\/uploads\/2025\/06\/Premium-Firefighter-Turnout-Fire-Gear-Tool-Bag-2-12x12.jpg",12,12,true],"woocommerce_thumbnail":["https:\/\/pecbag.com\/wp-content\/uploads\/2025\/06\/Premium-Firefighter-Turnout-Fire-Gear-Tool-Bag-2-300x300.jpg",300,300,true],"woocommerce_single":["https:\/\/pecbag.com\/wp-content\/uploads\/2025\/06\/Premium-Firefighter-Turnout-Fire-Gear-Tool-Bag-2-600x600.jpg",600,600,true],"woocommerce_gallery_thumbnail":["https:\/\/pecbag.com\/wp-content\/uploads\/2025\/06\/Premium-Firefighter-Turnout-Fire-Gear-Tool-Bag-2-100x100.jpg",100,100,true]},"uagb_author_info":{"display_name":"Lawrence","author_link":"https:\/\/pecbag.com\/br\/author\/"},"uagb_comment_info":0,"uagb_excerpt":"Premium Firefighter Turnout Fire Gear Tool Bag 1. The firefighter gear bag has a reinforced bottom with webbing handles wrapped around the bag, a padded carrying handle. 2. We've made our turnout gear bag easier to grab, throw over a shoulder, and respond quickly by including long, heavy-duty metal hardware, a removable, adjustable padded shoulder&hellip;","_links":{"self":[{"href":"https:\/\/pecbag.com\/br\/wp-json\/wp\/v2\/product\/4219","targetHints":{"allow":["GET"]}}],"collection":[{"href":"https:\/\/pecbag.com\/br\/wp-json\/wp\/v2\/product"}],"about":[{"href":"https:\/\/pecbag.com\/br\/wp-json\/wp\/v2\/types\/product"}],"wp:featuredmedia":[{"embeddable":true,"href":"https:\/\/pecbag.com\/br\/wp-json\/wp\/v2\/media\/4224"}],"wp:attachment":[{"href":"https:\/\/pecbag.com\/br\/wp-json\/wp\/v2\/media?parent=4219"}],"wp:term":[{"taxonomy":"product_brand","embeddable":true,"href":"https:\/\/pecbag.com\/br\/wp-json\/wp\/v2\/product_brand?post=4219"},{"taxonomy":"product_cat","embeddable":true,"href":"https:\/\/pecbag.com\/br\/wp-json\/wp\/v2\/product_cat?post=4219"},{"taxonomy":"product_tag","embeddable":true,"href":"https:\/\/pecbag.com\/br\/wp-json\/wp\/v2\/product_tag?post=4219"}],"curies":[{"name":"wp","href":"https:\/\/api.w.org\/{rel}","templated":true}]}}