{"id":4226,"date":"2025-06-28T01:39:32","date_gmt":"2025-06-28T01:39:32","guid":{"rendered":"https:\/\/pecbag.com\/?post_type=product&#038;p=4226"},"modified":"2025-11-29T01:18:10","modified_gmt":"2025-11-29T01:18:10","slug":"outdoor-fishing-storage-crossbody-bag","status":"publish","type":"product","link":"https:\/\/pecbag.com\/br\/outdoor-fishing-storage-crossbody-bag\/","title":{"rendered":"Bolsa para armazenamento de pesca ao ar livre"},"content":{"rendered":"<h5 title=\"Bolsa dobr\u00e1vel para c\u00e3es Bolsa de ombro de malha respir\u00e1vel para c\u00e3es e gatos de pequeno porte\" data-immersive-translate-walked=\"1c928421-2e42-4cd3-8754-5404553c0af5\" data-immersive-translate-paragraph=\"1\" data-spm-anchor-id=\"a2700.details.0.i35.4f6757d4w4zNZA\"><strong>F\u00e1brica de bolsas de armazenamento para pesca ao ar livre | F\u00e1brica de bolsas \u00e0 prova d'\u00e1gua e fabricante de mochilas t\u00e9cnicas | Granel comprovado por pescadores<\/strong><\/h5>\n<p>Precisa de bolsas transversais de alto desempenho para armazenamento de pesca ao ar livre para sua marca de equipamentos? Como f\u00e1brica certificada de bolsas \u00e0 prova d'\u00e1gua e fabricante de mochilas de pesca na China (Crossbody Bag China), projetamos bolsas crossbody prontas para pescadores com compartimentos \u00e0 prova d'\u00e1gua, z\u00edperes \u00e0 prova de corros\u00e3o e organiza\u00e7\u00e3o modular. Fa\u00e7a parceria com nosso fabricante de bolsas crossbody para pedidos a granel de bolsas crossbody - com a confian\u00e7a de atacadistas de bolsas crossbody, varejistas de produtos para atividades ao ar livre e fornecedores de bolsas crossbody em todo o mundo.<\/p>\n<div class=\"flex flex-grow flex-col max-w-full\">\n<div class=\"min-h-[20px] text-message flex w-full flex-col items-end gap-2 whitespace-pre-wrap break-words [.text-message+&amp;]:mt-5 overflow-x-auto\" dir=\"auto\" data-message-author-role=\"assistant\" data-message-id=\"3d7d46f6-7ec2-4222-9257-48fa0bba23c6\" data-suggestions=\"true\">\n<div class=\"flex w-full flex-col gap-1 empty:hidden first:pt-[3px]\">\n<div class=\"markdown prose w-full break-words dark:prose-invert light\">\n<table width=\"288\">\n<tbody>\n<tr>\n<td width=\"137\"><span style=\"color: #333333;\">Nome dos produtos<\/span><\/td>\n<td width=\"151\">Bolsa de m\u00e3o<\/td>\n<\/tr>\n<tr>\n<td><span style=\"color: #333333;\">Item No.<\/span><\/td>\n<td><span style=\"color: #333333;\">PB-2126<\/span><\/td>\n<\/tr>\n<tr>\n<td><span style=\"color: #333333;\">Material<\/span><\/td>\n<td>Nylon 1000D<\/td>\n<\/tr>\n<tr>\n<td><span style=\"color: #333333;\">Tamanho<\/span><\/td>\n<td>11,8*9*6,3 pol.<\/td>\n<\/tr>\n<tr>\n<td><span style=\"color: #333333;\">\u00a0Prazo de entrega<\/span><\/td>\n<td><span style=\"color: #333333;\">De 1 a 5 dias para pequenas quantidades por via a\u00e9rea e de 30 a 35 dias para grandes quantidades por via mar\u00edtima<\/span><\/td>\n<\/tr>\n<\/tbody>\n<\/table>\n<p class=\"ds-markdown-paragraph\">\ud83c\udfa3\u00a0<strong>Por que os fornecedores de equipamentos nos escolhem:<\/strong><\/p>\n<ul>\n<li>\n<p class=\"ds-markdown-paragraph\"><strong>Design preparado para peixes<\/strong>: Forro de TPU submers\u00edvel (classifica\u00e7\u00e3o IPX8) + bolsos de drenagem r\u00e1pida<\/p>\n<\/li>\n<li>\n<p class=\"ds-markdown-paragraph\">Bolsa para notebook ODM\/OEM com servi\u00e7os completos de marca pr\u00f3pria para bolsas para notebook<\/p>\n<\/li>\n<li>\n<p class=\"ds-markdown-paragraph\">Produ\u00e7\u00e3o a granel de bolsas crossbody de baixo MOQ<\/p>\n<\/li>\n<li>\n<p class=\"ds-markdown-paragraph\">Exporta\u00e7\u00e3o r\u00e1pida de bolsas tipo Crossbody da nossa f\u00e1brica de bolsas tipo Crossbody com certifica\u00e7\u00e3o ISO<\/p>\n<\/li>\n<li>\n<p class=\"ds-markdown-paragraph\">Mais de 15 anos como fornecedor premium de bolsas crossbody<\/p>\n<\/li>\n<\/ul>\n<p class=\"ds-markdown-paragraph\">\u2705\u00a0<strong>Caracter\u00edsticas aprovadas pelo pescador:<\/strong><br \/>\n- Z\u00edperes YKK \u00e0 prova de \u00e1gua salgada + argolas em D \u00e0 prova de ferrugem<br \/>\n- Caixas dedicadas para iscas + al\u00e7as para ferramentas + compartimento para porta-varas<br \/>\n- Costas de malha de secagem r\u00e1pida + al\u00e7as t\u00e1ticas ajust\u00e1veis<br \/>\n- Configura\u00e7\u00f5es personalizadas por meio de OEM de bolsa transversal<\/p>\n<p class=\"ds-markdown-paragraph\">Ideal para empresas de bolsas Crossbody, distribuidores de pesca e redes de atacadistas de bolsas Crossbody. Solicite kits de teste de n\u00e9voa salina GRATUITOS de seu fabricante dedicado de bolsas Crossbody hoje mesmo!<\/p>\n<\/div>\n<\/div>\n<\/div>\n<\/div>","protected":false},"excerpt":{"rendered":"<h2 data-immersive-translate-walked=\"344be1c1-5052-41eb-8fcd-0dbe236a0d6b\" data-immersive-translate-paragraph=\"1\">Bolsa para armazenamento de pesca ao ar livre<\/h2>\n<div class=\"sliderTable mt10 mb10 sliderTable-index0\">\n<div class=\"inner\">\n<p><strong>1. Bolsa multiuso de armazenamento inovador<\/strong>: O tamanho da bolsa para equipamentos de pesca \u00e9 de 11,8*9*6,3 pol. H\u00e1 v\u00e1rios compartimentos para voc\u00ea guardar iscas, alicates, arame, uma caixa de iscas, uma carteira, um telefone e outros acess\u00f3rios. Torne sua viagem mais conveniente.<\/p>\n<p><strong>2. Al\u00e7a ajust\u00e1vel e remov\u00edvel<\/strong>: A al\u00e7a de ombro \u00e9 ajust\u00e1vel e remov\u00edvel, e voc\u00ea pode us\u00e1-la de v\u00e1rias maneiras, como bolsa de ombro, bolsa de m\u00e3o, bolsa de peito, bolsa de equipamento de pesca, bolsa crossbody, etc.<\/p>\n<\/div>\n<\/div>","protected":false},"featured_media":4232,"template":"","meta":{"_uag_custom_page_level_css":""},"product_brand":[],"product_cat":[62,46],"product_tag":[],"class_list":{"0":"post-4226","1":"product","2":"type-product","3":"status-publish","4":"has-post-thumbnail","6":"product_cat-crossbody-bags","7":"product_cat-fishing-bag","9":"first","10":"instock","11":"shipping-taxable","12":"product-type-simple"},"uagb_featured_image_src":{"full":["https:\/\/pecbag.com\/wp-content\/uploads\/2025\/06\/Outdoor-Fishing-Storage-Crossbody-Bag-21.jpg",1053,1500,false],"thumbnail":["https:\/\/pecbag.com\/wp-content\/uploads\/2025\/06\/Outdoor-Fishing-Storage-Crossbody-Bag-21-150x150.jpg",150,150,true],"medium":["https:\/\/pecbag.com\/wp-content\/uploads\/2025\/06\/Outdoor-Fishing-Storage-Crossbody-Bag-21-211x300.jpg",211,300,true],"medium_large":["https:\/\/pecbag.com\/wp-content\/uploads\/2025\/06\/Outdoor-Fishing-Storage-Crossbody-Bag-21-768x1094.jpg",768,1094,true],"large":["https:\/\/pecbag.com\/wp-content\/uploads\/2025\/06\/Outdoor-Fishing-Storage-Crossbody-Bag-21-719x1024.jpg",719,1024,true],"1536x1536":["https:\/\/pecbag.com\/wp-content\/uploads\/2025\/06\/Outdoor-Fishing-Storage-Crossbody-Bag-21.jpg",1053,1500,false],"2048x2048":["https:\/\/pecbag.com\/wp-content\/uploads\/2025\/06\/Outdoor-Fishing-Storage-Crossbody-Bag-21.jpg",1053,1500,false],"trp-custom-language-flag":["https:\/\/pecbag.com\/wp-content\/uploads\/2025\/06\/Outdoor-Fishing-Storage-Crossbody-Bag-21-8x12.jpg",8,12,true],"woocommerce_thumbnail":["https:\/\/pecbag.com\/wp-content\/uploads\/2025\/06\/Outdoor-Fishing-Storage-Crossbody-Bag-21-300x300.jpg",300,300,true],"woocommerce_single":["https:\/\/pecbag.com\/wp-content\/uploads\/2025\/06\/Outdoor-Fishing-Storage-Crossbody-Bag-21-600x855.jpg",600,855,true],"woocommerce_gallery_thumbnail":["https:\/\/pecbag.com\/wp-content\/uploads\/2025\/06\/Outdoor-Fishing-Storage-Crossbody-Bag-21-100x100.jpg",100,100,true]},"uagb_author_info":{"display_name":"Lawrence","author_link":"https:\/\/pecbag.com\/br\/author\/"},"uagb_comment_info":0,"uagb_excerpt":"Outdoor Fishing Storage Crossbody Bag 1. Innovative Storage Multi-Use Bag: The size of the fishing gear bag is 11.8*9*6.3in. There are multiple compartments for you to store bait, pliers, wire, a bait box, a wallet, a phone, and other accessories. Make your travel more convenient. 2. Adjustable and detachable strap: The shoulder strap is adjustable&hellip;","_links":{"self":[{"href":"https:\/\/pecbag.com\/br\/wp-json\/wp\/v2\/product\/4226","targetHints":{"allow":["GET"]}}],"collection":[{"href":"https:\/\/pecbag.com\/br\/wp-json\/wp\/v2\/product"}],"about":[{"href":"https:\/\/pecbag.com\/br\/wp-json\/wp\/v2\/types\/product"}],"wp:featuredmedia":[{"embeddable":true,"href":"https:\/\/pecbag.com\/br\/wp-json\/wp\/v2\/media\/4232"}],"wp:attachment":[{"href":"https:\/\/pecbag.com\/br\/wp-json\/wp\/v2\/media?parent=4226"}],"wp:term":[{"taxonomy":"product_brand","embeddable":true,"href":"https:\/\/pecbag.com\/br\/wp-json\/wp\/v2\/product_brand?post=4226"},{"taxonomy":"product_cat","embeddable":true,"href":"https:\/\/pecbag.com\/br\/wp-json\/wp\/v2\/product_cat?post=4226"},{"taxonomy":"product_tag","embeddable":true,"href":"https:\/\/pecbag.com\/br\/wp-json\/wp\/v2\/product_tag?post=4226"}],"curies":[{"name":"wp","href":"https:\/\/api.w.org\/{rel}","templated":true}]}}