{"id":4233,"date":"2025-06-28T01:52:51","date_gmt":"2025-06-28T01:52:51","guid":{"rendered":"https:\/\/pecbag.com\/?post_type=product&#038;p=4233"},"modified":"2025-11-29T01:14:22","modified_gmt":"2025-11-29T01:14:22","slug":"resistant-tactical-hip-bumbag-crossbody-bag","status":"publish","type":"product","link":"https:\/\/pecbag.com\/br\/resistant-tactical-hip-bumbag-crossbody-bag\/","title":{"rendered":"Bolsa de cintura t\u00e1tica resistente para o quadril"},"content":{"rendered":"<h5 title=\"Bolsa dobr\u00e1vel para c\u00e3es Bolsa de ombro de malha respir\u00e1vel para c\u00e3es e gatos de pequeno porte\" data-immersive-translate-walked=\"1c928421-2e42-4cd3-8754-5404553c0af5\" data-immersive-translate-paragraph=\"1\" data-spm-anchor-id=\"a2700.details.0.i35.4f6757d4w4zNZA\"><strong>Bolsa t\u00e1tica resistente para o quadril com al\u00e7a para o corpo F\u00e1brica | Bolsa \u00e0 prova d'\u00e1gua F\u00e1brica e fabricante de mochilas militares | Mochila pronta para o trabalho a granel<\/strong><\/h5>\n<p>Precisa de bolsas de cintura t\u00e1ticas resistentes e testadas em batalha para fornecedores de seguran\u00e7a ou marcas de atividades ao ar livre? Como f\u00e1brica certificada de bolsas \u00e0 prova d'\u00e1gua e fabricante de mochilas t\u00e1ticas na China (Crossbody Bag China), projetamos bolsas crossbody com especifica\u00e7\u00f5es militares, com poli\u00e9ster 600D resistente \u00e0 abras\u00e3o, layouts de acesso r\u00e1pido e pontos de fixa\u00e7\u00e3o modulares. Fa\u00e7a parceria com nosso fabricante de bolsas crossbody para pedidos a granel de bolsas crossbody - com a confian\u00e7a de atacadistas de bolsas crossbody, fornecedores de produtos para aplica\u00e7\u00e3o da lei e vendedores de bolsas crossbody em todo o mundo.<\/p>\n<div class=\"flex flex-grow flex-col max-w-full\">\n<div class=\"min-h-[20px] text-message flex w-full flex-col items-end gap-2 whitespace-pre-wrap break-words [.text-message+&amp;]:mt-5 overflow-x-auto\" dir=\"auto\" data-message-author-role=\"assistant\" data-message-id=\"3d7d46f6-7ec2-4222-9257-48fa0bba23c6\" data-suggestions=\"true\">\n<div class=\"flex w-full flex-col gap-1 empty:hidden first:pt-[3px]\">\n<div class=\"markdown prose w-full break-words dark:prose-invert light\">\n<table width=\"288\">\n<tbody>\n<tr>\n<td width=\"137\"><span style=\"color: #333333;\">Nome dos produtos<\/span><\/td>\n<td width=\"151\">Bolsa de m\u00e3o<\/td>\n<\/tr>\n<tr>\n<td><span style=\"color: #333333;\">Item No.<\/span><\/td>\n<td><span style=\"color: #333333;\">PB-2127<\/span><\/td>\n<\/tr>\n<tr>\n<td><span style=\"color: #333333;\">Material<\/span><\/td>\n<td>Poli\u00e9ster 600D<\/td>\n<\/tr>\n<tr>\n<td><span style=\"color: #333333;\">Tamanho<\/span><\/td>\n<td>27 x 17 x 12 cm<\/td>\n<\/tr>\n<tr>\n<td><span style=\"color: #333333;\">\u00a0Prazo de entrega<\/span><\/td>\n<td><span style=\"color: #333333;\">De 1 a 5 dias para pequenas quantidades por via a\u00e9rea e de 30 a 35 dias para grandes quantidades por via mar\u00edtima<\/span><\/td>\n<\/tr>\n<\/tbody>\n<\/table>\n<p class=\"ds-markdown-paragraph\">\u2705\u00a0<strong>Por que os compradores t\u00e1ticos confiam em nosso equipamento:<\/strong><\/p>\n<ul>\n<li>\n<p class=\"ds-markdown-paragraph\"><strong>Durabilidade pronta para a miss\u00e3o<\/strong>7X mais resistente do que o n\u00e1ilon padr\u00e3o (testado de acordo com os padr\u00f5es ASTM D751)<\/p>\n<\/li>\n<li>\n<p class=\"ds-markdown-paragraph\">Bolsa para notebook ODM\/OEM com servi\u00e7os completos de marca pr\u00f3pria para bolsas para notebook<\/p>\n<\/li>\n<li>\n<p class=\"ds-markdown-paragraph\">Produ\u00e7\u00e3o a granel de bolsas crossbody de baixo MOQ<\/p>\n<\/li>\n<li>\n<p class=\"ds-markdown-paragraph\">Exporta\u00e7\u00e3o discreta de bolsas crossbody de nossa f\u00e1brica segura de bolsas crossbody<\/p>\n<\/li>\n<li>\n<p class=\"ds-markdown-paragraph\">Op\u00e7\u00f5es dispon\u00edveis em conformidade com o ITAR<\/p>\n<\/li>\n<\/ul>\n<p class=\"ds-markdown-paragraph\">\ud83d\udd30\u00a0<strong>Caracter\u00edsticas Tactical Advantage:<\/strong><br \/>\n- Cinta MOLLE\/PALS + compartimento para transporte oculto<br \/>\n- Impermeabiliza\u00e7\u00e3o submers\u00edvel (classifica\u00e7\u00e3o IPX8) + aberturas de drenagem<br \/>\n- Cinto de quadril de libera\u00e7\u00e3o r\u00e1pida + bolsos com bloqueio de RFID<br \/>\n- Configura\u00e7\u00f5es personalizadas por meio de OEM de bolsa transversal<\/p>\n<p class=\"ds-markdown-paragraph\">Ideal para empresas de bolsas crossbody, distribuidores de seguran\u00e7a e redes de fornecedores de bolsas crossbody. Solicite v\u00eddeos GRATUITOS de testes de abras\u00e3o de seu fabricante dedicado de bolsas Crossbody hoje mesmo!<\/p>\n<\/div>\n<\/div>\n<\/div>\n<\/div>","protected":false},"excerpt":{"rendered":"<h2 data-immersive-translate-walked=\"344be1c1-5052-41eb-8fcd-0dbe236a0d6b\" data-immersive-translate-paragraph=\"1\">Bolsa de cintura t\u00e1tica resistente para o quadril<\/h2>\n<div class=\"sliderTable mt10 mb10 sliderTable-index0\">\n<div class=\"inner\">\n<p>Essa bolsa vers\u00e1til pode ser carregada na cintura, no ombro ou como uma bolsa transversal para se adequar melhor ao seu estilo de pesca. Use-a na frente para maior acessibilidade ou nas costas para maior conforto.<\/p>\n<\/div>\n<\/div>","protected":false},"featured_media":4238,"template":"","meta":{"_uag_custom_page_level_css":""},"product_brand":[],"product_cat":[62,55,66],"product_tag":[],"class_list":{"0":"post-4233","1":"product","2":"type-product","3":"status-publish","4":"has-post-thumbnail","6":"product_cat-crossbody-bags","7":"product_cat-tactical-bag","8":"product_cat-waterproof-bag","10":"first","11":"instock","12":"shipping-taxable","13":"product-type-simple"},"uagb_featured_image_src":{"full":["https:\/\/pecbag.com\/wp-content\/uploads\/2025\/06\/Resistant-Tactical-Hip-Bumbag-Crossbody-Bag-2.jpg",1497,1497,false],"thumbnail":["https:\/\/pecbag.com\/wp-content\/uploads\/2025\/06\/Resistant-Tactical-Hip-Bumbag-Crossbody-Bag-2-150x150.jpg",150,150,true],"medium":["https:\/\/pecbag.com\/wp-content\/uploads\/2025\/06\/Resistant-Tactical-Hip-Bumbag-Crossbody-Bag-2-300x300.jpg",300,300,true],"medium_large":["https:\/\/pecbag.com\/wp-content\/uploads\/2025\/06\/Resistant-Tactical-Hip-Bumbag-Crossbody-Bag-2-768x768.jpg",768,768,true],"large":["https:\/\/pecbag.com\/wp-content\/uploads\/2025\/06\/Resistant-Tactical-Hip-Bumbag-Crossbody-Bag-2-1024x1024.jpg",800,800,true],"1536x1536":["https:\/\/pecbag.com\/wp-content\/uploads\/2025\/06\/Resistant-Tactical-Hip-Bumbag-Crossbody-Bag-2.jpg",1497,1497,false],"2048x2048":["https:\/\/pecbag.com\/wp-content\/uploads\/2025\/06\/Resistant-Tactical-Hip-Bumbag-Crossbody-Bag-2.jpg",1497,1497,false],"trp-custom-language-flag":["https:\/\/pecbag.com\/wp-content\/uploads\/2025\/06\/Resistant-Tactical-Hip-Bumbag-Crossbody-Bag-2-12x12.jpg",12,12,true],"woocommerce_thumbnail":["https:\/\/pecbag.com\/wp-content\/uploads\/2025\/06\/Resistant-Tactical-Hip-Bumbag-Crossbody-Bag-2-300x300.jpg",300,300,true],"woocommerce_single":["https:\/\/pecbag.com\/wp-content\/uploads\/2025\/06\/Resistant-Tactical-Hip-Bumbag-Crossbody-Bag-2-600x600.jpg",600,600,true],"woocommerce_gallery_thumbnail":["https:\/\/pecbag.com\/wp-content\/uploads\/2025\/06\/Resistant-Tactical-Hip-Bumbag-Crossbody-Bag-2-100x100.jpg",100,100,true]},"uagb_author_info":{"display_name":"Lawrence","author_link":"https:\/\/pecbag.com\/br\/author\/"},"uagb_comment_info":0,"uagb_excerpt":"Resistant Tactical Hip Bumbag Crossbody Bag This versatile bag can be carried around your waist, over your shoulder, or as a crossbody bag to best suit your fishing style. Wear it on your front for accessibility or on your back for comfort.","_links":{"self":[{"href":"https:\/\/pecbag.com\/br\/wp-json\/wp\/v2\/product\/4233","targetHints":{"allow":["GET"]}}],"collection":[{"href":"https:\/\/pecbag.com\/br\/wp-json\/wp\/v2\/product"}],"about":[{"href":"https:\/\/pecbag.com\/br\/wp-json\/wp\/v2\/types\/product"}],"wp:featuredmedia":[{"embeddable":true,"href":"https:\/\/pecbag.com\/br\/wp-json\/wp\/v2\/media\/4238"}],"wp:attachment":[{"href":"https:\/\/pecbag.com\/br\/wp-json\/wp\/v2\/media?parent=4233"}],"wp:term":[{"taxonomy":"product_brand","embeddable":true,"href":"https:\/\/pecbag.com\/br\/wp-json\/wp\/v2\/product_brand?post=4233"},{"taxonomy":"product_cat","embeddable":true,"href":"https:\/\/pecbag.com\/br\/wp-json\/wp\/v2\/product_cat?post=4233"},{"taxonomy":"product_tag","embeddable":true,"href":"https:\/\/pecbag.com\/br\/wp-json\/wp\/v2\/product_tag?post=4233"}],"curies":[{"name":"wp","href":"https:\/\/api.w.org\/{rel}","templated":true}]}}