{"id":4278,"date":"2025-06-30T01:45:29","date_gmt":"2025-06-30T01:45:29","guid":{"rendered":"https:\/\/pecbag.com\/?post_type=product&#038;p=4278"},"modified":"2025-11-29T01:14:00","modified_gmt":"2025-11-29T01:14:00","slug":"packable-travel-training-tactical-bag-factory","status":"publish","type":"product","link":"https:\/\/pecbag.com\/br\/packable-travel-training-tactical-bag-factory\/","title":{"rendered":"Bolsa t\u00e1tica de treinamento para viagem e embalagem Factory"},"content":{"rendered":"<h5 title=\"Bolsa dobr\u00e1vel para c\u00e3es Bolsa de ombro de malha respir\u00e1vel para c\u00e3es e gatos de pequeno porte\" data-immersive-translate-walked=\"1c928421-2e42-4cd3-8754-5404553c0af5\" data-immersive-translate-paragraph=\"1\" data-spm-anchor-id=\"a2700.details.0.i35.4f6757d4w4zNZA\"><strong>F\u00e1brica de bolsas t\u00e1ticas de treinamento para viagem e empacot\u00e1veis | F\u00e1brica de bolsas \u00e0 prova d'\u00e1gua e fabricante de mochilas compactas | Bulk dobr\u00e1vel<\/strong><\/h5>\n<p>Precisa de bolsas t\u00e1ticas de treinamento para viagem vers\u00e1teis e embal\u00e1veis que v\u00e3o de compactas a prontas para o combate? Como f\u00e1brica certificada de bolsas \u00e0 prova d'\u00e1gua e fabricante de mochilas t\u00e1ticas na China (Tactical Bag China), projetamos bolsas t\u00e1ticas dobr\u00e1veis que se comprimem at\u00e9 o tamanho 30%, mantendo a durabilidade MIL-SPEC. Fa\u00e7a parceria com nosso fabricante de bolsas t\u00e1ticas para pedidos em massa de bolsas t\u00e1ticas - com a confian\u00e7a de atacadistas de bolsas t\u00e1ticas, varejistas de produtos para atividades ao ar livre e fornecedores de bolsas t\u00e1ticas em todo o mundo.<\/p>\n<div class=\"flex flex-grow flex-col max-w-full\">\n<div class=\"min-h-[20px] text-message flex w-full flex-col items-end gap-2 whitespace-pre-wrap break-words [.text-message+&amp;]:mt-5 overflow-x-auto\" dir=\"auto\" data-message-author-role=\"assistant\" data-message-id=\"3d7d46f6-7ec2-4222-9257-48fa0bba23c6\" data-suggestions=\"true\">\n<div class=\"flex w-full flex-col gap-1 empty:hidden first:pt-[3px]\">\n<div class=\"markdown prose w-full break-words dark:prose-invert light\">\n<table width=\"288\">\n<tbody>\n<tr>\n<td width=\"137\"><span style=\"color: #333333;\">Nome dos produtos<\/span><\/td>\n<td width=\"151\">Bolsa t\u00e1tica<\/td>\n<\/tr>\n<tr>\n<td><span style=\"color: #333333;\">Item No.<\/span><\/td>\n<td><span style=\"color: #333333;\">PB-2130<\/span><\/td>\n<\/tr>\n<tr>\n<td><span style=\"color: #333333;\">Material<\/span><\/td>\n<td>Poli\u00e9ster 600D<\/td>\n<\/tr>\n<tr>\n<td><span style=\"color: #333333;\">Tamanho<\/span><\/td>\n<td>63 x 33 x 29 cm<\/td>\n<\/tr>\n<tr>\n<td><span style=\"color: #333333;\">\u00a0Prazo de entrega<\/span><\/td>\n<td><span style=\"color: #333333;\">De 1 a 5 dias para pequenas quantidades por via a\u00e9rea e de 30 a 35 dias para grandes quantidades por via mar\u00edtima<\/span><\/td>\n<\/tr>\n<\/tbody>\n<\/table>\n<p class=\"ds-markdown-paragraph\">\u2705\u00a0<strong>Por que os centros de treinamento e as marcas de viagem nos escolhem:<\/strong><\/p>\n<ul>\n<li>\n<p class=\"ds-markdown-paragraph\"><strong>Funcionalidade 3 em 1<\/strong>: Desdobra-se de uma mochila de dia (20L) para uma bolsa de miss\u00e3o (40L) em 10 segundos<\/p>\n<\/li>\n<li>\n<p class=\"ds-markdown-paragraph\">Bolsa T\u00e1tica ODM\/OEM com servi\u00e7os completos de marca pr\u00f3pria de Bolsa T\u00e1tica<\/p>\n<\/li>\n<li>\n<p class=\"ds-markdown-paragraph\">Produ\u00e7\u00e3o a granel de bolsas t\u00e1ticas de baixo MOQ<\/p>\n<\/li>\n<li>\n<p class=\"ds-markdown-paragraph\">Exporta\u00e7\u00e3o r\u00e1pida de bolsas t\u00e1ticas de nossa f\u00e1brica de bolsas t\u00e1ticas com certifica\u00e7\u00e3o ISO<\/p>\n<\/li>\n<li>\n<p class=\"ds-markdown-paragraph\">Tamb\u00e9m produz bolsas de maquiagem a granel para marcas de cosm\u00e9ticos<\/p>\n<\/li>\n<\/ul>\n<p class=\"ds-markdown-paragraph\">\ud83c\udf92\u00a0<strong>Recursos prontos para implanta\u00e7\u00e3o:<\/strong><br \/>\n- Ripstop 420D ultra-embal\u00e1vel (dobra-se em uma bolsa de 8\u2033x5\u2033)<br \/>\n- Revestimento de TPU \u00e0 prova d'\u00e1gua + compat\u00edvel com MOLLE quando expandido<br \/>\n- Bolsa oculta para documentos + bolso com bloqueio de RFID<br \/>\n- Configura\u00e7\u00f5es personalizadas via Tactical Bag OEM<\/p>\n<p class=\"ds-markdown-paragraph\">Ideal para empresas de bolsas t\u00e1ticas, distribuidores de fitness e redes de fornecedores de bolsas t\u00e1ticas. Solicite demonstra\u00e7\u00f5es GRATUITAS de capacidade de embalagem de seu fabricante de bolsas t\u00e1ticas dedicado hoje mesmo!<\/p>\n<\/div>\n<\/div>\n<\/div>\n<\/div>","protected":false},"excerpt":{"rendered":"<h2 data-immersive-translate-walked=\"344be1c1-5052-41eb-8fcd-0dbe236a0d6b\" data-immersive-translate-paragraph=\"1\">Bolsa t\u00e1tica de treinamento para viagem e embalagem Factory<\/h2>\n<div class=\"sliderTable mt10 mb10 sliderTable-index0\">\n<div class=\"inner\">\n<div>Pode ser usada como bolsa t\u00e1tica, bolsa de exerc\u00edcios, bolsa de viagem, bolsa de gin\u00e1stica, bolsa de academia para homens e mulheres.<\/div>\n<\/div>\n<\/div>","protected":false},"featured_media":4282,"template":"","meta":{"_uag_custom_page_level_css":""},"product_brand":[],"product_cat":[55,63,68],"product_tag":[],"class_list":{"0":"post-4278","1":"product","2":"type-product","3":"status-publish","4":"has-post-thumbnail","6":"product_cat-tactical-bag","7":"product_cat-duffel-bag","8":"product_cat-travel-bag","10":"first","11":"instock","12":"shipping-taxable","13":"product-type-simple"},"uagb_featured_image_src":{"full":["https:\/\/pecbag.com\/wp-content\/uploads\/2025\/06\/Packable-Travel-Training-Tactical-Bag-Factory-2.jpg",1000,1000,false],"thumbnail":["https:\/\/pecbag.com\/wp-content\/uploads\/2025\/06\/Packable-Travel-Training-Tactical-Bag-Factory-2-150x150.jpg",150,150,true],"medium":["https:\/\/pecbag.com\/wp-content\/uploads\/2025\/06\/Packable-Travel-Training-Tactical-Bag-Factory-2-300x300.jpg",300,300,true],"medium_large":["https:\/\/pecbag.com\/wp-content\/uploads\/2025\/06\/Packable-Travel-Training-Tactical-Bag-Factory-2-768x768.jpg",768,768,true],"large":["https:\/\/pecbag.com\/wp-content\/uploads\/2025\/06\/Packable-Travel-Training-Tactical-Bag-Factory-2.jpg",800,800,false],"1536x1536":["https:\/\/pecbag.com\/wp-content\/uploads\/2025\/06\/Packable-Travel-Training-Tactical-Bag-Factory-2.jpg",1000,1000,false],"2048x2048":["https:\/\/pecbag.com\/wp-content\/uploads\/2025\/06\/Packable-Travel-Training-Tactical-Bag-Factory-2.jpg",1000,1000,false],"trp-custom-language-flag":["https:\/\/pecbag.com\/wp-content\/uploads\/2025\/06\/Packable-Travel-Training-Tactical-Bag-Factory-2-12x12.jpg",12,12,true],"woocommerce_thumbnail":["https:\/\/pecbag.com\/wp-content\/uploads\/2025\/06\/Packable-Travel-Training-Tactical-Bag-Factory-2-300x300.jpg",300,300,true],"woocommerce_single":["https:\/\/pecbag.com\/wp-content\/uploads\/2025\/06\/Packable-Travel-Training-Tactical-Bag-Factory-2-600x600.jpg",600,600,true],"woocommerce_gallery_thumbnail":["https:\/\/pecbag.com\/wp-content\/uploads\/2025\/06\/Packable-Travel-Training-Tactical-Bag-Factory-2-100x100.jpg",100,100,true]},"uagb_author_info":{"display_name":"Lawrence","author_link":"https:\/\/pecbag.com\/br\/author\/"},"uagb_comment_info":0,"uagb_excerpt":"Packable Travel Training Tactical Bag Factory It can be used as a tactical bag, workout bag, travel bag, fitness bag, gym bag for men and women.","_links":{"self":[{"href":"https:\/\/pecbag.com\/br\/wp-json\/wp\/v2\/product\/4278","targetHints":{"allow":["GET"]}}],"collection":[{"href":"https:\/\/pecbag.com\/br\/wp-json\/wp\/v2\/product"}],"about":[{"href":"https:\/\/pecbag.com\/br\/wp-json\/wp\/v2\/types\/product"}],"wp:featuredmedia":[{"embeddable":true,"href":"https:\/\/pecbag.com\/br\/wp-json\/wp\/v2\/media\/4282"}],"wp:attachment":[{"href":"https:\/\/pecbag.com\/br\/wp-json\/wp\/v2\/media?parent=4278"}],"wp:term":[{"taxonomy":"product_brand","embeddable":true,"href":"https:\/\/pecbag.com\/br\/wp-json\/wp\/v2\/product_brand?post=4278"},{"taxonomy":"product_cat","embeddable":true,"href":"https:\/\/pecbag.com\/br\/wp-json\/wp\/v2\/product_cat?post=4278"},{"taxonomy":"product_tag","embeddable":true,"href":"https:\/\/pecbag.com\/br\/wp-json\/wp\/v2\/product_tag?post=4278"}],"curies":[{"name":"wp","href":"https:\/\/api.w.org\/{rel}","templated":true}]}}