{"id":4299,"date":"2025-07-03T02:09:44","date_gmt":"2025-07-03T02:09:44","guid":{"rendered":"https:\/\/pecbag.com\/?post_type=product&#038;p=4299"},"modified":"2025-11-28T09:40:34","modified_gmt":"2025-11-28T09:40:34","slug":"hot-sale-assault-pack-tactical-backpack-vendors","status":"publish","type":"product","link":"https:\/\/pecbag.com\/br\/hot-sale-assault-pack-tactical-backpack-vendors\/","title":{"rendered":"Mochila t\u00e1tica Assault Pack Hot Sale Fornecedores"},"content":{"rendered":"<h5 title=\"Bolsa dobr\u00e1vel para c\u00e3es Bolsa de ombro de malha respir\u00e1vel para c\u00e3es e gatos de pequeno porte\" data-immersive-translate-walked=\"1c928421-2e42-4cd3-8754-5404553c0af5\" data-immersive-translate-paragraph=\"1\" data-spm-anchor-id=\"a2700.details.0.i35.4f6757d4w4zNZA\"><strong>Venda quente de mochilas t\u00e1ticas Assault Pack | F\u00e1brica de bolsas \u00e0 prova d'\u00e1gua e fabricante de mochilas militares | Granel pronto para combate<\/strong><\/h5>\n<p>Precisa de mochilas t\u00e1ticas de assalto com vendas quentes que saiam das prateleiras? <span style=\"color: #ffffff;\">Mochila t\u00e1tica Assault Pack Hot Sale Fornecedores\u00a0<\/span><\/p>\n<p>Como f\u00e1brica certificada de bolsas \u00e0 prova d'\u00e1gua e fabricante de mochilas t\u00e1ticas na Tactical Bag China, projetamos as mochilas de assalto mais vendidas com capacidade de sobrecarga MOLLE, prote\u00e7\u00e3o submers\u00edvel e durabilidade testada em batalha.<\/p>\n<p>Seja nosso parceiro, seu fornecedor comprovado de mochilas t\u00e1ticas Hot Sale Assault Pack, para pedidos em massa de bolsas t\u00e1ticas - fornecendo bolsas t\u00e1ticas a atacadistas, lojas militares e fornecedores de bolsas t\u00e1ticas em todo o mundo.<\/p>\n<div class=\"flex flex-grow flex-col max-w-full\">\n<div class=\"min-h-[20px] text-message flex w-full flex-col items-end gap-2 whitespace-pre-wrap break-words [.text-message+&amp;]:mt-5 overflow-x-auto\" dir=\"auto\" data-message-author-role=\"assistant\" data-message-id=\"3d7d46f6-7ec2-4222-9257-48fa0bba23c6\" data-suggestions=\"true\">\n<div class=\"flex w-full flex-col gap-1 empty:hidden first:pt-[3px]\">\n<div class=\"markdown prose w-full break-words dark:prose-invert light\">\n<table width=\"288\">\n<tbody>\n<tr>\n<td width=\"137\"><span style=\"color: #333333;\">Nome dos produtos<\/span><\/td>\n<td width=\"151\">Bolsa t\u00e1tica<\/td>\n<\/tr>\n<tr>\n<td><span style=\"color: #333333;\">Item No.<\/span><\/td>\n<td><span style=\"color: #333333;\">PB-2133<\/span><\/td>\n<\/tr>\n<tr>\n<td><span style=\"color: #333333;\">Material<\/span><\/td>\n<td>Poli\u00e9ster 600D<\/td>\n<\/tr>\n<tr>\n<td><span style=\"color: #333333;\">Tamanho<\/span><\/td>\n<td>45 x 28 x 25 cm<\/td>\n<\/tr>\n<tr>\n<td><span style=\"color: #333333;\">\u00a0Prazo de entrega<\/span><\/td>\n<td><span style=\"color: #333333;\">De 1 a 5 dias para pequenas quantidades por via a\u00e9rea e de 30 a 35 dias para grandes quantidades por via mar\u00edtima<\/span><\/td>\n<\/tr>\n<\/tbody>\n<\/table>\n<p class=\"ds-markdown-paragraph\">\ud83d\udd25\u00a0<strong>Por que os distribuidores estocam nossos pacotes:<\/strong><\/p>\n<ul>\n<li>\n<p class=\"ds-markdown-paragraph\"><strong>Projeto de best-seller<\/strong>: Velocidade de vendas 3 vezes mais r\u00e1pida do que os pacotes t\u00e1ticos padr\u00e3o (de acordo com relat\u00f3rios do setor de 2025)<\/p>\n<\/li>\n<li>\n<p class=\"ds-markdown-paragraph\">Bolsa T\u00e1tica ODM\/OEM com servi\u00e7os completos de marca pr\u00f3pria de Bolsa T\u00e1tica<\/p>\n<\/li>\n<li>\n<p class=\"ds-markdown-paragraph\">Produ\u00e7\u00e3o a granel de bolsas t\u00e1ticas de baixo MOQ<\/p>\n<\/li>\n<li>\n<p class=\"ds-markdown-paragraph\">Exporta\u00e7\u00e3o r\u00e1pida de bolsas t\u00e1ticas de nossa f\u00e1brica de bolsas t\u00e1ticas com certifica\u00e7\u00e3o ISO<\/p>\n<\/li>\n<li>\n<p class=\"ds-markdown-paragraph\">Tamb\u00e9m produzem bolsas de maquiagem a granel para linhas comerciais<\/p>\n<\/li>\n<\/ul>\n<p class=\"ds-markdown-paragraph\">\u26a1\u00a0<strong>Caracter\u00edsticas comprovadas em combate:<\/strong><br \/>\n- Capacidade expans\u00edvel de 50L + cobertura MOLLE\/PALS de 360\u00b0<br \/>\n- Compartimento principal \u00e0 prova d'\u00e1gua IPX7 + base com drenagem autom\u00e1tica<br \/>\n- Painel de administra\u00e7\u00e3o de acesso r\u00e1pido + compartimento oculto para CCW<br \/>\n- Configura\u00e7\u00f5es personalizadas via Tactical Bag OEM<\/p>\n<p class=\"ds-markdown-paragraph\">Ideal para compradores de empresas de bolsas t\u00e1ticas, varejistas de defesa e redes de fornecedores de bolsas t\u00e1ticas. Solicite sua aloca\u00e7\u00e3o de best-seller Q3 de seu fabricante dedicado de bolsas t\u00e1ticas hoje mesmo!<\/p>\n<\/div>\n<\/div>\n<\/div>\n<\/div>","protected":false},"excerpt":{"rendered":"<h2 data-immersive-translate-walked=\"344be1c1-5052-41eb-8fcd-0dbe236a0d6b\" data-immersive-translate-paragraph=\"1\">Mochila t\u00e1tica Assault Pack Hot Sale Fornecedores<\/h2>\n<div class=\"sliderTable mt10 mb10 sliderTable-index0\">\n<div class=\"inner\">\n<p>1. As al\u00e7as de ombro s\u00e3o acolchoadas.<\/p>\n<p>2. Cinto de cintura remov\u00edvel com fivela de libera\u00e7\u00e3o r\u00e1pida.<\/p>\n<p>3. A parte traseira da mochila \u00e9 revestida com malha e acolchoada para maior conforto.<\/p>\n<p>4. Segure a al\u00e7a na parte superior.<\/p>\n<p>5. 6 sacos de compress\u00e3o ao redor do saco para que voc\u00ea n\u00e3o possa enfiar o casaco nas al\u00e7as para facilitar o transporte, ou simplesmente aperte as al\u00e7as para comprimir o saco.<\/p>\n<p>6. Todos os z\u00edperes s\u00e3o de duas vias para servi\u00e7os pesados.<\/p>\n<p>7. Bolso com manga na parte traseira para uma bexiga de hidrata\u00e7\u00e3o (bexiga de hidrata\u00e7\u00e3o n\u00e3o inclu\u00edda).<\/p>\n<\/div>\n<\/div>","protected":false},"featured_media":4303,"template":"","meta":{"_uag_custom_page_level_css":""},"product_brand":[],"product_cat":[55,60],"product_tag":[],"class_list":{"0":"post-4299","1":"product","2":"type-product","3":"status-publish","4":"has-post-thumbnail","6":"product_cat-tactical-bag","7":"product_cat-backpack","9":"first","10":"instock","11":"shipping-taxable","12":"product-type-simple"},"uagb_featured_image_src":{"full":["https:\/\/pecbag.com\/wp-content\/uploads\/2025\/07\/Hot-Sale-Assault-Pack-Tactical-Backpack-Vendors-5.jpg",650,650,false],"thumbnail":["https:\/\/pecbag.com\/wp-content\/uploads\/2025\/07\/Hot-Sale-Assault-Pack-Tactical-Backpack-Vendors-5-150x150.jpg",150,150,true],"medium":["https:\/\/pecbag.com\/wp-content\/uploads\/2025\/07\/Hot-Sale-Assault-Pack-Tactical-Backpack-Vendors-5-300x300.jpg",300,300,true],"medium_large":["https:\/\/pecbag.com\/wp-content\/uploads\/2025\/07\/Hot-Sale-Assault-Pack-Tactical-Backpack-Vendors-5.jpg",650,650,false],"large":["https:\/\/pecbag.com\/wp-content\/uploads\/2025\/07\/Hot-Sale-Assault-Pack-Tactical-Backpack-Vendors-5.jpg",650,650,false],"1536x1536":["https:\/\/pecbag.com\/wp-content\/uploads\/2025\/07\/Hot-Sale-Assault-Pack-Tactical-Backpack-Vendors-5.jpg",650,650,false],"2048x2048":["https:\/\/pecbag.com\/wp-content\/uploads\/2025\/07\/Hot-Sale-Assault-Pack-Tactical-Backpack-Vendors-5.jpg",650,650,false],"trp-custom-language-flag":["https:\/\/pecbag.com\/wp-content\/uploads\/2025\/07\/Hot-Sale-Assault-Pack-Tactical-Backpack-Vendors-5-12x12.jpg",12,12,true],"woocommerce_thumbnail":["https:\/\/pecbag.com\/wp-content\/uploads\/2025\/07\/Hot-Sale-Assault-Pack-Tactical-Backpack-Vendors-5-300x300.jpg",300,300,true],"woocommerce_single":["https:\/\/pecbag.com\/wp-content\/uploads\/2025\/07\/Hot-Sale-Assault-Pack-Tactical-Backpack-Vendors-5-600x600.jpg",600,600,true],"woocommerce_gallery_thumbnail":["https:\/\/pecbag.com\/wp-content\/uploads\/2025\/07\/Hot-Sale-Assault-Pack-Tactical-Backpack-Vendors-5-100x100.jpg",100,100,true]},"uagb_author_info":{"display_name":"Lawrence","author_link":"https:\/\/pecbag.com\/br\/author\/"},"uagb_comment_info":0,"uagb_excerpt":"Hot Sale Assault Pack Tactical Backpack Vendors 1. Shoulder straps are padded. 2. Removable webbing waist belt with quick-release buckle. 3. The back of the pack is mesh-covered and padded for comfort. 4. Grab the handle on the top. 5. 6 compression sacks around the sack so you can't tuck in your coat into the&hellip;","_links":{"self":[{"href":"https:\/\/pecbag.com\/br\/wp-json\/wp\/v2\/product\/4299","targetHints":{"allow":["GET"]}}],"collection":[{"href":"https:\/\/pecbag.com\/br\/wp-json\/wp\/v2\/product"}],"about":[{"href":"https:\/\/pecbag.com\/br\/wp-json\/wp\/v2\/types\/product"}],"wp:featuredmedia":[{"embeddable":true,"href":"https:\/\/pecbag.com\/br\/wp-json\/wp\/v2\/media\/4303"}],"wp:attachment":[{"href":"https:\/\/pecbag.com\/br\/wp-json\/wp\/v2\/media?parent=4299"}],"wp:term":[{"taxonomy":"product_brand","embeddable":true,"href":"https:\/\/pecbag.com\/br\/wp-json\/wp\/v2\/product_brand?post=4299"},{"taxonomy":"product_cat","embeddable":true,"href":"https:\/\/pecbag.com\/br\/wp-json\/wp\/v2\/product_cat?post=4299"},{"taxonomy":"product_tag","embeddable":true,"href":"https:\/\/pecbag.com\/br\/wp-json\/wp\/v2\/product_tag?post=4299"}],"curies":[{"name":"wp","href":"https:\/\/api.w.org\/{rel}","templated":true}]}}