{"id":4306,"date":"2025-07-03T02:21:50","date_gmt":"2025-07-03T02:21:50","guid":{"rendered":"https:\/\/pecbag.com\/?post_type=product&#038;p=4306"},"modified":"2025-11-28T09:40:25","modified_gmt":"2025-11-28T09:40:25","slug":"heavy-duty-tactical-bag-military-backpack-wholesalers","status":"publish","type":"product","link":"https:\/\/pecbag.com\/br\/heavy-duty-tactical-bag-military-backpack-wholesalers\/","title":{"rendered":"Bolsa t\u00e1tica para servi\u00e7o pesado Mochila militar Atacadistas"},"content":{"rendered":"<h5 title=\"Bolsa dobr\u00e1vel para c\u00e3es Bolsa de ombro de malha respir\u00e1vel para c\u00e3es e gatos de pequeno porte\" data-immersive-translate-walked=\"1c928421-2e42-4cd3-8754-5404553c0af5\" data-immersive-translate-paragraph=\"1\" data-spm-anchor-id=\"a2700.details.0.i35.4f6757d4w4zNZA\">Top Heavy Duty Tactical Bag Military Backpack Wholesalers | Waterproof Bag Factory &amp; Combat Backpack Manufacturer | Bulk-Ready<\/h5>\n<p>Precisa de mochilas militares inquebr\u00e1veis e resistentes para for\u00e7as de elite? Como atacadistas certificados de mochilas militares Heavy Duty Tactical Bag, somos uma das principais f\u00e1bricas de mochilas t\u00e1ticas e fabricantes de mochilas t\u00e1ticas na China, projetando mochilas comprovadas em batalha com revestimento em Cordura\u00ae 500D, estruturas de suporte de carga e veda\u00e7\u00f5es \u00e0 prova d'\u00e1gua IPX8.<\/p>\n<p>Seja nosso parceiro - seu fornecedor estrat\u00e9gico de bolsas t\u00e1ticas - para pedidos em massa de bolsas t\u00e1ticas, fornecendo a fornecedores de bolsas t\u00e1ticas, ag\u00eancias governamentais e atacadistas de bolsas t\u00e1ticas em todo o mundo.<\/p>\n<div class=\"flex flex-grow flex-col max-w-full\">\n<div class=\"min-h-[20px] text-message flex w-full flex-col items-end gap-2 whitespace-pre-wrap break-words [.text-message+&amp;]:mt-5 overflow-x-auto\" dir=\"auto\" data-message-author-role=\"assistant\" data-message-id=\"3d7d46f6-7ec2-4222-9257-48fa0bba23c6\" data-suggestions=\"true\">\n<div class=\"flex w-full flex-col gap-1 empty:hidden first:pt-[3px]\">\n<div class=\"markdown prose w-full break-words dark:prose-invert light\">\n<table width=\"288\">\n<tbody>\n<tr>\n<td width=\"137\"><span style=\"color: #333333;\">Nome dos produtos<\/span><\/td>\n<td width=\"151\">Bolsa t\u00e1tica<\/td>\n<\/tr>\n<tr>\n<td><span style=\"color: #333333;\">Item No.<\/span><\/td>\n<td><span style=\"color: #333333;\">PB-2134<\/span><\/td>\n<\/tr>\n<tr>\n<td><span style=\"color: #333333;\">Material<\/span><\/td>\n<td>Cordura 500D<\/td>\n<\/tr>\n<tr>\n<td><span style=\"color: #333333;\">Tamanho<\/span><\/td>\n<td>45 x 22 x 30 cm<\/td>\n<\/tr>\n<tr>\n<td><span style=\"color: #333333;\">\u00a0Prazo de entrega<\/span><\/td>\n<td><span style=\"color: #333333;\">De 1 a 5 dias para pequenas quantidades por via a\u00e9rea e de 30 a 35 dias para grandes quantidades por via mar\u00edtima<\/span><\/td>\n<\/tr>\n<\/tbody>\n<\/table>\n<p class=\"ds-markdown-paragraph\"><strong>Por que os distribuidores globais nos escolhem:<\/strong><br \/>\n\u2705\u00a0<strong>Status de best-seller:<\/strong>\u00a070% taxa de pedidos repetidos de parceiros da Tactical Bag Company (2025 verificado)<br \/>\nServi\u00e7os completos de ODM\/OEM e de marca pr\u00f3pria para bolsas t\u00e1ticas<br \/>\nProdu\u00e7\u00e3o a granel de bolsas t\u00e1ticas de baixo MOQ<br \/>\nExporta\u00e7\u00e3o r\u00e1pida de bolsas t\u00e1ticas da f\u00e1brica de bolsas t\u00e1ticas com certifica\u00e7\u00e3o ISO<br \/>\nProdu\u00e7\u00e3o em linha dupla: Bolsas t\u00e1ticas para servi\u00e7o pesado + bolsa de maquiagem a granel<\/p>\n<p class=\"ds-markdown-paragraph\"><strong>Especifica\u00e7\u00f5es que superam o desempenho:<\/strong><br \/>\n- Capacidade expans\u00edvel de 40L + cinta MOLLE\/PALS 360\u00b0 para servi\u00e7o pesado<br \/>\n- Impermeabiliza\u00e7\u00e3o submers\u00edvel por 72 horas + al\u00e7as de arrasto refor\u00e7adas<br \/>\n- Manga para arma de saque r\u00e1pido + compartimentos para kit de trauma<br \/>\n- Configura\u00e7\u00f5es personalizadas via Tactical Bag OEM<\/p>\n<p class=\"ds-markdown-paragraph\">Ideal para atacadistas de mochilas militares, empreiteiros de defesa e redes de exporta\u00e7\u00e3o de mochilas t\u00e1ticas. Solicite sua aloca\u00e7\u00e3o a granel dos melhores atacadistas de mochilas militares para servi\u00e7o pesado da China hoje mesmo!<\/p>\n<\/div>\n<\/div>\n<\/div>\n<\/div>","protected":false},"excerpt":{"rendered":"<h2 data-immersive-translate-walked=\"344be1c1-5052-41eb-8fcd-0dbe236a0d6b\" data-immersive-translate-paragraph=\"1\">Bolsa t\u00e1tica para servi\u00e7o pesado Mochila militar Atacadistas<\/h2>\n<div class=\"sliderTable mt10 mb10 sliderTable-index0\">\n<div class=\"inner\">\n<p>1. Compartimento frontal de administra\u00e7\u00e3o com v\u00e1rias bolsas internas e um mosquet\u00e3o. Painel traseiro refor\u00e7ado e acolchoado com malha espa\u00e7adora<\/p>\n<p>2. Al\u00e7as de ombro ajust\u00e1veis de libera\u00e7\u00e3o r\u00e1pida, acolchoadas com malha espa\u00e7adora e al\u00e7a peitoral. Cinto de quadril ajust\u00e1vel e remov\u00edvel<\/p>\n<p>3. Compat\u00edvel com MOLLE\/PALS. Rede externa de cordas el\u00e1sticas para armazenamento externo r\u00e1pido<\/p>\n<\/div>\n<\/div>","protected":false},"featured_media":4310,"template":"","meta":{"_uag_custom_page_level_css":""},"product_brand":[],"product_cat":[55,60],"product_tag":[],"class_list":{"0":"post-4306","1":"product","2":"type-product","3":"status-publish","4":"has-post-thumbnail","6":"product_cat-tactical-bag","7":"product_cat-backpack","9":"first","10":"instock","11":"shipping-taxable","12":"product-type-simple"},"uagb_featured_image_src":{"full":["https:\/\/pecbag.com\/wp-content\/uploads\/2025\/07\/Heavy-Duty-Tactical-Bag-Military-Backpack-Wholesalers-4.jpg",1000,1000,false],"thumbnail":["https:\/\/pecbag.com\/wp-content\/uploads\/2025\/07\/Heavy-Duty-Tactical-Bag-Military-Backpack-Wholesalers-4-150x150.jpg",150,150,true],"medium":["https:\/\/pecbag.com\/wp-content\/uploads\/2025\/07\/Heavy-Duty-Tactical-Bag-Military-Backpack-Wholesalers-4-300x300.jpg",300,300,true],"medium_large":["https:\/\/pecbag.com\/wp-content\/uploads\/2025\/07\/Heavy-Duty-Tactical-Bag-Military-Backpack-Wholesalers-4-768x768.jpg",768,768,true],"large":["https:\/\/pecbag.com\/wp-content\/uploads\/2025\/07\/Heavy-Duty-Tactical-Bag-Military-Backpack-Wholesalers-4.jpg",800,800,false],"1536x1536":["https:\/\/pecbag.com\/wp-content\/uploads\/2025\/07\/Heavy-Duty-Tactical-Bag-Military-Backpack-Wholesalers-4.jpg",1000,1000,false],"2048x2048":["https:\/\/pecbag.com\/wp-content\/uploads\/2025\/07\/Heavy-Duty-Tactical-Bag-Military-Backpack-Wholesalers-4.jpg",1000,1000,false],"trp-custom-language-flag":["https:\/\/pecbag.com\/wp-content\/uploads\/2025\/07\/Heavy-Duty-Tactical-Bag-Military-Backpack-Wholesalers-4-12x12.jpg",12,12,true],"woocommerce_thumbnail":["https:\/\/pecbag.com\/wp-content\/uploads\/2025\/07\/Heavy-Duty-Tactical-Bag-Military-Backpack-Wholesalers-4-300x300.jpg",300,300,true],"woocommerce_single":["https:\/\/pecbag.com\/wp-content\/uploads\/2025\/07\/Heavy-Duty-Tactical-Bag-Military-Backpack-Wholesalers-4-600x600.jpg",600,600,true],"woocommerce_gallery_thumbnail":["https:\/\/pecbag.com\/wp-content\/uploads\/2025\/07\/Heavy-Duty-Tactical-Bag-Military-Backpack-Wholesalers-4-100x100.jpg",100,100,true]},"uagb_author_info":{"display_name":"Lawrence","author_link":"https:\/\/pecbag.com\/br\/author\/"},"uagb_comment_info":0,"uagb_excerpt":"Heavy Duty Tactical Bag Military Backpack Wholesalers 1. Front admin compartment with multiple inner sleeves and a carabiner. Stiffened back panel padded with spacer mesh 2. Adjustable quick-release shoulder straps, padded with spacer mesh and chest strap. Adjustable and removable webbing hip belt 3. MOLLE\/PALS compatible. External bungee cord web for quick outer storage","_links":{"self":[{"href":"https:\/\/pecbag.com\/br\/wp-json\/wp\/v2\/product\/4306","targetHints":{"allow":["GET"]}}],"collection":[{"href":"https:\/\/pecbag.com\/br\/wp-json\/wp\/v2\/product"}],"about":[{"href":"https:\/\/pecbag.com\/br\/wp-json\/wp\/v2\/types\/product"}],"wp:featuredmedia":[{"embeddable":true,"href":"https:\/\/pecbag.com\/br\/wp-json\/wp\/v2\/media\/4310"}],"wp:attachment":[{"href":"https:\/\/pecbag.com\/br\/wp-json\/wp\/v2\/media?parent=4306"}],"wp:term":[{"taxonomy":"product_brand","embeddable":true,"href":"https:\/\/pecbag.com\/br\/wp-json\/wp\/v2\/product_brand?post=4306"},{"taxonomy":"product_cat","embeddable":true,"href":"https:\/\/pecbag.com\/br\/wp-json\/wp\/v2\/product_cat?post=4306"},{"taxonomy":"product_tag","embeddable":true,"href":"https:\/\/pecbag.com\/br\/wp-json\/wp\/v2\/product_tag?post=4306"}],"curies":[{"name":"wp","href":"https:\/\/api.w.org\/{rel}","templated":true}]}}