{"id":4314,"date":"2025-07-04T03:29:09","date_gmt":"2025-07-04T03:29:09","guid":{"rendered":"https:\/\/pecbag.com\/?post_type=product&#038;p=4314"},"modified":"2025-11-28T09:39:09","modified_gmt":"2025-11-28T09:39:09","slug":"top-camouflage-tactical-bag-manufacturer","status":"publish","type":"product","link":"https:\/\/pecbag.com\/br\/top-camouflage-tactical-bag-manufacturer\/","title":{"rendered":"Bolsa T\u00e1tica de Camuflagem Fabricante"},"content":{"rendered":"<h5 title=\"Bolsa dobr\u00e1vel para c\u00e3es Bolsa de ombro de malha respir\u00e1vel para c\u00e3es e gatos de pequeno porte\" data-immersive-translate-walked=\"1c928421-2e42-4cd3-8754-5404553c0af5\" data-immersive-translate-paragraph=\"1\" data-spm-anchor-id=\"a2700.details.0.i35.4f6757d4w4zNZA\">Principal fabricante de bolsas t\u00e1ticas de camuflagem | F\u00e1brica de bolsas \u00e0 prova d'\u00e1gua e fabricante de mochilas militares | Suprimento t\u00e1tico<\/h5>\n<p class=\"ds-markdown-paragraph\">Precisa de bolsas t\u00e1ticas de camuflagem prontas para a batalha diretamente da fonte? Como fabricante certificado de bolsas t\u00e1ticas de camuflagem e f\u00e1brica de bolsas imperme\u00e1veis ISO 9001 na China, projetamos mochilas de n\u00edvel militar com padr\u00f5es de camuflagem digital\/floresta, revestimentos 1000D Cordura\u00ae e prote\u00e7\u00e3o IPX7 \u00e0 prova d'\u00e1gua, que merecem a confian\u00e7a de operadores do mundo todo.<\/p>\n<p class=\"ds-markdown-paragraph\">Seja nosso parceiro - seu fornecedor estrat\u00e9gico de bolsas t\u00e1ticas - para exportar bolsas t\u00e1ticas sem problemas para atacadistas de bolsas t\u00e1ticas, empreiteiros de defesa e fornecedores de bolsas t\u00e1ticas em todo o mundo.<\/p>\n<div class=\"flex flex-grow flex-col max-w-full\">\n<div class=\"min-h-[20px] text-message flex w-full flex-col items-end gap-2 whitespace-pre-wrap break-words [.text-message+&amp;]:mt-5 overflow-x-auto\" dir=\"auto\" data-message-author-role=\"assistant\" data-message-id=\"3d7d46f6-7ec2-4222-9257-48fa0bba23c6\" data-suggestions=\"true\">\n<div class=\"flex w-full flex-col gap-1 empty:hidden first:pt-[3px]\">\n<div class=\"markdown prose w-full break-words dark:prose-invert light\">\n<table width=\"288\">\n<tbody>\n<tr>\n<td width=\"137\"><span style=\"color: #333333;\">Nome dos produtos<\/span><\/td>\n<td width=\"151\">Bolsa t\u00e1tica<\/td>\n<\/tr>\n<tr>\n<td><span style=\"color: #333333;\">Item No.<\/span><\/td>\n<td><span style=\"color: #333333;\">PB-2135<\/span><\/td>\n<\/tr>\n<tr>\n<td><span style=\"color: #333333;\">Material<\/span><\/td>\n<td>Poli\u00e9ster 1000D<\/td>\n<\/tr>\n<tr>\n<td><span style=\"color: #333333;\">Tamanho<\/span><\/td>\n<td>49 x 21 x 30 cm<\/td>\n<\/tr>\n<tr>\n<td><span style=\"color: #333333;\">\u00a0Prazo de entrega<\/span><\/td>\n<td><span style=\"color: #333333;\">De 1 a 5 dias para pequenas quantidades por via a\u00e9rea e de 30 a 35 dias para grandes quantidades por via mar\u00edtima<\/span><\/td>\n<\/tr>\n<\/tbody>\n<\/table>\n<p class=\"ds-markdown-paragraph\"><strong>Por que os distribuidores de elite nos escolhem:<\/strong><br \/>\n\u2705\u00a0<strong>Mais vendidos da bolsa:<\/strong>\u00a0Rotatividade de prateleira tr\u00eas vezes mais r\u00e1pida em compara\u00e7\u00e3o com as embalagens t\u00e1ticas padr\u00e3o<br \/>\nBolsa t\u00e1tica completa ODM\/OEM e bolsa t\u00e1tica de marca pr\u00f3pria<br \/>\nBaixo MOQ Saco t\u00e1tico a granel<br \/>\nEnvio r\u00e1pido de nossa f\u00e1brica de bolsas t\u00e1ticas<br \/>\nProdu\u00e7\u00e3o dupla: Bolsas t\u00e1ticas de camuflagem + bolsa de maquiagem a granel<\/p>\n<p class=\"ds-markdown-paragraph\"><strong>Especifica\u00e7\u00f5es de miss\u00e3o cr\u00edtica:<\/strong><br \/>\n- Padr\u00f5es de camuflagem MIL-STD (MultiCam\u00ae\/Woodland\/Urban)<br \/>\n- Costuras seladas submers\u00edveis + bases com drenagem autom\u00e1tica<br \/>\n- Cinta MOLLE\/PALS de 360\u00b0 + compartimentos ocultos para CCW<br \/>\n- Configura\u00e7\u00f5es personalizadas via Tactical Bag OEM<\/p>\n<p class=\"ds-markdown-paragraph\">Ideal para compradores de empresas de bolsas t\u00e1ticas, lojas militares e redes de atacadistas de bolsas t\u00e1ticas. Solicite seu cat\u00e1logo do principal fabricante de bolsas t\u00e1ticas de camuflagem da China hoje mesmo!<\/p>\n<\/div>\n<\/div>\n<\/div>\n<\/div>","protected":false},"excerpt":{"rendered":"<h2 data-immersive-translate-walked=\"344be1c1-5052-41eb-8fcd-0dbe236a0d6b\" data-immersive-translate-paragraph=\"1\">Bolsa T\u00e1tica de Camuflagem Fabricante<\/h2>\n<div class=\"sliderTable mt10 mb10 sliderTable-index0\">\n<div class=\"inner\">\n<div>1. Fabricado em poli\u00e9ster resistente e dur\u00e1vel.<\/div>\n<div>2. O compartimento principal espa\u00e7oso oferece espa\u00e7o para roupas ou equipamentos t\u00e1ticos.<br \/>\n3. Bolso com forro de tric\u00f4 para proteger os \u00f3culos.<\/div>\n<div>4. Cintas de compress\u00e3o laterais para condensar sua carga.<\/div>\n<div>5. Suportes de remendo com gancho e argola.<\/div>\n<\/div>\n<\/div>","protected":false},"featured_media":4319,"template":"","meta":{"_uag_custom_page_level_css":""},"product_brand":[],"product_cat":[55,60],"product_tag":[],"class_list":{"0":"post-4314","1":"product","2":"type-product","3":"status-publish","4":"has-post-thumbnail","6":"product_cat-tactical-bag","7":"product_cat-backpack","9":"first","10":"instock","11":"shipping-taxable","12":"product-type-simple"},"uagb_featured_image_src":{"full":["https:\/\/pecbag.com\/wp-content\/uploads\/2025\/07\/Camouflage-Tactical-Bag-Manufacturer-1.jpg",710,708,false],"thumbnail":["https:\/\/pecbag.com\/wp-content\/uploads\/2025\/07\/Camouflage-Tactical-Bag-Manufacturer-1-150x150.jpg",150,150,true],"medium":["https:\/\/pecbag.com\/wp-content\/uploads\/2025\/07\/Camouflage-Tactical-Bag-Manufacturer-1-300x300.jpg",300,300,true],"medium_large":["https:\/\/pecbag.com\/wp-content\/uploads\/2025\/07\/Camouflage-Tactical-Bag-Manufacturer-1.jpg",710,708,false],"large":["https:\/\/pecbag.com\/wp-content\/uploads\/2025\/07\/Camouflage-Tactical-Bag-Manufacturer-1.jpg",710,708,false],"1536x1536":["https:\/\/pecbag.com\/wp-content\/uploads\/2025\/07\/Camouflage-Tactical-Bag-Manufacturer-1.jpg",710,708,false],"2048x2048":["https:\/\/pecbag.com\/wp-content\/uploads\/2025\/07\/Camouflage-Tactical-Bag-Manufacturer-1.jpg",710,708,false],"trp-custom-language-flag":["https:\/\/pecbag.com\/wp-content\/uploads\/2025\/07\/Camouflage-Tactical-Bag-Manufacturer-1-12x12.jpg",12,12,true],"woocommerce_thumbnail":["https:\/\/pecbag.com\/wp-content\/uploads\/2025\/07\/Camouflage-Tactical-Bag-Manufacturer-1-300x300.jpg",300,300,true],"woocommerce_single":["https:\/\/pecbag.com\/wp-content\/uploads\/2025\/07\/Camouflage-Tactical-Bag-Manufacturer-1-600x598.jpg",600,598,true],"woocommerce_gallery_thumbnail":["https:\/\/pecbag.com\/wp-content\/uploads\/2025\/07\/Camouflage-Tactical-Bag-Manufacturer-1-100x100.jpg",100,100,true]},"uagb_author_info":{"display_name":"Lawrence","author_link":"https:\/\/pecbag.com\/br\/author\/"},"uagb_comment_info":0,"uagb_excerpt":"Camouflage Tactical Bag Manufacturer 1. Constructed of heavyweight, durable polyester. 2. Spacious main compartment gives you space for clothing or tactical gear. 3. Tricot-lined pocket to protect eyewear. 4. Side compression straps to condense your load. 5. Hook and loop patch holders.","_links":{"self":[{"href":"https:\/\/pecbag.com\/br\/wp-json\/wp\/v2\/product\/4314","targetHints":{"allow":["GET"]}}],"collection":[{"href":"https:\/\/pecbag.com\/br\/wp-json\/wp\/v2\/product"}],"about":[{"href":"https:\/\/pecbag.com\/br\/wp-json\/wp\/v2\/types\/product"}],"wp:featuredmedia":[{"embeddable":true,"href":"https:\/\/pecbag.com\/br\/wp-json\/wp\/v2\/media\/4319"}],"wp:attachment":[{"href":"https:\/\/pecbag.com\/br\/wp-json\/wp\/v2\/media?parent=4314"}],"wp:term":[{"taxonomy":"product_brand","embeddable":true,"href":"https:\/\/pecbag.com\/br\/wp-json\/wp\/v2\/product_brand?post=4314"},{"taxonomy":"product_cat","embeddable":true,"href":"https:\/\/pecbag.com\/br\/wp-json\/wp\/v2\/product_cat?post=4314"},{"taxonomy":"product_tag","embeddable":true,"href":"https:\/\/pecbag.com\/br\/wp-json\/wp\/v2\/product_tag?post=4314"}],"curies":[{"name":"wp","href":"https:\/\/api.w.org\/{rel}","templated":true}]}}