{"id":4405,"date":"2025-07-07T01:30:07","date_gmt":"2025-07-07T01:30:07","guid":{"rendered":"https:\/\/pecbag.com\/?post_type=product&#038;p=4405"},"modified":"2025-11-28T09:36:07","modified_gmt":"2025-11-28T09:36:07","slug":"china-messenger-bag-manufacturers-2","status":"publish","type":"product","link":"https:\/\/pecbag.com\/br\/china-messenger-bag-manufacturers-2\/","title":{"rendered":"Fabricantes de bolsas de viagem na China"},"content":{"rendered":"<h5 title=\"Bolsa dobr\u00e1vel para c\u00e3es Bolsa de ombro de malha respir\u00e1vel para c\u00e3es e gatos de pequeno porte\" data-immersive-translate-walked=\"1c928421-2e42-4cd3-8754-5404553c0af5\" data-immersive-translate-paragraph=\"1\" data-spm-anchor-id=\"a2700.details.0.i35.4f6757d4w4zNZA\">L\u00edderes na fabrica\u00e7\u00e3o de bolsas mensageiras na China | F\u00e1brica de bolsas \u00e0 prova d'\u00e1gua e fabricante profissional de mochilas | Exporta\u00e7\u00e3o a granel<\/h5>\n<div class=\"flex flex-grow flex-col max-w-full\">\n<div class=\"min-h-[20px] text-message flex w-full flex-col items-end gap-2 whitespace-pre-wrap break-words [.text-message+&amp;]:mt-5 overflow-x-auto\" dir=\"auto\" data-message-author-role=\"assistant\" data-message-id=\"3d7d46f6-7ec2-4222-9257-48fa0bba23c6\" data-suggestions=\"true\">\n<div class=\"flex w-full flex-col gap-1 empty:hidden first:pt-[3px]\">\n<div class=\"markdown prose w-full break-words dark:prose-invert light\">\n<p class=\"ds-markdown-paragraph\">Como obter bolsas mensageiras premium diretamente dos fabricantes da China?<\/p>\n<p class=\"ds-markdown-paragraph\">Como fabricantes chineses de bolsas mensageiras com certifica\u00e7\u00e3o ISO e uma das principais f\u00e1bricas de bolsas \u00e0 prova d'\u00e1gua, criamos bolsas mensageiras de n\u00edvel comercial com tecnologia de bloqueio de RFID, designs compat\u00edveis com TSA e prote\u00e7\u00e3o IPX5 contra intemp\u00e9ries, que merecem a confian\u00e7a dos fornecedores da Fortune 500.<\/p>\n<p class=\"ds-markdown-paragraph\">Fa\u00e7a parceria com nossa empresa de bolsas para mensageiros - seu fornecedor estrat\u00e9gico de bolsas para mensageiros - para exporta\u00e7\u00e3o simplificada de bolsas para mensageiros para atacadistas, varejistas corporativos e fornecedores de bolsas para mensageiros em todo o mundo.<\/p>\n<table width=\"288\">\n<tbody>\n<tr>\n<td width=\"137\"><span style=\"color: #333333;\">Nome dos produtos<\/span><\/td>\n<td width=\"151\">Bolsa de m\u00e3o<\/td>\n<\/tr>\n<tr>\n<td><span style=\"color: #333333;\">Item No.<\/span><\/td>\n<td><span style=\"color: #333333;\">PB-2138<\/span><\/td>\n<\/tr>\n<tr>\n<td><span style=\"color: #333333;\">Material<\/span><\/td>\n<td>Poli\u00e9ster<\/td>\n<\/tr>\n<tr>\n<td><span style=\"color: #333333;\">Tamanho<\/span><\/td>\n<td>pode ser personalizado<\/td>\n<\/tr>\n<tr>\n<td><span style=\"color: #333333;\">\u00a0Prazo de entrega<\/span><\/td>\n<td><span style=\"color: #333333;\">De 1 a 5 dias para pequenas quantidades por via a\u00e9rea e de 30 a 35 dias para grandes quantidades por via mar\u00edtima<\/span><\/td>\n<\/tr>\n<\/tbody>\n<\/table>\n<p class=\"ds-markdown-paragraph\"><strong>Por que os compradores globais nos escolhem:<\/strong><br \/>\n\ud83d\udce6<strong>\u00a0Benchmarks do setor:<\/strong>\u00a068% Crescimento anual para parceiros distribuidores<br \/>\nBolsa para mensageiro completa ODM\/OEM e bolsa para mensageiro de marca pr\u00f3pria<br \/>\nBolsa mensageiro de baixo MOQ a granel<br \/>\nTermos EXW\/FOB de nosso centro de bolsas na China<br \/>\nCapacidade dupla do fabricante de mochilas: Sacos de mensageiro + saco de mensageiro a granel<\/p>\n<p class=\"ds-markdown-paragraph\"><strong>Recursos de n\u00edvel empresarial:<\/strong><br \/>\n- Compartimento acolchoado para laptop de 17\u2033 + z\u00edperes antifurto<br \/>\n- Base imperme\u00e1vel de lona + organizador de acesso r\u00e1pido<br \/>\n- Teste de durabilidade MIL-STD (z\u00edperes com mais de 1.000 ciclos)<br \/>\n- Marca personalizada por meio de bolsa de mensageiro OEM<\/p>\n<p class=\"ds-markdown-paragraph\">Ideal para redes de atacadistas de bolsas, revendedores corporativos e acess\u00f3rios de tecnologia\u00a0<strong>Fabricantes de bolsas tipo mensageiro<\/strong>.\u00a0<strong>Solicite sua mala de amostra dos principais fabricantes de bolsas tipo mensageiro da China hoje mesmo!<\/strong><\/p>\n<\/div>\n<\/div>\n<\/div>\n<\/div>","protected":false},"excerpt":{"rendered":"<h2 data-immersive-translate-walked=\"344be1c1-5052-41eb-8fcd-0dbe236a0d6b\" data-immersive-translate-paragraph=\"1\">Fabricantes de bolsas de viagem na China<\/h2>\n<div class=\"sliderTable mt10 mb10 sliderTable-index0\">\n<div class=\"inner\">\n<p>Essa bolsa satchel masculina com al\u00e7a \u00e9 ideal para uso di\u00e1rio, como bolsa de trabalho, bolsa escolar ou bolsa de viagem para homens e mulheres.<\/p>\n<p>\u00d3tima mochila de volta \u00e0s aulas para estudantes universit\u00e1rios e do ensino m\u00e9dio.<\/p>\n<p>Essas pastas macias com al\u00e7as de ombro podem armazenar um laptop, um MacBook e uma lancheira.<\/p>\n<p>Ser\u00e1 um belo presente para o Dia dos Namorados, anivers\u00e1rio, Dia dos Pais, Dia do Professor, etc<\/p>\n<\/div>\n<\/div>","protected":false},"featured_media":4410,"template":"","meta":{"_uag_custom_page_level_css":""},"product_brand":[],"product_cat":[65],"product_tag":[],"class_list":{"0":"post-4405","1":"product","2":"type-product","3":"status-publish","4":"has-post-thumbnail","6":"product_cat-messenger-bag","8":"first","9":"instock","10":"shipping-taxable","11":"product-type-simple"},"uagb_featured_image_src":{"full":["https:\/\/pecbag.com\/wp-content\/uploads\/2025\/07\/China-Messenger-Bag-Manufacturers-1.png",697,675,false],"thumbnail":["https:\/\/pecbag.com\/wp-content\/uploads\/2025\/07\/China-Messenger-Bag-Manufacturers-1-150x150.png",150,150,true],"medium":["https:\/\/pecbag.com\/wp-content\/uploads\/2025\/07\/China-Messenger-Bag-Manufacturers-1-300x291.png",300,291,true],"medium_large":["https:\/\/pecbag.com\/wp-content\/uploads\/2025\/07\/China-Messenger-Bag-Manufacturers-1.png",697,675,false],"large":["https:\/\/pecbag.com\/wp-content\/uploads\/2025\/07\/China-Messenger-Bag-Manufacturers-1.png",697,675,false],"1536x1536":["https:\/\/pecbag.com\/wp-content\/uploads\/2025\/07\/China-Messenger-Bag-Manufacturers-1.png",697,675,false],"2048x2048":["https:\/\/pecbag.com\/wp-content\/uploads\/2025\/07\/China-Messenger-Bag-Manufacturers-1.png",697,675,false],"trp-custom-language-flag":["https:\/\/pecbag.com\/wp-content\/uploads\/2025\/07\/China-Messenger-Bag-Manufacturers-1-12x12.png",12,12,true],"woocommerce_thumbnail":["https:\/\/pecbag.com\/wp-content\/uploads\/2025\/07\/China-Messenger-Bag-Manufacturers-1-300x300.png",300,300,true],"woocommerce_single":["https:\/\/pecbag.com\/wp-content\/uploads\/2025\/07\/China-Messenger-Bag-Manufacturers-1-600x581.png",600,581,true],"woocommerce_gallery_thumbnail":["https:\/\/pecbag.com\/wp-content\/uploads\/2025\/07\/China-Messenger-Bag-Manufacturers-1-100x100.png",100,100,true]},"uagb_author_info":{"display_name":"Lawrence","author_link":"https:\/\/pecbag.com\/br\/author\/"},"uagb_comment_info":0,"uagb_excerpt":"China Messenger Bag Manufacturers This men's satchel bag with a handle is ideal for daily use, as a work bag, school bag, or travel bag for both men and women. Great back-to-school bookbag for college and high school students. These soft briefcases with shoulder straps can store a laptop, a MacBook, and a lunchbox. It&hellip;","_links":{"self":[{"href":"https:\/\/pecbag.com\/br\/wp-json\/wp\/v2\/product\/4405","targetHints":{"allow":["GET"]}}],"collection":[{"href":"https:\/\/pecbag.com\/br\/wp-json\/wp\/v2\/product"}],"about":[{"href":"https:\/\/pecbag.com\/br\/wp-json\/wp\/v2\/types\/product"}],"wp:featuredmedia":[{"embeddable":true,"href":"https:\/\/pecbag.com\/br\/wp-json\/wp\/v2\/media\/4410"}],"wp:attachment":[{"href":"https:\/\/pecbag.com\/br\/wp-json\/wp\/v2\/media?parent=4405"}],"wp:term":[{"taxonomy":"product_brand","embeddable":true,"href":"https:\/\/pecbag.com\/br\/wp-json\/wp\/v2\/product_brand?post=4405"},{"taxonomy":"product_cat","embeddable":true,"href":"https:\/\/pecbag.com\/br\/wp-json\/wp\/v2\/product_cat?post=4405"},{"taxonomy":"product_tag","embeddable":true,"href":"https:\/\/pecbag.com\/br\/wp-json\/wp\/v2\/product_tag?post=4405"}],"curies":[{"name":"wp","href":"https:\/\/api.w.org\/{rel}","templated":true}]}}