{"id":4550,"date":"2025-07-09T01:51:40","date_gmt":"2025-07-09T01:51:40","guid":{"rendered":"https:\/\/pecbag.com\/?post_type=product&#038;p=4550"},"modified":"2025-11-28T09:35:21","modified_gmt":"2025-11-28T09:35:21","slug":"sport-fishing-bag-factory","status":"publish","type":"product","link":"https:\/\/pecbag.com\/br\/sport-fishing-bag-factory\/","title":{"rendered":"F\u00e1brica de bolsas de pesca esportiva"},"content":{"rendered":"<h5 title=\"Bolsa dobr\u00e1vel para c\u00e3es Bolsa de ombro de malha respir\u00e1vel para c\u00e3es e gatos de pequeno porte\" data-immersive-translate-walked=\"1c928421-2e42-4cd3-8754-5404553c0af5\" data-immersive-translate-paragraph=\"1\" data-spm-anchor-id=\"a2700.details.0.i35.4f6757d4w4zNZA\">F\u00e1brica de bolsas de pesca esportiva premium | F\u00e1brica de bolsas \u00e0 prova d'\u00e1gua e fabricante de mochilas t\u00e9cnicas | Exporta\u00e7\u00e3o a granel<\/h5>\n<div class=\"flex flex-grow flex-col max-w-full\">\n<div class=\"min-h-[20px] text-message flex w-full flex-col items-end gap-2 whitespace-pre-wrap break-words [.text-message+&amp;]:mt-5 overflow-x-auto\" dir=\"auto\" data-message-author-role=\"assistant\" data-message-id=\"3d7d46f6-7ec2-4222-9257-48fa0bba23c6\" data-suggestions=\"true\">\n<div class=\"flex w-full flex-col gap-1 empty:hidden first:pt-[3px]\">\n<div class=\"markdown prose w-full break-words dark:prose-invert light\">\n<p class=\"ds-markdown-paragraph\">Precisa de bolsas de pesca de n\u00edvel de torneio criadas para condi\u00e7\u00f5es de \u00e1gua salgada?<\/p>\n<p class=\"ds-markdown-paragraph\">Como uma das principais f\u00e1bricas de bolsas de pesca esportiva e de bolsas imperme\u00e1veis com certifica\u00e7\u00e3o ISO na Fishing Bag China, projetamos equipamentos profissionais de pesca com z\u00edperes resistentes \u00e0 corros\u00e3o, compartimentos submers\u00edveis e sistemas de gerenciamento de varas nos quais os pescadores profissionais de todo o mundo confiam.<\/p>\n<p class=\"ds-markdown-paragraph\">Fa\u00e7a parceria com a nossa empresa de bolsas de pesca - seu fornecedor estrat\u00e9gico de bolsas de pesca - para exportar bolsas de pesca para atacadistas de bolsas de pesca, varejistas de produtos para atividades ao ar livre e fornecedores de bolsas de pesca em todo o mundo.<\/p>\n<table width=\"288\">\n<tbody>\n<tr>\n<td width=\"137\"><span style=\"color: #333333;\">Nome dos produtos<\/span><\/td>\n<td width=\"151\">Bolsa para bicicleta<\/td>\n<\/tr>\n<tr>\n<td><span style=\"color: #333333;\">Item No.<\/span><\/td>\n<td><span style=\"color: #333333;\">PB-2142<\/span><\/td>\n<\/tr>\n<tr>\n<td><span style=\"color: #333333;\">Material<\/span><\/td>\n<td>Poli\u00e9ster<\/td>\n<\/tr>\n<tr>\n<td><span style=\"color: #333333;\">Tamanho<\/span><\/td>\n<td>21,5 * 32 * 14 cm<\/td>\n<\/tr>\n<tr>\n<td><span style=\"color: #333333;\">\u00a0Prazo de entrega<\/span><\/td>\n<td><span style=\"color: #333333;\">De 1 a 5 dias para pequenas quantidades por via a\u00e9rea e de 30 a 35 dias para grandes quantidades por via mar\u00edtima<\/span><\/td>\n<\/tr>\n<\/tbody>\n<\/table>\n<p class=\"ds-markdown-paragraph\"><strong>Por que a Pro Outfitters escolheu nossa f\u00e1brica:<\/strong><br \/>\n\ud83c\udfa3 <strong>Benchmarks do setor:<\/strong>\u00a063% Crescimento anual para distribuidores de pesca<br \/>\nBolsa de pesca completa ODM\/OEM e bolsa de pesca de marca pr\u00f3pria<br \/>\nSaco de pesca de baixo MOQ a granel<br \/>\nConstru\u00e7\u00e3o pronta para \u00e1gua salgada (hardware inoxid\u00e1vel 316L)<br \/>\nLinhas duplas de fabricantes de mochilas: Bolsas de pesca + equipamento t\u00e1tico<\/p>\n<p class=\"ds-markdown-paragraph\"><strong>Caracter\u00edsticas aprovadas pelo pescador:<\/strong><br \/>\n- Compartimento principal \u00e0 prova d'\u00e1gua IPX8 (30+ minutos de submers\u00e3o)<br \/>\n- Base de PVC resistente a mofo + embornais com drenagem autom\u00e1tica<br \/>\n- Suportes de haste personaliz\u00e1veis + integra\u00e7\u00e3o da caixa de equipamento<br \/>\n- Tecidos resistentes a sangue de peixe\/UV<br \/>\n- Personaliza\u00e7\u00e3o da marca via saco de pesca OEM<\/p>\n<\/div>\n<\/div>\n<\/div>\n<\/div>","protected":false},"excerpt":{"rendered":"<h2 data-immersive-translate-walked=\"344be1c1-5052-41eb-8fcd-0dbe236a0d6b\" data-immersive-translate-paragraph=\"1\">F\u00e1brica de bolsas de pesca esportiva<\/h2>\n<div class=\"sliderTable mt10 mb10 sliderTable-index0\">\n<div class=\"inner\">\n<p>1. Uma bolsa de pesca com grande capacidade pode ser usada para armazenar molinetes de pesca, iscas, alicates, anz\u00f3is, caixas e outros equipamentos de pesca.<br \/>\n2. Feito de poli\u00e9ster de alta qualidade, imperme\u00e1vel e resistente a rasgos, resistente ao desgaste e dur\u00e1vel, tem uma longa vida \u00fatil.<br \/>\n3. Bolsos frontais e laterais com z\u00edper mant\u00eam as coisas organizadas e seguras, f\u00e1ceis de abrir e fechar.<br \/>\n4. Al\u00e7a de ombro ajust\u00e1vel e remov\u00edvel, confort\u00e1vel de usar, pode ser usada como bolsa de ombro ou como bolso.<br \/>\n5. O design do bolso de malha facilita o acesso a pequenos acess\u00f3rios e pode armazenar com efici\u00eancia os molinetes de pesca.<\/p>\n<\/div>\n<\/div>","protected":false},"featured_media":4555,"template":"","meta":{"_uag_custom_page_level_css":""},"product_brand":[],"product_cat":[48,64],"product_tag":[],"class_list":{"0":"post-4550","1":"product","2":"type-product","3":"status-publish","4":"has-post-thumbnail","6":"product_cat-bike-bag","7":"product_cat-shoulder-bag","9":"first","10":"instock","11":"shipping-taxable","12":"product-type-simple"},"uagb_featured_image_src":{"full":["https:\/\/pecbag.com\/wp-content\/uploads\/2025\/07\/Sport-Fishing-Bag-Factories-6.jpeg",960,960,false],"thumbnail":["https:\/\/pecbag.com\/wp-content\/uploads\/2025\/07\/Sport-Fishing-Bag-Factories-6-150x150.jpeg",150,150,true],"medium":["https:\/\/pecbag.com\/wp-content\/uploads\/2025\/07\/Sport-Fishing-Bag-Factories-6-300x300.jpeg",300,300,true],"medium_large":["https:\/\/pecbag.com\/wp-content\/uploads\/2025\/07\/Sport-Fishing-Bag-Factories-6-768x768.jpeg",768,768,true],"large":["https:\/\/pecbag.com\/wp-content\/uploads\/2025\/07\/Sport-Fishing-Bag-Factories-6.jpeg",800,800,false],"1536x1536":["https:\/\/pecbag.com\/wp-content\/uploads\/2025\/07\/Sport-Fishing-Bag-Factories-6.jpeg",960,960,false],"2048x2048":["https:\/\/pecbag.com\/wp-content\/uploads\/2025\/07\/Sport-Fishing-Bag-Factories-6.jpeg",960,960,false],"trp-custom-language-flag":["https:\/\/pecbag.com\/wp-content\/uploads\/2025\/07\/Sport-Fishing-Bag-Factories-6-12x12.jpeg",12,12,true],"woocommerce_thumbnail":["https:\/\/pecbag.com\/wp-content\/uploads\/2025\/07\/Sport-Fishing-Bag-Factories-6-300x300.jpeg",300,300,true],"woocommerce_single":["https:\/\/pecbag.com\/wp-content\/uploads\/2025\/07\/Sport-Fishing-Bag-Factories-6-600x600.jpeg",600,600,true],"woocommerce_gallery_thumbnail":["https:\/\/pecbag.com\/wp-content\/uploads\/2025\/07\/Sport-Fishing-Bag-Factories-6-100x100.jpeg",100,100,true]},"uagb_author_info":{"display_name":"Lawrence","author_link":"https:\/\/pecbag.com\/br\/author\/"},"uagb_comment_info":0,"uagb_excerpt":"Sport Fishing Bag Factory 1. A fishing bag with a large capacity can be used to store fishing reels, baits, pliers, hooks, boxes, and other fishing gear. 2. Made of high-quality polyester, waterproof and tear\u2011resistant, wear\u2011resistant and durable, has a long service life. 3. Zipper front\/side pockets keep things organized and safe, easy to open&hellip;","_links":{"self":[{"href":"https:\/\/pecbag.com\/br\/wp-json\/wp\/v2\/product\/4550","targetHints":{"allow":["GET"]}}],"collection":[{"href":"https:\/\/pecbag.com\/br\/wp-json\/wp\/v2\/product"}],"about":[{"href":"https:\/\/pecbag.com\/br\/wp-json\/wp\/v2\/types\/product"}],"wp:featuredmedia":[{"embeddable":true,"href":"https:\/\/pecbag.com\/br\/wp-json\/wp\/v2\/media\/4555"}],"wp:attachment":[{"href":"https:\/\/pecbag.com\/br\/wp-json\/wp\/v2\/media?parent=4550"}],"wp:term":[{"taxonomy":"product_brand","embeddable":true,"href":"https:\/\/pecbag.com\/br\/wp-json\/wp\/v2\/product_brand?post=4550"},{"taxonomy":"product_cat","embeddable":true,"href":"https:\/\/pecbag.com\/br\/wp-json\/wp\/v2\/product_cat?post=4550"},{"taxonomy":"product_tag","embeddable":true,"href":"https:\/\/pecbag.com\/br\/wp-json\/wp\/v2\/product_tag?post=4550"}],"curies":[{"name":"wp","href":"https:\/\/api.w.org\/{rel}","templated":true}]}}