{"id":4570,"date":"2025-07-10T02:18:51","date_gmt":"2025-07-10T02:18:51","guid":{"rendered":"https:\/\/pecbag.com\/?post_type=product&#038;p=4570"},"modified":"2025-11-28T09:35:08","modified_gmt":"2025-11-28T09:35:08","slug":"top-china-chest-bag-manufacturers","status":"publish","type":"product","link":"https:\/\/pecbag.com\/br\/top-china-chest-bag-manufacturers\/","title":{"rendered":"Principais fabricantes de bolsas peitorais da China"},"content":{"rendered":"<h5 title=\"Bolsa dobr\u00e1vel para c\u00e3es Bolsa de ombro de malha respir\u00e1vel para c\u00e3es e gatos de pequeno porte\" data-immersive-translate-walked=\"1c928421-2e42-4cd3-8754-5404553c0af5\" data-immersive-translate-paragraph=\"1\" data-spm-anchor-id=\"a2700.details.0.i35.4f6757d4w4zNZA\">Principais fabricantes de bolsas de peito na China | F\u00e1brica de bolsas \u00e0 prova d'\u00e1gua e fabricante de mochilas t\u00e1ticas | OEM a granel<\/h5>\n<div class=\"flex flex-grow flex-col max-w-full\">\n<div class=\"min-h-[20px] text-message flex w-full flex-col items-end gap-2 whitespace-pre-wrap break-words [.text-message+&amp;]:mt-5 overflow-x-auto\" dir=\"auto\" data-message-author-role=\"assistant\" data-message-id=\"3d7d46f6-7ec2-4222-9257-48fa0bba23c6\" data-suggestions=\"true\">\n<div class=\"flex w-full flex-col gap-1 empty:hidden first:pt-[3px]\">\n<div class=\"markdown prose w-full break-words dark:prose-invert light\">\n<p class=\"ds-markdown-paragraph\">Precisa de bolsas peitorais premium diretamente dos fabricantes da China?<\/p>\n<p class=\"ds-markdown-paragraph\">Como fabricantes chineses de bolsas peitorais com certifica\u00e7\u00e3o ISO e uma f\u00e1brica de bolsas \u00e0 prova d'\u00e1gua, projetamos equipamentos peitorais de n\u00edvel t\u00e1tico com designs de acesso r\u00e1pido, tecnologia de distribui\u00e7\u00e3o de peso e impermeabiliza\u00e7\u00e3o IPX6, que contam com a confian\u00e7a de profissionais de atividades ao ar livre em todo o mundo.<\/p>\n<p class=\"ds-markdown-paragraph\">Fa\u00e7a parceria com nossa Chest Bag Company - seu fornecedor estrat\u00e9gico de Chest Bag - para exportar Chest Bag sem problemas para atacadistas de Chest Bag, empresas de seguran\u00e7a e fornecedores de Chest Bag em todo o mundo.<\/p>\n<table width=\"288\">\n<tbody>\n<tr>\n<td width=\"137\"><span style=\"color: #333333;\">Nome dos produtos<\/span><\/td>\n<td width=\"151\">Bolsa peitoral<\/td>\n<\/tr>\n<tr>\n<td><span style=\"color: #333333;\">Item No.<\/span><\/td>\n<td><span style=\"color: #333333;\">PB-2143<\/span><\/td>\n<\/tr>\n<tr>\n<td><span style=\"color: #333333;\">Material<\/span><\/td>\n<td>Poli\u00e9ster<\/td>\n<\/tr>\n<tr>\n<td><span style=\"color: #333333;\">Tamanho<\/span><\/td>\n<td>13 x 4 x 18 cm<\/td>\n<\/tr>\n<tr>\n<td><span style=\"color: #333333;\">\u00a0Prazo de entrega<\/span><\/td>\n<td><span style=\"color: #333333;\">De 1 a 5 dias para pequenas quantidades por via a\u00e9rea e de 30 a 35 dias para grandes quantidades por via mar\u00edtima<\/span><\/td>\n<\/tr>\n<\/tbody>\n<\/table>\n<h3>Por que os distribuidores globais nos escolhem:<\/h3>\n<p class=\"ds-markdown-paragraph\">\u2705 <strong>L\u00edder do setor:<\/strong>\u00a0Taxa de recompra do 71% de varejistas de produtos para uso externo<br \/>\nBolsa peitoral completa ODM\/OEM e bolsa peitoral de marca pr\u00f3pria<br \/>\nBaixo MOQ de saco de peito a granel<br \/>\nTermos EXW\/FOB do hub da Chest Bag China<br \/>\nLinhas duplas de fabricantes de mochilas: Bolsas de peito + equipamento t\u00e1tico<\/p>\n<p class=\"ds-markdown-paragraph\"><strong>Recursos de miss\u00e3o cr\u00edtica:<\/strong><br \/>\n-\u00a0<strong>Acessibilidade 360\u00b0:<\/strong>\u00a0Fivelas girat\u00f3rias + cord\u00f5es ambidestros<br \/>\n-\u00a0<strong>Constru\u00e7\u00e3o para todos os climas:<\/strong>\u00a0Nylon 900D revestido de TPU (classifica\u00e7\u00e3o IPX6)<br \/>\n-\u00a0<strong>Configura\u00e7\u00f5es personalizadas:<\/strong>\u00a0Pain\u00e9is compat\u00edveis com Molle + portas de hidrata\u00e7\u00e3o<br \/>\n-\u00a0<strong>Transporte seguro:<\/strong>\u00a0Bolsos com bloqueio de RFID + al\u00e7as \u00e0 prova de estilha\u00e7os<\/p>\n<\/div>\n<\/div>\n<\/div>\n<\/div>","protected":false},"excerpt":{"rendered":"<h2 data-immersive-translate-walked=\"344be1c1-5052-41eb-8fcd-0dbe236a0d6b\" data-immersive-translate-paragraph=\"1\">Fabricantes de bolsas peitorais na China<\/h2>\n<div class=\"sliderTable mt10 mb10 sliderTable-index0\">\n<div class=\"inner\">\n<p>Transporte equipamentos sem usar cinto e alcance facilmente seus itens em espa\u00e7os confinados, como cabines de ve\u00edculos\/aeronaves, onde o espa\u00e7o para os cotovelos \u00e9 restrito.<\/p>\n<p>Uma alternativa mais confort\u00e1vel aos coldres de cinto, pois voc\u00ea n\u00e3o ser\u00e1 cutucado pelo seu equipamento enquanto estiver sentado, esse arn\u00eas convers\u00edvel expandir\u00e1 sua capacidade de carga al\u00e9m do que voc\u00ea pode carregar confortavelmente no cinto.<\/p>\n<\/div>\n<\/div>","protected":false},"featured_media":4574,"template":"","meta":{"_uag_custom_page_level_css":""},"product_brand":[],"product_cat":[61,67],"product_tag":[],"class_list":{"0":"post-4570","1":"product","2":"type-product","3":"status-publish","4":"has-post-thumbnail","6":"product_cat-chest-bag","7":"product_cat-sports-bag","9":"first","10":"instock","11":"shipping-taxable","12":"product-type-simple"},"uagb_featured_image_src":{"full":["https:\/\/pecbag.com\/wp-content\/uploads\/2025\/07\/China-Chest-Bag-Manufacturers-3.jpg",1487,1500,false],"thumbnail":["https:\/\/pecbag.com\/wp-content\/uploads\/2025\/07\/China-Chest-Bag-Manufacturers-3-150x150.jpg",150,150,true],"medium":["https:\/\/pecbag.com\/wp-content\/uploads\/2025\/07\/China-Chest-Bag-Manufacturers-3-297x300.jpg",297,300,true],"medium_large":["https:\/\/pecbag.com\/wp-content\/uploads\/2025\/07\/China-Chest-Bag-Manufacturers-3-768x775.jpg",768,775,true],"large":["https:\/\/pecbag.com\/wp-content\/uploads\/2025\/07\/China-Chest-Bag-Manufacturers-3-1015x1024.jpg",800,807,true],"1536x1536":["https:\/\/pecbag.com\/wp-content\/uploads\/2025\/07\/China-Chest-Bag-Manufacturers-3.jpg",1487,1500,false],"2048x2048":["https:\/\/pecbag.com\/wp-content\/uploads\/2025\/07\/China-Chest-Bag-Manufacturers-3.jpg",1487,1500,false],"trp-custom-language-flag":["https:\/\/pecbag.com\/wp-content\/uploads\/2025\/07\/China-Chest-Bag-Manufacturers-3-12x12.jpg",12,12,true],"woocommerce_thumbnail":["https:\/\/pecbag.com\/wp-content\/uploads\/2025\/07\/China-Chest-Bag-Manufacturers-3-300x300.jpg",300,300,true],"woocommerce_single":["https:\/\/pecbag.com\/wp-content\/uploads\/2025\/07\/China-Chest-Bag-Manufacturers-3-600x605.jpg",600,605,true],"woocommerce_gallery_thumbnail":["https:\/\/pecbag.com\/wp-content\/uploads\/2025\/07\/China-Chest-Bag-Manufacturers-3-100x100.jpg",100,100,true]},"uagb_author_info":{"display_name":"Lawrence","author_link":"https:\/\/pecbag.com\/br\/author\/"},"uagb_comment_info":0,"uagb_excerpt":"China Chest Bag Manufacturers Carry gear without using a belt &amp; easily reach your items in confined spaces, such as vehicle\/aircraft cabs where your elbow room is restricted. A more comfortable alternative to belt holsters as you won't be poked by your gear while seated, this convertible harness will expand your carrying capacity beyond what&hellip;","_links":{"self":[{"href":"https:\/\/pecbag.com\/br\/wp-json\/wp\/v2\/product\/4570","targetHints":{"allow":["GET"]}}],"collection":[{"href":"https:\/\/pecbag.com\/br\/wp-json\/wp\/v2\/product"}],"about":[{"href":"https:\/\/pecbag.com\/br\/wp-json\/wp\/v2\/types\/product"}],"wp:featuredmedia":[{"embeddable":true,"href":"https:\/\/pecbag.com\/br\/wp-json\/wp\/v2\/media\/4574"}],"wp:attachment":[{"href":"https:\/\/pecbag.com\/br\/wp-json\/wp\/v2\/media?parent=4570"}],"wp:term":[{"taxonomy":"product_brand","embeddable":true,"href":"https:\/\/pecbag.com\/br\/wp-json\/wp\/v2\/product_brand?post=4570"},{"taxonomy":"product_cat","embeddable":true,"href":"https:\/\/pecbag.com\/br\/wp-json\/wp\/v2\/product_cat?post=4570"},{"taxonomy":"product_tag","embeddable":true,"href":"https:\/\/pecbag.com\/br\/wp-json\/wp\/v2\/product_tag?post=4570"}],"curies":[{"name":"wp","href":"https:\/\/api.w.org\/{rel}","templated":true}]}}