{"id":4671,"date":"2025-07-12T02:00:26","date_gmt":"2025-07-12T02:00:26","guid":{"rendered":"https:\/\/pecbag.com\/?post_type=product&#038;p=4671"},"modified":"2025-11-28T09:34:11","modified_gmt":"2025-11-28T09:34:11","slug":"china-chest-bag-factory","status":"publish","type":"product","link":"https:\/\/pecbag.com\/br\/china-chest-bag-factory\/","title":{"rendered":"F\u00e1brica de bolsas peitorais na China"},"content":{"rendered":"<h5 title=\"Bolsa dobr\u00e1vel para c\u00e3es Bolsa de ombro de malha respir\u00e1vel para c\u00e3es e gatos de pequeno porte\" data-immersive-translate-walked=\"1c928421-2e42-4cd3-8754-5404553c0af5\" data-immersive-translate-paragraph=\"1\" data-spm-anchor-id=\"a2700.details.0.i35.4f6757d4w4zNZA\">Principal f\u00e1brica de sacolas de peito da China | F\u00e1brica de sacolas \u00e0 prova d'\u00e1gua e fabricante de mochilas t\u00e1ticas | OEM a granel<\/h5>\n<div class=\"flex flex-grow flex-col max-w-full\">\n<div class=\"min-h-[20px] text-message flex w-full flex-col items-end gap-2 whitespace-pre-wrap break-words [.text-message+&amp;]:mt-5 overflow-x-auto\" dir=\"auto\" data-message-author-role=\"assistant\" data-message-id=\"3d7d46f6-7ec2-4222-9257-48fa0bba23c6\" data-suggestions=\"true\">\n<div class=\"flex w-full flex-col gap-1 empty:hidden first:pt-[3px]\">\n<div class=\"markdown prose w-full break-words dark:prose-invert light\">\n<p class=\"ds-markdown-paragraph\">Precisa de bolsas peitorais premium fabricadas diretamente de uma f\u00e1brica chinesa?<\/p>\n<p class=\"ds-markdown-paragraph\">Como uma das principais f\u00e1bricas de bolsas peitorais da China e de bolsas imperme\u00e1veis com certifica\u00e7\u00e3o ISO, produzimos equipamentos peitorais profissionais com materiais de n\u00edvel militar, designs de acesso r\u00e1pido e constru\u00e7\u00e3o \u00e0 prova de intemp\u00e9ries, que contam com a confian\u00e7a de empresas de seguran\u00e7a e marcas de atividades ao ar livre em todo o mundo.<\/p>\n<table width=\"288\">\n<tbody>\n<tr>\n<td width=\"137\"><span style=\"color: #333333;\">Nome dos produtos<\/span><\/td>\n<td width=\"151\">Bolsa peitoral<\/td>\n<\/tr>\n<tr>\n<td><span style=\"color: #333333;\">Item No.<\/span><\/td>\n<td><span style=\"color: #333333;\">PB-2148<\/span><\/td>\n<\/tr>\n<tr>\n<td><span style=\"color: #333333;\">Material<\/span><\/td>\n<td>Nylon<\/td>\n<\/tr>\n<tr>\n<td><span style=\"color: #333333;\">Tamanho<\/span><\/td>\n<td>40 x 9 x 30 cm<\/td>\n<\/tr>\n<tr>\n<td><span style=\"color: #333333;\">\u00a0Prazo de entrega<\/span><\/td>\n<td><span style=\"color: #333333;\">De 1 a 5 dias para pequenas quantidades por via a\u00e9rea e de 30 a 35 dias para grandes quantidades por via mar\u00edtima<\/span><\/td>\n<\/tr>\n<\/tbody>\n<\/table>\n<h3>Por que comprar de nossa f\u00e1brica na China?<\/h3>\n<p class=\"ds-markdown-paragraph\">\ud83c\udfed\u00a0<strong>Vantagens do Factory-Direct:<\/strong><\/p>\n<ul>\n<li>\n<p class=\"ds-markdown-paragraph\">Baixo MOQ de saco de peito a granel (mais de 300 unidades)<\/p>\n<\/li>\n<li>\n<p class=\"ds-markdown-paragraph\">Bolsa tor\u00e1cica completa ODM\/OEM e bolsa tor\u00e1cica de marca pr\u00f3pria<\/p>\n<\/li>\n<li>\n<p class=\"ds-markdown-paragraph\">Termos de exporta\u00e7\u00e3o EXW\/FOB Chest Bag<\/p>\n<\/li>\n<li>\n<p class=\"ds-markdown-paragraph\">Centro de produ\u00e7\u00e3o de 40.000\u33a1 Chest Bag na China<\/p>\n<\/li>\n<\/ul>\n<p class=\"ds-markdown-paragraph\">\ud83d\udd27\u00a0<strong>Excel\u00eancia na fabrica\u00e7\u00e3o:<\/strong><br \/>\n- Nylon 1000D Cordura\u00ae (resistente a rasgos)<br \/>\n- Z\u00edperes YKK\u00ae AquaGuard \u00e0 prova de intemp\u00e9ries<br \/>\n- Pain\u00e9is Molle modulares + bolsos com bloqueio de RFID<br \/>\n- Sistemas anat\u00f4micos de suspens\u00f3rios em X<\/p>\n<\/div>\n<\/div>\n<\/div>\n<\/div>","protected":false},"excerpt":{"rendered":"<h2 data-immersive-translate-walked=\"344be1c1-5052-41eb-8fcd-0dbe236a0d6b\" data-immersive-translate-paragraph=\"1\">F\u00e1brica de bolsas peitorais na China<\/h2>\n<div class=\"sliderTable mt10 mb10 sliderTable-index0\">\n<div class=\"inner\">De alto desempenho para uso duradouro, essa bolsa peitoral \u00e9 feita de tecido de qualidade premium e z\u00edperes lisos e resistentes.<\/div>\n<div class=\"inner\">Ela comporta mais itens do que uma pochete e \u00e9 mais f\u00e1cil de carregar do que uma bra\u00e7adeira. A melhor bolsa peitoral para treinamento de corrida ao ar livre em todas as condi\u00e7\u00f5es clim\u00e1ticas.<\/div>\n<\/div>","protected":false},"featured_media":4673,"template":"","meta":{"_uag_custom_page_level_css":""},"product_brand":[],"product_cat":[61,45],"product_tag":[],"class_list":{"0":"post-4671","1":"product","2":"type-product","3":"status-publish","4":"has-post-thumbnail","6":"product_cat-chest-bag","7":"product_cat-hiking-bag","9":"first","10":"instock","11":"shipping-taxable","12":"product-type-simple"},"uagb_featured_image_src":{"full":["https:\/\/pecbag.com\/wp-content\/uploads\/2025\/07\/China-Chest-Bag-Factory-3.jpg",1393,1500,false],"thumbnail":["https:\/\/pecbag.com\/wp-content\/uploads\/2025\/07\/China-Chest-Bag-Factory-3-150x150.jpg",150,150,true],"medium":["https:\/\/pecbag.com\/wp-content\/uploads\/2025\/07\/China-Chest-Bag-Factory-3-279x300.jpg",279,300,true],"medium_large":["https:\/\/pecbag.com\/wp-content\/uploads\/2025\/07\/China-Chest-Bag-Factory-3-768x827.jpg",768,827,true],"large":["https:\/\/pecbag.com\/wp-content\/uploads\/2025\/07\/China-Chest-Bag-Factory-3-951x1024.jpg",800,861,true],"1536x1536":["https:\/\/pecbag.com\/wp-content\/uploads\/2025\/07\/China-Chest-Bag-Factory-3.jpg",1393,1500,false],"2048x2048":["https:\/\/pecbag.com\/wp-content\/uploads\/2025\/07\/China-Chest-Bag-Factory-3.jpg",1393,1500,false],"trp-custom-language-flag":["https:\/\/pecbag.com\/wp-content\/uploads\/2025\/07\/China-Chest-Bag-Factory-3-11x12.jpg",11,12,true],"woocommerce_thumbnail":["https:\/\/pecbag.com\/wp-content\/uploads\/2025\/07\/China-Chest-Bag-Factory-3-300x300.jpg",300,300,true],"woocommerce_single":["https:\/\/pecbag.com\/wp-content\/uploads\/2025\/07\/China-Chest-Bag-Factory-3-600x646.jpg",600,646,true],"woocommerce_gallery_thumbnail":["https:\/\/pecbag.com\/wp-content\/uploads\/2025\/07\/China-Chest-Bag-Factory-3-100x100.jpg",100,100,true]},"uagb_author_info":{"display_name":"Lawrence","author_link":"https:\/\/pecbag.com\/br\/author\/"},"uagb_comment_info":0,"uagb_excerpt":"China Chest Bag Factory High Performance for Long-lasting usage, this chest bag is made of premium quality fabric and smooth, sturdy zippers. It can hold more items than a fanny chest pack and is easier to carry than an armband. Best chest bag for outdoor running training in all weather conditions.","_links":{"self":[{"href":"https:\/\/pecbag.com\/br\/wp-json\/wp\/v2\/product\/4671","targetHints":{"allow":["GET"]}}],"collection":[{"href":"https:\/\/pecbag.com\/br\/wp-json\/wp\/v2\/product"}],"about":[{"href":"https:\/\/pecbag.com\/br\/wp-json\/wp\/v2\/types\/product"}],"wp:featuredmedia":[{"embeddable":true,"href":"https:\/\/pecbag.com\/br\/wp-json\/wp\/v2\/media\/4673"}],"wp:attachment":[{"href":"https:\/\/pecbag.com\/br\/wp-json\/wp\/v2\/media?parent=4671"}],"wp:term":[{"taxonomy":"product_brand","embeddable":true,"href":"https:\/\/pecbag.com\/br\/wp-json\/wp\/v2\/product_brand?post=4671"},{"taxonomy":"product_cat","embeddable":true,"href":"https:\/\/pecbag.com\/br\/wp-json\/wp\/v2\/product_cat?post=4671"},{"taxonomy":"product_tag","embeddable":true,"href":"https:\/\/pecbag.com\/br\/wp-json\/wp\/v2\/product_tag?post=4671"}],"curies":[{"name":"wp","href":"https:\/\/api.w.org\/{rel}","templated":true}]}}