{"id":4728,"date":"2025-07-30T09:57:25","date_gmt":"2025-07-30T09:57:25","guid":{"rendered":"https:\/\/pecbag.com\/?post_type=product&#038;p=4728"},"modified":"2025-11-28T09:24:24","modified_gmt":"2025-11-28T09:24:24","slug":"chest-bag-manufacturers","status":"publish","type":"product","link":"https:\/\/pecbag.com\/br\/chest-bag-manufacturers\/","title":{"rendered":"Fabricantes de bolsas peitorais"},"content":{"rendered":"<h5 title=\"Bolsa dobr\u00e1vel para c\u00e3es Bolsa de ombro de malha respir\u00e1vel para c\u00e3es e gatos de pequeno porte\" data-immersive-translate-walked=\"1c928421-2e42-4cd3-8754-5404553c0af5\" data-immersive-translate-paragraph=\"1\" data-spm-anchor-id=\"a2700.details.0.i35.4f6757d4w4zNZA\">Fabricantes l\u00edderes de bolsas para o peito | F\u00e1brica de bolsas \u00e0 prova d'\u00e1gua e fabricante de mochilas t\u00e1ticas | Global Supply<\/h5>\n<div class=\"flex flex-grow flex-col max-w-full\">\n<div class=\"min-h-[20px] text-message flex w-full flex-col items-end gap-2 whitespace-pre-wrap break-words [.text-message+&amp;]:mt-5 overflow-x-auto\" dir=\"auto\" data-message-author-role=\"assistant\" data-message-id=\"3d7d46f6-7ec2-4222-9257-48fa0bba23c6\" data-suggestions=\"true\">\n<div class=\"flex w-full flex-col gap-1 empty:hidden first:pt-[3px]\">\n<div class=\"markdown prose w-full break-words dark:prose-invert light\">\n<p class=\"ds-markdown-paragraph\">Precisa de fabricantes confi\u00e1veis de bolsas peitorais para sua cadeia de suprimentos global?<\/p>\n<p class=\"ds-markdown-paragraph\">Como os principais fabricantes de bolsas peitorais e uma f\u00e1brica de bolsas \u00e0 prova d'\u00e1gua com certifica\u00e7\u00e3o ISO, projetamos equipamentos peitorais profissionais com materiais de n\u00edvel militar, designs ergon\u00f4micos e constru\u00e7\u00e3o \u00e0 prova de intemp\u00e9ries, que contam com a confian\u00e7a de empresas de seguran\u00e7a e marcas de atividades ao ar livre em todo o mundo.<\/p>\n<table width=\"288\">\n<tbody>\n<tr>\n<td width=\"137\"><span style=\"color: #333333;\">Nome dos produtos<\/span><\/td>\n<td width=\"151\">Bolsa peitoral<\/td>\n<\/tr>\n<tr>\n<td><span style=\"color: #333333;\">Item No.<\/span><\/td>\n<td><span style=\"color: #333333;\">PB-2149<\/span><\/td>\n<\/tr>\n<tr>\n<td><span style=\"color: #333333;\">Material<\/span><\/td>\n<td>Nylon<\/td>\n<\/tr>\n<tr>\n<td><span style=\"color: #333333;\">Tamanho<\/span><\/td>\n<td>30 x 7 x 20 cm<\/td>\n<\/tr>\n<tr>\n<td><span style=\"color: #333333;\">\u00a0Prazo de entrega<\/span><\/td>\n<td><span style=\"color: #333333;\">De 1 a 5 dias para pequenas quantidades por via a\u00e9rea e de 30 a 35 dias para grandes quantidades por via mar\u00edtima<\/span><\/td>\n<\/tr>\n<\/tbody>\n<\/table>\n<h3>Por que os parceiros globais nos escolhem:<\/h3>\n<p class=\"ds-markdown-paragraph\">\ud83c\udfed\u00a0<strong>Fabrica\u00e7\u00e3o de ponta a ponta:<\/strong><\/p>\n<ul>\n<li>\n<p class=\"ds-markdown-paragraph\">Produ\u00e7\u00e3o em massa de sacolas para o peito (300+ MOQ)<\/p>\n<\/li>\n<li>\n<p class=\"ds-markdown-paragraph\">Bolsa tor\u00e1cica completa ODM\/OEM e bolsa tor\u00e1cica de marca pr\u00f3pria<\/p>\n<\/li>\n<li>\n<p class=\"ds-markdown-paragraph\">Experi\u00eancia em exporta\u00e7\u00e3o de sacolas de peito (termos FOB\/EXW\/DDP)<\/p>\n<\/li>\n<li>\n<p class=\"ds-markdown-paragraph\">Chest Bag China hub + armaz\u00e9ns globais<\/p>\n<\/li>\n<\/ul>\n<p class=\"ds-markdown-paragraph\">\ud83d\udd27\u00a0<strong>Capacidades de fabrica\u00e7\u00e3o:<\/strong><br \/>\n- Constru\u00e7\u00e3o em nylon 1000D Cordura\u00ae.<br \/>\n- Z\u00edperes YKK\u00ae AquaGuard \u00e0 prova de intemp\u00e9ries<br \/>\n- Compatibilidade modular Molle\/PALS<br \/>\n- Compartimentos seguros com bloqueio de RFID<\/p>\n<\/div>\n<\/div>\n<\/div>\n<\/div>","protected":false},"excerpt":{"rendered":"<h2 data-immersive-translate-walked=\"344be1c1-5052-41eb-8fcd-0dbe236a0d6b\" data-immersive-translate-paragraph=\"1\">Fabricantes de bolsas peitorais<\/h2>\n<div class=\"sliderTable mt10 mb10 sliderTable-index0\">\n<div class=\"inner\">Nossa bolsa peitoral profissional para homens foi projetada para ser usada no peito, proporcionando f\u00e1cil acesso aos seus objetos de valor sem a necessidade de remover a bolsa.<\/div>\n<div class=\"inner\">A posi\u00e7\u00e3o no peito ajuda a manter seus pertences seguros. Essa mochila de corrida para homens \u00e9 \u00f3tima para armazenar itens essenciais como telefones, carteiras, chaves e pequenas ferramentas<\/div>\n<\/div>","protected":false},"featured_media":4734,"template":"","meta":{"_uag_custom_page_level_css":""},"product_brand":[],"product_cat":[61],"product_tag":[],"class_list":{"0":"post-4728","1":"product","2":"type-product","3":"status-publish","4":"has-post-thumbnail","6":"product_cat-chest-bag","8":"first","9":"instock","10":"shipping-taxable","11":"product-type-simple"},"uagb_featured_image_src":{"full":["https:\/\/pecbag.com\/wp-content\/uploads\/2025\/07\/Chest-Bag-Manufacturers-2.jpeg",1500,1513,false],"thumbnail":["https:\/\/pecbag.com\/wp-content\/uploads\/2025\/07\/Chest-Bag-Manufacturers-2-150x150.jpeg",150,150,true],"medium":["https:\/\/pecbag.com\/wp-content\/uploads\/2025\/07\/Chest-Bag-Manufacturers-2-297x300.jpeg",297,300,true],"medium_large":["https:\/\/pecbag.com\/wp-content\/uploads\/2025\/07\/Chest-Bag-Manufacturers-2-768x775.jpeg",768,775,true],"large":["https:\/\/pecbag.com\/wp-content\/uploads\/2025\/07\/Chest-Bag-Manufacturers-2-1015x1024.jpeg",800,807,true],"1536x1536":["https:\/\/pecbag.com\/wp-content\/uploads\/2025\/07\/Chest-Bag-Manufacturers-2.jpeg",1500,1513,false],"2048x2048":["https:\/\/pecbag.com\/wp-content\/uploads\/2025\/07\/Chest-Bag-Manufacturers-2.jpeg",1500,1513,false],"trp-custom-language-flag":["https:\/\/pecbag.com\/wp-content\/uploads\/2025\/07\/Chest-Bag-Manufacturers-2-12x12.jpeg",12,12,true],"woocommerce_thumbnail":["https:\/\/pecbag.com\/wp-content\/uploads\/2025\/07\/Chest-Bag-Manufacturers-2-300x300.jpeg",300,300,true],"woocommerce_single":["https:\/\/pecbag.com\/wp-content\/uploads\/2025\/07\/Chest-Bag-Manufacturers-2-600x605.jpeg",600,605,true],"woocommerce_gallery_thumbnail":["https:\/\/pecbag.com\/wp-content\/uploads\/2025\/07\/Chest-Bag-Manufacturers-2-100x100.jpeg",100,100,true]},"uagb_author_info":{"display_name":"Lawrence","author_link":"https:\/\/pecbag.com\/br\/author\/"},"uagb_comment_info":0,"uagb_excerpt":"Chest Bag Manufacturers Our professional chest pack for men is designed to be worn on the chest, providing easy access to your valuables without the need to remove the pack. The chest position helps keep your belongings secure. This running chest pack for men is great for storing essentials like phones, wallets, keys, and small&hellip;","_links":{"self":[{"href":"https:\/\/pecbag.com\/br\/wp-json\/wp\/v2\/product\/4728","targetHints":{"allow":["GET"]}}],"collection":[{"href":"https:\/\/pecbag.com\/br\/wp-json\/wp\/v2\/product"}],"about":[{"href":"https:\/\/pecbag.com\/br\/wp-json\/wp\/v2\/types\/product"}],"wp:featuredmedia":[{"embeddable":true,"href":"https:\/\/pecbag.com\/br\/wp-json\/wp\/v2\/media\/4734"}],"wp:attachment":[{"href":"https:\/\/pecbag.com\/br\/wp-json\/wp\/v2\/media?parent=4728"}],"wp:term":[{"taxonomy":"product_brand","embeddable":true,"href":"https:\/\/pecbag.com\/br\/wp-json\/wp\/v2\/product_brand?post=4728"},{"taxonomy":"product_cat","embeddable":true,"href":"https:\/\/pecbag.com\/br\/wp-json\/wp\/v2\/product_cat?post=4728"},{"taxonomy":"product_tag","embeddable":true,"href":"https:\/\/pecbag.com\/br\/wp-json\/wp\/v2\/product_tag?post=4728"}],"curies":[{"name":"wp","href":"https:\/\/api.w.org\/{rel}","templated":true}]}}