{"id":4735,"date":"2025-07-14T01:12:04","date_gmt":"2025-07-14T01:12:04","guid":{"rendered":"https:\/\/pecbag.com\/?post_type=product&#038;p=4735"},"modified":"2025-11-28T09:33:58","modified_gmt":"2025-11-28T09:33:58","slug":"mens-chest-bag-manufacturers","status":"publish","type":"product","link":"https:\/\/pecbag.com\/br\/mens-chest-bag-manufacturers\/","title":{"rendered":"Fabricantes de bolsas masculinas para o peito"},"content":{"rendered":"<h5 title=\"Bolsa dobr\u00e1vel para c\u00e3es Bolsa de ombro de malha respir\u00e1vel para c\u00e3es e gatos de pequeno porte\" data-immersive-translate-walked=\"1c928421-2e42-4cd3-8754-5404553c0af5\" data-immersive-translate-paragraph=\"1\" data-spm-anchor-id=\"a2700.details.0.i35.4f6757d4w4zNZA\">Fabricantes de bolsas masculinas Premium | F\u00e1brica de bolsas \u00e0 prova d'\u00e1gua e mochilas t\u00e1ticas | Solu\u00e7\u00f5es a granel<\/h5>\n<div class=\"flex flex-grow flex-col max-w-full\">\n<div class=\"min-h-[20px] text-message flex w-full flex-col items-end gap-2 whitespace-pre-wrap break-words [.text-message+&amp;]:mt-5 overflow-x-auto\" dir=\"auto\" data-message-author-role=\"assistant\" data-message-id=\"3d7d46f6-7ec2-4222-9257-48fa0bba23c6\" data-suggestions=\"true\">\n<div class=\"flex w-full flex-col gap-1 empty:hidden first:pt-[3px]\">\n<div class=\"markdown prose w-full break-words dark:prose-invert light\">\n<p class=\"ds-markdown-paragraph\">Precisa de bolsas peitorais masculinas robustas feitas para uso profissional?<\/p>\n<p class=\"ds-markdown-paragraph\">Como l\u00edderes na fabrica\u00e7\u00e3o de bolsas peitorais masculinas e uma f\u00e1brica de bolsas \u00e0 prova d'\u00e1gua com certifica\u00e7\u00e3o ISO, projetamos equipamentos peitorais masculinos com sistemas de arn\u00eas anat\u00f4micos, recursos t\u00e1ticos e constru\u00e7\u00e3o dur\u00e1vel, que contam com a confian\u00e7a de profissionais de seguran\u00e7a e marcas de atividades ao ar livre em todo o mundo.<\/p>\n<table width=\"288\">\n<tbody>\n<tr>\n<td width=\"137\"><span style=\"color: #333333;\">Nome dos produtos<\/span><\/td>\n<td width=\"151\">Bolsa peitoral<\/td>\n<\/tr>\n<tr>\n<td><span style=\"color: #333333;\">Item No.<\/span><\/td>\n<td><span style=\"color: #333333;\">PB-2150<\/span><\/td>\n<\/tr>\n<tr>\n<td><span style=\"color: #333333;\">Material<\/span><\/td>\n<td>Poli\u00e9ster<\/td>\n<\/tr>\n<tr>\n<td><span style=\"color: #333333;\">Tamanho<\/span><\/td>\n<td>26 x 7 x 16 cm<\/td>\n<\/tr>\n<tr>\n<td><span style=\"color: #333333;\">\u00a0Prazo de entrega<\/span><\/td>\n<td><span style=\"color: #333333;\">De 1 a 5 dias para pequenas quantidades por via a\u00e9rea e de 30 a 35 dias para grandes quantidades por via mar\u00edtima<\/span><\/td>\n<\/tr>\n<\/tbody>\n<\/table>\n<h3>Por que escolher nossa manufatura:<\/h3>\n<p class=\"ds-markdown-paragraph\">\ud83c\udfed\u00a0<strong>Vantagens do Factory-Direct:<\/strong><\/p>\n<ul>\n<li>\n<p class=\"ds-markdown-paragraph\">Produ\u00e7\u00e3o em massa de sacolas para o peito (300+ MOQ)<\/p>\n<\/li>\n<li>\n<p class=\"ds-markdown-paragraph\">Bolsa tor\u00e1cica completa ODM\/OEM e bolsa tor\u00e1cica de marca pr\u00f3pria<\/p>\n<\/li>\n<li>\n<p class=\"ds-markdown-paragraph\">Experi\u00eancia em exporta\u00e7\u00e3o de sacolas de peito (termos FOB\/EXW)<\/p>\n<\/li>\n<li>\n<p class=\"ds-markdown-paragraph\">Chest Bag China hub com remessa global<\/p>\n<\/li>\n<\/ul>\n<p class=\"ds-markdown-paragraph\">\ud83d\udd27\u00a0<strong>Engenharia espec\u00edfica para homens:<\/strong><br \/>\n- Arn\u00eas anat\u00f4mico em X (peso distribu\u00eddo para estruturas masculinas)<br \/>\n- Faixa de al\u00e7a estendida (adequada para alturas de 160 a 200 cm)<br \/>\n- Pontos de estresse refor\u00e7ados (1000D Cordura\u00ae)<br \/>\n- Pain\u00e9is traseiros AirMesh anti-suor<\/p>\n<\/div>\n<\/div>\n<\/div>\n<\/div>","protected":false},"excerpt":{"rendered":"<h2 data-immersive-translate-walked=\"344be1c1-5052-41eb-8fcd-0dbe236a0d6b\" data-immersive-translate-paragraph=\"1\">Fabricantes de bolsas masculinas para o peito<\/h2>\n<div class=\"sliderTable mt10 mb10 sliderTable-index0\">\n<div class=\"inner\">Com tr\u00eas bolsos exclusivos projetados para cada dispositivo que voc\u00ea precisa, nossa bolsa para corrida pode armazenar o que voc\u00ea precisa para sua rotina di\u00e1ria.<\/div>\n<div class=\"inner\">Com v\u00e1rios compartimentos projetados para diferentes aparelhos, nossa mochila garante que tudo o que voc\u00ea precisa esteja facilmente acess\u00edvel. Economize tempo procurando suas coisas e tenha mais tempo para suar.<\/div>\n<\/div>","protected":false},"featured_media":4740,"template":"","meta":{"_uag_custom_page_level_css":""},"product_brand":[],"product_cat":[61],"product_tag":[],"class_list":{"0":"post-4735","1":"product","2":"type-product","3":"status-publish","4":"has-post-thumbnail","6":"product_cat-chest-bag","8":"first","9":"instock","10":"shipping-taxable","11":"product-type-simple"},"uagb_featured_image_src":{"full":["https:\/\/pecbag.com\/wp-content\/uploads\/2025\/07\/Mens-Chest-Bag-Manufacturers-5.jpeg",1500,1500,false],"thumbnail":["https:\/\/pecbag.com\/wp-content\/uploads\/2025\/07\/Mens-Chest-Bag-Manufacturers-5-150x150.jpeg",150,150,true],"medium":["https:\/\/pecbag.com\/wp-content\/uploads\/2025\/07\/Mens-Chest-Bag-Manufacturers-5-300x300.jpeg",300,300,true],"medium_large":["https:\/\/pecbag.com\/wp-content\/uploads\/2025\/07\/Mens-Chest-Bag-Manufacturers-5-768x768.jpeg",768,768,true],"large":["https:\/\/pecbag.com\/wp-content\/uploads\/2025\/07\/Mens-Chest-Bag-Manufacturers-5-1024x1024.jpeg",800,800,true],"1536x1536":["https:\/\/pecbag.com\/wp-content\/uploads\/2025\/07\/Mens-Chest-Bag-Manufacturers-5.jpeg",1500,1500,false],"2048x2048":["https:\/\/pecbag.com\/wp-content\/uploads\/2025\/07\/Mens-Chest-Bag-Manufacturers-5.jpeg",1500,1500,false],"trp-custom-language-flag":["https:\/\/pecbag.com\/wp-content\/uploads\/2025\/07\/Mens-Chest-Bag-Manufacturers-5-12x12.jpeg",12,12,true],"woocommerce_thumbnail":["https:\/\/pecbag.com\/wp-content\/uploads\/2025\/07\/Mens-Chest-Bag-Manufacturers-5-300x300.jpeg",300,300,true],"woocommerce_single":["https:\/\/pecbag.com\/wp-content\/uploads\/2025\/07\/Mens-Chest-Bag-Manufacturers-5-600x600.jpeg",600,600,true],"woocommerce_gallery_thumbnail":["https:\/\/pecbag.com\/wp-content\/uploads\/2025\/07\/Mens-Chest-Bag-Manufacturers-5-100x100.jpeg",100,100,true]},"uagb_author_info":{"display_name":"Lawrence","author_link":"https:\/\/pecbag.com\/br\/author\/"},"uagb_comment_info":0,"uagb_excerpt":"Mens Chest Bag Manufacturers With three unique pockets designed for every gadget you need, our running chest bag can store you needs for your daily routine. With multiple compartments designed for different gadgets, our chest pack ensures that everything you need is easily accessible. Save time looking for your things and have more time to&hellip;","_links":{"self":[{"href":"https:\/\/pecbag.com\/br\/wp-json\/wp\/v2\/product\/4735","targetHints":{"allow":["GET"]}}],"collection":[{"href":"https:\/\/pecbag.com\/br\/wp-json\/wp\/v2\/product"}],"about":[{"href":"https:\/\/pecbag.com\/br\/wp-json\/wp\/v2\/types\/product"}],"wp:featuredmedia":[{"embeddable":true,"href":"https:\/\/pecbag.com\/br\/wp-json\/wp\/v2\/media\/4740"}],"wp:attachment":[{"href":"https:\/\/pecbag.com\/br\/wp-json\/wp\/v2\/media?parent=4735"}],"wp:term":[{"taxonomy":"product_brand","embeddable":true,"href":"https:\/\/pecbag.com\/br\/wp-json\/wp\/v2\/product_brand?post=4735"},{"taxonomy":"product_cat","embeddable":true,"href":"https:\/\/pecbag.com\/br\/wp-json\/wp\/v2\/product_cat?post=4735"},{"taxonomy":"product_tag","embeddable":true,"href":"https:\/\/pecbag.com\/br\/wp-json\/wp\/v2\/product_tag?post=4735"}],"curies":[{"name":"wp","href":"https:\/\/api.w.org\/{rel}","templated":true}]}}