{"id":4742,"date":"2025-07-15T01:42:41","date_gmt":"2025-07-15T01:42:41","guid":{"rendered":"https:\/\/pecbag.com\/?post_type=product&#038;p=4742"},"modified":"2025-11-28T09:33:36","modified_gmt":"2025-11-28T09:33:36","slug":"sports-gym-bag-factory","status":"publish","type":"product","link":"https:\/\/pecbag.com\/br\/sports-gym-bag-factory\/","title":{"rendered":"F\u00e1brica de bolsas de gin\u00e1stica esportiva"},"content":{"rendered":"<h5 title=\"Bolsa dobr\u00e1vel para c\u00e3es Bolsa de ombro de malha respir\u00e1vel para c\u00e3es e gatos de pequeno porte\" data-immersive-translate-walked=\"1c928421-2e42-4cd3-8754-5404553c0af5\" data-immersive-translate-paragraph=\"1\" data-spm-anchor-id=\"a2700.details.0.i35.4f6757d4w4zNZA\">Fabricante de v\u00e1rias categorias: F\u00e1brica de Mochilas e Bolsas Imperme\u00e1veis | F\u00e1brica de Bolsas de Gin\u00e1stica Esportiva Premium<\/h5>\n<div class=\"flex flex-grow flex-col max-w-full\">\n<div class=\"min-h-[20px] text-message flex w-full flex-col items-end gap-2 whitespace-pre-wrap break-words [.text-message+&amp;]:mt-5 overflow-x-auto\" dir=\"auto\" data-message-author-role=\"assistant\" data-message-id=\"3d7d46f6-7ec2-4222-9257-48fa0bba23c6\" data-suggestions=\"true\">\n<div class=\"flex w-full flex-col gap-1 empty:hidden first:pt-[3px]\">\n<div class=\"markdown prose w-full break-words dark:prose-invert light\">\n<p class=\"ds-markdown-paragraph\">Precisa de uma f\u00e1brica vers\u00e1til de bolsas de gin\u00e1stica esportiva? Somos um fabricante de Gym Bag com certifica\u00e7\u00e3o ISO na Gym Bag China, produzindo bolsas esportivas premium para exporta\u00e7\u00e3o global de Gym Bag. Fa\u00e7a parceria com nossa empresa de bolsas de gin\u00e1stica para:<\/p>\n<table width=\"288\">\n<tbody>\n<tr>\n<td width=\"137\"><span style=\"color: #333333;\">Nome dos produtos<\/span><\/td>\n<td width=\"151\">Bolsa peitoral<\/td>\n<\/tr>\n<tr>\n<td><span style=\"color: #333333;\">Item No.<\/span><\/td>\n<td><span style=\"color: #333333;\">PB-2151<\/span><\/td>\n<\/tr>\n<tr>\n<td><span style=\"color: #333333;\">Material<\/span><\/td>\n<td>Poli\u00e9ster 600D<\/td>\n<\/tr>\n<tr>\n<td><span style=\"color: #333333;\">Tamanho<\/span><\/td>\n<td>31\u2033L x 7,5\u2033 de di\u00e2metro<\/td>\n<\/tr>\n<tr>\n<td><span style=\"color: #333333;\">\u00a0Prazo de entrega<\/span><\/td>\n<td><span style=\"color: #333333;\">De 1 a 5 dias para pequenas quantidades por via a\u00e9rea e de 30 a 35 dias para grandes quantidades por via mar\u00edtima<\/span><\/td>\n<\/tr>\n<\/tbody>\n<\/table>\n<p class=\"ds-markdown-paragraph\">\u2705\u00a0<strong>Efici\u00eancia direta da f\u00e1brica<\/strong><br \/>\nFa\u00e7a pedidos a granel de bolsas de gin\u00e1stica diretamente de nossa f\u00e1brica de bolsas de gin\u00e1stica esportiva - sem intermedi\u00e1rios, com pre\u00e7os competitivos.<\/p>\n<p class=\"ds-markdown-paragraph\">\u2705\u00a0<strong>Especializa\u00e7\u00e3o em personaliza\u00e7\u00e3o<\/strong><br \/>\nFullGym Bag ODM\/OEM + servi\u00e7os de marca pr\u00f3pria para bolsas de gin\u00e1stica (MOQ 500 unidades)<\/p>\n<p class=\"ds-markdown-paragraph\">\u2705\u00a0<strong>Solu\u00e7\u00f5es prontas para exporta\u00e7\u00e3o<\/strong><br \/>\nExporta\u00e7\u00e3o de bolsas de gin\u00e1stica prontas para uso com documenta\u00e7\u00e3o de conformidade<\/p>\n<p class=\"ds-markdown-paragraph\"><strong>Por que os parceiros globais nos escolhem:<\/strong><br \/>\n- Descontos por atacado para bolsas de gin\u00e1stica em grandes quantidades (500+\/1.000+ unidades)<br \/>\n- Mais de 15 novos designs trimestrais<br \/>\n- Parcerias de fornecedores de bolsas de gin\u00e1stica com envio direto<br \/>\n- Produ\u00e7\u00e3o r\u00e1pida de 7 dias para clientes atacadistas de bolsas de gin\u00e1stica<\/p>\n<p class=\"ds-markdown-paragraph\">Como seu fornecedor dedicado de bolsas de gin\u00e1stica e f\u00e1brica de bolsas de gin\u00e1stica esportiva, garantimos a qualidade desde a produ\u00e7\u00e3o at\u00e9 a exporta\u00e7\u00e3o. Solicite um cat\u00e1logo hoje mesmo!<\/p>\n<\/div>\n<\/div>\n<\/div>\n<\/div>","protected":false},"excerpt":{"rendered":"<h2 class=\"this-description-name\">Saco de gin\u00e1stica esportivo funcional \u00e0 prova d'\u00e1gua com logotipo personalizado<\/h2>\n<div class=\"sliderTable mt10 mb10 sliderTable-index0\">\n<div class=\"inner\">\n<p>1. <strong>1 bolso \u00famido separado na parte inferior<\/strong>: Essa bolsa para ioga \u00e9 o ideal de um design cuidadoso com um bolso \u00famido \u00e0 prova d'\u00e1gua com z\u00edper, que tem altura<br \/>\n3,2 polegadas na parte inferior. Ele pode acomodar um suti\u00e3 esportivo e um par de leggings de comprimento total juntos, ou outros itens essenciais pessoais, como<br \/>\ncintas de ioga, toalhas, kit de conveni\u00eancia para viagem, etc.<br \/>\n2. <strong>2 bolsos laterais externos<\/strong>: Caracter\u00edsticas externas: 1 bolso espa\u00e7oso com cord\u00e3o na frente para garrafas de \u00e1gua, guarda-chuva, halteres pequenos, corda<br \/>\npular ou outros acess\u00f3rios esportivos. Al\u00e9m disso, um pequeno bolso lateral externo com z\u00edper (comprimento de 7,8 polegadas) para armazenamento r\u00e1pido do seu telefone,<br \/>\nChaves, carteira, documentos de identidade, itens essenciais, mant\u00e9m seus objetos de valor pr\u00f3ximos e seguros<br \/>\n3. <strong>Qualidade Premium<\/strong>:  Esse transportador para ioga \u00e9 feito de z\u00edperes SBS em tom de prata confi\u00e1veis e suaves e material de poli\u00e9ster resistente com<br \/>\num revestimento resistente \u00e0 \u00e1gua. \u00c9 f\u00e1cil de limpar e pesa apenas 330 g, podendo ser enrolado e dobrado facilmente<br \/>\n4. <strong>F\u00e1cil de transportar<\/strong>: O design da al\u00e7a de ombro ajust\u00e1vel confort\u00e1vel e f\u00e1cil (comprimento m\u00e1ximo de 47 polegadas) \u00e9 adequado para diferentes alturas de<br \/>\nmulheres e homens. Ele pode ser carregado no corpo ou no ombro. Libere sua m\u00e3o e seja mais conveniente<\/p>\n<div>5. <strong>Di\u00e2metro de 0,8 polegada maior<\/strong>: Nossa bolsa esportiva atualizada tem 0,8 polegada de di\u00e2metro a mais do que as outras. Dimens\u00f5es totais: 31\u2033L x 7,5\u2033<\/div>\n<\/div>\n<\/div>","protected":false},"featured_media":4746,"template":"","meta":{"_uag_custom_page_level_css":""},"product_brand":[],"product_cat":[56,67],"product_tag":[],"class_list":{"0":"post-4742","1":"product","2":"type-product","3":"status-publish","4":"has-post-thumbnail","6":"product_cat-gym-bag","7":"product_cat-sports-bag","9":"first","10":"instock","11":"shipping-taxable","12":"product-type-simple"},"uagb_featured_image_src":{"full":["https:\/\/pecbag.com\/wp-content\/uploads\/2025\/07\/Sports-Gym-Bag-Factory-2.jpeg",1600,1600,false],"thumbnail":["https:\/\/pecbag.com\/wp-content\/uploads\/2025\/07\/Sports-Gym-Bag-Factory-2-150x150.jpeg",150,150,true],"medium":["https:\/\/pecbag.com\/wp-content\/uploads\/2025\/07\/Sports-Gym-Bag-Factory-2-300x300.jpeg",300,300,true],"medium_large":["https:\/\/pecbag.com\/wp-content\/uploads\/2025\/07\/Sports-Gym-Bag-Factory-2-768x768.jpeg",768,768,true],"large":["https:\/\/pecbag.com\/wp-content\/uploads\/2025\/07\/Sports-Gym-Bag-Factory-2-1024x1024.jpeg",800,800,true],"1536x1536":["https:\/\/pecbag.com\/wp-content\/uploads\/2025\/07\/Sports-Gym-Bag-Factory-2-1536x1536.jpeg",1536,1536,true],"2048x2048":["https:\/\/pecbag.com\/wp-content\/uploads\/2025\/07\/Sports-Gym-Bag-Factory-2.jpeg",1600,1600,false],"trp-custom-language-flag":["https:\/\/pecbag.com\/wp-content\/uploads\/2025\/07\/Sports-Gym-Bag-Factory-2-12x12.jpeg",12,12,true],"woocommerce_thumbnail":["https:\/\/pecbag.com\/wp-content\/uploads\/2025\/07\/Sports-Gym-Bag-Factory-2-300x300.jpeg",300,300,true],"woocommerce_single":["https:\/\/pecbag.com\/wp-content\/uploads\/2025\/07\/Sports-Gym-Bag-Factory-2-600x600.jpeg",600,600,true],"woocommerce_gallery_thumbnail":["https:\/\/pecbag.com\/wp-content\/uploads\/2025\/07\/Sports-Gym-Bag-Factory-2-100x100.jpeg",100,100,true]},"uagb_author_info":{"display_name":"Lawrence","author_link":"https:\/\/pecbag.com\/br\/author\/"},"uagb_comment_info":0,"uagb_excerpt":"Custom Logo Waterproof Functional Sports Gym Bag Factory 1. 1 Bottom Separate Wet Pocket: This yoga bag is the ideal of thoughtful design with 1 zip waterproof wet pocket, which height 3.2-inch on the bottom. It can hold one sports bra and one pair of full-length leggings together, or other personal essentials like yoga straps,&hellip;","_links":{"self":[{"href":"https:\/\/pecbag.com\/br\/wp-json\/wp\/v2\/product\/4742","targetHints":{"allow":["GET"]}}],"collection":[{"href":"https:\/\/pecbag.com\/br\/wp-json\/wp\/v2\/product"}],"about":[{"href":"https:\/\/pecbag.com\/br\/wp-json\/wp\/v2\/types\/product"}],"wp:featuredmedia":[{"embeddable":true,"href":"https:\/\/pecbag.com\/br\/wp-json\/wp\/v2\/media\/4746"}],"wp:attachment":[{"href":"https:\/\/pecbag.com\/br\/wp-json\/wp\/v2\/media?parent=4742"}],"wp:term":[{"taxonomy":"product_brand","embeddable":true,"href":"https:\/\/pecbag.com\/br\/wp-json\/wp\/v2\/product_brand?post=4742"},{"taxonomy":"product_cat","embeddable":true,"href":"https:\/\/pecbag.com\/br\/wp-json\/wp\/v2\/product_cat?post=4742"},{"taxonomy":"product_tag","embeddable":true,"href":"https:\/\/pecbag.com\/br\/wp-json\/wp\/v2\/product_tag?post=4742"}],"curies":[{"name":"wp","href":"https:\/\/api.w.org\/{rel}","templated":true}]}}