{"id":5074,"date":"2025-07-22T02:35:26","date_gmt":"2025-07-22T02:35:26","guid":{"rendered":"https:\/\/pecbag.com\/?post_type=product&#038;p=5074"},"modified":"2025-11-28T09:29:02","modified_gmt":"2025-11-28T09:29:02","slug":"sea-fishing-bag-factories","status":"publish","type":"product","link":"https:\/\/pecbag.com\/br\/sea-fishing-bag-factories\/","title":{"rendered":"F\u00e1bricas de sacos de pesca mar\u00edtima"},"content":{"rendered":"<h5 title=\"Bolsa dobr\u00e1vel para c\u00e3es Bolsa de ombro de malha respir\u00e1vel para c\u00e3es e gatos de pequeno porte\" data-immersive-translate-walked=\"1c928421-2e42-4cd3-8754-5404553c0af5\" data-immersive-translate-paragraph=\"1\" data-spm-anchor-id=\"a2700.details.0.i35.4f6757d4w4zNZA\">Fabricante de mochilas resistentes \u00e0 \u00e1gua salgada e f\u00e1brica de bolsas \u00e0 prova d'\u00e1gua - f\u00e1bricas profissionais de bolsas para pesca mar\u00edtima<\/h5>\n<div class=\"flex flex-grow flex-col max-w-full\">\n<div class=\"min-h-[20px] text-message flex w-full flex-col items-end gap-2 whitespace-pre-wrap break-words [.text-message+&amp;]:mt-5 overflow-x-auto\" dir=\"auto\" data-message-author-role=\"assistant\" data-message-id=\"3d7d46f6-7ec2-4222-9257-48fa0bba23c6\" data-suggestions=\"true\">\n<div class=\"flex w-full flex-col gap-1 empty:hidden first:pt-[3px]\">\n<div class=\"markdown prose w-full break-words dark:prose-invert light\">\n<p class=\"ds-markdown-paragraph\">Precisa de f\u00e1bricas de sacos de pesca mar\u00edtima \u00e0 prova de corros\u00e3o?<\/p>\n<p class=\"ds-markdown-paragraph\">Como fabricantes de sacos de pesca com certifica\u00e7\u00e3o ISO e especialistas em f\u00e1brica de sacos \u00e0 prova d'\u00e1gua na China, projetamos equipamentos de n\u00edvel mar\u00edtimo para marcas globais. Fa\u00e7a parceria com nossa empresa de bolsas de pesca para:<\/p>\n<table width=\"288\">\n<tbody>\n<tr>\n<td width=\"137\"><span style=\"color: #333333;\">Nome dos produtos<\/span><\/td>\n<td width=\"151\">Bolsa de pesca<\/td>\n<\/tr>\n<tr>\n<td><span style=\"color: #333333;\">Item No.<\/span><\/td>\n<td><span style=\"color: #333333;\">PB-2164<\/span><\/td>\n<\/tr>\n<tr>\n<td><span style=\"color: #333333;\">Material<\/span><\/td>\n<td>Poli\u00e9ster<\/td>\n<\/tr>\n<tr>\n<td><span style=\"color: #333333;\">Tamanho<\/span><\/td>\n<td>21,5 x 32 x 14 cm<\/td>\n<\/tr>\n<tr>\n<td><span style=\"color: #333333;\">\u00a0Prazo de entrega<\/span><\/td>\n<td><span style=\"color: #333333;\">De 1 a 5 dias para pequenas quantidades por via a\u00e9rea e de 30 a 35 dias para grandes quantidades por via mar\u00edtima<\/span><\/td>\n<\/tr>\n<\/tbody>\n<\/table>\n<p class=\"ds-markdown-paragraph\">\u2705\u00a0<strong>Desempenho pronto para o oceano<\/strong><br \/>\n- Sacos de pesca mar\u00edtima resistentes \u00e0 \u00e1gua salgada com ilh\u00f3s de drenagem e z\u00edperes \u00e0 prova de ferrugem<br \/>\n- Pedidos em massa de sacos de pesca a partir de 300 unidades (certificado de corros\u00e3o CRRC)<\/p>\n<p class=\"ds-markdown-paragraph\">\u2705\u00a0<strong>Personaliza\u00e7\u00e3o de \u00e1gua salgada<\/strong><br \/>\nBolsa de pesca ODM\/OEM + Marca pr\u00f3pria<br \/>\nPorta-varas\/al\u00e7as para equipamento de mergulho (MOQ 300 p\u00e7s)<\/p>\n<p class=\"ds-markdown-paragraph\">\u2705\u00a0<strong>Pronto para exporta\u00e7\u00e3o global<\/strong><br \/>\nExporta\u00e7\u00e3o de sacos de pesca sem costura com relat\u00f3rios de teste de pulveriza\u00e7\u00e3o de sal da SGS<\/p>\n<p class=\"ds-markdown-paragraph\"><strong>Borda da f\u00e1brica:<\/strong><br \/>\nEconomia em massa da bolsa de pesca: 25% de desconto em mais de 500 unidades<br \/>\nPrototipagem de 7 dias com testes de corros\u00e3o<br \/>\nPortal do fornecedor de bolsas de pesca: Transmiss\u00e3o ao vivo do controle de qualidade<br \/>\nProdu\u00e7\u00e3o de 30 dias para programas de atacadistas de bolsas de pesca<\/p>\n<p class=\"ds-markdown-paragraph\">Seu fornecedor confi\u00e1vel de sacolas de pesca - desde f\u00e1bricas de sacolas de pesca mar\u00edtima at\u00e9 docas globais.<\/p>\n<p class=\"ds-markdown-paragraph\">Solicite um v\u00eddeo gratuito de teste de spray de sal!<\/p>\n<\/div>\n<\/div>\n<\/div>\n<\/div>","protected":false},"excerpt":{"rendered":"<h2 class=\"this-description-name\">F\u00e1bricas de sacos de pesca mar\u00edtima<\/h2>\n<div class=\"sliderTable mt10 mb10 sliderTable-index0\">\n<div class=\"inner\">\n<p>1. Bolsa de pesca com grande capacidade, pode ser usada para armazenar molinetes de pesca, iscas, alicates, anz\u00f3is, caixas e outros equipamentos de pesca.<br \/>\n2. Feito de poli\u00e9ster de alta qualidade, \u00e0 prova d'\u00e1gua e resistente a rasgos, resistente ao desgaste e dur\u00e1vel, tem uma longa vida \u00fatil.<br \/>\n3. Bolsos frontais e laterais com z\u00edper mant\u00eam as coisas organizadas e seguras, f\u00e1ceis de abrir e fechar.<br \/>\n4. Al\u00e7a de ombro ajust\u00e1vel e remov\u00edvel, confort\u00e1vel de usar, pode ser usada como bolsa de ombro ou como bolso.<br \/>\n5. O design do bolso de malha facilita o acesso a pequenos acess\u00f3rios e pode armazenar com efici\u00eancia os molinetes de pesca.<\/p>\n<\/div>\n<\/div>","protected":false},"featured_media":5080,"template":"","meta":{"_uag_custom_page_level_css":""},"product_brand":[],"product_cat":[46,64],"product_tag":[],"class_list":{"0":"post-5074","1":"product","2":"type-product","3":"status-publish","4":"has-post-thumbnail","6":"product_cat-fishing-bag","7":"product_cat-shoulder-bag","9":"first","10":"instock","11":"shipping-taxable","12":"product-type-simple"},"uagb_featured_image_src":{"full":["https:\/\/pecbag.com\/wp-content\/uploads\/2025\/07\/Sea-Fishing-Bag-Factories-3.jpg",960,960,false],"thumbnail":["https:\/\/pecbag.com\/wp-content\/uploads\/2025\/07\/Sea-Fishing-Bag-Factories-3-150x150.jpg",150,150,true],"medium":["https:\/\/pecbag.com\/wp-content\/uploads\/2025\/07\/Sea-Fishing-Bag-Factories-3-300x300.jpg",300,300,true],"medium_large":["https:\/\/pecbag.com\/wp-content\/uploads\/2025\/07\/Sea-Fishing-Bag-Factories-3-768x768.jpg",768,768,true],"large":["https:\/\/pecbag.com\/wp-content\/uploads\/2025\/07\/Sea-Fishing-Bag-Factories-3.jpg",800,800,false],"1536x1536":["https:\/\/pecbag.com\/wp-content\/uploads\/2025\/07\/Sea-Fishing-Bag-Factories-3.jpg",960,960,false],"2048x2048":["https:\/\/pecbag.com\/wp-content\/uploads\/2025\/07\/Sea-Fishing-Bag-Factories-3.jpg",960,960,false],"trp-custom-language-flag":["https:\/\/pecbag.com\/wp-content\/uploads\/2025\/07\/Sea-Fishing-Bag-Factories-3-12x12.jpg",12,12,true],"woocommerce_thumbnail":["https:\/\/pecbag.com\/wp-content\/uploads\/2025\/07\/Sea-Fishing-Bag-Factories-3-300x300.jpg",300,300,true],"woocommerce_single":["https:\/\/pecbag.com\/wp-content\/uploads\/2025\/07\/Sea-Fishing-Bag-Factories-3-600x600.jpg",600,600,true],"woocommerce_gallery_thumbnail":["https:\/\/pecbag.com\/wp-content\/uploads\/2025\/07\/Sea-Fishing-Bag-Factories-3-100x100.jpg",100,100,true]},"uagb_author_info":{"display_name":"Lawrence","author_link":"https:\/\/pecbag.com\/br\/author\/"},"uagb_comment_info":0,"uagb_excerpt":"Sea Fishing Bag Factories 1. Fishing bag with large capacity, can be used to store fishing reels, baits, pliers, hooks, boxes, and other fishing gear. 2. Made of high-quality polyester, waterproof and tear\u2011resistant, wear\u2011resistant and durable, it has a long service life. 3. Zipper front\/side pockets keep things organized and safe, easy to open and&hellip;","_links":{"self":[{"href":"https:\/\/pecbag.com\/br\/wp-json\/wp\/v2\/product\/5074","targetHints":{"allow":["GET"]}}],"collection":[{"href":"https:\/\/pecbag.com\/br\/wp-json\/wp\/v2\/product"}],"about":[{"href":"https:\/\/pecbag.com\/br\/wp-json\/wp\/v2\/types\/product"}],"wp:featuredmedia":[{"embeddable":true,"href":"https:\/\/pecbag.com\/br\/wp-json\/wp\/v2\/media\/5080"}],"wp:attachment":[{"href":"https:\/\/pecbag.com\/br\/wp-json\/wp\/v2\/media?parent=5074"}],"wp:term":[{"taxonomy":"product_brand","embeddable":true,"href":"https:\/\/pecbag.com\/br\/wp-json\/wp\/v2\/product_brand?post=5074"},{"taxonomy":"product_cat","embeddable":true,"href":"https:\/\/pecbag.com\/br\/wp-json\/wp\/v2\/product_cat?post=5074"},{"taxonomy":"product_tag","embeddable":true,"href":"https:\/\/pecbag.com\/br\/wp-json\/wp\/v2\/product_tag?post=5074"}],"curies":[{"name":"wp","href":"https:\/\/api.w.org\/{rel}","templated":true}]}}