{"id":5223,"date":"2025-07-29T01:34:14","date_gmt":"2025-07-29T01:34:14","guid":{"rendered":"https:\/\/pecbag.com\/?post_type=product&#038;p=5223"},"modified":"2025-11-28T09:23:13","modified_gmt":"2025-11-28T09:23:13","slug":"customized-solid-bag-fishing-supplier","status":"publish","type":"product","link":"https:\/\/pecbag.com\/br\/customized-solid-bag-fishing-supplier\/","title":{"rendered":"Fornecedor de sacos s\u00f3lidos personalizados para pesca"},"content":{"rendered":"<h5 title=\"Bolsa dobr\u00e1vel para c\u00e3es Bolsa de ombro de malha respir\u00e1vel para c\u00e3es e gatos de pequeno porte\" data-immersive-translate-walked=\"1c928421-2e42-4cd3-8754-5404553c0af5\" data-immersive-translate-paragraph=\"1\" data-spm-anchor-id=\"a2700.details.0.i35.4f6757d4w4zNZA\">Fabricante de mochilas dur\u00e1veis e f\u00e1brica de bolsas \u00e0 prova d'\u00e1gua - Fornecedor especializado em pesca de bolsas s\u00f3lidas personalizadas<\/h5>\n<div class=\"flex flex-grow flex-col max-w-full\">\n<div class=\"min-h-[20px] text-message flex w-full flex-col items-end gap-2 whitespace-pre-wrap break-words [.text-message+&amp;]:mt-5 overflow-x-auto\" dir=\"auto\" data-message-author-role=\"assistant\" data-message-id=\"3d7d46f6-7ec2-4222-9257-48fa0bba23c6\" data-suggestions=\"true\">\n<div class=\"flex w-full flex-col gap-1 empty:hidden first:pt-[3px]\">\n<div class=\"markdown prose w-full break-words dark:prose-invert light\">\n<p class=\"ds-markdown-paragraph\">Precisa de equipamentos de pesca robustos e personalizados? Como um dos principais fornecedores de sacos de pesca s\u00f3lidos personalizados e f\u00e1brica de sacos \u00e0 prova d'\u00e1gua na China, criamos solu\u00e7\u00f5es para servi\u00e7os pesados para pescadores s\u00e9rios. Fa\u00e7a parceria com nossa empresa de bolsas de pesca para:<\/p>\n<table width=\"288\">\n<tbody>\n<tr>\n<td width=\"137\"><span style=\"color: #333333;\">Nome dos produtos<\/span><\/td>\n<td width=\"151\">Bolsa de pesca<\/td>\n<\/tr>\n<tr>\n<td><span style=\"color: #333333;\">Item No.<\/span><\/td>\n<td><span style=\"color: #333333;\">PB-2170<\/span><\/td>\n<\/tr>\n<tr>\n<td><span style=\"color: #333333;\">Material<\/span><\/td>\n<td>Poli\u00e9ster 1680D<\/td>\n<\/tr>\n<tr>\n<td><span style=\"color: #333333;\">Tamanho<\/span><\/td>\n<td>120*18*12cm<\/td>\n<\/tr>\n<tr>\n<td><span style=\"color: #333333;\">\u00a0Prazo de entrega<\/span><\/td>\n<td><span style=\"color: #333333;\">De 1 a 5 dias para pequenas quantidades por via a\u00e9rea e de 30 a 35 dias para grandes quantidades por via mar\u00edtima<\/span><\/td>\n<\/tr>\n<\/tbody>\n<\/table>\n<p class=\"ds-markdown-paragraph\">\u2705\u00a0<strong>Durabilidade sob medida<\/strong><br \/>\n- Saco s\u00f3lido personalizado de n\u00e1ilon 1680D para equipamentos de pesca com costuras soldadas<br \/>\n- Porta-varas\/compartimentos para iscas sob medida (MOQ 300 p\u00e7s)<br \/>\n- Pedidos a granel de sacos de pesca prontos para exporta\u00e7\u00e3o de sacos de pesca<\/p>\n<p class=\"ds-markdown-paragraph\">\u2705\u00a0<strong>Poder de personaliza\u00e7\u00e3o total<\/strong><br \/>\nBolsa de pesca ODM\/OEM + Marca pr\u00f3pria<br \/>\nEscolha materiais\/cores\/caracter\u00edsticas - veja o prot\u00f3tipo 3D em 72 horas!<\/p>\n<p class=\"ds-markdown-paragraph\">\u2705\u00a0<strong>Vantagens do fornecedor<\/strong><br \/>\n\u2192 Pre\u00e7o em massa da bolsa de pesca: 25% com desconto em mais de 300 unidades<br \/>\n\u2192 Acompanhamento da produ\u00e7\u00e3o em tempo real em nossa f\u00e1brica de sacos de pesca<br \/>\n\u2192 QC dedicado para parceiros atacadistas de bolsas de pesca<br \/>\n\u2192 Remessa global em conformidade com o REACH<\/p>\n<p class=\"ds-markdown-paragraph\"><strong>Por que os pescadores profissionais nos escolhem:<\/strong><br \/>\nQualidade do fabricante da bolsa de pesca True Fishing - classifica\u00e7\u00e3o IPX8 \u00e0 prova d'\u00e1gua<br \/>\nAmostragem r\u00e1pida de 7 dias com testes de carga<br \/>\nPortal do fornecedor de bolsas de pesca: Reabastecimento autom\u00e1tico do estoque<br \/>\nGarantia de 30 dias para todos os equipamentos de pesca personalizados em sacos s\u00f3lidos<\/p>\n<p class=\"ds-markdown-paragraph\">Seu fornecedor confi\u00e1vel de sacos s\u00f3lidos personalizados para pesca - do projeto \u00e0 doca.<\/p>\n<p class=\"ds-markdown-paragraph\">Envie um e-mail para obter uma cota\u00e7\u00e3o personalizada!<\/p>\n<\/div>\n<\/div>\n<\/div>\n<\/div>","protected":false},"excerpt":{"rendered":"<h2 class=\"this-description-name\">Fornecedor de sacos s\u00f3lidos personalizados para pesca<\/h2>\n<div class=\"sliderTable mt10 mb10 sliderTable-index0\">\n<div class=\"inner\">\n<p>1. <strong>CAPACIDADE ESPA\u00c7OSA<\/strong>: Essa bolsa de pesca inclui 3 compartimentos principais espa\u00e7osos com fechamento de z\u00edper duplo, permitindo o acesso ao seu equipamento de pesca. 3 bolsos pequenos com z\u00edper oferecem armazenamento adicional para itens pequenos, oferecendo grande capacidade para seu equipamento de pesca e mantendo-o limpo e organizado.<br \/>\n2. <strong>SUPER ALTA QUALIDADE E LONGA DURA\u00c7\u00c3O<\/strong>: Feita de poli\u00e9ster 1680D de alta qualidade, resistente a rasgos e \u00e0 \u00e1gua, essa constru\u00e7\u00e3o garante extrema durabilidade. As capas r\u00edgidas nos cantos oferecem prote\u00e7\u00e3o m\u00e1xima para seus valiosos equipamentos. Perfeito para pescadores profissionais e iniciantes.<\/p>\n<\/div>\n<\/div>","protected":false},"featured_media":5226,"template":"","meta":{"_uag_custom_page_level_css":""},"product_brand":[],"product_cat":[46],"product_tag":[],"class_list":{"0":"post-5223","1":"product","2":"type-product","3":"status-publish","4":"has-post-thumbnail","6":"product_cat-fishing-bag","8":"first","9":"instock","10":"shipping-taxable","11":"product-type-simple"},"uagb_featured_image_src":{"full":["https:\/\/pecbag.com\/wp-content\/uploads\/2025\/07\/Customized-Solid-Bag-Fishing-Supplier-6.jpg",1000,1000,false],"thumbnail":["https:\/\/pecbag.com\/wp-content\/uploads\/2025\/07\/Customized-Solid-Bag-Fishing-Supplier-6-150x150.jpg",150,150,true],"medium":["https:\/\/pecbag.com\/wp-content\/uploads\/2025\/07\/Customized-Solid-Bag-Fishing-Supplier-6-300x300.jpg",300,300,true],"medium_large":["https:\/\/pecbag.com\/wp-content\/uploads\/2025\/07\/Customized-Solid-Bag-Fishing-Supplier-6-768x768.jpg",768,768,true],"large":["https:\/\/pecbag.com\/wp-content\/uploads\/2025\/07\/Customized-Solid-Bag-Fishing-Supplier-6.jpg",800,800,false],"1536x1536":["https:\/\/pecbag.com\/wp-content\/uploads\/2025\/07\/Customized-Solid-Bag-Fishing-Supplier-6.jpg",1000,1000,false],"2048x2048":["https:\/\/pecbag.com\/wp-content\/uploads\/2025\/07\/Customized-Solid-Bag-Fishing-Supplier-6.jpg",1000,1000,false],"trp-custom-language-flag":["https:\/\/pecbag.com\/wp-content\/uploads\/2025\/07\/Customized-Solid-Bag-Fishing-Supplier-6-12x12.jpg",12,12,true],"woocommerce_thumbnail":["https:\/\/pecbag.com\/wp-content\/uploads\/2025\/07\/Customized-Solid-Bag-Fishing-Supplier-6-300x300.jpg",300,300,true],"woocommerce_single":["https:\/\/pecbag.com\/wp-content\/uploads\/2025\/07\/Customized-Solid-Bag-Fishing-Supplier-6-600x600.jpg",600,600,true],"woocommerce_gallery_thumbnail":["https:\/\/pecbag.com\/wp-content\/uploads\/2025\/07\/Customized-Solid-Bag-Fishing-Supplier-6-100x100.jpg",100,100,true]},"uagb_author_info":{"display_name":"Lawrence","author_link":"https:\/\/pecbag.com\/br\/author\/"},"uagb_comment_info":0,"uagb_excerpt":"Customized Solid Bag Fishing Supplier 1. SPACIOUS CAPACITY: This fishing bag includes 3 spacious main compartments with dual zipper closure, allowing access to your fishing tackle.3 zipped small pockets provide additional storage for small items., offers large capacity for your fishing tackle and keeps it neat and organized. 2. SUPER HIGH QUALITY &amp; LONG LASTING:&hellip;","_links":{"self":[{"href":"https:\/\/pecbag.com\/br\/wp-json\/wp\/v2\/product\/5223","targetHints":{"allow":["GET"]}}],"collection":[{"href":"https:\/\/pecbag.com\/br\/wp-json\/wp\/v2\/product"}],"about":[{"href":"https:\/\/pecbag.com\/br\/wp-json\/wp\/v2\/types\/product"}],"wp:featuredmedia":[{"embeddable":true,"href":"https:\/\/pecbag.com\/br\/wp-json\/wp\/v2\/media\/5226"}],"wp:attachment":[{"href":"https:\/\/pecbag.com\/br\/wp-json\/wp\/v2\/media?parent=5223"}],"wp:term":[{"taxonomy":"product_brand","embeddable":true,"href":"https:\/\/pecbag.com\/br\/wp-json\/wp\/v2\/product_brand?post=5223"},{"taxonomy":"product_cat","embeddable":true,"href":"https:\/\/pecbag.com\/br\/wp-json\/wp\/v2\/product_cat?post=5223"},{"taxonomy":"product_tag","embeddable":true,"href":"https:\/\/pecbag.com\/br\/wp-json\/wp\/v2\/product_tag?post=5223"}],"curies":[{"name":"wp","href":"https:\/\/api.w.org\/{rel}","templated":true}]}}