{"id":5261,"date":"2025-08-04T01:46:47","date_gmt":"2025-08-04T01:46:47","guid":{"rendered":"https:\/\/pecbag.com\/?post_type=product&#038;p=5261"},"modified":"2025-11-27T09:24:08","modified_gmt":"2025-11-27T09:24:08","slug":"fishing-bags-manufacturer","status":"publish","type":"product","link":"https:\/\/pecbag.com\/br\/fishing-bags-manufacturer\/","title":{"rendered":"Fabricante de bolsas de pesca"},"content":{"rendered":"<h5 title=\"Bolsa dobr\u00e1vel para c\u00e3es Bolsa de ombro de malha respir\u00e1vel para c\u00e3es e gatos de pequeno porte\" data-immersive-translate-walked=\"1c928421-2e42-4cd3-8754-5404553c0af5\" data-immersive-translate-paragraph=\"1\" data-spm-anchor-id=\"a2700.details.0.i35.4f6757d4w4zNZA\"><strong>Fabricante de bolsas de pesca | Fabricante de mochilas premium e f\u00e1brica de bolsas \u00e0 prova d'\u00e1gua IPX8<\/strong><\/h5>\n<div class=\"flex flex-grow flex-col max-w-full\">\n<div class=\"min-h-[20px] text-message flex w-full flex-col items-end gap-2 whitespace-pre-wrap break-words [.text-message+&amp;]:mt-5 overflow-x-auto\" dir=\"auto\" data-message-author-role=\"assistant\" data-message-id=\"3d7d46f6-7ec2-4222-9257-48fa0bba23c6\" data-suggestions=\"true\">\n<div class=\"flex w-full flex-col gap-1 empty:hidden first:pt-[3px]\">\n<div class=\"markdown prose w-full break-words dark:prose-invert light\">\n<p class=\"ds-markdown-paragraph\">Fabricante direto de bolsas de pesca na China!<\/p>\n<p class=\"ds-markdown-paragraph\">Produzimos mochilas de pesca para servi\u00e7os pesados com classifica\u00e7\u00e3o IPX8 \u00e0 prova d'\u00e1gua.<\/p>\n<p class=\"ds-markdown-paragraph\">Como uma das principais f\u00e1bricas de sacolas de pesca, lidamos com pedidos em massa\/exporta\u00e7\u00e3o com OEM\/ODM\/etiqueta privada.<\/p>\n<p class=\"ds-markdown-paragraph\">Pre\u00e7os de atacado para fornecedores. Solicite seu cat\u00e1logo hoje mesmo!<\/p>\n<table width=\"288\">\n<tbody>\n<tr>\n<td width=\"137\"><span style=\"color: #333333;\">Nome dos produtos<\/span><\/td>\n<td width=\"151\">Bolsa de pesca<\/td>\n<\/tr>\n<tr>\n<td><span style=\"color: #333333;\">Item No.<\/span><\/td>\n<td><span style=\"color: #333333;\">PB-2173<\/span><\/td>\n<\/tr>\n<tr>\n<td><span style=\"color: #333333;\">Material<\/span><\/td>\n<td>Poli\u00e9ster 600D<\/td>\n<\/tr>\n<tr>\n<td><span style=\"color: #333333;\">Tamanho<\/span><\/td>\n<td>pode ser personalizado<\/td>\n<\/tr>\n<tr>\n<td><span style=\"color: #333333;\">\u00a0Prazo de entrega<\/span><\/td>\n<td><span style=\"color: #333333;\">De 1 a 5 dias para pequenas quantidades por via a\u00e9rea e de 30 a 35 dias para grandes quantidades por via mar\u00edtima<\/span><\/td>\n<\/tr>\n<\/tbody>\n<\/table>\n<p class=\"ds-markdown-paragraph\"><strong>Seu fabricante confi\u00e1vel de bolsas de pesca<\/strong><br \/>\nFabricante de mochilas com certifica\u00e7\u00e3o ISO e f\u00e1brica de 10.000 bolsas imperme\u00e1veis na China:<\/p>\n<p class=\"ds-markdown-paragraph\"><strong>Produ\u00e7\u00e3o avan\u00e7ada<\/strong><\/p>\n<ul>\n<li>\n<p class=\"ds-markdown-paragraph\">Constru\u00e7\u00e3o em nylon bal\u00edstico 1680D<\/p>\n<\/li>\n<li>\n<p class=\"ds-markdown-paragraph\">Tecnologia \u00e0 prova d'\u00e1gua IPX8 (1m\/60min)<\/p>\n<\/li>\n<li>\n<p class=\"ds-markdown-paragraph\">Z\u00edperes de n\u00edvel militar e costura refor\u00e7ada<\/p>\n<\/li>\n<\/ul>\n<p class=\"ds-markdown-paragraph\"><strong>Solu\u00e7\u00f5es de suprimentos globais<\/strong><br \/>\n- Capacidade a granel de sacos de pesca: 80.000 unidades\/m\u00eas<br \/>\n- Documenta\u00e7\u00e3o de exporta\u00e7\u00e3o de sacos de pesca tratada<br \/>\n- Programas de atacado de sacos de pesca (MOQ 300 unidades)<\/p>\n<p class=\"ds-markdown-paragraph\"><strong>Servi\u00e7os de personaliza\u00e7\u00e3o<\/strong><br \/>\n\u2192 Bolsa de pesca OEM: sua marca e design<br \/>\n\u2192 ODM da bolsa de pesca: desenvolvimento conjunto de recursos exclusivos<br \/>\n\u2192 Marca pr\u00f3pria: Solu\u00e7\u00f5es completas de marca branca<\/p>\n<p class=\"ds-markdown-paragraph\"><strong>Benef\u00edcios do parceiro:<\/strong><br \/>\nPre\u00e7o de fornecedor de bolsa de pesca direto da f\u00e1brica<br \/>\nPortal do fornecedor dedicado de bolsas de pesca<br \/>\nPrototipagem de 10 dias com testes \u00e0 prova d'\u00e1gua<br \/>\nMonitoramento de v\u00eddeo de controle de qualidade para parceiros da Fishing Bag Company<\/p>\n<p class=\"ds-markdown-paragraph\">Fabricante de bolsas de pesca premium - Da nossa linha de produ\u00e7\u00e3o para as vias naveg\u00e1veis globais. Envie um e-mail para obter cota\u00e7\u00f5es de atacado!<\/p>\n<\/div>\n<\/div>\n<\/div>\n<\/div>","protected":false},"excerpt":{"rendered":"<h2 class=\"this-description-name\">Fabricante de bolsas de pesca<\/h2>\n<div class=\"sliderTable mt10 mb10 sliderTable-index0\">\n<div class=\"inner\">\n<ul>\n<li>Material bem selecionado - Bolsa para vara de pesca feita de 600D de alta qualidade, ultra resistente a rasgos e \u00e0 abras\u00e3o, extremamente dur\u00e1vel para uso.<\/li>\n<li>Detalhes perfeitos - Fixada com seguran\u00e7a com al\u00e7as duplas na parte superior da bolsa e com uma al\u00e7a de fecho r\u00e1pido no centro externo que protege o equipamento durante o transporte, o que \u00e9 bastante pr\u00e1tico de usar.<\/li>\n<li>Design ergon\u00f4mico - Com uma al\u00e7a de ombro ajust\u00e1vel, s\u00f3lida e refor\u00e7ada, permite ajustar o comprimento de acordo com as suas necessidades. A costura com linhas delicadas e suaves e o artesanato fino proporcionam beleza e durabilidade excepcionais<\/li>\n<\/ul>\n<\/div>\n<\/div>","protected":false},"featured_media":5267,"template":"","meta":{"_uag_custom_page_level_css":""},"product_brand":[],"product_cat":[46],"product_tag":[],"class_list":{"0":"post-5261","1":"product","2":"type-product","3":"status-publish","4":"has-post-thumbnail","6":"product_cat-fishing-bag","8":"first","9":"instock","10":"shipping-taxable","11":"product-type-simple"},"uagb_featured_image_src":{"full":["https:\/\/pecbag.com\/wp-content\/uploads\/2025\/08\/Fishing-Bags-Manufacturer-3.jpeg",800,800,false],"thumbnail":["https:\/\/pecbag.com\/wp-content\/uploads\/2025\/08\/Fishing-Bags-Manufacturer-3-150x150.jpeg",150,150,true],"medium":["https:\/\/pecbag.com\/wp-content\/uploads\/2025\/08\/Fishing-Bags-Manufacturer-3-300x300.jpeg",300,300,true],"medium_large":["https:\/\/pecbag.com\/wp-content\/uploads\/2025\/08\/Fishing-Bags-Manufacturer-3-768x768.jpeg",768,768,true],"large":["https:\/\/pecbag.com\/wp-content\/uploads\/2025\/08\/Fishing-Bags-Manufacturer-3.jpeg",800,800,false],"1536x1536":["https:\/\/pecbag.com\/wp-content\/uploads\/2025\/08\/Fishing-Bags-Manufacturer-3.jpeg",800,800,false],"2048x2048":["https:\/\/pecbag.com\/wp-content\/uploads\/2025\/08\/Fishing-Bags-Manufacturer-3.jpeg",800,800,false],"trp-custom-language-flag":["https:\/\/pecbag.com\/wp-content\/uploads\/2025\/08\/Fishing-Bags-Manufacturer-3-12x12.jpeg",12,12,true],"woocommerce_thumbnail":["https:\/\/pecbag.com\/wp-content\/uploads\/2025\/08\/Fishing-Bags-Manufacturer-3-300x300.jpeg",300,300,true],"woocommerce_single":["https:\/\/pecbag.com\/wp-content\/uploads\/2025\/08\/Fishing-Bags-Manufacturer-3-600x600.jpeg",600,600,true],"woocommerce_gallery_thumbnail":["https:\/\/pecbag.com\/wp-content\/uploads\/2025\/08\/Fishing-Bags-Manufacturer-3-100x100.jpeg",100,100,true]},"uagb_author_info":{"display_name":"Lawrence","author_link":"https:\/\/pecbag.com\/br\/author\/"},"uagb_comment_info":0,"uagb_excerpt":"Fishing Bags Manufacturer Well-selected Material- Fishing Pole Bag made of high-quality 600D, ultra tear-resistant and abrasion-resistant, extremely durable to use. Perfect Details- Securely fastened with double straps at the top of bag and features a quick fastener strap around the outside center that secures gear during transport, quite convenient to use. Ergonomic Design- With an&hellip;","_links":{"self":[{"href":"https:\/\/pecbag.com\/br\/wp-json\/wp\/v2\/product\/5261","targetHints":{"allow":["GET"]}}],"collection":[{"href":"https:\/\/pecbag.com\/br\/wp-json\/wp\/v2\/product"}],"about":[{"href":"https:\/\/pecbag.com\/br\/wp-json\/wp\/v2\/types\/product"}],"wp:featuredmedia":[{"embeddable":true,"href":"https:\/\/pecbag.com\/br\/wp-json\/wp\/v2\/media\/5267"}],"wp:attachment":[{"href":"https:\/\/pecbag.com\/br\/wp-json\/wp\/v2\/media?parent=5261"}],"wp:term":[{"taxonomy":"product_brand","embeddable":true,"href":"https:\/\/pecbag.com\/br\/wp-json\/wp\/v2\/product_brand?post=5261"},{"taxonomy":"product_cat","embeddable":true,"href":"https:\/\/pecbag.com\/br\/wp-json\/wp\/v2\/product_cat?post=5261"},{"taxonomy":"product_tag","embeddable":true,"href":"https:\/\/pecbag.com\/br\/wp-json\/wp\/v2\/product_tag?post=5261"}],"curies":[{"name":"wp","href":"https:\/\/api.w.org\/{rel}","templated":true}]}}