{"id":5268,"date":"2025-08-04T01:54:12","date_gmt":"2025-08-04T01:54:12","guid":{"rendered":"https:\/\/pecbag.com\/?post_type=product&#038;p=5268"},"modified":"2025-11-27T09:21:28","modified_gmt":"2025-11-27T09:21:28","slug":"china-match-fishing-bag-suppliers","status":"publish","type":"product","link":"https:\/\/pecbag.com\/br\/china-match-fishing-bag-suppliers\/","title":{"rendered":"Fornecedores de sacos de pesca de f\u00f3sforo na China"},"content":{"rendered":"<h5 title=\"Bolsa dobr\u00e1vel para c\u00e3es Bolsa de ombro de malha respir\u00e1vel para c\u00e3es e gatos de pequeno porte\" data-immersive-translate-walked=\"1c928421-2e42-4cd3-8754-5404553c0af5\" data-immersive-translate-paragraph=\"1\" data-spm-anchor-id=\"a2700.details.0.i35.4f6757d4w4zNZA\"><strong>China Fornecedores de bolsas de pesca de f\u00f3sforo | Fabricante profissional de mochilas e f\u00e1brica de bolsas \u00e0 prova d'\u00e1gua IPX8<\/strong><\/h5>\n<div class=\"flex flex-grow flex-col max-w-full\">\n<div class=\"min-h-[20px] text-message flex w-full flex-col items-end gap-2 whitespace-pre-wrap break-words [.text-message+&amp;]:mt-5 overflow-x-auto\" dir=\"auto\" data-message-author-role=\"assistant\" data-message-id=\"3d7d46f6-7ec2-4222-9257-48fa0bba23c6\" data-suggestions=\"true\">\n<div class=\"flex w-full flex-col gap-1 empty:hidden first:pt-[3px]\">\n<div class=\"markdown prose w-full break-words dark:prose-invert light\">\n<p class=\"ds-markdown-paragraph\">Principais fornecedores de bolsas de pesca de f\u00f3sforo da China!<\/p>\n<p class=\"ds-markdown-paragraph\">Somos um fabricante certificado de bolsas de pesca que produz equipamentos de n\u00edvel de torneio.<\/p>\n<p class=\"ds-markdown-paragraph\">Como uma f\u00e1brica de sacos de pesca, lidamos com grandes volumes\/exporta\u00e7\u00e3o com OEM\/ODM\/etiqueta privada.<\/p>\n<p class=\"ds-markdown-paragraph\">Pre\u00e7os de atacado para fornecedores globais.<\/p>\n<p class=\"ds-markdown-paragraph\">Solicite o cat\u00e1logo agora!<\/p>\n<table width=\"288\">\n<tbody>\n<tr>\n<td width=\"137\"><span style=\"color: #333333;\">Nome dos produtos<\/span><\/td>\n<td width=\"151\">Bolsa de pesca<\/td>\n<\/tr>\n<tr>\n<td><span style=\"color: #333333;\">Item No.<\/span><\/td>\n<td><span style=\"color: #333333;\">PB-2175<\/span><\/td>\n<\/tr>\n<tr>\n<td><span style=\"color: #333333;\">Material<\/span><\/td>\n<td>Poli\u00e9ster 600D<\/td>\n<\/tr>\n<tr>\n<td><span style=\"color: #333333;\">Tamanho<\/span><\/td>\n<td>pode ser personalizado<\/td>\n<\/tr>\n<tr>\n<td><span style=\"color: #333333;\">\u00a0Prazo de entrega<\/span><\/td>\n<td><span style=\"color: #333333;\">De 1 a 5 dias para pequenas quantidades por via a\u00e9rea e de 30 a 35 dias para grandes quantidades por via mar\u00edtima<\/span><\/td>\n<\/tr>\n<\/tbody>\n<\/table>\n<p class=\"ds-markdown-paragraph\"><strong>Seus principais fornecedores de bolsas de pesca de f\u00f3sforo na China<\/strong><br \/>\nFabricante de mochilas com certifica\u00e7\u00e3o ISO e f\u00e1brica de bolsas imperme\u00e1veis de 12.000\u33a1 na China:<\/p>\n<p class=\"ds-markdown-paragraph\"><strong>Qualidade de n\u00edvel de torneio<\/strong><\/p>\n<ul>\n<li>\n<p class=\"ds-markdown-paragraph\">Tecnologia \u00e0 prova d'\u00e1gua IPX8 (teste de submers\u00e3o de 48 horas)<\/p>\n<\/li>\n<li>\n<p class=\"ds-markdown-paragraph\">Estruturas refor\u00e7adas com fibra de carbono (redu\u00e7\u00e3o de peso de 5 kg)<\/p>\n<\/li>\n<li>\n<p class=\"ds-markdown-paragraph\">Compartimentos de secagem r\u00e1pida para pescadores de competi\u00e7\u00e3o<\/p>\n<\/li>\n<\/ul>\n<p class=\"ds-markdown-paragraph\"><strong>Solu\u00e7\u00f5es de suprimentos globais<\/strong><br \/>\n- Capacidade a granel de sacos de pesca: 100.000 unidades\/m\u00eas<br \/>\n- Documenta\u00e7\u00e3o de exporta\u00e7\u00e3o de sacos de pesca (certificados FTA)<br \/>\n- Programas dedicados de atacadistas de bolsas de pesca<\/p>\n<p class=\"ds-markdown-paragraph\"><strong>Servi\u00e7os de personaliza\u00e7\u00e3o<\/strong><br \/>\n\u2192 Bolsa de pesca OEM: marca da equipe e esquemas de cores<br \/>\n\u2192 Bolsa de pesca ODM: caracter\u00edsticas do torneio de co-projeto<br \/>\n\u2192 Marca pr\u00f3pria: S\u00e9ries exclusivas de competi\u00e7\u00f5es<\/p>\n<p class=\"ds-markdown-paragraph\"><strong>Por que nos escolher:<\/strong><br \/>\nVerdadeiro fabricante de bolsas de pesca (sem intermedi\u00e1rios)<br \/>\nPrototipagem r\u00e1pida de 10 dias<br \/>\nAcompanhamento da produ\u00e7\u00e3o da f\u00e1brica de sacos de pesca em tempo real<br \/>\nQC para parceiros profissionais da empresa Fishing Bag<\/p>\n<p class=\"ds-markdown-paragraph\">Fornecedores confi\u00e1veis de sacos de pesca de f\u00f3sforo na China - Equipando campe\u00f5es em todo o mundo. Envie um e-mail para obter op\u00e7\u00f5es de patroc\u00ednio de torneios!<\/p>\n<\/div>\n<\/div>\n<\/div>\n<\/div>","protected":false},"excerpt":{"rendered":"<h2 class=\"this-description-name\">Fornecedores de sacos de pesca de f\u00f3sforo na China<\/h2>\n<div class=\"sliderTable mt10 mb10 sliderTable-index0\">\n<div class=\"inner\">\n<p>1. \u3010Ajust\u00e1vel\u3011 Tamanho \u00fanico para a maioria - Estrutura de suspens\u00e3o com design de al\u00e7a ajust\u00e1vel para ombro e cintura que se adapta \u00e0 maioria das formas e tamanhos.<\/p>\n<div>2. \u3010Multifuncional\u3011 \u00d3timo para todos os tipos de pesca - o colete de pesca de malha \u00e9 perfeito para pesca de truta, pesca com mosca, atividades ao ar livre, etc. E tamb\u00e9m seria um \u00f3timo presente. N\u00e3o hesite, compre esse colete funcional como um presente atencioso para quem voc\u00ea quiser!<\/div>\n<\/div>\n<\/div>","protected":false},"featured_media":5274,"template":"","meta":{"_uag_custom_page_level_css":""},"product_brand":[],"product_cat":[46],"product_tag":[],"class_list":{"0":"post-5268","1":"product","2":"type-product","3":"status-publish","4":"has-post-thumbnail","6":"product_cat-fishing-bag","8":"first","9":"instock","10":"shipping-taxable","11":"product-type-simple"},"uagb_featured_image_src":{"full":["https:\/\/pecbag.com\/wp-content\/uploads\/2025\/08\/China-Match-Fishing-Bag-Suppliers-1.jpg",385,471,false],"thumbnail":["https:\/\/pecbag.com\/wp-content\/uploads\/2025\/08\/China-Match-Fishing-Bag-Suppliers-1-150x150.jpg",150,150,true],"medium":["https:\/\/pecbag.com\/wp-content\/uploads\/2025\/08\/China-Match-Fishing-Bag-Suppliers-1-245x300.jpg",245,300,true],"medium_large":["https:\/\/pecbag.com\/wp-content\/uploads\/2025\/08\/China-Match-Fishing-Bag-Suppliers-1.jpg",385,471,false],"large":["https:\/\/pecbag.com\/wp-content\/uploads\/2025\/08\/China-Match-Fishing-Bag-Suppliers-1.jpg",385,471,false],"1536x1536":["https:\/\/pecbag.com\/wp-content\/uploads\/2025\/08\/China-Match-Fishing-Bag-Suppliers-1.jpg",385,471,false],"2048x2048":["https:\/\/pecbag.com\/wp-content\/uploads\/2025\/08\/China-Match-Fishing-Bag-Suppliers-1.jpg",385,471,false],"trp-custom-language-flag":["https:\/\/pecbag.com\/wp-content\/uploads\/2025\/08\/China-Match-Fishing-Bag-Suppliers-1-10x12.jpg",10,12,true],"woocommerce_thumbnail":["https:\/\/pecbag.com\/wp-content\/uploads\/2025\/08\/China-Match-Fishing-Bag-Suppliers-1-300x300.jpg",300,300,true],"woocommerce_single":["https:\/\/pecbag.com\/wp-content\/uploads\/2025\/08\/China-Match-Fishing-Bag-Suppliers-1.jpg",385,471,false],"woocommerce_gallery_thumbnail":["https:\/\/pecbag.com\/wp-content\/uploads\/2025\/08\/China-Match-Fishing-Bag-Suppliers-1-100x100.jpg",100,100,true]},"uagb_author_info":{"display_name":"Lawrence","author_link":"https:\/\/pecbag.com\/br\/author\/"},"uagb_comment_info":0,"uagb_excerpt":"China Match Fishing Bag Suppliers 1. \u3010Adjustable\u3011One Size fits Most \u2013 Adjustable shoulder and waist strap design suspension structure to fit most shapes and sizes. 2. \u3010Multifunctional\u3011Great for all types of fishing-The mesh fishing vest is perfect for Trout Fishing, Fly Bass Fishing, Outdoor Activities, etc. And that would make a great gift as well.&hellip;","_links":{"self":[{"href":"https:\/\/pecbag.com\/br\/wp-json\/wp\/v2\/product\/5268","targetHints":{"allow":["GET"]}}],"collection":[{"href":"https:\/\/pecbag.com\/br\/wp-json\/wp\/v2\/product"}],"about":[{"href":"https:\/\/pecbag.com\/br\/wp-json\/wp\/v2\/types\/product"}],"wp:featuredmedia":[{"embeddable":true,"href":"https:\/\/pecbag.com\/br\/wp-json\/wp\/v2\/media\/5274"}],"wp:attachment":[{"href":"https:\/\/pecbag.com\/br\/wp-json\/wp\/v2\/media?parent=5268"}],"wp:term":[{"taxonomy":"product_brand","embeddable":true,"href":"https:\/\/pecbag.com\/br\/wp-json\/wp\/v2\/product_brand?post=5268"},{"taxonomy":"product_cat","embeddable":true,"href":"https:\/\/pecbag.com\/br\/wp-json\/wp\/v2\/product_cat?post=5268"},{"taxonomy":"product_tag","embeddable":true,"href":"https:\/\/pecbag.com\/br\/wp-json\/wp\/v2\/product_tag?post=5268"}],"curies":[{"name":"wp","href":"https:\/\/api.w.org\/{rel}","templated":true}]}}