{"id":1410,"date":"2025-04-11T08:35:19","date_gmt":"2025-04-11T08:35:19","guid":{"rendered":"https:\/\/pecbag.com\/?post_type=product&#038;p=1410"},"modified":"2025-11-29T02:12:07","modified_gmt":"2025-11-29T02:12:07","slug":"backpack-manufacturers-in-china","status":"publish","type":"product","link":"https:\/\/pecbag.com\/da\/backpack-manufacturers-in-china\/","title":{"rendered":"Producenter af rygs\u00e6kke i Kina"},"content":{"rendered":"<h2 title=\"Foldbar hundetaske \u00c5ndbar netskuldertaske til k\u00e6ledyr til sm\u00e5 hunde og katte\" data-immersive-translate-walked=\"1c928421-2e42-4cd3-8754-5404553c0af5\" data-immersive-translate-paragraph=\"1\" data-spm-anchor-id=\"a2700.details.0.i35.4f6757d4w4zNZA\">Top engros-rygs\u00e6kproducenter i Kina | fabriksdirekte priser og tilpassede l\u00f8sninger<\/h2>\n<div class=\"flex flex-grow flex-col max-w-full\">\n<div class=\"min-h-[20px] text-message flex w-full flex-col items-end gap-2 whitespace-pre-wrap break-words [.text-message+&amp;]:mt-5 overflow-x-auto\" dir=\"auto\" data-message-author-role=\"assistant\" data-message-id=\"3d7d46f6-7ec2-4222-9257-48fa0bba23c6\" data-suggestions=\"true\">\n<div class=\"flex w-full flex-col gap-1 empty:hidden first:pt-[3px]\">\n<div class=\"markdown prose w-full break-words dark:prose-invert light\">\n<p>P\u00e5 udkig efter p\u00e5lidelig <strong>producenter af rygs\u00e6kke i Kina<\/strong>? Vi er en certificeret fabrik, der tilbyder engrospriser, OEM\/ODM-tjenester og hurtig global forsendelse. Tilpas holdbare rygs\u00e6kke til skoler, rejser eller branding med lave MOQ'er. F\u00e5 et gratis tilbud i dag!<\/p>\n<table width=\"288\">\n<tbody>\n<tr>\n<td width=\"137\"><span style=\"color: #333333;\">Produkternes navn<\/span><\/td>\n<td width=\"151\"><span style=\"color: #333333;\">Rygs\u00e6k<\/span><\/td>\n<\/tr>\n<tr>\n<td><span style=\"color: #333333;\">Vare nr.<\/span><\/td>\n<td><span style=\"color: #333333;\">PB-2002<\/span><\/td>\n<\/tr>\n<tr>\n<td><span style=\"color: #333333;\">Materiale<\/span><\/td>\n<td><span style=\"color: #333333;\">Bomuld, polyester, fleece<\/span><\/td>\n<\/tr>\n<tr>\n<td><span style=\"color: #333333;\">\u00a0St\u00f8rrelse og farve<\/span><\/td>\n<td><span style=\"color: #333333;\">Tilpasset<\/span><\/td>\n<\/tr>\n<tr>\n<td><span style=\"color: #333333;\">\u00a0Leveringstid<\/span><\/td>\n<td><span style=\"color: #333333;\">1-5 dage for sm\u00e5 m\u00e6ngder med fly og 30-35 dage for store m\u00e6ngder med skib<\/span><\/td>\n<\/tr>\n<\/tbody>\n<\/table>\n<p>Som f\u00f8rende <strong>producent af rygs\u00e6kke i Kina<\/strong>Vi kombinerer avanceret fabriksproduktion med fleksible grossistl\u00f8sninger. Uanset om du har brug for 500 eller 50.000 enheder, leverer vores ISO-certificerede anl\u00e6g:<br \/>\n\u2705 <strong>Tilpassede designs<\/strong> - Fra laptop-rygs\u00e6kke til milj\u00f8venlige modeller<br \/>\n\u2705 <strong>Konkurrencedygtige priser<\/strong> - Engrospriser uden mellemmandsp\u00e5slag<br \/>\n\u2705 <strong>Hurtig behandling<\/strong> - 30 dages produktion + d\u00f8rtrinsforsendelse til EU\/USA<\/p>\n<p><strong>Hvorfor globale brands stoler p\u00e5 os:<\/strong><\/p>\n<ul>\n<li><strong>15+ \u00e5rs ekspertise<\/strong>: Specialiseret i tyverisikre, vandt\u00e6tte og ergonomiske rygs\u00e6kke<\/li>\n<li><strong>Kvalitetssikring<\/strong>: 3-trins inspektioner og 2 \u00e5rs garanti som standard<\/li>\n<li><strong>Fokus p\u00e5 b\u00e6redygtighed<\/strong>: Genanvendt polyester og solcelledrevet fabriksdrift<\/li>\n<\/ul>\n<p>Anmod om gratis pr\u00f8ver, eller upload dit logo til en prototype. <strong>lave MOQ'er starter ved 100 stk.<\/strong>.<\/p>\n<\/div>\n<\/div>\n<\/div>\n<\/div>","protected":false},"excerpt":{"rendered":"<h2 data-immersive-translate-walked=\"344be1c1-5052-41eb-8fcd-0dbe236a0d6b\" data-immersive-translate-paragraph=\"1\">Producenter af rygs\u00e6kke i Kina<\/h2>\n<p>Vi leverer f\u00f8rsteklasses tasker med fuld st\u00f8rrelse og farvetilpasning, slidst\u00e6rke stoffer og certificeret kvalitet.<\/p>\n<p>Nyd fleksible MOQ'er, hurtig global forsendelse og private label-l\u00f8sninger.<\/p>\n<p>Kontakt os i dag!<\/p>","protected":false},"featured_media":1449,"template":"","meta":{"_uag_custom_page_level_css":""},"product_brand":[],"product_cat":[60],"product_tag":[],"class_list":{"0":"post-1410","1":"product","2":"type-product","3":"status-publish","4":"has-post-thumbnail","6":"product_cat-backpack","8":"first","9":"instock","10":"shipping-taxable","11":"product-type-simple"},"uagb_featured_image_src":{"full":["https:\/\/pecbag.com\/wp-content\/uploads\/2025\/04\/Backpack-Manufacturers-in-China-3.png",684,720,false],"thumbnail":["https:\/\/pecbag.com\/wp-content\/uploads\/2025\/04\/Backpack-Manufacturers-in-China-3-150x150.png",150,150,true],"medium":["https:\/\/pecbag.com\/wp-content\/uploads\/2025\/04\/Backpack-Manufacturers-in-China-3-285x300.png",285,300,true],"medium_large":["https:\/\/pecbag.com\/wp-content\/uploads\/2025\/04\/Backpack-Manufacturers-in-China-3.png",684,720,false],"large":["https:\/\/pecbag.com\/wp-content\/uploads\/2025\/04\/Backpack-Manufacturers-in-China-3.png",684,720,false],"1536x1536":["https:\/\/pecbag.com\/wp-content\/uploads\/2025\/04\/Backpack-Manufacturers-in-China-3.png",684,720,false],"2048x2048":["https:\/\/pecbag.com\/wp-content\/uploads\/2025\/04\/Backpack-Manufacturers-in-China-3.png",684,720,false],"trp-custom-language-flag":["https:\/\/pecbag.com\/wp-content\/uploads\/2025\/04\/Backpack-Manufacturers-in-China-3.png",11,12,false],"woocommerce_thumbnail":["https:\/\/pecbag.com\/wp-content\/uploads\/2025\/04\/Backpack-Manufacturers-in-China-3-300x300.png",300,300,true],"woocommerce_single":["https:\/\/pecbag.com\/wp-content\/uploads\/2025\/04\/Backpack-Manufacturers-in-China-3-600x632.png",600,632,true],"woocommerce_gallery_thumbnail":["https:\/\/pecbag.com\/wp-content\/uploads\/2025\/04\/Backpack-Manufacturers-in-China-3-100x100.png",100,100,true]},"uagb_author_info":{"display_name":"Lawrence","author_link":"https:\/\/pecbag.com\/da\/author\/"},"uagb_comment_info":0,"uagb_excerpt":"Backpack Manufacturers in China We provide premium bag with full-size and color customization, durable fabrics, and certified quality. Enjoy flexible MOQs, fast global shipping, and private label solutions. Contact us today!","_links":{"self":[{"href":"https:\/\/pecbag.com\/da\/wp-json\/wp\/v2\/product\/1410","targetHints":{"allow":["GET"]}}],"collection":[{"href":"https:\/\/pecbag.com\/da\/wp-json\/wp\/v2\/product"}],"about":[{"href":"https:\/\/pecbag.com\/da\/wp-json\/wp\/v2\/types\/product"}],"wp:featuredmedia":[{"embeddable":true,"href":"https:\/\/pecbag.com\/da\/wp-json\/wp\/v2\/media\/1449"}],"wp:attachment":[{"href":"https:\/\/pecbag.com\/da\/wp-json\/wp\/v2\/media?parent=1410"}],"wp:term":[{"taxonomy":"product_brand","embeddable":true,"href":"https:\/\/pecbag.com\/da\/wp-json\/wp\/v2\/product_brand?post=1410"},{"taxonomy":"product_cat","embeddable":true,"href":"https:\/\/pecbag.com\/da\/wp-json\/wp\/v2\/product_cat?post=1410"},{"taxonomy":"product_tag","embeddable":true,"href":"https:\/\/pecbag.com\/da\/wp-json\/wp\/v2\/product_tag?post=1410"}],"curies":[{"name":"wp","href":"https:\/\/api.w.org\/{rel}","templated":true}]}}