{"id":1433,"date":"2025-04-11T09:25:15","date_gmt":"2025-04-11T09:25:15","guid":{"rendered":"https:\/\/pecbag.com\/?post_type=product&#038;p=1433"},"modified":"2025-11-29T02:11:54","modified_gmt":"2025-11-29T02:11:54","slug":"bike-delivery-bag-factories","status":"publish","type":"product","link":"https:\/\/pecbag.com\/da\/bike-delivery-bag-factories\/","title":{"rendered":"Fabrikker til levering af cykeltasker"},"content":{"rendered":"<h2 title=\"Foldbar hundetaske \u00c5ndbar netskuldertaske til k\u00e6ledyr til sm\u00e5 hunde og katte\" data-immersive-translate-walked=\"1c928421-2e42-4cd3-8754-5404553c0af5\" data-immersive-translate-paragraph=\"1\" data-spm-anchor-id=\"a2700.details.0.i35.4f6757d4w4zNZA\">De bedste engrosfabrikker til levering af cykeltasker | brugerdefineret design og direkte fabrikspriser<\/h2>\n<div class=\"flex flex-grow flex-col max-w-full\">\n<div class=\"min-h-[20px] text-message flex w-full flex-col items-end gap-2 whitespace-pre-wrap break-words [.text-message+&amp;]:mt-5 overflow-x-auto\" dir=\"auto\" data-message-author-role=\"assistant\" data-message-id=\"3d7d46f6-7ec2-4222-9257-48fa0bba23c6\" data-suggestions=\"true\">\n<div class=\"flex w-full flex-col gap-1 empty:hidden first:pt-[3px]\">\n<div class=\"markdown prose w-full break-words dark:prose-invert light\">\n<p>P\u00e5 udkig efter p\u00e5lidelig <strong>Fabrikker med cykeltasker<\/strong>? Vi fremstiller kraftige, vandt\u00e6tte leveringsposer til f\u00f8devarekurerer og logistikm\u00e6rker. Engrospriser, 10-dages pr\u00f8veudtagning og m\u00e6ngderabatter. F\u00e5 et gratis tilbud!<\/p>\n<table width=\"288\">\n<tbody>\n<tr>\n<td width=\"137\"><span style=\"color: #333333;\">Produkternes navn<\/span><\/td>\n<td width=\"151\"><span style=\"color: #333333;\">Cykeltaske<\/span><\/td>\n<\/tr>\n<tr>\n<td><span style=\"color: #333333;\">Vare nr.<\/span><\/td>\n<td><span style=\"color: #333333;\">PB-2005<\/span><\/td>\n<\/tr>\n<tr>\n<td><span style=\"color: #333333;\">Materiale<\/span><\/td>\n<td>600D snefnug-polyester<\/td>\n<\/tr>\n<tr>\n<td><span style=\"color: #333333;\">St\u00f8rrelse<\/span><\/td>\n<td>23 x 18 x 12 cm<\/td>\n<\/tr>\n<tr>\n<td><span style=\"color: #333333;\">\u00a0Leveringstid<\/span><\/td>\n<td><span style=\"color: #333333;\">1-5 dage for sm\u00e5 m\u00e6ngder med fly og 30-35 dage for store m\u00e6ngder med skib<\/span><\/td>\n<\/tr>\n<\/tbody>\n<\/table>\n<p>Som f\u00f8rende <strong>fabrikker for cykeltransporttasker i Kina<\/strong>Vi laver holdbare, vejrbestandige l\u00f8sninger til Uber Eats-partnere, pizzak\u00e6der og logistikvirksomheder inden for e-handel. Vores fabrik er specialiseret i:<br \/>\n\u2705 <strong>Engroshandel med stort volumen<\/strong>: MOQ starter ved 500 stk.<br \/>\n\u2705 <strong>Smart tilpasning<\/strong>: Tilf\u00f8j branding, isolering eller GPS-tracker slots<br \/>\n\u2705 <strong>Robuste bygninger<\/strong>: 1000D nylon + vandt\u00e6tte lynl\u00e5se + refleksstriber<\/p>\n<p><strong>Hvorfor globale leveringsbrands v\u00e6lger os:<\/strong><\/p>\n<ul>\n<li><strong>Hurtig behandling<\/strong>: 15 dages produktion + ekspresforsendelse til USA\/EU<\/li>\n<li><strong>Certificeret kvalitet<\/strong>: ISO 9001, SGS sikkerhedstest, 2 \u00e5rs garanti<\/li>\n<li><strong>Milj\u00f8venlig kant<\/strong>: Genbrugsmaterialer og solcelledrevet fabrik<\/li>\n<\/ul>\n<p><strong>Perfekt til:<\/strong><\/p>\n<ul>\n<li>Startups, der leverer mad * Cykeldelingsplatforme * Apotekslogistik<\/li>\n<\/ul>\n<p><strong>Skr\u00e6ddersy dine tasker i dag:<\/strong><br \/>\n\ud83d\udce6 Gratis 3D-design mockups<br \/>\n\ud83d\udce6 Vandt\u00e6t og rivefast garanti<br \/>\n\ud83d\udce6 M\u00e6ngderabat p\u00e5 5.000+ enheder<\/p>\n<\/div>\n<\/div>\n<\/div>\n<\/div>","protected":false},"excerpt":{"rendered":"<h2 data-immersive-translate-walked=\"344be1c1-5052-41eb-8fcd-0dbe236a0d6b\" data-immersive-translate-paragraph=\"1\">Fabrikker til levering af cykeltasker<\/h2>\n<p>Vi leverer f\u00f8rsteklasses tasker med fuld st\u00f8rrelse og farvetilpasning, slidst\u00e6rke stoffer og certificeret kvalitet.<\/p>\n<p>Nyd fleksible MOQ'er, hurtig global forsendelse og private label-l\u00f8sninger.<\/p>\n<p>Kontakt os i dag!<\/p>","protected":false},"featured_media":1416,"template":"","meta":{"_uag_custom_page_level_css":""},"product_brand":[],"product_cat":[48],"product_tag":[],"class_list":{"0":"post-1433","1":"product","2":"type-product","3":"status-publish","4":"has-post-thumbnail","6":"product_cat-bike-bag","8":"first","9":"instock","10":"shipping-taxable","11":"product-type-simple"},"uagb_featured_image_src":{"full":["https:\/\/pecbag.com\/wp-content\/uploads\/2025\/04\/Backpack-Manufacturers-in-China-5.jpg",1600,1600,false],"thumbnail":["https:\/\/pecbag.com\/wp-content\/uploads\/2025\/04\/Backpack-Manufacturers-in-China-5-150x150.jpg",150,150,true],"medium":["https:\/\/pecbag.com\/wp-content\/uploads\/2025\/04\/Backpack-Manufacturers-in-China-5-300x300.jpg",300,300,true],"medium_large":["https:\/\/pecbag.com\/wp-content\/uploads\/2025\/04\/Backpack-Manufacturers-in-China-5-768x768.jpg",768,768,true],"large":["https:\/\/pecbag.com\/wp-content\/uploads\/2025\/04\/Backpack-Manufacturers-in-China-5-1024x1024.jpg",800,800,true],"1536x1536":["https:\/\/pecbag.com\/wp-content\/uploads\/2025\/04\/Backpack-Manufacturers-in-China-5-1536x1536.jpg",1536,1536,true],"2048x2048":["https:\/\/pecbag.com\/wp-content\/uploads\/2025\/04\/Backpack-Manufacturers-in-China-5.jpg",1600,1600,false],"trp-custom-language-flag":["https:\/\/pecbag.com\/wp-content\/uploads\/2025\/04\/Backpack-Manufacturers-in-China-5.jpg",12,12,false],"woocommerce_thumbnail":["https:\/\/pecbag.com\/wp-content\/uploads\/2025\/04\/Backpack-Manufacturers-in-China-5-300x300.jpg",300,300,true],"woocommerce_single":["https:\/\/pecbag.com\/wp-content\/uploads\/2025\/04\/Backpack-Manufacturers-in-China-5-600x600.jpg",600,600,true],"woocommerce_gallery_thumbnail":["https:\/\/pecbag.com\/wp-content\/uploads\/2025\/04\/Backpack-Manufacturers-in-China-5-100x100.jpg",100,100,true]},"uagb_author_info":{"display_name":"Lawrence","author_link":"https:\/\/pecbag.com\/da\/author\/"},"uagb_comment_info":0,"uagb_excerpt":"Bike Delivery Bag Factories We provide premium bag with full-size and color customization, durable fabrics, and certified quality. Enjoy flexible MOQs, fast global shipping, and private label solutions. Contact us today!","_links":{"self":[{"href":"https:\/\/pecbag.com\/da\/wp-json\/wp\/v2\/product\/1433","targetHints":{"allow":["GET"]}}],"collection":[{"href":"https:\/\/pecbag.com\/da\/wp-json\/wp\/v2\/product"}],"about":[{"href":"https:\/\/pecbag.com\/da\/wp-json\/wp\/v2\/types\/product"}],"wp:featuredmedia":[{"embeddable":true,"href":"https:\/\/pecbag.com\/da\/wp-json\/wp\/v2\/media\/1416"}],"wp:attachment":[{"href":"https:\/\/pecbag.com\/da\/wp-json\/wp\/v2\/media?parent=1433"}],"wp:term":[{"taxonomy":"product_brand","embeddable":true,"href":"https:\/\/pecbag.com\/da\/wp-json\/wp\/v2\/product_brand?post=1433"},{"taxonomy":"product_cat","embeddable":true,"href":"https:\/\/pecbag.com\/da\/wp-json\/wp\/v2\/product_cat?post=1433"},{"taxonomy":"product_tag","embeddable":true,"href":"https:\/\/pecbag.com\/da\/wp-json\/wp\/v2\/product_tag?post=1433"}],"curies":[{"name":"wp","href":"https:\/\/api.w.org\/{rel}","templated":true}]}}