{"id":1456,"date":"2025-04-11T09:43:30","date_gmt":"2025-04-11T09:43:30","guid":{"rendered":"https:\/\/pecbag.com\/?post_type=product&#038;p=1456"},"modified":"2025-11-29T02:11:44","modified_gmt":"2025-11-29T02:11:44","slug":"waterproof-cooler-bag-manufacturer","status":"publish","type":"product","link":"https:\/\/pecbag.com\/da\/waterproof-cooler-bag-manufacturer\/","title":{"rendered":"Producent af vandt\u00e6t k\u00f8letaske"},"content":{"rendered":"<h2 title=\"Foldbar hundetaske \u00c5ndbar netskuldertaske til k\u00e6ledyr til sm\u00e5 hunde og katte\" data-immersive-translate-walked=\"1c928421-2e42-4cd3-8754-5404553c0af5\" data-immersive-translate-paragraph=\"1\" data-spm-anchor-id=\"a2700.details.0.i35.4f6757d4w4zNZA\">Top Engros Vandt\u00e6t K\u00f8letaske Producent | Factory Direct &amp; Custom Solutions<\/h2>\n<div class=\"flex flex-grow flex-col max-w-full\">\n<div class=\"min-h-[20px] text-message flex w-full flex-col items-end gap-2 whitespace-pre-wrap break-words [.text-message+&amp;]:mt-5 overflow-x-auto\" dir=\"auto\" data-message-author-role=\"assistant\" data-message-id=\"3d7d46f6-7ec2-4222-9257-48fa0bba23c6\" data-suggestions=\"true\">\n<div class=\"flex w-full flex-col gap-1 empty:hidden first:pt-[3px]\">\n<div class=\"markdown prose w-full break-words dark:prose-invert light\">\n<p>P\u00e5 udkig efter en p\u00e5lidelig <strong>Producent af vandt\u00e6t k\u00f8letaske<\/strong>? Vi tilbyder engrospriser, l\u00e6kagesikkert design og 24+ timers isopbevaring. FDA-godkendte materialer og m\u00e6ngderabatter. Anmod om gratis pr\u00f8ver i dag!<\/p>\n<table width=\"288\">\n<tbody>\n<tr>\n<td width=\"137\"><span style=\"color: #333333;\">Produkternes navn<\/span><\/td>\n<td width=\"151\"><span style=\"color: #333333;\">K\u00f8letaske<\/span><\/td>\n<\/tr>\n<tr>\n<td><span style=\"color: #333333;\">Vare nr.<\/span><\/td>\n<td><span style=\"color: #333333;\">PB-2007<\/span><\/td>\n<\/tr>\n<tr>\n<td><span style=\"color: #333333;\">Materiale<\/span><\/td>\n<td>600D polyester<\/td>\n<\/tr>\n<tr>\n<td><span style=\"color: #333333;\">St\u00f8rrelse<\/span><\/td>\n<td>16,5\" x 11\" x 6,3<\/td>\n<\/tr>\n<tr>\n<td><span style=\"color: #333333;\">\u00a0Leveringstid<\/span><\/td>\n<td><span style=\"color: #333333;\">1-5 dage for sm\u00e5 m\u00e6ngder med fly og 30-35 dage for store m\u00e6ngder med skib<\/span><\/td>\n<\/tr>\n<\/tbody>\n<\/table>\n<p>Som f\u00f8rende <strong>Producent af vandt\u00e6t k\u00f8letaske i Kina<\/strong>Vi fremstiller kraftige, isolerede tasker til fisketure, badebyer og medicinsk logistik. Vores fabrik leverer:<br \/>\n\u2705 <strong>Engros klar<\/strong>: MOQ 500 stk. med bulkpriser<br \/>\n\u2705 <strong>Smart tilpasning<\/strong>: Tilf\u00f8j logoer, skillev\u00e6gge eller ekstra isolering<br \/>\n\u2705 <strong>Bevist ydeevne<\/strong>: Vandt\u00e6t TPU-foring + 48 timers afk\u00f8ling<\/p>\n<p><strong>Hvorfor globale brands stoler p\u00e5 os:<\/strong><\/p>\n<ul>\n<li><strong>FDA\/EU-certificeret<\/strong>: F\u00f8devaregodkendte materialer og giftfri lynl\u00e5se<\/li>\n<li><strong>Hurtig behandling<\/strong>: 15 dages produktion + global forsendelse<\/li>\n<li><strong>Milj\u00f8venlig kant<\/strong>: Genbrugte stoffer og soldrevet fabrik<\/li>\n<\/ul>\n<p><strong>Perfekt til:<\/strong><\/p>\n<ul>\n<li>Nystartede virksomheder, der leverer m\u00e5ltider * L\u00e6gemiddeltransport * Udend\u00f8rsforhandlere<\/li>\n<\/ul>\n<p><strong>Tilpas dine k\u00f8letasker:<\/strong><br \/>\n\ud83e\uddca Gratis 3D-design mockups<br \/>\n\ud83e\uddca L\u00e6kagesikker garanti &amp; 2 \u00e5rs garanti<br \/>\n\ud83e\uddca Rabatter p\u00e5 2.000+ enheder<\/p>\n<\/div>\n<\/div>\n<\/div>\n<\/div>","protected":false},"excerpt":{"rendered":"<h2 data-immersive-translate-walked=\"344be1c1-5052-41eb-8fcd-0dbe236a0d6b\" data-immersive-translate-paragraph=\"1\">Producent af vandt\u00e6t k\u00f8letaske<\/h2>\n<p>Vi leverer f\u00f8rsteklasses tasker med fuld st\u00f8rrelse og farvetilpasning, slidst\u00e6rke stoffer og certificeret kvalitet.<\/p>\n<p>Nyd fleksible MOQ'er, hurtig global forsendelse og private label-l\u00f8sninger.<\/p>\n<p>Kontakt os i dag!<\/p>","protected":false},"featured_media":1461,"template":"","meta":{"_uag_custom_page_level_css":""},"product_brand":[],"product_cat":[50],"product_tag":[],"class_list":{"0":"post-1456","1":"product","2":"type-product","3":"status-publish","4":"has-post-thumbnail","6":"product_cat-cooler-bag","8":"first","9":"instock","10":"shipping-taxable","11":"product-type-simple"},"uagb_featured_image_src":{"full":["https:\/\/pecbag.com\/wp-content\/uploads\/2025\/04\/Waterproof-Cooler-Bag-Manufacturer-6.jpg",960,960,false],"thumbnail":["https:\/\/pecbag.com\/wp-content\/uploads\/2025\/04\/Waterproof-Cooler-Bag-Manufacturer-6-150x150.jpg",150,150,true],"medium":["https:\/\/pecbag.com\/wp-content\/uploads\/2025\/04\/Waterproof-Cooler-Bag-Manufacturer-6-300x300.jpg",300,300,true],"medium_large":["https:\/\/pecbag.com\/wp-content\/uploads\/2025\/04\/Waterproof-Cooler-Bag-Manufacturer-6-768x768.jpg",768,768,true],"large":["https:\/\/pecbag.com\/wp-content\/uploads\/2025\/04\/Waterproof-Cooler-Bag-Manufacturer-6.jpg",800,800,false],"1536x1536":["https:\/\/pecbag.com\/wp-content\/uploads\/2025\/04\/Waterproof-Cooler-Bag-Manufacturer-6.jpg",960,960,false],"2048x2048":["https:\/\/pecbag.com\/wp-content\/uploads\/2025\/04\/Waterproof-Cooler-Bag-Manufacturer-6.jpg",960,960,false],"trp-custom-language-flag":["https:\/\/pecbag.com\/wp-content\/uploads\/2025\/04\/Waterproof-Cooler-Bag-Manufacturer-6.jpg",12,12,false],"woocommerce_thumbnail":["https:\/\/pecbag.com\/wp-content\/uploads\/2025\/04\/Waterproof-Cooler-Bag-Manufacturer-6-300x300.jpg",300,300,true],"woocommerce_single":["https:\/\/pecbag.com\/wp-content\/uploads\/2025\/04\/Waterproof-Cooler-Bag-Manufacturer-6-600x600.jpg",600,600,true],"woocommerce_gallery_thumbnail":["https:\/\/pecbag.com\/wp-content\/uploads\/2025\/04\/Waterproof-Cooler-Bag-Manufacturer-6-100x100.jpg",100,100,true]},"uagb_author_info":{"display_name":"Lawrence","author_link":"https:\/\/pecbag.com\/da\/author\/"},"uagb_comment_info":0,"uagb_excerpt":"Waterproof Cooler Bag Manufacturer We provide premium bag with full-size and color customization, durable fabrics, and certified quality. Enjoy flexible MOQs, fast global shipping, and private label solutions. Contact us today!","_links":{"self":[{"href":"https:\/\/pecbag.com\/da\/wp-json\/wp\/v2\/product\/1456","targetHints":{"allow":["GET"]}}],"collection":[{"href":"https:\/\/pecbag.com\/da\/wp-json\/wp\/v2\/product"}],"about":[{"href":"https:\/\/pecbag.com\/da\/wp-json\/wp\/v2\/types\/product"}],"wp:featuredmedia":[{"embeddable":true,"href":"https:\/\/pecbag.com\/da\/wp-json\/wp\/v2\/media\/1461"}],"wp:attachment":[{"href":"https:\/\/pecbag.com\/da\/wp-json\/wp\/v2\/media?parent=1456"}],"wp:term":[{"taxonomy":"product_brand","embeddable":true,"href":"https:\/\/pecbag.com\/da\/wp-json\/wp\/v2\/product_brand?post=1456"},{"taxonomy":"product_cat","embeddable":true,"href":"https:\/\/pecbag.com\/da\/wp-json\/wp\/v2\/product_cat?post=1456"},{"taxonomy":"product_tag","embeddable":true,"href":"https:\/\/pecbag.com\/da\/wp-json\/wp\/v2\/product_tag?post=1456"}],"curies":[{"name":"wp","href":"https:\/\/api.w.org\/{rel}","templated":true}]}}