{"id":1464,"date":"2025-04-11T09:47:54","date_gmt":"2025-04-11T09:47:54","guid":{"rendered":"https:\/\/pecbag.com\/?post_type=product&#038;p=1464"},"modified":"2025-11-29T02:11:12","modified_gmt":"2025-11-29T02:11:12","slug":"cosmetic-bag-manufacturer","status":"publish","type":"product","link":"https:\/\/pecbag.com\/da\/cosmetic-bag-manufacturer\/","title":{"rendered":"Producent af kosmetiktasker"},"content":{"rendered":"<h2 title=\"Foldbar hundetaske \u00c5ndbar netskuldertaske til k\u00e6ledyr til sm\u00e5 hunde og katte\" data-immersive-translate-walked=\"1c928421-2e42-4cd3-8754-5404553c0af5\" data-immersive-translate-paragraph=\"1\" data-spm-anchor-id=\"a2700.details.0.i35.4f6757d4w4zNZA\">Top engros kosmetik taske producent | brugerdefinerede makeup tasker fabrik direkte<\/h2>\n<div class=\"flex flex-grow flex-col max-w-full\">\n<div class=\"min-h-[20px] text-message flex w-full flex-col items-end gap-2 whitespace-pre-wrap break-words [.text-message+&amp;]:mt-5 overflow-x-auto\" dir=\"auto\" data-message-author-role=\"assistant\" data-message-id=\"3d7d46f6-7ec2-4222-9257-48fa0bba23c6\" data-suggestions=\"true\">\n<div class=\"flex w-full flex-col gap-1 empty:hidden first:pt-[3px]\">\n<div class=\"markdown prose w-full break-words dark:prose-invert light\">\n<p>Brug for en betroet <strong>Producent af kosmetiktasker<\/strong>? Vi tilbyder engrospriser, FDA-kompatible designs og hurtige MOQ-ordrer. Tilpas makeup-poser til sk\u00f8nhedsm\u00e6rker, hoteller og detailhandlere. F\u00e5 gratis pr\u00f8ver!<\/p>\n<table width=\"288\">\n<tbody>\n<tr>\n<td width=\"137\"><span style=\"color: #333333;\">Produkternes navn<\/span><\/td>\n<td width=\"151\"><span style=\"color: #333333;\">Kosmetiktaske<\/span><\/td>\n<\/tr>\n<tr>\n<td><span style=\"color: #333333;\">Vare nr.<\/span><\/td>\n<td><span style=\"color: #333333;\">PB-2008<\/span><\/td>\n<\/tr>\n<tr>\n<td><span style=\"color: #333333;\">Materiale<\/span><\/td>\n<td><span style=\"color: #333333;\">Bomuld, polyester, fleece<\/span><\/td>\n<\/tr>\n<tr>\n<td><span style=\"color: #333333;\">\u00a0St\u00f8rrelse og farve<\/span><\/td>\n<td><span style=\"color: #333333;\">Tilpasset<\/span><\/td>\n<\/tr>\n<tr>\n<td><span style=\"color: #333333;\">\u00a0Leveringstid<\/span><\/td>\n<td><span style=\"color: #333333;\">1-5 dage for sm\u00e5 m\u00e6ngder med fly og 30-35 dage for store m\u00e6ngder med skib<\/span><\/td>\n<\/tr>\n<\/tbody>\n<\/table>\n<p>Som f\u00f8rende <strong>producent af kosmetikposer i Kina<\/strong>Vi fremstiller stilfulde og funktionelle makeuptasker til Sephora-leverand\u00f8rer, luksushoteller og \u00f8kologiske hudplejem\u00e6rker. Vores fabrik er specialiseret i:<br \/>\n\u2705 <strong>Fleksibilitet i engrosleddet<\/strong>: MOQ starter ved 300 stk.<br \/>\n\u2705 <strong>Smart tilpasning<\/strong>: Tilf\u00f8j logoer, vegansk l\u00e6der eller RFID-lommer<br \/>\n\u2705 <strong>F\u00f8rsteklasses materialer<\/strong>: Vandt\u00e6t for, YKK-lynl\u00e5se, OEKO-TEX\u00ae-certificerede stoffer<\/p>\n<p><strong>Hvorfor globale sk\u00f8nhedsm\u00e6rker v\u00e6lger os:<\/strong><\/p>\n<ul>\n<li><strong>15-dages pr\u00f8veudtagning<\/strong>: F\u00e5 fysiske prototyper med din branding<\/li>\n<li><strong>Certificeret sikker<\/strong>: FDA\/EU-kompatibel + 6-trins kvalitetskontrol<\/li>\n<li><strong>Milj\u00f8bevidst<\/strong>: Genanvendt polyester og bionedbrydelig emballage<\/li>\n<\/ul>\n<p><strong>Perfekt til:<\/strong><\/p>\n<ul>\n<li>Makeup-abonnements\u00e6sker * Spa-gave\u00e6sker * Apotekets rejses\u00e6t<\/li>\n<\/ul>\n<p><strong>Start dit projekt i dag:<\/strong><br \/>\n\ud83d\udc84 Gratis 3D-design mockups<br \/>\n\ud83d\udc84 Vandafvisende og ridsefast garanti<br \/>\n\ud83d\udc84 20 dages produktion med DHL-forsendelse<\/p>\n<\/div>\n<\/div>\n<\/div>\n<\/div>","protected":false},"excerpt":{"rendered":"<h2 data-immersive-translate-walked=\"344be1c1-5052-41eb-8fcd-0dbe236a0d6b\" data-immersive-translate-paragraph=\"1\">Producent af kosmetiktasker<\/h2>\n<p>Vi leverer f\u00f8rsteklasses tasker med fuld st\u00f8rrelse og farvetilpasning, slidst\u00e6rke stoffer og certificeret kvalitet.<\/p>\n<p>Nyd fleksible MOQ'er, hurtig global forsendelse og private label-l\u00f8sninger.<\/p>\n<p>Kontakt os i dag!<\/p>","protected":false},"featured_media":1467,"template":"","meta":{"_uag_custom_page_level_css":""},"product_brand":[],"product_cat":[53],"product_tag":[],"class_list":{"0":"post-1464","1":"product","2":"type-product","3":"status-publish","4":"has-post-thumbnail","6":"product_cat-makeup-bag","8":"first","9":"instock","10":"shipping-taxable","11":"product-type-simple"},"uagb_featured_image_src":{"full":["https:\/\/pecbag.com\/wp-content\/uploads\/2025\/04\/Cosmetic-Bag-Manufacturer-1.jpg",600,600,false],"thumbnail":["https:\/\/pecbag.com\/wp-content\/uploads\/2025\/04\/Cosmetic-Bag-Manufacturer-1-150x150.jpg",150,150,true],"medium":["https:\/\/pecbag.com\/wp-content\/uploads\/2025\/04\/Cosmetic-Bag-Manufacturer-1-300x300.jpg",300,300,true],"medium_large":["https:\/\/pecbag.com\/wp-content\/uploads\/2025\/04\/Cosmetic-Bag-Manufacturer-1.jpg",600,600,false],"large":["https:\/\/pecbag.com\/wp-content\/uploads\/2025\/04\/Cosmetic-Bag-Manufacturer-1.jpg",600,600,false],"1536x1536":["https:\/\/pecbag.com\/wp-content\/uploads\/2025\/04\/Cosmetic-Bag-Manufacturer-1.jpg",600,600,false],"2048x2048":["https:\/\/pecbag.com\/wp-content\/uploads\/2025\/04\/Cosmetic-Bag-Manufacturer-1.jpg",600,600,false],"trp-custom-language-flag":["https:\/\/pecbag.com\/wp-content\/uploads\/2025\/04\/Cosmetic-Bag-Manufacturer-1.jpg",12,12,false],"woocommerce_thumbnail":["https:\/\/pecbag.com\/wp-content\/uploads\/2025\/04\/Cosmetic-Bag-Manufacturer-1-300x300.jpg",300,300,true],"woocommerce_single":["https:\/\/pecbag.com\/wp-content\/uploads\/2025\/04\/Cosmetic-Bag-Manufacturer-1.jpg",600,600,false],"woocommerce_gallery_thumbnail":["https:\/\/pecbag.com\/wp-content\/uploads\/2025\/04\/Cosmetic-Bag-Manufacturer-1-100x100.jpg",100,100,true]},"uagb_author_info":{"display_name":"Lawrence","author_link":"https:\/\/pecbag.com\/da\/author\/"},"uagb_comment_info":0,"uagb_excerpt":"Cosmetic Bag Manufacturer We provide premium bag with full-size and color customization, durable fabrics, and certified quality. Enjoy flexible MOQs, fast global shipping, and private label solutions. Contact us today!","_links":{"self":[{"href":"https:\/\/pecbag.com\/da\/wp-json\/wp\/v2\/product\/1464","targetHints":{"allow":["GET"]}}],"collection":[{"href":"https:\/\/pecbag.com\/da\/wp-json\/wp\/v2\/product"}],"about":[{"href":"https:\/\/pecbag.com\/da\/wp-json\/wp\/v2\/types\/product"}],"wp:featuredmedia":[{"embeddable":true,"href":"https:\/\/pecbag.com\/da\/wp-json\/wp\/v2\/media\/1467"}],"wp:attachment":[{"href":"https:\/\/pecbag.com\/da\/wp-json\/wp\/v2\/media?parent=1464"}],"wp:term":[{"taxonomy":"product_brand","embeddable":true,"href":"https:\/\/pecbag.com\/da\/wp-json\/wp\/v2\/product_brand?post=1464"},{"taxonomy":"product_cat","embeddable":true,"href":"https:\/\/pecbag.com\/da\/wp-json\/wp\/v2\/product_cat?post=1464"},{"taxonomy":"product_tag","embeddable":true,"href":"https:\/\/pecbag.com\/da\/wp-json\/wp\/v2\/product_tag?post=1464"}],"curies":[{"name":"wp","href":"https:\/\/api.w.org\/{rel}","templated":true}]}}