{"id":1479,"date":"2025-04-11T10:04:55","date_gmt":"2025-04-11T10:04:55","guid":{"rendered":"https:\/\/pecbag.com\/?post_type=product&#038;p=1479"},"modified":"2025-11-29T02:10:59","modified_gmt":"2025-11-29T02:10:59","slug":"reflective-strip-delivery-bag","status":"publish","type":"product","link":"https:\/\/pecbag.com\/da\/reflective-strip-delivery-bag\/","title":{"rendered":"Leveringspose med reflekterende striber"},"content":{"rendered":"<h2 title=\"Foldbar hundetaske \u00c5ndbar netskuldertaske til k\u00e6ledyr til sm\u00e5 hunde og katte\" data-immersive-translate-walked=\"1c928421-2e42-4cd3-8754-5404553c0af5\" data-immersive-translate-paragraph=\"1\" data-spm-anchor-id=\"a2700.details.0.i35.4f6757d4w4zNZA\">Top Wholesale Reflective Strip Delivery Bag Manufacturer | Factory Direct &amp; Safety-Certified<\/h2>\n<div class=\"flex flex-grow flex-col max-w-full\">\n<div class=\"min-h-[20px] text-message flex w-full flex-col items-end gap-2 whitespace-pre-wrap break-words [.text-message+&amp;]:mt-5 overflow-x-auto\" dir=\"auto\" data-message-author-role=\"assistant\" data-message-id=\"3d7d46f6-7ec2-4222-9257-48fa0bba23c6\" data-suggestions=\"true\">\n<div class=\"flex w-full flex-col gap-1 empty:hidden first:pt-[3px]\">\n<div class=\"markdown prose w-full break-words dark:prose-invert light\">\n<p>Brug for h\u00f8j synlighed <strong>Leveringsposer med refleksb\u00e5nd<\/strong>? Vi fremstiller holdbare, vandt\u00e6tte tasker til natleveringstjenester. Engrospriser, brugerdefineret branding og hurtig forsendelse. Anmod om gratis pr\u00f8ver nu!<\/p>\n<table width=\"288\">\n<tbody>\n<tr>\n<td width=\"137\"><span style=\"color: #333333;\">Produkternes navn<\/span><\/td>\n<td width=\"151\">Leveringstaske<\/td>\n<\/tr>\n<tr>\n<td><span style=\"color: #333333;\">Vare nr.<\/span><\/td>\n<td><span style=\"color: #333333;\">PB-2010<\/span><\/td>\n<\/tr>\n<tr>\n<td><span style=\"color: #333333;\">Materiale<\/span><\/td>\n<td>600D polyester<\/td>\n<\/tr>\n<tr>\n<td><span style=\"color: #333333;\">St\u00f8rrelse<\/span><\/td>\n<td>39,4 x 25,4 x 39,4 cm<\/td>\n<\/tr>\n<tr>\n<td><span style=\"color: #333333;\">\u00a0Leveringstid<\/span><\/td>\n<td><span style=\"color: #333333;\">1-5 dage for sm\u00e5 m\u00e6ngder med fly og 30-35 dage for store m\u00e6ngder med skib<\/span><\/td>\n<\/tr>\n<\/tbody>\n<\/table>\n<p>Som betroet <strong>producenter af leveringsposer med refleksb\u00e5nd i Kina<\/strong>Vi designer sikkerhedsl\u00f8sninger til f\u00f8devarekurerer, logistikvirksomheder og beredskabstjenester. Vores fabrik leverer:<br \/>\n\u2705 <strong>Engros klar<\/strong>: MOQ 300 stk. med m\u00e6ngderabatter<br \/>\n\u2705 <strong>Smart tilpasning<\/strong>: Tilf\u00f8j logoer, plads til GPS-tracker eller ekstra polstring<br \/>\n\u2705 <strong>360\u00b0 synlighed<\/strong>: EN ISO 20471-certificerede reflekterende strimler<\/p>\n<p><strong>Hvorfor leveringsfolk v\u00e6lger os:<\/strong><\/p>\n<ul>\n<li><strong>Stormt\u00e6tte bygninger<\/strong>: 1000D nylon + svejsede s\u00f8mme + vandt\u00e6tte lynl\u00e5se<\/li>\n<li><strong>Let og holdbar<\/strong>: 30% lettere end standardtasker, 2 \u00e5rs garanti<\/li>\n<li><strong>Hurtig behandling<\/strong>: 12-dages produktion + ekspresforsendelse til USA\/EU<\/li>\n<\/ul>\n<p><strong>Perfekt til:<\/strong><\/p>\n<ul>\n<li>Uber Eats\/Deliveroo-partnere * Apotekets natleverancer * Cykelkurer-startups<\/li>\n<\/ul>\n<p><strong>Skr\u00e6ddersy dine tasker i dag:<\/strong><br \/>\n\ud83d\udef5 Gratis 3D-design mockups<br \/>\n\ud83d\udef5 Mulighed for RFID-blokering og t\u00e5refasthed<br \/>\n\ud83d\udef5 Rabatter p\u00e5 1.000+ enheder<\/p>\n<\/div>\n<\/div>\n<\/div>\n<\/div>","protected":false},"excerpt":{"rendered":"<h2 data-immersive-translate-walked=\"344be1c1-5052-41eb-8fcd-0dbe236a0d6b\" data-immersive-translate-paragraph=\"1\">Leveringspose med reflekterende striber<\/h2>\n<p>Vi leverer f\u00f8rsteklasses tasker med fuld st\u00f8rrelse og farvetilpasning, slidst\u00e6rke stoffer og certificeret kvalitet.<\/p>\n<p>Nyd fleksible MOQ'er, hurtig global forsendelse og private label-l\u00f8sninger.<\/p>\n<p>Kontakt os i dag!<\/p>","protected":false},"featured_media":1481,"template":"","meta":{"_uag_custom_page_level_css":""},"product_brand":[],"product_cat":[19],"product_tag":[],"class_list":{"0":"post-1479","1":"product","2":"type-product","3":"status-publish","4":"has-post-thumbnail","6":"product_cat-uncategorized","8":"first","9":"instock","10":"shipping-taxable","11":"product-type-simple"},"uagb_featured_image_src":{"full":["https:\/\/pecbag.com\/wp-content\/uploads\/2025\/04\/Reflective-Strip-Delivery-Bag-4.jpg",1500,1500,false],"thumbnail":["https:\/\/pecbag.com\/wp-content\/uploads\/2025\/04\/Reflective-Strip-Delivery-Bag-4-150x150.jpg",150,150,true],"medium":["https:\/\/pecbag.com\/wp-content\/uploads\/2025\/04\/Reflective-Strip-Delivery-Bag-4-300x300.jpg",300,300,true],"medium_large":["https:\/\/pecbag.com\/wp-content\/uploads\/2025\/04\/Reflective-Strip-Delivery-Bag-4-768x768.jpg",768,768,true],"large":["https:\/\/pecbag.com\/wp-content\/uploads\/2025\/04\/Reflective-Strip-Delivery-Bag-4-1024x1024.jpg",800,800,true],"1536x1536":["https:\/\/pecbag.com\/wp-content\/uploads\/2025\/04\/Reflective-Strip-Delivery-Bag-4.jpg",1500,1500,false],"2048x2048":["https:\/\/pecbag.com\/wp-content\/uploads\/2025\/04\/Reflective-Strip-Delivery-Bag-4.jpg",1500,1500,false],"trp-custom-language-flag":["https:\/\/pecbag.com\/wp-content\/uploads\/2025\/04\/Reflective-Strip-Delivery-Bag-4.jpg",12,12,false],"woocommerce_thumbnail":["https:\/\/pecbag.com\/wp-content\/uploads\/2025\/04\/Reflective-Strip-Delivery-Bag-4-300x300.jpg",300,300,true],"woocommerce_single":["https:\/\/pecbag.com\/wp-content\/uploads\/2025\/04\/Reflective-Strip-Delivery-Bag-4-600x600.jpg",600,600,true],"woocommerce_gallery_thumbnail":["https:\/\/pecbag.com\/wp-content\/uploads\/2025\/04\/Reflective-Strip-Delivery-Bag-4-100x100.jpg",100,100,true]},"uagb_author_info":{"display_name":"Lawrence","author_link":"https:\/\/pecbag.com\/da\/author\/"},"uagb_comment_info":0,"uagb_excerpt":"Reflective Strip Delivery Bag We provide premium bag with full-size and color customization, durable fabrics, and certified quality. Enjoy flexible MOQs, fast global shipping, and private label solutions. Contact us today!","_links":{"self":[{"href":"https:\/\/pecbag.com\/da\/wp-json\/wp\/v2\/product\/1479","targetHints":{"allow":["GET"]}}],"collection":[{"href":"https:\/\/pecbag.com\/da\/wp-json\/wp\/v2\/product"}],"about":[{"href":"https:\/\/pecbag.com\/da\/wp-json\/wp\/v2\/types\/product"}],"wp:featuredmedia":[{"embeddable":true,"href":"https:\/\/pecbag.com\/da\/wp-json\/wp\/v2\/media\/1481"}],"wp:attachment":[{"href":"https:\/\/pecbag.com\/da\/wp-json\/wp\/v2\/media?parent=1479"}],"wp:term":[{"taxonomy":"product_brand","embeddable":true,"href":"https:\/\/pecbag.com\/da\/wp-json\/wp\/v2\/product_brand?post=1479"},{"taxonomy":"product_cat","embeddable":true,"href":"https:\/\/pecbag.com\/da\/wp-json\/wp\/v2\/product_cat?post=1479"},{"taxonomy":"product_tag","embeddable":true,"href":"https:\/\/pecbag.com\/da\/wp-json\/wp\/v2\/product_tag?post=1479"}],"curies":[{"name":"wp","href":"https:\/\/api.w.org\/{rel}","templated":true}]}}