{"id":1503,"date":"2025-04-12T01:17:32","date_gmt":"2025-04-12T01:17:32","guid":{"rendered":"https:\/\/pecbag.com\/?post_type=product&#038;p=1503"},"modified":"2025-11-29T02:10:44","modified_gmt":"2025-11-29T02:10:44","slug":"sport-fishing-bag-factories","status":"publish","type":"product","link":"https:\/\/pecbag.com\/da\/sport-fishing-bag-factories\/","title":{"rendered":"Fabrikker med tasker til sportsfiskeri"},"content":{"rendered":"<h2 title=\"Foldbar hundetaske \u00c5ndbar netskuldertaske til k\u00e6ledyr til sm\u00e5 hunde og katte\" data-immersive-translate-walked=\"1c928421-2e42-4cd3-8754-5404553c0af5\" data-immersive-translate-paragraph=\"1\" data-spm-anchor-id=\"a2700.details.0.i35.4f6757d4w4zNZA\">De bedste engrosfabrikker til sportsfisketasker - fabriksdirekte og saltvandsbestandige designs<\/h2>\n<div class=\"flex flex-grow flex-col max-w-full\">\n<div class=\"min-h-[20px] text-message flex w-full flex-col items-end gap-2 whitespace-pre-wrap break-words [.text-message+&amp;]:mt-5 overflow-x-auto\" dir=\"auto\" data-message-author-role=\"assistant\" data-message-id=\"3d7d46f6-7ec2-4222-9257-48fa0bba23c6\" data-suggestions=\"true\">\n<div class=\"flex w-full flex-col gap-1 empty:hidden first:pt-[3px]\">\n<div class=\"markdown prose w-full break-words dark:prose-invert light\">\n<p>Brug for holdbar <strong>Fabrikker med tasker til sportsfiskeri<\/strong>? Vi fremstiller vandt\u00e6tte, tilpassede tasker til offshore-fiskerim\u00e6rker. Engrospriser, hurtige MOQ-ordrer og global forsendelse. Anmod om gratis pr\u00f8ver nu!<\/p>\n<table width=\"288\">\n<tbody>\n<tr>\n<td width=\"137\"><span style=\"color: #333333;\">Produkternes navn<\/span><\/td>\n<td width=\"151\">Fisketaske<\/td>\n<\/tr>\n<tr>\n<td><span style=\"color: #333333;\">Vare nr.<\/span><\/td>\n<td><span style=\"color: #333333;\">PB-2012<\/span><\/td>\n<\/tr>\n<tr>\n<td><span style=\"color: #333333;\">Materiale<\/span><\/td>\n<td>600D polyester<\/td>\n<\/tr>\n<tr>\n<td><span style=\"color: #333333;\">St\u00f8rrelse<\/span><\/td>\n<td>30*15*20cm<\/td>\n<\/tr>\n<tr>\n<td><span style=\"color: #333333;\">\u00a0Leveringstid<\/span><\/td>\n<td><span style=\"color: #333333;\">1-5 dage for sm\u00e5 m\u00e6ngder med fly og 30-35 dage for store m\u00e6ngder med skib<\/span><\/td>\n<\/tr>\n<\/tbody>\n<\/table>\n<p>Som betroet <strong>Fabrikker med tasker til sportsfiskeri i Kina<\/strong>Vi udvikler robuste l\u00f8sninger til opbevaring af fiskegrej til lystb\u00e5dehavne, professionelle lystfiskere og udend\u00f8rsforhandlere. Vores fabrik leverer:<br \/>\n\u2705 <strong>Engros klar<\/strong>: MOQ 300 stk. med m\u00e6ngderabatter<br \/>\n\u2705 <strong>Smart tilpasning<\/strong>: Tilf\u00f8j stangholdere, vandt\u00e6tte poser eller stropper til b\u00e5dmontering<br \/>\n\u2705 <strong>H\u00e5rdf\u00f8r i saltvand<\/strong>: 1000D nylon + korrosionsbestandige lynl\u00e5se + UV-bestandig bel\u00e6gning<\/p>\n<p><strong>Hvorfor fiskerim\u00e6rker v\u00e6lger os:<\/strong><\/p>\n<ul>\n<li><strong>20+ \u00e5rs ekspertise<\/strong>: Samarbejde med Shimano- og Penn-leverand\u00f8rer<\/li>\n<li><strong>Certificeret holdbarhed<\/strong>: IPX6-vandt\u00e6thedsvurdering og 50.000+ lynl\u00e5scyklustests<\/li>\n<li><strong>Hurtig logistik<\/strong>: 15-dages produktion + luft-\/s\u00f8transport til kystn\u00e6re knudepunkter<\/li>\n<\/ul>\n<p><strong>Perfekt til:<\/strong><\/p>\n<ul>\n<li>Dybhavscharter * Arrang\u00f8rer af fisketurneringer * Butikker med marineudstyr<\/li>\n<\/ul>\n<p><strong>H\u00e6gt dit perfekte design p\u00e5 i dag:<\/strong><br \/>\n\ud83c\udfa3 Gratis 3D-mockups med dit branding<br \/>\n\ud83c\udfa3 Skridsikkert underlag og rustfri hardware<br \/>\n\ud83c\udfa3 Rabatter p\u00e5 ordrer over 1.000 enheder<\/p>\n<\/div>\n<\/div>\n<\/div>\n<\/div>","protected":false},"excerpt":{"rendered":"<h2 data-immersive-translate-walked=\"344be1c1-5052-41eb-8fcd-0dbe236a0d6b\" data-immersive-translate-paragraph=\"1\">Fabrikker med tasker til sportsfiskeri<\/h2>\n<p>Vi leverer f\u00f8rsteklasses tasker med fuld st\u00f8rrelse og farvetilpasning, slidst\u00e6rke stoffer og certificeret kvalitet.<\/p>\n<p>Nyd fleksible MOQ'er, hurtig global forsendelse og private label-l\u00f8sninger.<\/p>\n<p>Kontakt os i dag!<\/p>","protected":false},"featured_media":1509,"template":"","meta":{"_uag_custom_page_level_css":""},"product_brand":[],"product_cat":[46],"product_tag":[],"class_list":{"0":"post-1503","1":"product","2":"type-product","3":"status-publish","4":"has-post-thumbnail","6":"product_cat-fishing-bag","8":"first","9":"instock","10":"shipping-taxable","11":"product-type-simple"},"uagb_featured_image_src":{"full":["https:\/\/pecbag.com\/wp-content\/uploads\/2025\/04\/Sport-Fishing-Bag-Factories-2-scaled.jpg",2560,1920,false],"thumbnail":["https:\/\/pecbag.com\/wp-content\/uploads\/2025\/04\/Sport-Fishing-Bag-Factories-2-150x150.jpg",150,150,true],"medium":["https:\/\/pecbag.com\/wp-content\/uploads\/2025\/04\/Sport-Fishing-Bag-Factories-2-300x225.jpg",300,225,true],"medium_large":["https:\/\/pecbag.com\/wp-content\/uploads\/2025\/04\/Sport-Fishing-Bag-Factories-2-768x576.jpg",768,576,true],"large":["https:\/\/pecbag.com\/wp-content\/uploads\/2025\/04\/Sport-Fishing-Bag-Factories-2-1024x768.jpg",800,600,true],"1536x1536":["https:\/\/pecbag.com\/wp-content\/uploads\/2025\/04\/Sport-Fishing-Bag-Factories-2-1536x1152.jpg",1536,1152,true],"2048x2048":["https:\/\/pecbag.com\/wp-content\/uploads\/2025\/04\/Sport-Fishing-Bag-Factories-2-2048x1536.jpg",2048,1536,true],"trp-custom-language-flag":["https:\/\/pecbag.com\/wp-content\/uploads\/2025\/04\/Sport-Fishing-Bag-Factories-2-scaled.jpg",16,12,false],"woocommerce_thumbnail":["https:\/\/pecbag.com\/wp-content\/uploads\/2025\/04\/Sport-Fishing-Bag-Factories-2-300x300.jpg",300,300,true],"woocommerce_single":["https:\/\/pecbag.com\/wp-content\/uploads\/2025\/04\/Sport-Fishing-Bag-Factories-2-600x450.jpg",600,450,true],"woocommerce_gallery_thumbnail":["https:\/\/pecbag.com\/wp-content\/uploads\/2025\/04\/Sport-Fishing-Bag-Factories-2-100x100.jpg",100,100,true]},"uagb_author_info":{"display_name":"Lawrence","author_link":"https:\/\/pecbag.com\/da\/author\/"},"uagb_comment_info":0,"uagb_excerpt":"Sport Fishing Bag Factories We provide premium bags with full-size and color customization, durable fabrics, and certified quality. Enjoy flexible MOQs, fast global shipping, and private label solutions. Contact us today!","_links":{"self":[{"href":"https:\/\/pecbag.com\/da\/wp-json\/wp\/v2\/product\/1503","targetHints":{"allow":["GET"]}}],"collection":[{"href":"https:\/\/pecbag.com\/da\/wp-json\/wp\/v2\/product"}],"about":[{"href":"https:\/\/pecbag.com\/da\/wp-json\/wp\/v2\/types\/product"}],"wp:featuredmedia":[{"embeddable":true,"href":"https:\/\/pecbag.com\/da\/wp-json\/wp\/v2\/media\/1509"}],"wp:attachment":[{"href":"https:\/\/pecbag.com\/da\/wp-json\/wp\/v2\/media?parent=1503"}],"wp:term":[{"taxonomy":"product_brand","embeddable":true,"href":"https:\/\/pecbag.com\/da\/wp-json\/wp\/v2\/product_brand?post=1503"},{"taxonomy":"product_cat","embeddable":true,"href":"https:\/\/pecbag.com\/da\/wp-json\/wp\/v2\/product_cat?post=1503"},{"taxonomy":"product_tag","embeddable":true,"href":"https:\/\/pecbag.com\/da\/wp-json\/wp\/v2\/product_tag?post=1503"}],"curies":[{"name":"wp","href":"https:\/\/api.w.org\/{rel}","templated":true}]}}