{"id":1524,"date":"2025-04-12T02:00:10","date_gmt":"2025-04-12T02:00:10","guid":{"rendered":"https:\/\/pecbag.com\/?post_type=product&#038;p=1524"},"modified":"2025-11-29T02:10:26","modified_gmt":"2025-11-29T02:10:26","slug":"waterproof-hiking-bag-factories","status":"publish","type":"product","link":"https:\/\/pecbag.com\/da\/waterproof-hiking-bag-factories\/","title":{"rendered":"Fabrikker til vandt\u00e6tte vandretasker"},"content":{"rendered":"<h2 title=\"Foldbar hundetaske \u00c5ndbar netskuldertaske til k\u00e6ledyr til sm\u00e5 hunde og katte\" data-immersive-translate-walked=\"1c928421-2e42-4cd3-8754-5404553c0af5\" data-immersive-translate-paragraph=\"1\" data-spm-anchor-id=\"a2700.details.0.i35.4f6757d4w4zNZA\">Top engros vandt\u00e6tte vandretaskefabrikker | fabriksdirekte og bjergst\u00e6rke designs<\/h2>\n<div class=\"flex flex-grow flex-col max-w-full\">\n<div class=\"min-h-[20px] text-message flex w-full flex-col items-end gap-2 whitespace-pre-wrap break-words [.text-message+&amp;]:mt-5 overflow-x-auto\" dir=\"auto\" data-message-author-role=\"assistant\" data-message-id=\"3d7d46f6-7ec2-4222-9257-48fa0bba23c6\" data-suggestions=\"true\">\n<div class=\"flex w-full flex-col gap-1 empty:hidden first:pt-[3px]\">\n<div class=\"markdown prose w-full break-words dark:prose-invert light\">\n<p>Brug for p\u00e5lidelig <strong>Fabrikker til vandt\u00e6tte vandretasker<\/strong>? Vi fremstiller IPX6-klassificerede rygs\u00e6kke til outdoor-m\u00e6rker. Engrospriser, brugerdefinerede designs og hurtig levering. Anmod om gratis pr\u00f8ver nu!<\/p>\n<table width=\"288\">\n<tbody>\n<tr>\n<td width=\"137\"><span style=\"color: #333333;\">Produkternes navn<\/span><\/td>\n<td width=\"151\">Vandretaske<\/td>\n<\/tr>\n<tr>\n<td><span style=\"color: #333333;\">Vare nr.<\/span><\/td>\n<td><span style=\"color: #333333;\">PB-2015<\/span><\/td>\n<\/tr>\n<tr>\n<td><span style=\"color: #333333;\">Materiale<\/span><\/td>\n<td>Polyester<\/td>\n<\/tr>\n<tr>\n<td><span style=\"color: #333333;\">St\u00f8rrelse<\/span><\/td>\n<td>35*19*45 cm<\/td>\n<\/tr>\n<tr>\n<td><span style=\"color: #333333;\">\u00a0Leveringstid<\/span><\/td>\n<td><span style=\"color: #333333;\">1-5 dage for sm\u00e5 m\u00e6ngder med fly og 30-35 dage for store m\u00e6ngder med skib<\/span><\/td>\n<\/tr>\n<\/tbody>\n<\/table>\n<p>Som betroet <strong>vandt\u00e6t vandretaske fabrikker i Kina<\/strong>Vi udvikler eventyrklare rygs\u00e6kke til bjergguider, trekkingm\u00e6rker og outdoor-forhandlere. Vores fabrik leverer:<br \/>\n\u2705 <strong>Fleksibilitet i engrosleddet<\/strong>: MOQ 200 stk. med m\u00e6ngderabatter<br \/>\n\u2705 <strong>Smart tilpasning<\/strong>: Tilf\u00f8j is\u00f8ksesl\u00f8jfer, drikkemuffer eller bj\u00f8rnesikre lynl\u00e5se<br \/>\n\u2705 <strong>Stormt\u00e6tte bygninger<\/strong>: 500D ripstop-stof + s\u00f8mforseglet konstruktion<\/p>\n<p><strong>Hvorfor outdoor-brands stoler p\u00e5 os:<\/strong><\/p>\n<ul>\n<li><strong>12+ \u00e5rs ekspertise<\/strong>: Samarbejde med leverand\u00f8rer fra The North Face &amp; Columbia<\/li>\n<li><strong>Certificeret beskyttelse<\/strong>: IPX6-vandt\u00e6thedsklasse og 50.000+ slidpr\u00f8ver<\/li>\n<li><strong>Hurtig og gr\u00f8n<\/strong>: 15-dages produktion + kulstofneutrale forsendelsesmuligheder<\/li>\n<\/ul>\n<p><strong>Perfekt til:<\/strong><\/p>\n<ul>\n<li>Alpine ekspeditioner * Vandretursarrang\u00f8rer * Gavebutikker i nationalparker<\/li>\n<\/ul>\n<p><strong>Pak dit perfekte design i dag:<\/strong><br \/>\n\ud83c\udf92 Gratis 3D-mockups med dit branding<br \/>\n\ud83c\udf92 \u00c5ndbare rygpaneler og v\u00e6gtfordelende stropper<br \/>\n\ud83c\udf92 Rabatter p\u00e5 ordrer over 1.000 enheder<\/p>\n<\/div>\n<\/div>\n<\/div>\n<\/div>","protected":false},"excerpt":{"rendered":"<h2 data-immersive-translate-walked=\"344be1c1-5052-41eb-8fcd-0dbe236a0d6b\" data-immersive-translate-paragraph=\"1\">Fabrikker til vandt\u00e6tte vandretasker<\/h2>\n<p>Vi leverer f\u00f8rsteklasses tasker med fuld st\u00f8rrelse og farvetilpasning, slidst\u00e6rke stoffer og certificeret kvalitet.<\/p>\n<p>Nyd fleksible MOQ'er, hurtig global forsendelse og private label-l\u00f8sninger.<\/p>\n<p>Kontakt os i dag!<\/p>","protected":false},"featured_media":1530,"template":"","meta":{"_uag_custom_page_level_css":""},"product_brand":[],"product_cat":[45],"product_tag":[],"class_list":{"0":"post-1524","1":"product","2":"type-product","3":"status-publish","4":"has-post-thumbnail","6":"product_cat-hiking-bag","8":"first","9":"instock","10":"shipping-taxable","11":"product-type-simple"},"uagb_featured_image_src":{"full":["https:\/\/pecbag.com\/wp-content\/uploads\/2025\/04\/Waterproof-5.jpg",679,675,false],"thumbnail":["https:\/\/pecbag.com\/wp-content\/uploads\/2025\/04\/Waterproof-5-150x150.jpg",150,150,true],"medium":["https:\/\/pecbag.com\/wp-content\/uploads\/2025\/04\/Waterproof-5-300x298.jpg",300,298,true],"medium_large":["https:\/\/pecbag.com\/wp-content\/uploads\/2025\/04\/Waterproof-5.jpg",679,675,false],"large":["https:\/\/pecbag.com\/wp-content\/uploads\/2025\/04\/Waterproof-5.jpg",679,675,false],"1536x1536":["https:\/\/pecbag.com\/wp-content\/uploads\/2025\/04\/Waterproof-5.jpg",679,675,false],"2048x2048":["https:\/\/pecbag.com\/wp-content\/uploads\/2025\/04\/Waterproof-5.jpg",679,675,false],"trp-custom-language-flag":["https:\/\/pecbag.com\/wp-content\/uploads\/2025\/04\/Waterproof-5.jpg",12,12,false],"woocommerce_thumbnail":["https:\/\/pecbag.com\/wp-content\/uploads\/2025\/04\/Waterproof-5-300x300.jpg",300,300,true],"woocommerce_single":["https:\/\/pecbag.com\/wp-content\/uploads\/2025\/04\/Waterproof-5-600x596.jpg",600,596,true],"woocommerce_gallery_thumbnail":["https:\/\/pecbag.com\/wp-content\/uploads\/2025\/04\/Waterproof-5-100x100.jpg",100,100,true]},"uagb_author_info":{"display_name":"Lawrence","author_link":"https:\/\/pecbag.com\/da\/author\/"},"uagb_comment_info":0,"uagb_excerpt":"Waterproof Hiking Bag Factories We provide premium bags with full-size and color customization, durable fabrics, and certified quality. Enjoy flexible MOQs, fast global shipping, and private label solutions. Contact us today!","_links":{"self":[{"href":"https:\/\/pecbag.com\/da\/wp-json\/wp\/v2\/product\/1524","targetHints":{"allow":["GET"]}}],"collection":[{"href":"https:\/\/pecbag.com\/da\/wp-json\/wp\/v2\/product"}],"about":[{"href":"https:\/\/pecbag.com\/da\/wp-json\/wp\/v2\/types\/product"}],"wp:featuredmedia":[{"embeddable":true,"href":"https:\/\/pecbag.com\/da\/wp-json\/wp\/v2\/media\/1530"}],"wp:attachment":[{"href":"https:\/\/pecbag.com\/da\/wp-json\/wp\/v2\/media?parent=1524"}],"wp:term":[{"taxonomy":"product_brand","embeddable":true,"href":"https:\/\/pecbag.com\/da\/wp-json\/wp\/v2\/product_brand?post=1524"},{"taxonomy":"product_cat","embeddable":true,"href":"https:\/\/pecbag.com\/da\/wp-json\/wp\/v2\/product_cat?post=1524"},{"taxonomy":"product_tag","embeddable":true,"href":"https:\/\/pecbag.com\/da\/wp-json\/wp\/v2\/product_tag?post=1524"}],"curies":[{"name":"wp","href":"https:\/\/api.w.org\/{rel}","templated":true}]}}