{"id":1567,"date":"2025-04-12T03:19:46","date_gmt":"2025-04-12T03:19:46","guid":{"rendered":"https:\/\/pecbag.com\/?post_type=product&#038;p=1567"},"modified":"2025-11-29T02:09:03","modified_gmt":"2025-11-29T02:09:03","slug":"oem-sport-dry-bag-manufacturer","status":"publish","type":"product","link":"https:\/\/pecbag.com\/da\/oem-sport-dry-bag-manufacturer\/","title":{"rendered":"OEM-producent af t\u00f8rre sportstasker"},"content":{"rendered":"<h2 title=\"Foldbar hundetaske \u00c5ndbar netskuldertaske til k\u00e6ledyr til sm\u00e5 hunde og katte\" data-immersive-translate-walked=\"1c928421-2e42-4cd3-8754-5404553c0af5\" data-immersive-translate-paragraph=\"1\" data-spm-anchor-id=\"a2700.details.0.i35.4f6757d4w4zNZA\">Top Engros OEM Sport Dry Bag Producent | Factory Direct &amp; Vandt\u00e6tte l\u00f8sninger<\/h2>\n<div class=\"flex flex-grow flex-col max-w-full\">\n<div class=\"min-h-[20px] text-message flex w-full flex-col items-end gap-2 whitespace-pre-wrap break-words [.text-message+&amp;]:mt-5 overflow-x-auto\" dir=\"auto\" data-message-author-role=\"assistant\" data-message-id=\"3d7d46f6-7ec2-4222-9257-48fa0bba23c6\" data-suggestions=\"true\">\n<div class=\"flex w-full flex-col gap-1 empty:hidden first:pt-[3px]\">\n<div class=\"markdown prose w-full break-words dark:prose-invert light\">\n<p>Brug for en p\u00e5lidelig <strong>Producent af OEM-t\u00f8rretaske til sport<\/strong>? Vi tilbyder specialdesign, IPX7-vandt\u00e6thed og m\u00e6ngderabatter. Hurtig global forsendelse til outdoor-m\u00e6rker. Anmod om gratis pr\u00f8ver nu!<\/p>\n<table width=\"288\">\n<tbody>\n<tr>\n<td width=\"137\"><span style=\"color: #333333;\">Produkternes navn<\/span><\/td>\n<td width=\"151\">Sportstaske<\/td>\n<\/tr>\n<tr>\n<td><span style=\"color: #333333;\">Vare nr.<\/span><\/td>\n<td><span style=\"color: #333333;\">PB-2021<\/span><\/td>\n<\/tr>\n<tr>\n<td><span style=\"color: #333333;\">Materiale<\/span><\/td>\n<td><span style=\"color: #333333;\">Bomuld, polyester, fleece<\/span><\/td>\n<\/tr>\n<tr>\n<td><span style=\"color: #333333;\">\u00a0St\u00f8rrelse og farve<\/span><\/td>\n<td><span style=\"color: #333333;\">Tilpasset<\/span><\/td>\n<\/tr>\n<tr>\n<td><span style=\"color: #333333;\">\u00a0Leveringstid<\/span><\/td>\n<td><span style=\"color: #333333;\">1-5 dage for sm\u00e5 m\u00e6ngder med fly og 30-35 dage for store m\u00e6ngder med skib<\/span><\/td>\n<\/tr>\n<\/tbody>\n<\/table>\n<p>Som betroet <strong>OEM-producenter af sportst\u00f8rretasker i Kina<\/strong>Vi udvikler vandt\u00e6tte tasker, der er klar til eventyr, til kajakm\u00e6rker, triatlonarrangementer og outdoor-forhandlere. Vores fabrik leverer:<\/p>\n<p><strong>Hvorfor samarbejde med os?<\/strong><br \/>\n\u2705\u00a0<strong>Frihed til at designe<\/strong>:<\/p>\n<ul>\n<li>Tilpassede former, st\u00f8rrelser og rum<\/li>\n<li>Tilf\u00f8j brandede logoer\/m\u00f8nstre (broderi, tryk, lapper)<\/li>\n<li>V\u00e6lg mellem 120+ stoffer (vegansk l\u00e6der, genbrugspolyester, vandt\u00e6t nylon)<\/li>\n<\/ul>\n<p>\u2705\u00a0<strong>Engros-venlige vilk\u00e5r<\/strong>:<\/p>\n<ul>\n<li>MOQ 100 stk - ideel til sm\u00e5 brands<\/li>\n<li>M\u00e6ngderabat p\u00e5 500+ enheder<\/li>\n<li>15 dages produktion + d\u00f8r-til-d\u00f8r-forsendelse (DHL\/FedEx)<\/li>\n<\/ul>\n<p>\u2705\u00a0<strong>Bygget til at holde<\/strong>:<\/p>\n<ul>\n<li>Forst\u00e6rkede syninger og skridsikre skulderstropper<\/li>\n<li>RFID-sikre lommer og skjulte lynl\u00e5se (opgraderingsmulighed)<\/li>\n<li>Best\u00e5r ISO 9001 &amp; SGS holdbarhedstest<\/li>\n<\/ul>\n<p><strong>Hvem bruger vores tasker?<\/strong><br \/>\n\u2714\ufe0f\u00a0<strong>Virksomhedskunder<\/strong>: Reklamegaver til tech-begivenheder<br \/>\n\u2714\ufe0f\u00a0<strong>Modem\u00e6rker<\/strong>: Trendy sportstasker til 2025-kollektioner<br \/>\n\u2714\ufe0f\u00a0<strong>Udend\u00f8rs forhandlere<\/strong>: Vandafvisende design til vandring\/camping<\/p>\n<\/div>\n<\/div>\n<\/div>\n<\/div>","protected":false},"excerpt":{"rendered":"<h2 data-immersive-translate-walked=\"344be1c1-5052-41eb-8fcd-0dbe236a0d6b\" data-immersive-translate-paragraph=\"1\">OEM-producent af t\u00f8rre sportstasker<\/h2>\n<p>Vi leverer f\u00f8rsteklasses tasker med fuld st\u00f8rrelse og farvetilpasning, slidst\u00e6rke stoffer og certificeret kvalitet.<\/p>\n<p>Nyd fleksible MOQ'er, hurtig global forsendelse og private label-l\u00f8sninger.<\/p>\n<p>Kontakt os i dag!<\/p>","protected":false},"featured_media":1570,"template":"","meta":{"_uag_custom_page_level_css":""},"product_brand":[],"product_cat":[67],"product_tag":[],"class_list":{"0":"post-1567","1":"product","2":"type-product","3":"status-publish","4":"has-post-thumbnail","6":"product_cat-sports-bag","8":"first","9":"instock","10":"shipping-taxable","11":"product-type-simple"},"uagb_featured_image_src":{"full":["https:\/\/pecbag.com\/wp-content\/uploads\/2025\/04\/OEM-Sport-Dry-Bag-Manufacturer-3.jpg",1000,1000,false],"thumbnail":["https:\/\/pecbag.com\/wp-content\/uploads\/2025\/04\/OEM-Sport-Dry-Bag-Manufacturer-3-150x150.jpg",150,150,true],"medium":["https:\/\/pecbag.com\/wp-content\/uploads\/2025\/04\/OEM-Sport-Dry-Bag-Manufacturer-3-300x300.jpg",300,300,true],"medium_large":["https:\/\/pecbag.com\/wp-content\/uploads\/2025\/04\/OEM-Sport-Dry-Bag-Manufacturer-3-768x768.jpg",768,768,true],"large":["https:\/\/pecbag.com\/wp-content\/uploads\/2025\/04\/OEM-Sport-Dry-Bag-Manufacturer-3.jpg",800,800,false],"1536x1536":["https:\/\/pecbag.com\/wp-content\/uploads\/2025\/04\/OEM-Sport-Dry-Bag-Manufacturer-3.jpg",1000,1000,false],"2048x2048":["https:\/\/pecbag.com\/wp-content\/uploads\/2025\/04\/OEM-Sport-Dry-Bag-Manufacturer-3.jpg",1000,1000,false],"trp-custom-language-flag":["https:\/\/pecbag.com\/wp-content\/uploads\/2025\/04\/OEM-Sport-Dry-Bag-Manufacturer-3.jpg",12,12,false],"woocommerce_thumbnail":["https:\/\/pecbag.com\/wp-content\/uploads\/2025\/04\/OEM-Sport-Dry-Bag-Manufacturer-3-300x300.jpg",300,300,true],"woocommerce_single":["https:\/\/pecbag.com\/wp-content\/uploads\/2025\/04\/OEM-Sport-Dry-Bag-Manufacturer-3-600x600.jpg",600,600,true],"woocommerce_gallery_thumbnail":["https:\/\/pecbag.com\/wp-content\/uploads\/2025\/04\/OEM-Sport-Dry-Bag-Manufacturer-3-100x100.jpg",100,100,true]},"uagb_author_info":{"display_name":"Lawrence","author_link":"https:\/\/pecbag.com\/da\/author\/"},"uagb_comment_info":0,"uagb_excerpt":"OEM Sport Dry Bag Manufacturer We provide premium bags with full-size and color customization, durable fabrics, and certified quality. Enjoy flexible MOQs, fast global shipping, and private label solutions. Contact us today!","_links":{"self":[{"href":"https:\/\/pecbag.com\/da\/wp-json\/wp\/v2\/product\/1567","targetHints":{"allow":["GET"]}}],"collection":[{"href":"https:\/\/pecbag.com\/da\/wp-json\/wp\/v2\/product"}],"about":[{"href":"https:\/\/pecbag.com\/da\/wp-json\/wp\/v2\/types\/product"}],"wp:featuredmedia":[{"embeddable":true,"href":"https:\/\/pecbag.com\/da\/wp-json\/wp\/v2\/media\/1570"}],"wp:attachment":[{"href":"https:\/\/pecbag.com\/da\/wp-json\/wp\/v2\/media?parent=1567"}],"wp:term":[{"taxonomy":"product_brand","embeddable":true,"href":"https:\/\/pecbag.com\/da\/wp-json\/wp\/v2\/product_brand?post=1567"},{"taxonomy":"product_cat","embeddable":true,"href":"https:\/\/pecbag.com\/da\/wp-json\/wp\/v2\/product_cat?post=1567"},{"taxonomy":"product_tag","embeddable":true,"href":"https:\/\/pecbag.com\/da\/wp-json\/wp\/v2\/product_tag?post=1567"}],"curies":[{"name":"wp","href":"https:\/\/api.w.org\/{rel}","templated":true}]}}