{"id":1583,"date":"2025-04-12T03:43:51","date_gmt":"2025-04-12T03:43:51","guid":{"rendered":"https:\/\/pecbag.com\/?post_type=product&#038;p=1583"},"modified":"2025-11-29T02:08:47","modified_gmt":"2025-11-29T02:08:47","slug":"camouflage-tactical-bag-manufacturer","status":"publish","type":"product","link":"https:\/\/pecbag.com\/da\/camouflage-tactical-bag-manufacturer\/","title":{"rendered":"Camouflage taktisk taske Producent"},"content":{"rendered":"<h2 title=\"Foldbar hundetaske \u00c5ndbar netskuldertaske til k\u00e6ledyr til sm\u00e5 hunde og katte\" data-immersive-translate-walked=\"1c928421-2e42-4cd3-8754-5404553c0af5\" data-immersive-translate-paragraph=\"1\" data-spm-anchor-id=\"a2700.details.0.i35.4f6757d4w4zNZA\">P\u00e5lidelig producent af taktiske tasker i camouflage | Engrosfabrik for tilpassede designs i milit\u00e6r kvalitet<\/h2>\n<div class=\"flex flex-grow flex-col max-w-full\">\n<div class=\"min-h-[20px] text-message flex w-full flex-col items-end gap-2 whitespace-pre-wrap break-words [.text-message+&amp;]:mt-5 overflow-x-auto\" dir=\"auto\" data-message-author-role=\"assistant\" data-message-id=\"3d7d46f6-7ec2-4222-9257-48fa0bba23c6\" data-suggestions=\"true\">\n<div class=\"flex w-full flex-col gap-1 empty:hidden first:pt-[3px]\">\n<div class=\"markdown prose w-full break-words dark:prose-invert light\">\n<p>Brug for robusthed\u00a0<strong>producenter af taktiske tasker i camouflage<\/strong>? Vi tilbyder MIL-SPEC-design, bulkpriser og tilpassede logoer. Lav MOQ, hurtig forsendelse og gratis pr\u00f8ver. Bliv partner med en certificeret fabrik i dag!<\/p>\n<table width=\"288\">\n<tbody>\n<tr>\n<td width=\"137\"><span style=\"color: #333333;\">Produkternes navn<\/span><\/td>\n<td width=\"151\">Taktisk taske<\/td>\n<\/tr>\n<tr>\n<td><span style=\"color: #333333;\">Vare nr.<\/span><\/td>\n<td><span style=\"color: #333333;\">PB-2023<\/span><\/td>\n<\/tr>\n<tr>\n<td><span style=\"color: #333333;\">Materiale<\/span><\/td>\n<td>600D polyester<\/td>\n<\/tr>\n<tr>\n<td><span style=\"color: #333333;\">St\u00f8rrelse<\/span><\/td>\n<td>30*15*52cm<\/td>\n<\/tr>\n<tr>\n<td><span style=\"color: #333333;\">\u00a0Leveringstid<\/span><\/td>\n<td><span style=\"color: #333333;\">1-5 dage for sm\u00e5 m\u00e6ngder med fly og 30-35 dage for store m\u00e6ngder med skib<\/span><\/td>\n<\/tr>\n<\/tbody>\n<\/table>\n<p>Som f\u00f8rende\u00a0<strong>Producent af taktiske tasker i camouflage<\/strong>Vi udvikler udstyr, som milit\u00e6re enheder, outdoor-m\u00e6rker og overlevelsesspecialister har tillid til. Vores\u00a0<strong>Engrosfabrik<\/strong>\u00a0producerer\u00a0<strong>specialfremstillede taktiske tasker<\/strong>\u00a0designet til at passe ind i skove, \u00f8rkener og byjungler - og samtidig overleve de h\u00e5rdeste missioner.<\/p>\n<p><strong>Hvorfor arbejde med os?<\/strong><br \/>\n\u2705\u00a0<strong>Kvalitet p\u00e5 milit\u00e6rniveau<\/strong>:<\/p>\n<ul>\n<li><strong>500D Cordura\u00ae-stof<\/strong>\u00a0- rivefast og vejrbestandig<\/li>\n<li><strong>MOLLE-b\u00e5nd<\/strong>\u00a0til modul\u00e6re redskaber (layout, der kan tilpasses)<\/li>\n<li><strong>IP67 vandt\u00e6tte lynl\u00e5se<\/strong>\u00a0+ forst\u00e6rkede stresspunkter<\/li>\n<\/ul>\n<p>\u2705\u00a0<strong>Fordele ved engroshandel<\/strong>:<\/p>\n<ul>\n<li><strong>MOQ 150 stk.<\/strong>\u00a0- perfekt til startups og sm\u00e5 ordrer<\/li>\n<li><strong>20% slukket<\/strong>\u00a0Ordrer p\u00e5 500+ enheder<\/li>\n<li><strong>18 dages produktion<\/strong>\u00a0+ luft\/s\u00f8-forsendelse til 60+ lande<\/li>\n<\/ul>\n<p>\u2705\u00a0<strong>Kampklare funktioner<\/strong>:<\/p>\n<ul>\n<li><strong>IR-resistente camouflagem\u00f8nstre<\/strong>\u00a0(Woodland, Digital, Multicam)<\/li>\n<li><strong>Rum til v\u00e6skebl\u00e6re<\/strong>\u00a0+ skjulte b\u00e6relommer<\/li>\n<li><strong>Testet i henhold til MIL-STD-810G<\/strong>\u00a0standarder (slid, UV- og vandp\u00e5virkning)<\/li>\n<\/ul>\n<p><strong>Betroet af<\/strong>:<br \/>\n\ud83d\udd2b Milit\u00e6re leverand\u00f8rer i USA og NATO-regioner<br \/>\n\ud83c\udf32 Jagtudstyrsm\u00e6rker i Canada og Skandinavien<br \/>\n\ud83d\ude81 Katastrofe-NGO'er over hele verden<\/p>\n<\/div>\n<\/div>\n<\/div>\n<\/div>","protected":false},"excerpt":{"rendered":"<h2 data-immersive-translate-walked=\"344be1c1-5052-41eb-8fcd-0dbe236a0d6b\" data-immersive-translate-paragraph=\"1\">Camouflage taktisk taske Producent<\/h2>\n<p>Vi leverer f\u00f8rsteklasses tasker med fuld st\u00f8rrelse og farvetilpasning, slidst\u00e6rke stoffer og certificeret kvalitet.<\/p>\n<p>Nyd fleksible MOQ'er, hurtig global forsendelse og private label-l\u00f8sninger.<\/p>\n<p>Kontakt os i dag!<\/p>","protected":false},"featured_media":1586,"template":"","meta":{"_uag_custom_page_level_css":""},"product_brand":[],"product_cat":[55],"product_tag":[],"class_list":{"0":"post-1583","1":"product","2":"type-product","3":"status-publish","4":"has-post-thumbnail","6":"product_cat-tactical-bag","8":"first","9":"instock","10":"shipping-taxable","11":"product-type-simple"},"uagb_featured_image_src":{"full":["https:\/\/pecbag.com\/wp-content\/uploads\/2025\/04\/Tactical-Bag-6.jpg",1600,1600,false],"thumbnail":["https:\/\/pecbag.com\/wp-content\/uploads\/2025\/04\/Tactical-Bag-6-150x150.jpg",150,150,true],"medium":["https:\/\/pecbag.com\/wp-content\/uploads\/2025\/04\/Tactical-Bag-6-300x300.jpg",300,300,true],"medium_large":["https:\/\/pecbag.com\/wp-content\/uploads\/2025\/04\/Tactical-Bag-6-768x768.jpg",768,768,true],"large":["https:\/\/pecbag.com\/wp-content\/uploads\/2025\/04\/Tactical-Bag-6-1024x1024.jpg",800,800,true],"1536x1536":["https:\/\/pecbag.com\/wp-content\/uploads\/2025\/04\/Tactical-Bag-6-1536x1536.jpg",1536,1536,true],"2048x2048":["https:\/\/pecbag.com\/wp-content\/uploads\/2025\/04\/Tactical-Bag-6.jpg",1600,1600,false],"trp-custom-language-flag":["https:\/\/pecbag.com\/wp-content\/uploads\/2025\/04\/Tactical-Bag-6.jpg",12,12,false],"woocommerce_thumbnail":["https:\/\/pecbag.com\/wp-content\/uploads\/2025\/04\/Tactical-Bag-6-300x300.jpg",300,300,true],"woocommerce_single":["https:\/\/pecbag.com\/wp-content\/uploads\/2025\/04\/Tactical-Bag-6-600x600.jpg",600,600,true],"woocommerce_gallery_thumbnail":["https:\/\/pecbag.com\/wp-content\/uploads\/2025\/04\/Tactical-Bag-6-100x100.jpg",100,100,true]},"uagb_author_info":{"display_name":"Lawrence","author_link":"https:\/\/pecbag.com\/da\/author\/"},"uagb_comment_info":0,"uagb_excerpt":"Camouflage Tactical Bag Manufacturer We provide premium bags with full-size and color customization, durable fabrics, and certified quality. Enjoy flexible MOQs, fast global shipping, and private label solutions. Contact us today!","_links":{"self":[{"href":"https:\/\/pecbag.com\/da\/wp-json\/wp\/v2\/product\/1583","targetHints":{"allow":["GET"]}}],"collection":[{"href":"https:\/\/pecbag.com\/da\/wp-json\/wp\/v2\/product"}],"about":[{"href":"https:\/\/pecbag.com\/da\/wp-json\/wp\/v2\/types\/product"}],"wp:featuredmedia":[{"embeddable":true,"href":"https:\/\/pecbag.com\/da\/wp-json\/wp\/v2\/media\/1586"}],"wp:attachment":[{"href":"https:\/\/pecbag.com\/da\/wp-json\/wp\/v2\/media?parent=1583"}],"wp:term":[{"taxonomy":"product_brand","embeddable":true,"href":"https:\/\/pecbag.com\/da\/wp-json\/wp\/v2\/product_brand?post=1583"},{"taxonomy":"product_cat","embeddable":true,"href":"https:\/\/pecbag.com\/da\/wp-json\/wp\/v2\/product_cat?post=1583"},{"taxonomy":"product_tag","embeddable":true,"href":"https:\/\/pecbag.com\/da\/wp-json\/wp\/v2\/product_tag?post=1583"}],"curies":[{"name":"wp","href":"https:\/\/api.w.org\/{rel}","templated":true}]}}