{"id":1697,"date":"2025-04-14T07:10:43","date_gmt":"2025-04-14T07:10:43","guid":{"rendered":"https:\/\/pecbag.com\/?post_type=product&#038;p=1697"},"modified":"2025-11-29T02:07:34","modified_gmt":"2025-11-29T02:07:34","slug":"sports-ski-bag-factories","status":"publish","type":"product","link":"https:\/\/pecbag.com\/da\/sports-ski-bag-factories\/","title":{"rendered":"Fabrikker til sportsskitasker"},"content":{"rendered":"<h2 title=\"Foldbar hundetaske \u00c5ndbar netskuldertaske til k\u00e6ledyr til sm\u00e5 hunde og katte\" data-immersive-translate-walked=\"1c928421-2e42-4cd3-8754-5404553c0af5\" data-immersive-translate-paragraph=\"1\" data-spm-anchor-id=\"a2700.details.0.i35.4f6757d4w4zNZA\">De bedste engros-sportstaskefabrikker | fabriksdirekte og alpine designs<\/h2>\n<div class=\"flex flex-grow flex-col max-w-full\">\n<div class=\"min-h-[20px] text-message flex w-full flex-col items-end gap-2 whitespace-pre-wrap break-words [.text-message+&amp;]:mt-5 overflow-x-auto\" dir=\"auto\" data-message-author-role=\"assistant\" data-message-id=\"3d7d46f6-7ec2-4222-9257-48fa0bba23c6\" data-suggestions=\"true\">\n<div class=\"flex w-full flex-col gap-1 empty:hidden first:pt-[3px]\">\n<div class=\"markdown prose w-full break-words dark:prose-invert light\">\n<p>Brug for holdbar <strong>fabrikker for sportsskitasker<\/strong>? Vi fremstiller vandt\u00e6tte, skr\u00e6ddersyede skitasker til feriesteder og brands. Engrospriser, m\u00e6ngderabatter og hurtig levering. Anmod om gratis pr\u00f8ver nu!<\/p>\n<table width=\"288\">\n<tbody>\n<tr>\n<td width=\"137\"><span style=\"color: #333333;\">Produkternes navn<\/span><\/td>\n<td width=\"151\">Skitaske<\/td>\n<\/tr>\n<tr>\n<td><span style=\"color: #333333;\">Vare nr.<\/span><\/td>\n<td><span style=\"color: #333333;\">PB-2027<\/span><\/td>\n<\/tr>\n<tr>\n<td><span style=\"color: #333333;\">Materiale<\/span><\/td>\n<td>900D Oxford<\/td>\n<\/tr>\n<tr>\n<td><span style=\"color: #333333;\">St\u00f8rrelse<\/span><\/td>\n<td>8,7\u00d78,7\u00d768,9 tommer<\/td>\n<\/tr>\n<tr>\n<td><span style=\"color: #333333;\">\u00a0Leveringstid<\/span><\/td>\n<td><span style=\"color: #333333;\">1-5 dage for sm\u00e5 m\u00e6ngder med fly og 30-35 dage for store m\u00e6ngder med skib<\/span><\/td>\n<\/tr>\n<\/tbody>\n<\/table>\n<p>Som betroet <strong>fabrikker til sportsskitasker i Kina<\/strong>Vi fremstiller bjergklart udstyr til skisportssteder, professionelle atleter og vintersportsm\u00e6rker. Vores fabrik leverer:<br \/>\n\u2705 <strong>Fleksibilitet i engrosleddet<\/strong>: MOQ 200 stk med volumenpriser<br \/>\n\u2705 <strong>Smart tilpasning<\/strong>: Tilf\u00f8j resort-logoer, polstrede h\u00e5ndtag eller TSA-godkendte l\u00e5se<br \/>\n\u2705 <strong>Stormt\u00e6tte bygninger<\/strong>: 600D polyester + svejsede s\u00f8mme + -30\u00b0C-klassificerede lynl\u00e5se<\/p>\n<p><strong>Hvorfor skibrands stoler p\u00e5 os:<\/strong><\/p>\n<ul>\n<li><strong>15+ \u00e5rs ekspertise<\/strong>: Samarbejde med Atomic- og Rossignol-leverand\u00f8rer<\/li>\n<li><strong>Certificeret beskyttelse<\/strong>: IPX5-vandt\u00e6thedsklasse og 50.000+ slidpr\u00f8ver<\/li>\n<li><strong>Hurtig logistik<\/strong>: 20 dages produktion + flyforsendelse til globale skihubs<\/li>\n<\/ul>\n<p><strong>Perfekt til:<\/strong><\/p>\n<ul>\n<li>Skilejeforretninger * Leverand\u00f8rer til vinter-OL * M\u00e6rker af luksushytter<\/li>\n<\/ul>\n<p><strong>Hav selvtillid i denne s\u00e6son:<\/strong><br \/>\n\ud83c\udfbf Gratis 3D-design mockups<br \/>\n\ud83c\udfbf Flyklare dimensioner og anti-ridsebel\u00e6gninger<br \/>\n\ud83c\udfbf Rabatter p\u00e5 ordrer over 500 enheder<\/p>\n<\/div>\n<\/div>\n<\/div>\n<\/div>","protected":false},"excerpt":{"rendered":"<h2 data-immersive-translate-walked=\"344be1c1-5052-41eb-8fcd-0dbe236a0d6b\" data-immersive-translate-paragraph=\"1\">Fabrikker til sportsskitasker<\/h2>\n<p>Vi leverer f\u00f8rsteklasses tasker med fuld st\u00f8rrelse og farvetilpasning, slidst\u00e6rke stoffer og certificeret kvalitet.<\/p>\n<p>Nyd fleksible MOQ'er, hurtig global forsendelse og private label-l\u00f8sninger.<\/p>\n<p>Kontakt os i dag!<\/p>","protected":false},"featured_media":1700,"template":"","meta":{"_uag_custom_page_level_css":""},"product_brand":[],"product_cat":[59],"product_tag":[],"class_list":{"0":"post-1697","1":"product","2":"type-product","3":"status-publish","4":"has-post-thumbnail","6":"product_cat-ski-bag","8":"first","9":"instock","10":"shipping-taxable","11":"product-type-simple"},"uagb_featured_image_src":{"full":["https:\/\/pecbag.com\/wp-content\/uploads\/2025\/04\/Sports-Ski-Bag-Factories-6.jpg",1000,1000,false],"thumbnail":["https:\/\/pecbag.com\/wp-content\/uploads\/2025\/04\/Sports-Ski-Bag-Factories-6-150x150.jpg",150,150,true],"medium":["https:\/\/pecbag.com\/wp-content\/uploads\/2025\/04\/Sports-Ski-Bag-Factories-6-300x300.jpg",300,300,true],"medium_large":["https:\/\/pecbag.com\/wp-content\/uploads\/2025\/04\/Sports-Ski-Bag-Factories-6-768x768.jpg",768,768,true],"large":["https:\/\/pecbag.com\/wp-content\/uploads\/2025\/04\/Sports-Ski-Bag-Factories-6.jpg",800,800,false],"1536x1536":["https:\/\/pecbag.com\/wp-content\/uploads\/2025\/04\/Sports-Ski-Bag-Factories-6.jpg",1000,1000,false],"2048x2048":["https:\/\/pecbag.com\/wp-content\/uploads\/2025\/04\/Sports-Ski-Bag-Factories-6.jpg",1000,1000,false],"trp-custom-language-flag":["https:\/\/pecbag.com\/wp-content\/uploads\/2025\/04\/Sports-Ski-Bag-Factories-6.jpg",12,12,false],"woocommerce_thumbnail":["https:\/\/pecbag.com\/wp-content\/uploads\/2025\/04\/Sports-Ski-Bag-Factories-6-300x300.jpg",300,300,true],"woocommerce_single":["https:\/\/pecbag.com\/wp-content\/uploads\/2025\/04\/Sports-Ski-Bag-Factories-6-600x600.jpg",600,600,true],"woocommerce_gallery_thumbnail":["https:\/\/pecbag.com\/wp-content\/uploads\/2025\/04\/Sports-Ski-Bag-Factories-6-100x100.jpg",100,100,true]},"uagb_author_info":{"display_name":"Lawrence","author_link":"https:\/\/pecbag.com\/da\/author\/"},"uagb_comment_info":0,"uagb_excerpt":"Sports Ski Bag Factories We provide premium bags with full-size and color customization, durable fabrics, and certified quality. Enjoy flexible MOQs, fast global shipping, and private label solutions. Contact us today!","_links":{"self":[{"href":"https:\/\/pecbag.com\/da\/wp-json\/wp\/v2\/product\/1697","targetHints":{"allow":["GET"]}}],"collection":[{"href":"https:\/\/pecbag.com\/da\/wp-json\/wp\/v2\/product"}],"about":[{"href":"https:\/\/pecbag.com\/da\/wp-json\/wp\/v2\/types\/product"}],"wp:featuredmedia":[{"embeddable":true,"href":"https:\/\/pecbag.com\/da\/wp-json\/wp\/v2\/media\/1700"}],"wp:attachment":[{"href":"https:\/\/pecbag.com\/da\/wp-json\/wp\/v2\/media?parent=1697"}],"wp:term":[{"taxonomy":"product_brand","embeddable":true,"href":"https:\/\/pecbag.com\/da\/wp-json\/wp\/v2\/product_brand?post=1697"},{"taxonomy":"product_cat","embeddable":true,"href":"https:\/\/pecbag.com\/da\/wp-json\/wp\/v2\/product_cat?post=1697"},{"taxonomy":"product_tag","embeddable":true,"href":"https:\/\/pecbag.com\/da\/wp-json\/wp\/v2\/product_tag?post=1697"}],"curies":[{"name":"wp","href":"https:\/\/api.w.org\/{rel}","templated":true}]}}