{"id":3214,"date":"2025-05-23T07:28:40","date_gmt":"2025-05-23T07:28:40","guid":{"rendered":"https:\/\/pecbag.com\/?post_type=product&#038;p=3214"},"modified":"2025-11-29T02:06:58","modified_gmt":"2025-11-29T02:06:58","slug":"camping-backpack-duffle-bag","status":"publish","type":"product","link":"https:\/\/pecbag.com\/da\/camping-backpack-duffle-bag\/","title":{"rendered":"Taktisk camping-rygs\u00e6k Duffle Bag"},"content":{"rendered":"<h5 title=\"Foldbar hundetaske \u00c5ndbar netskuldertaske til k\u00e6ledyr til sm\u00e5 hunde og katte\" data-immersive-translate-walked=\"1c928421-2e42-4cd3-8754-5404553c0af5\" data-immersive-translate-paragraph=\"1\" data-spm-anchor-id=\"a2700.details.0.i35.4f6757d4w4zNZA\">Taktisk campingrygs\u00e6k Duffle Bag Producent | Vandt\u00e6t taskefabrik og campingleverand\u00f8r | Bulk OEM<\/h5>\n<div class=\"flex flex-grow flex-col max-w-full\">\n<div class=\"min-h-[20px] text-message flex w-full flex-col items-end gap-2 whitespace-pre-wrap break-words [.text-message+&amp;]:mt-5 overflow-x-auto\" dir=\"auto\" data-message-author-role=\"assistant\" data-message-id=\"3d7d46f6-7ec2-4222-9257-48fa0bba23c6\" data-suggestions=\"true\">\n<div class=\"flex w-full flex-col gap-1 empty:hidden first:pt-[3px]\">\n<div class=\"markdown prose w-full break-words dark:prose-invert light\">\n<p>Har du brug for taktiske campingrygs\u00e6kke, der overlever i naturen? Vi er en vandt\u00e6t taskefabrik og rygs\u00e6kproducent i Kina, der fremstiller robuste multifunktionelle tasker til udend\u00f8rsm\u00e6rker, milit\u00e6r og globale grossister!<\/p>\n<table width=\"288\">\n<tbody>\n<tr>\n<td width=\"137\"><span style=\"color: #333333;\">Produkternes navn<\/span><\/td>\n<td width=\"151\"><span style=\"color: #333333;\">Lejrtaske<\/span><\/td>\n<\/tr>\n<tr>\n<td><span style=\"color: #333333;\">Vare nr.<\/span><\/td>\n<td><span style=\"color: #333333;\">PB-2032<\/span><\/td>\n<\/tr>\n<tr>\n<td><span style=\"color: #333333;\">Materiale<\/span><\/td>\n<td><span style=\"color: #333333;\">600D polyester<\/span><\/td>\n<\/tr>\n<tr>\n<td><span style=\"color: #333333;\">St\u00f8rrelse<\/span><\/td>\n<td>30 x 20 x 56 cm<\/td>\n<\/tr>\n<tr>\n<td><span style=\"color: #333333;\">\u00a0Leveringstid<\/span><\/td>\n<td><span style=\"color: #333333;\">1-5 dage for sm\u00e5 m\u00e6ngder med fly og 30-35 dage for store m\u00e6ngder med skib<\/span><\/td>\n<\/tr>\n<\/tbody>\n<\/table>\n<p class=\"ds-markdown-paragraph\">\u2705\u00a0<strong>Hvorfor samarbejde med os?<\/strong><\/p>\n<ul>\n<li>\n<p class=\"ds-markdown-paragraph\"><strong>H\u00e5rdf\u00f8r p\u00e5 milit\u00e6rniveau<\/strong>: 1680D ballistisk nylon + svejsede s\u00f8mme - rivefast, regnt\u00e6t og klar til mudder!<\/p>\n<\/li>\n<li>\n<p class=\"ds-markdown-paragraph\"><strong>Taktisk smart<\/strong>: Mere end 10 lommer, MOLLE-b\u00e5nd og aftagelige stropper - organis\u00e9r dit udstyr som en professionel.<\/p>\n<\/li>\n<li>\n<p class=\"ds-markdown-paragraph\"><strong>Fordele ved massebestilling<\/strong>: Producer campingpose bulkordrer med ODM \/ OEM eller privat etiket p\u00e5 18 dage!<\/p>\n<\/li>\n<li>\n<p class=\"ds-markdown-paragraph\"><strong>Kinas omkostningskant<\/strong>: Som en top camping taske Kina leverand\u00f8r, kvalitet m\u00f8der uovertruffen prisfasts\u00e6ttelse.<\/p>\n<\/li>\n<\/ul>\n<p class=\"ds-markdown-paragraph\"><strong>Funktioner, som eventyrere elsker:<\/strong><br \/>\n\ud83d\udd39 100% vandt\u00e6tte YKK-lynl\u00e5se + dr\u00e6n\u00e5bninger<br \/>\n\ud83d\udd39 Skjulte tyverisikringsrum og RFID-lommer<br \/>\n\ud83d\udd39 Forst\u00e6rkede h\u00e5ndtag + konvertibel rygs\u00e6k\/duffeldesign<br \/>\n\ud83d\udd39 OEKO-TEX-certificeret (ingen giftige farvestoffer eller lugte)<\/p>\n<p class=\"ds-markdown-paragraph\"><strong>Perfekt til:<\/strong><\/p>\n<ul>\n<li>\n<p class=\"ds-markdown-paragraph\">Outdoor-forhandlere og grossister i campingtasker<\/p>\n<\/li>\n<li>\n<p class=\"ds-markdown-paragraph\">Leverand\u00f8rer af taktisk udstyr og e-handelsgiganter<\/p>\n<\/li>\n<li>\n<p class=\"ds-markdown-paragraph\">Nystartede virksomheder har brug for private label-l\u00f8sninger til campingtasker<\/p>\n<\/li>\n<\/ul>\n<p class=\"ds-markdown-paragraph\"><strong>Hvordan vi arbejder:<\/strong><br \/>\n1\ufe0f\u20e3 Send dit design (eller v\u00e6lg blandt 200+ taktiske skabeloner)<br \/>\n2\ufe0f\u20e3 Prototype p\u00e5 7 dage \u2192 godkende \u2192 masseproducere<br \/>\n3\ufe0f\u20e3 Send via netv\u00e6rk for eksport af campingposer (DDP\/DAP-muligheder)<\/p>\n<p class=\"ds-markdown-paragraph\"><strong>Er du klar til at udstyre dine kunder med uforg\u00e6ngeligt udstyr?<\/strong><br \/>\n\ud83d\udc49\u00a0<strong>Gratis pr\u00f8ver<\/strong>\u00a0\ud83d\udc49 25% depositum \ud83d\udc49 24 timers tilbud<\/p>\n<\/div>\n<\/div>\n<\/div>\n<\/div>","protected":false},"excerpt":{"rendered":"<h2 data-immersive-translate-walked=\"344be1c1-5052-41eb-8fcd-0dbe236a0d6b\" data-immersive-translate-paragraph=\"1\">Taktisk camping-rygs\u00e6k Duffle Bag<\/h2>\n<p><strong>1. STOR KAPACITET P\u00c5 50 LITER:<\/strong> Dimensioner: 30 x 20 x 56 cm. Passer perfekt til b\u00e6rbar computer, b\u00f8ger, t\u00f8j, kuglepenne, mobil, pung, MacBook osv. Alle st\u00f8rrelser af b\u00e6rbare tablets og notebooks op til 15,6 tommer kan l\u00e6gges i taskerne. Kapaciteten er stor nok til at pakke alle de ting, du har brug for.<\/p>\n<p><strong>2. ERGONOMISK DESIGN:<\/strong> Behageligt polstrede skulderstropper og st\u00f8dd\u00e6mpere bagp\u00e5 giver ekstra beskyttelse af ryggen. Ny polstring med ergonomisk design. Justerbare skulderstropper giver en meget god tilpasning til din krop. Du kan forl\u00e6nge stroppen, der g\u00e5r fra skulderen til brystet, og det samme med taljeremmen.<\/p>","protected":false},"featured_media":3215,"template":"","meta":{"_uag_custom_page_level_css":""},"product_brand":[],"product_cat":[44,60,63,55],"product_tag":[],"class_list":{"0":"post-3214","1":"product","2":"type-product","3":"status-publish","4":"has-post-thumbnail","6":"product_cat-camping-bags","7":"product_cat-backpack","8":"product_cat-duffel-bag","9":"product_cat-tactical-bag","11":"first","12":"instock","13":"shipping-taxable","14":"product-type-simple"},"uagb_featured_image_src":{"full":["https:\/\/pecbag.com\/wp-content\/uploads\/2025\/05\/Tactical-Camping-Backpack-Duffle-Bag-6.jpeg",960,960,false],"thumbnail":["https:\/\/pecbag.com\/wp-content\/uploads\/2025\/05\/Tactical-Camping-Backpack-Duffle-Bag-6-150x150.jpeg",150,150,true],"medium":["https:\/\/pecbag.com\/wp-content\/uploads\/2025\/05\/Tactical-Camping-Backpack-Duffle-Bag-6-300x300.jpeg",300,300,true],"medium_large":["https:\/\/pecbag.com\/wp-content\/uploads\/2025\/05\/Tactical-Camping-Backpack-Duffle-Bag-6-768x768.jpeg",768,768,true],"large":["https:\/\/pecbag.com\/wp-content\/uploads\/2025\/05\/Tactical-Camping-Backpack-Duffle-Bag-6.jpeg",800,800,false],"1536x1536":["https:\/\/pecbag.com\/wp-content\/uploads\/2025\/05\/Tactical-Camping-Backpack-Duffle-Bag-6.jpeg",960,960,false],"2048x2048":["https:\/\/pecbag.com\/wp-content\/uploads\/2025\/05\/Tactical-Camping-Backpack-Duffle-Bag-6.jpeg",960,960,false],"trp-custom-language-flag":["https:\/\/pecbag.com\/wp-content\/uploads\/2025\/05\/Tactical-Camping-Backpack-Duffle-Bag-6-12x12.jpeg",12,12,true],"woocommerce_thumbnail":["https:\/\/pecbag.com\/wp-content\/uploads\/2025\/05\/Tactical-Camping-Backpack-Duffle-Bag-6-300x300.jpeg",300,300,true],"woocommerce_single":["https:\/\/pecbag.com\/wp-content\/uploads\/2025\/05\/Tactical-Camping-Backpack-Duffle-Bag-6-600x600.jpeg",600,600,true],"woocommerce_gallery_thumbnail":["https:\/\/pecbag.com\/wp-content\/uploads\/2025\/05\/Tactical-Camping-Backpack-Duffle-Bag-6-100x100.jpeg",100,100,true]},"uagb_author_info":{"display_name":"Lawrence","author_link":"https:\/\/pecbag.com\/da\/author\/"},"uagb_comment_info":0,"uagb_excerpt":"Tactical Camping Backpack Duffle Bag 1. LARGE CAPACITY OF 50L: Dimensions: 30 x 20 x 56 cm. Perfectly fits laptop, books, clothes, pens, mobile, purse, MacBook, etc. All sizes of portable tablets and notebooks up to 15.6 inches could be put into the bags. The capacity is large enough to pack all the items you&hellip;","_links":{"self":[{"href":"https:\/\/pecbag.com\/da\/wp-json\/wp\/v2\/product\/3214","targetHints":{"allow":["GET"]}}],"collection":[{"href":"https:\/\/pecbag.com\/da\/wp-json\/wp\/v2\/product"}],"about":[{"href":"https:\/\/pecbag.com\/da\/wp-json\/wp\/v2\/types\/product"}],"wp:featuredmedia":[{"embeddable":true,"href":"https:\/\/pecbag.com\/da\/wp-json\/wp\/v2\/media\/3215"}],"wp:attachment":[{"href":"https:\/\/pecbag.com\/da\/wp-json\/wp\/v2\/media?parent=3214"}],"wp:term":[{"taxonomy":"product_brand","embeddable":true,"href":"https:\/\/pecbag.com\/da\/wp-json\/wp\/v2\/product_brand?post=3214"},{"taxonomy":"product_cat","embeddable":true,"href":"https:\/\/pecbag.com\/da\/wp-json\/wp\/v2\/product_cat?post=3214"},{"taxonomy":"product_tag","embeddable":true,"href":"https:\/\/pecbag.com\/da\/wp-json\/wp\/v2\/product_tag?post=3214"}],"curies":[{"name":"wp","href":"https:\/\/api.w.org\/{rel}","templated":true}]}}