{"id":3221,"date":"2025-05-23T07:39:17","date_gmt":"2025-05-23T07:39:17","guid":{"rendered":"https:\/\/pecbag.com\/?post_type=product&#038;p=3221"},"modified":"2025-11-29T02:06:49","modified_gmt":"2025-11-29T02:06:49","slug":"portable-camping-bag","status":"publish","type":"product","link":"https:\/\/pecbag.com\/da\/portable-camping-bag\/","title":{"rendered":"B\u00e6rbar campingtaske"},"content":{"rendered":"<h5 title=\"Foldbar hundetaske \u00c5ndbar netskuldertaske til k\u00e6ledyr til sm\u00e5 hunde og katte\" data-immersive-translate-walked=\"1c928421-2e42-4cd3-8754-5404553c0af5\" data-immersive-translate-paragraph=\"1\" data-spm-anchor-id=\"a2700.details.0.i35.4f6757d4w4zNZA\">Producent af b\u00e6rbar campingtaske | Vandt\u00e6t taskefabrik og rygs\u00e6kleverand\u00f8r | Bulk OEM<\/h5>\n<div class=\"flex flex-grow flex-col max-w-full\">\n<div class=\"min-h-[20px] text-message flex w-full flex-col items-end gap-2 whitespace-pre-wrap break-words [.text-message+&amp;]:mt-5 overflow-x-auto\" dir=\"auto\" data-message-author-role=\"assistant\" data-message-id=\"3d7d46f6-7ec2-4222-9257-48fa0bba23c6\" data-suggestions=\"true\">\n<div class=\"flex w-full flex-col gap-1 empty:hidden first:pt-[3px]\">\n<div class=\"markdown prose w-full break-words dark:prose-invert light\">\n<p>Har du brug for b\u00e6rbare campingtasker, der balancerer letv\u00e6gtsdesign med robust holdbarhed? Vi er en fabrik, der fremstiller vandt\u00e6tte tasker og rygs\u00e6kke i Kina, og vi fremstiller udstyr, der er klar til eventyr, til outdoor-m\u00e6rker, detailhandlere og globale grossister!<\/p>\n<table width=\"288\">\n<tbody>\n<tr>\n<td width=\"137\"><span style=\"color: #333333;\">Produkternes navn<\/span><\/td>\n<td width=\"151\"><span style=\"color: #333333;\">Lejrtaske<\/span><\/td>\n<\/tr>\n<tr>\n<td><span style=\"color: #333333;\">Vare nr.<\/span><\/td>\n<td><span style=\"color: #333333;\">PB-2033<\/span><\/td>\n<\/tr>\n<tr>\n<td><span style=\"color: #333333;\">Materiale<\/span><\/td>\n<td>600D polyester<\/td>\n<\/tr>\n<tr>\n<td><span style=\"color: #333333;\">St\u00f8rrelse<\/span><\/td>\n<td>15,3 x 7,9 x 9,4 tommer<\/td>\n<\/tr>\n<tr>\n<td><span style=\"color: #333333;\">\u00a0Leveringstid<\/span><\/td>\n<td><span style=\"color: #333333;\">1-5 dage for sm\u00e5 m\u00e6ngder med fly og 30-35 dage for store m\u00e6ngder med skib<\/span><\/td>\n<\/tr>\n<\/tbody>\n<\/table>\n<p class=\"ds-markdown-paragraph\">Har brug for\u00a0<strong>B\u00e6rbare campingtasker<\/strong>\u00a0der balancerer letv\u00e6gtsdesign med robust holdbarhed? Vi er en\u00a0<strong>Fabrik for vandt\u00e6tte tasker<\/strong>\u00a0og\u00a0<strong>producent af rygs\u00e6kke<\/strong>\u00a0i Kina, hvor vi fremstiller eventyrklart udstyr til outdoor-m\u00e6rker, detailhandlere og globale grossister!<\/p>\n<p class=\"ds-markdown-paragraph\">\u2705\u00a0<strong>Hvorfor v\u00e6lge os?<\/strong><\/p>\n<ul>\n<li>\n<p class=\"ds-markdown-paragraph\"><strong>Ultra-b\u00e6rbar<\/strong>: Kan foldes sammen til lommest\u00f8rrelse (15x10 cm!) - perfekt til vandrere, rejsende og n\u00f8dhj\u00e6lpskasser.<\/p>\n<\/li>\n<li>\n<p class=\"ds-markdown-paragraph\"><strong>Vandt\u00e6t kriger<\/strong>: TPU-laminerede s\u00f8mme + roll-top-lukning - grin af regnvejr og flodkrydsninger!<\/p>\n<\/li>\n<li>\n<p class=\"ds-markdown-paragraph\"><strong>Magi ved massebestilling<\/strong>: Producere\u00a0<strong>campingpose bulkordrer (MOQ 50 stk.) med ODM\/OEM eller private label i 10<\/strong> dage!<\/p>\n<\/li>\n<li>\n<p class=\"ds-markdown-paragraph\"><strong>Kinas omkostningsfordel<\/strong>: Som en af de bedste leverand\u00f8rer af campingtasker i Kina leverer vi kvalitet til direkte fabrikspriser.<\/p>\n<\/li>\n<\/ul>\n<p class=\"ds-markdown-paragraph\"><strong>Funktioner, der s\u00e6lger hurtigt:<\/strong><br \/>\n\ud83d\udd39 20L-40L udvidelig kapacitet (passer til soveposer + udstyr)<br \/>\n\ud83d\udd39 Skjulte tyverisikringslommer + daisy chain-b\u00e5nd<br \/>\n\ud83d\udd39 \u00c5ndbare mesh-stropper + v\u00e6gtfordelende design<br \/>\n\ud83d\udd39 OEKO-TEX-certificerede stoffer (milj\u00f8venlige, ingen lugt)<\/p>\n<p class=\"ds-markdown-paragraph\"><strong>Perfekt til:<\/strong><\/p>\n<ul>\n<li>\n<p class=\"ds-markdown-paragraph\">Outdoor-forhandlere og grossister i campingtasker<\/p>\n<\/li>\n<li>\n<p class=\"ds-markdown-paragraph\">Leverand\u00f8rer af overlevelsesudstyr og e-handelsbutikker<\/p>\n<\/li>\n<li>\n<p class=\"ds-markdown-paragraph\">Nystartede virksomheder bygger private label-m\u00e6rker til campingtasker<\/p>\n<\/li>\n<\/ul>\n<p class=\"ds-markdown-paragraph\"><strong>S\u00e5dan fungerer det:<\/strong><br \/>\n1\ufe0f\u20e3 V\u00e6lg mellem 150+ designs, eller send dit logo<br \/>\n2\ufe0f\u20e3 Vi laver en prototype \u2192 godkender \u2192 masseproducerer<br \/>\n3\ufe0f\u20e3 Leveres til hele verden via eksportnetv\u00e6rk for campingtasker<\/p>\n<p class=\"ds-markdown-paragraph\"><strong>Er du klar til at pakke succes ind i hvert eneste eventyr?<\/strong><br \/>\n\ud83d\udc49\u00a0<strong>Gratis pr\u00f8ver<\/strong>\u00a0\ud83d\udc49 15%-indbetaling \ud83d\udc49 24\/7 support<\/p>\n<\/div>\n<\/div>\n<\/div>\n<\/div>","protected":false},"excerpt":{"rendered":"<h2 data-immersive-translate-walked=\"344be1c1-5052-41eb-8fcd-0dbe236a0d6b\" data-immersive-translate-paragraph=\"1\">B\u00e6rbar campingtaske<\/h2>\n<p><strong>1. DESIGN MED STOR KAPACITET:\u00a0<\/strong>Dimensioner: 44 x 25 x 23 cm (L x B x H) ca. 25 L indvendig kapacitet. Den store kapacitet kan rumme 36 d\u00e5ser (330 ml), som kan opfylde alle drikke- og madbehov for 3-4 personer, der rejser udend\u00f8rs. Nu er der kun brug for en sammenklappelig picnickurv til at l\u00f8se alle opbevaringsproblemer, n\u00e5r man skal ud, og der er ingen grund til at b\u00e6re flere tasker og beholdere overalt.<\/p>\n<p><strong>2. B\u00c6RBAR OG SAMMENKLAPPELIG:<\/strong>\u00a0Opdateret version inkluderer fleksible sidest\u00f8tter, der giver mere struktur end at h\u00e6nge eller falde sammen; Foldbart polstret h\u00e5ndtagsdesign er f\u00f8dt til pladsbesparelse, praktisk til at b\u00e6re p\u00e5; Vandt\u00e6t TPU-foring og aftagelig stofkrop i picnickurvens k\u00f8letaske bidrager til l\u00e6kagesikkerhed og nem reng\u00f8ring. En perfekt stofkurv og vandbeholder til at tage med.<\/p>","protected":false},"featured_media":3224,"template":"","meta":{"_uag_custom_page_level_css":""},"product_brand":[],"product_cat":[44,50],"product_tag":[],"class_list":{"0":"post-3221","1":"product","2":"type-product","3":"status-publish","4":"has-post-thumbnail","6":"product_cat-camping-bags","7":"product_cat-cooler-bag","9":"first","10":"instock","11":"shipping-taxable","12":"product-type-simple"},"uagb_featured_image_src":{"full":["https:\/\/pecbag.com\/wp-content\/uploads\/2025\/05\/Portable-Camping-Bag-1.jpeg",800,800,false],"thumbnail":["https:\/\/pecbag.com\/wp-content\/uploads\/2025\/05\/Portable-Camping-Bag-1-150x150.jpeg",150,150,true],"medium":["https:\/\/pecbag.com\/wp-content\/uploads\/2025\/05\/Portable-Camping-Bag-1-300x300.jpeg",300,300,true],"medium_large":["https:\/\/pecbag.com\/wp-content\/uploads\/2025\/05\/Portable-Camping-Bag-1-768x768.jpeg",768,768,true],"large":["https:\/\/pecbag.com\/wp-content\/uploads\/2025\/05\/Portable-Camping-Bag-1.jpeg",800,800,false],"1536x1536":["https:\/\/pecbag.com\/wp-content\/uploads\/2025\/05\/Portable-Camping-Bag-1.jpeg",800,800,false],"2048x2048":["https:\/\/pecbag.com\/wp-content\/uploads\/2025\/05\/Portable-Camping-Bag-1.jpeg",800,800,false],"trp-custom-language-flag":["https:\/\/pecbag.com\/wp-content\/uploads\/2025\/05\/Portable-Camping-Bag-1-12x12.jpeg",12,12,true],"woocommerce_thumbnail":["https:\/\/pecbag.com\/wp-content\/uploads\/2025\/05\/Portable-Camping-Bag-1-300x300.jpeg",300,300,true],"woocommerce_single":["https:\/\/pecbag.com\/wp-content\/uploads\/2025\/05\/Portable-Camping-Bag-1-600x600.jpeg",600,600,true],"woocommerce_gallery_thumbnail":["https:\/\/pecbag.com\/wp-content\/uploads\/2025\/05\/Portable-Camping-Bag-1-100x100.jpeg",100,100,true]},"uagb_author_info":{"display_name":"Lawrence","author_link":"https:\/\/pecbag.com\/da\/author\/"},"uagb_comment_info":0,"uagb_excerpt":"Portable Camping Bag 1.LARGE CAPACITY DESIGN:\u00a0Dimensions: 44 x 25 x 23 cm (L x W x H) about 25 L internal capacity. Large capacity can hold 36 cans (330 ml), which can meet all the beverage and food needs of 3-4 people traveling outdoors. Now only a foldable picnic basket is needed to solve all&hellip;","_links":{"self":[{"href":"https:\/\/pecbag.com\/da\/wp-json\/wp\/v2\/product\/3221","targetHints":{"allow":["GET"]}}],"collection":[{"href":"https:\/\/pecbag.com\/da\/wp-json\/wp\/v2\/product"}],"about":[{"href":"https:\/\/pecbag.com\/da\/wp-json\/wp\/v2\/types\/product"}],"wp:featuredmedia":[{"embeddable":true,"href":"https:\/\/pecbag.com\/da\/wp-json\/wp\/v2\/media\/3224"}],"wp:attachment":[{"href":"https:\/\/pecbag.com\/da\/wp-json\/wp\/v2\/media?parent=3221"}],"wp:term":[{"taxonomy":"product_brand","embeddable":true,"href":"https:\/\/pecbag.com\/da\/wp-json\/wp\/v2\/product_brand?post=3221"},{"taxonomy":"product_cat","embeddable":true,"href":"https:\/\/pecbag.com\/da\/wp-json\/wp\/v2\/product_cat?post=3221"},{"taxonomy":"product_tag","embeddable":true,"href":"https:\/\/pecbag.com\/da\/wp-json\/wp\/v2\/product_tag?post=3221"}],"curies":[{"name":"wp","href":"https:\/\/api.w.org\/{rel}","templated":true}]}}